{"id":1573,"date":"2015-11-15T23:54:53","date_gmt":"2015-11-15T22:54:53","guid":{"rendered":"http:\/\/www.erfinde-dein-spiel.de\/shop\/unkategorisiert\/ophir-land-des-goldes-alte-version-wird-geloescht\/"},"modified":"2024-07-17T01:31:54","modified_gmt":"2024-07-16T23:31:54","slug":"ophir-land-des-goldes","status":"publish","type":"product","link":"https:\/\/www.erfinde-dein-spiel.de\/spiele\/shop\/spiele-kategorie\/familienspiele\/ophir-land-des-goldes\/","title":{"rendered":"Ophir &#8211; Land des Goldes"},"content":{"rendered":"<h3>Das Spiel<\/h3>\n<ul>\n<li>2-4 Spieler ab 8 Jahren<\/li>\n<li>Spieldauer: 30 Minuten<\/li>\n<\/ul>\n<p><strong>Inhalt:<\/strong><br \/>\n1 Spielplan, 3 W\u00fcrfel , 18 wei\u00dfe, 18 schwarze, 12 blaue und 9 lila Spielfiguren (Gesandte)<br \/>\n24 gelbe, 13 gr\u00fcne und 12rote Chips (Gold bzw. Edelsteinvorr\u00e4te)<br \/>\nF\u00fcr das Spiel zu zweit wird mit den wei\u00dfen und schwarzen Figuren gespielt, zu dritt kommen<br \/>\ndie blauen und zu viert noch die lila Figuren hinzu.<\/p>\n<p><strong>Hintergrund:<\/strong><br \/>\nDas Land Ophir oder auch Ofir (Hebr\u00e4isch )ist ein sagenhaftes Goldland. Es ist vor allem aufgrund des Goldreichtums bekannt. K\u00f6nig Salomo soll von dort sein Gold geholt haben.<br \/>\n&#8222;K\u00f6nig Salomo baute auch eine Flotte in Ezjon-Geber, das bei Elat an derK\u00fcste des Schilfmeers in Edom liegt. Hiram schickte seine Leute, ge\u00fcbte Seefahrer, mit den Leuten Salomos zu Schiff aus. Sie fuhren nach Ofir, holten von dort 420 Talente Gold und brachten es dem K\u00f6nig Salomo&#8220;<\/p>\n<p>Also machen sich 2 &#8211; 4 Gesandte Hirams und Salomos auf um nach Gold und anderen wertvollen Sch\u00e4tzen zu suchen.\u00a0Doch auch wenn Ophir ein sagenhaftes Goldland ist, muss wohl \u00fcberlegt und kalkuliert werden, wie man am besten an das wertvolle Gold kommt. Dazu braucht es etwas Gl\u00fcck und gutes Kalk\u00fcl, um als erster die wertvollen Felder mit den Goldvorr\u00e4ten zu besitzen.<\/p>\n<p><strong>Ziel:<\/strong><br \/>\nDurch geschicktes Setzen seiner Spielfiguren die meisten Gold, bzw.Edelstein-<br \/>\nVorr\u00e4te zu erspielen und sich so als Sieger die Gunst des K\u00f6nigs zu sichern.<\/p>\n<p><strong>Spielvorbereitung:<\/strong><br \/>\nDas Spielfeld wird aufgrund der Vorgaben mit den entsprechend farbigen Chips belegt.<\/p>\n<p><strong>Spielablauf:<\/strong><br \/>\nEs wird abwechselnd mit drei W\u00fcrfeln gew\u00fcrfelt. Durch die Ergebnisse werden Koordinaten bestimmt.<br \/>\nAuf einem darf man eine seiner Spielfiguren platzieren und sich das entsprechende Gold bzw. den entsprechenden Edelstein nehmen. Alternativ kann auchgesprungen werden. Mehr dazu in der Spielregel.<\/p>\n<p>Es gilt: Gelb ist ein Goldfeld. Der gelbe Chip bringt 3 Siegpunkte. Rot = Rubin bringt 2 Siegpunkte und Gr\u00fcn = Smaragd bringt 1 Siegpunkt. Die Randreihe rechts, bzw. unten kann und darf nicht besetzt werden. Diese Goldvorr\u00e4te werdendurch das Bilden von Dreierreihen gewonnen.<br \/>\nWeitere Regeln findet Ihr in der Spielanleitung.<br \/>\nAuf geht`s, Ihr Seefahrer und Goldsucher &#8211; holt euch die Gunst des K\u00f6nigs und nat\u00fcrlich<br \/>\ndas Spiel \ud83d\ude42<\/p>\n","protected":false},"excerpt":{"rendered":"<p>Das Spiel 2-4 Spieler ab 8 Jahren Spieldauer: 30 Minuten Inhalt: 1 Spielplan, 3 W\u00fcrfel , 18 wei\u00dfe, 18 schwarze, 12 blaue und 9 lila Spielfiguren (Gesandte) 24 gelbe, 13 gr\u00fcne und 12rote Chips (Gold bzw. Edelsteinvorr\u00e4te) F\u00fcr das Spiel zu zweit wird mit den wei\u00dfen und schwarzen Figuren gespielt, zu dritt kommen die blauen [&hellip;]<\/p>\n","protected":false},"featured_media":1575,"comment_status":"open","ping_status":"closed","template":"","meta":{"_themeisle_gutenberg_block_has_review":false},"product_cat":[248,261,281,260,274,258,268],"product_tag":[],"yoast_head":"<!-- This site is optimized with the Yoast SEO plugin v22.6 - https:\/\/yoast.com\/wordpress\/plugins\/seo\/ -->\n<title>Ophir - Land des Goldes - (er-)finde DEIN Spiel<\/title>\n<meta name=\"robots\" content=\"index, follow, max-snippet:-1, max-image-preview:large, max-video-preview:-1\" \/>\n<link rel=\"canonical\" href=\"https:\/\/www.erfinde-dein-spiel.de\/spiele\/shop\/spiele-kategorie\/familienspiele\/ophir-land-des-goldes\/\" \/>\n<meta property=\"og:locale\" content=\"de_DE\" \/>\n<meta property=\"og:type\" content=\"article\" \/>\n<meta property=\"og:title\" content=\"Ophir - Land des Goldes - (er-)finde DEIN Spiel\" \/>\n<meta property=\"og:description\" content=\"Das Spiel 2-4 Spieler ab 8 Jahren Spieldauer: 30 Minuten Inhalt: 1 Spielplan, 3 W\u00fcrfel , 18 wei\u00dfe, 18 schwarze, 12 blaue und 9 lila Spielfiguren (Gesandte) 24 gelbe, 13 gr\u00fcne und 12rote Chips (Gold bzw. Edelsteinvorr\u00e4te) F\u00fcr das Spiel zu zweit wird mit den wei\u00dfen und schwarzen Figuren gespielt, zu dritt kommen die blauen [&hellip;]\" \/>\n<meta property=\"og:url\" content=\"https:\/\/www.erfinde-dein-spiel.de\/spiele\/shop\/spiele-kategorie\/familienspiele\/ophir-land-des-goldes\/\" \/>\n<meta property=\"og:site_name\" content=\"(er-)finde DEIN Spiel\" \/>\n<meta property=\"article:modified_time\" content=\"2024-07-16T23:31:54+00:00\" \/>\n<meta property=\"og:image\" content=\"http:\/\/www.erfinde-dein-spiel.de\/spiele\/wp-content\/uploads\/2015\/11\/PP_589_5673.jpg\" \/>\n\t<meta property=\"og:image:width\" content=\"500\" \/>\n\t<meta property=\"og:image:height\" content=\"500\" \/>\n\t<meta property=\"og:image:type\" content=\"image\/jpeg\" \/>\n<meta name=\"twitter:card\" content=\"summary_large_image\" \/>\n<meta name=\"twitter:label1\" content=\"Gesch\u00e4tzte Lesezeit\" \/>\n\t<meta name=\"twitter:data1\" content=\"2 Minuten\" \/>\n<script type=\"application\/ld+json\" class=\"yoast-schema-graph\">{\"@context\":\"https:\/\/schema.org\",\"@graph\":[{\"@type\":\"WebPage\",\"@id\":\"https:\/\/www.erfinde-dein-spiel.de\/spiele\/shop\/spiele-kategorie\/familienspiele\/ophir-land-des-goldes\/\",\"url\":\"https:\/\/www.erfinde-dein-spiel.de\/spiele\/shop\/spiele-kategorie\/familienspiele\/ophir-land-des-goldes\/\",\"name\":\"Ophir - Land des Goldes - (er-)finde DEIN Spiel\",\"isPartOf\":{\"@id\":\"https:\/\/www.erfinde-dein-spiel.de\/spiele\/#website\"},\"primaryImageOfPage\":{\"@id\":\"https:\/\/www.erfinde-dein-spiel.de\/spiele\/shop\/spiele-kategorie\/familienspiele\/ophir-land-des-goldes\/#primaryimage\"},\"image\":{\"@id\":\"https:\/\/www.erfinde-dein-spiel.de\/spiele\/shop\/spiele-kategorie\/familienspiele\/ophir-land-des-goldes\/#primaryimage\"},\"thumbnailUrl\":\"https:\/\/www.erfinde-dein-spiel.de\/spiele\/wp-content\/uploads\/2015\/11\/PP_589_5673.jpg\",\"datePublished\":\"2015-11-15T22:54:53+00:00\",\"dateModified\":\"2024-07-16T23:31:54+00:00\",\"breadcrumb\":{\"@id\":\"https:\/\/www.erfinde-dein-spiel.de\/spiele\/shop\/spiele-kategorie\/familienspiele\/ophir-land-des-goldes\/#breadcrumb\"},\"inLanguage\":\"de-DE\",\"potentialAction\":[{\"@type\":\"ReadAction\",\"target\":[\"https:\/\/www.erfinde-dein-spiel.de\/spiele\/shop\/spiele-kategorie\/familienspiele\/ophir-land-des-goldes\/\"]}]},{\"@type\":\"ImageObject\",\"inLanguage\":\"de-DE\",\"@id\":\"https:\/\/www.erfinde-dein-spiel.de\/spiele\/shop\/spiele-kategorie\/familienspiele\/ophir-land-des-goldes\/#primaryimage\",\"url\":\"https:\/\/www.erfinde-dein-spiel.de\/spiele\/wp-content\/uploads\/2015\/11\/PP_589_5673.jpg\",\"contentUrl\":\"https:\/\/www.erfinde-dein-spiel.de\/spiele\/wp-content\/uploads\/2015\/11\/PP_589_5673.jpg\",\"width\":500,\"height\":500},{\"@type\":\"BreadcrumbList\",\"@id\":\"https:\/\/www.erfinde-dein-spiel.de\/spiele\/shop\/spiele-kategorie\/familienspiele\/ophir-land-des-goldes\/#breadcrumb\",\"itemListElement\":[{\"@type\":\"ListItem\",\"position\":1,\"name\":\"Home\",\"item\":\"https:\/\/www.erfinde-dein-spiel.de\/spiele\/\"},{\"@type\":\"ListItem\",\"position\":2,\"name\":\"Shop\",\"item\":\"https:\/\/www.erfinde-dein-spiel.de\/spiele\/\"},{\"@type\":\"ListItem\",\"position\":3,\"name\":\"Ophir &#8211; Land des Goldes\"}]},{\"@type\":\"WebSite\",\"@id\":\"https:\/\/www.erfinde-dein-spiel.de\/spiele\/#website\",\"url\":\"https:\/\/www.erfinde-dein-spiel.de\/spiele\/\",\"name\":\"(er-)finde DEIN Spiel\",\"description\":\"Spiele aus der Community. Powered by Spieltz.\",\"potentialAction\":[{\"@type\":\"SearchAction\",\"target\":{\"@type\":\"EntryPoint\",\"urlTemplate\":\"https:\/\/www.erfinde-dein-spiel.de\/spiele\/?s={search_term_string}\"},\"query-input\":\"required name=search_term_string\"}],\"inLanguage\":\"de-DE\"}]}<\/script>\n<!-- \/ Yoast SEO plugin. -->","yoast_head_json":{"title":"Ophir - Land des Goldes - (er-)finde DEIN Spiel","robots":{"index":"index","follow":"follow","max-snippet":"max-snippet:-1","max-image-preview":"max-image-preview:large","max-video-preview":"max-video-preview:-1"},"canonical":"https:\/\/www.erfinde-dein-spiel.de\/spiele\/shop\/spiele-kategorie\/familienspiele\/ophir-land-des-goldes\/","og_locale":"de_DE","og_type":"article","og_title":"Ophir - Land des Goldes - (er-)finde DEIN Spiel","og_description":"Das Spiel 2-4 Spieler ab 8 Jahren Spieldauer: 30 Minuten Inhalt: 1 Spielplan, 3 W\u00fcrfel , 18 wei\u00dfe, 18 schwarze, 12 blaue und 9 lila Spielfiguren (Gesandte) 24 gelbe, 13 gr\u00fcne und 12rote Chips (Gold bzw. Edelsteinvorr\u00e4te) F\u00fcr das Spiel zu zweit wird mit den wei\u00dfen und schwarzen Figuren gespielt, zu dritt kommen die blauen [&hellip;]","og_url":"https:\/\/www.erfinde-dein-spiel.de\/spiele\/shop\/spiele-kategorie\/familienspiele\/ophir-land-des-goldes\/","og_site_name":"(er-)finde DEIN Spiel","article_modified_time":"2024-07-16T23:31:54+00:00","og_image":[{"width":500,"height":500,"url":"http:\/\/www.erfinde-dein-spiel.de\/spiele\/wp-content\/uploads\/2015\/11\/PP_589_5673.jpg","type":"image\/jpeg"}],"twitter_card":"summary_large_image","twitter_misc":{"Gesch\u00e4tzte Lesezeit":"2 Minuten"},"schema":{"@context":"https:\/\/schema.org","@graph":[{"@type":"WebPage","@id":"https:\/\/www.erfinde-dein-spiel.de\/spiele\/shop\/spiele-kategorie\/familienspiele\/ophir-land-des-goldes\/","url":"https:\/\/www.erfinde-dein-spiel.de\/spiele\/shop\/spiele-kategorie\/familienspiele\/ophir-land-des-goldes\/","name":"Ophir - Land des Goldes - (er-)finde DEIN Spiel","isPartOf":{"@id":"https:\/\/www.erfinde-dein-spiel.de\/spiele\/#website"},"primaryImageOfPage":{"@id":"https:\/\/www.erfinde-dein-spiel.de\/spiele\/shop\/spiele-kategorie\/familienspiele\/ophir-land-des-goldes\/#primaryimage"},"image":{"@id":"https:\/\/www.erfinde-dein-spiel.de\/spiele\/shop\/spiele-kategorie\/familienspiele\/ophir-land-des-goldes\/#primaryimage"},"thumbnailUrl":"https:\/\/www.erfinde-dein-spiel.de\/spiele\/wp-content\/uploads\/2015\/11\/PP_589_5673.jpg","datePublished":"2015-11-15T22:54:53+00:00","dateModified":"2024-07-16T23:31:54+00:00","breadcrumb":{"@id":"https:\/\/www.erfinde-dein-spiel.de\/spiele\/shop\/spiele-kategorie\/familienspiele\/ophir-land-des-goldes\/#breadcrumb"},"inLanguage":"de-DE","potentialAction":[{"@type":"ReadAction","target":["https:\/\/www.erfinde-dein-spiel.de\/spiele\/shop\/spiele-kategorie\/familienspiele\/ophir-land-des-goldes\/"]}]},{"@type":"ImageObject","inLanguage":"de-DE","@id":"https:\/\/www.erfinde-dein-spiel.de\/spiele\/shop\/spiele-kategorie\/familienspiele\/ophir-land-des-goldes\/#primaryimage","url":"https:\/\/www.erfinde-dein-spiel.de\/spiele\/wp-content\/uploads\/2015\/11\/PP_589_5673.jpg","contentUrl":"https:\/\/www.erfinde-dein-spiel.de\/spiele\/wp-content\/uploads\/2015\/11\/PP_589_5673.jpg","width":500,"height":500},{"@type":"BreadcrumbList","@id":"https:\/\/www.erfinde-dein-spiel.de\/spiele\/shop\/spiele-kategorie\/familienspiele\/ophir-land-des-goldes\/#breadcrumb","itemListElement":[{"@type":"ListItem","position":1,"name":"Home","item":"https:\/\/www.erfinde-dein-spiel.de\/spiele\/"},{"@type":"ListItem","position":2,"name":"Shop","item":"https:\/\/www.erfinde-dein-spiel.de\/spiele\/"},{"@type":"ListItem","position":3,"name":"Ophir &#8211; Land des Goldes"}]},{"@type":"WebSite","@id":"https:\/\/www.erfinde-dein-spiel.de\/spiele\/#website","url":"https:\/\/www.erfinde-dein-spiel.de\/spiele\/","name":"(er-)finde DEIN Spiel","description":"Spiele aus der Community. Powered by Spieltz.","potentialAction":[{"@type":"SearchAction","target":{"@type":"EntryPoint","urlTemplate":"https:\/\/www.erfinde-dein-spiel.de\/spiele\/?s={search_term_string}"},"query-input":"required name=search_term_string"}],"inLanguage":"de-DE"}]}},"_links":{"self":[{"href":"https:\/\/www.erfinde-dein-spiel.de\/spiele\/wp-json\/wp\/v2\/product\/1573"}],"collection":[{"href":"https:\/\/www.erfinde-dein-spiel.de\/spiele\/wp-json\/wp\/v2\/product"}],"about":[{"href":"https:\/\/www.erfinde-dein-spiel.de\/spiele\/wp-json\/wp\/v2\/types\/product"}],"replies":[{"embeddable":true,"href":"https:\/\/www.erfinde-dein-spiel.de\/spiele\/wp-json\/wp\/v2\/comments?post=1573"}],"wp:featuredmedia":[{"embeddable":true,"href":"https:\/\/www.erfinde-dein-spiel.de\/spiele\/wp-json\/wp\/v2\/media\/1575"}],"wp:attachment":[{"href":"https:\/\/www.erfinde-dein-spiel.de\/spiele\/wp-json\/wp\/v2\/media?parent=1573"}],"wp:term":[{"taxonomy":"product_cat","embeddable":true,"href":"https:\/\/www.erfinde-dein-spiel.de\/spiele\/wp-json\/wp\/v2\/product_cat?post=1573"},{"taxonomy":"product_tag","embeddable":true,"href":"https:\/\/www.erfinde-dein-spiel.de\/spiele\/wp-json\/wp\/v2\/product_tag?post=1573"}],"curies":[{"name":"wp","href":"https:\/\/api.w.org\/{rel}","templated":true}]}}