{"id":1563,"date":"2015-11-15T23:54:46","date_gmt":"2015-11-15T22:54:46","guid":{"rendered":"http:\/\/www.erfinde-dein-spiel.de\/shop\/unkategorisiert\/die-4-grundrechenarten-im-zahlenraum-100\/"},"modified":"2016-01-24T02:30:19","modified_gmt":"2016-01-24T01:30:19","slug":"die-4-grundrechenarten-im-zahlenraum-100","status":"publish","type":"product","link":"https:\/\/www.erfinde-dein-spiel.de\/spiele\/shop\/spiel-thema\/mathematik-rechnen\/die-4-grundrechenarten-im-zahlenraum-100\/","title":{"rendered":"Die 4 Grundrechenarten im Zahlenraum 100"},"content":{"rendered":"<h3 class=\"MsoNormal\" style=\"text-align: justify;\"><span lang=\"DA\">Das Spiel<\/span><\/h3>\n<p>Autor \/ Grafik: Martin Nyenstad (Julius der Troll)<\/p>\n<p class=\"MsoNormal\" style=\"text-align: justify;\"><span lang=\"DA\">Unsere beliebten Kuscheltiere <em>lernen<\/em><span class=\"st\"> auf einfache Weise im Zahlenraum 100 zu <\/span><em>addieren, s<\/em><span class=\"st\">ubtrahieren etc. <\/span>In der Pause fordern sie einander im neu erlernten Wissen heraus.<\/span><\/p>\n<p class=\"MsoNormal\" style=\"text-align: justify;\"><span lang=\"DA\">F\u00fcr die Vorsch\u00fcler und Erstkl\u00e4ssler gibt die Variante &#8222;Die 4 Grundrechenarten im Zahlenraum 20&#8220;.<\/span><\/p>\n<h3>Spielmaterial<\/h3>\n<ul>\n<li>1 Spielplan (LKW-Plane), Gr\u00f6\u00dfe 30 x 30 cm<\/li>\n<li>6 verschiedenfarbige\u00a0Spielfiguren + 1\u00a0W\u00fcrfel aus bunt lackiertem Holz<\/li>\n<li>Anleitung auf Deutsch<\/li>\n<li>Verpackung: Papprolle, wei\u00df gl\u00e4nzend, mit Aufkleber, L\u00e4nge 34 mm, Durchmesser 6 cm.<\/li>\n<\/ul>\n<h3>Das Wichtigste in K\u00fcrze<\/h3>\n<ul>\n<li>Art des Spiels: Brettspiel, Familienspiel,\u00a0Lernspiel<\/li>\n<li>Ausf\u00fchrung: Spielplan auf LKW-Plane \u2013 rollbar und robust, verpackt in eine Papprolle<\/li>\n<li>Zubeh\u00f6r: Spielfiguren und W\u00fcrfel aus bunt lackiertem Holz<\/li>\n<li>Spielthema:\u00a0Rechnen, Mathematik, Zahlen<\/li>\n<li>Anzahl Spieler: 2\u00a0\u2013 6\u00a0Spieler<\/li>\n<li>Empfohlenes Alter: ab 8\u00a0Jahren<\/li>\n<li>Spieldauer: etwa 20 &#8211; 30\u00a0Minuten<\/li>\n<\/ul>\n<h3>SHOP<\/h3>\n<blockquote class=\"wp-embedded-content\" data-secret=\"4T2pKlTneK\"><p><a href=\"https:\/\/www.erfinde-dein-spiel.de\/spiele\/shop\/spiel-thema\/fantasy-fabelwesen-trolle-elfen\/abenteuer-im-dorf-2\/\">Abenteuer im Dorf<\/a><\/p><\/blockquote>\n<p><iframe class=\"wp-embedded-content\" sandbox=\"allow-scripts\" security=\"restricted\" style=\"position: absolute; clip: rect(1px, 1px, 1px, 1px);\" title=\"&#8222;Abenteuer im Dorf&#8220; &#8212; (er-)finde DEIN Spiel\" src=\"https:\/\/www.erfinde-dein-spiel.de\/spiele\/shop\/spiel-thema\/fantasy-fabelwesen-trolle-elfen\/abenteuer-im-dorf-2\/embed\/#?secret=XER2yIl9SV#?secret=4T2pKlTneK\" data-secret=\"4T2pKlTneK\" width=\"500\" height=\"282\" frameborder=\"0\" marginwidth=\"0\" marginheight=\"0\" scrolling=\"no\"><\/iframe><\/p>\n<p>&nbsp;<\/p>\n<p>&nbsp;<\/p>\n<p>&nbsp;<\/p>\n","protected":false},"excerpt":{"rendered":"<p><span style=\"line-height: 1.5;\"><a href=\"http:\/\/www.erfinde-dein-spiel.de\/spiele\/shops-autoren\/julius-der-troll\/\" target=\"_blank\">Shop: JULIUS DER TROLL<\/a><\/span><\/p>\n<p><span style=\"line-height: 1.5;\">Unsere beliebten Kuscheltiere sind heute in der Schule. Sie lernen brav die vier Grundrechnungsarten (Plus, Minus, Mal und Dividieren). In der Pause fordern sie einander im neu erlernten Wissen heraus.<\/span><\/p>\n<p>Rollbarer Spielplan aus LKW-Plane, Gr\u00f6\u00dfe: 30\u00a0x 30\u00a0cm; Spielfiguren + W\u00fcrfel aus bunt lackiertem Holz;\u00a0Verpackung: Papprolle wei\u00df, L\u00e4nge 34 cm, Durchmesser 6 cm<\/p>\n","protected":false},"featured_media":1564,"comment_status":"open","ping_status":"closed","template":"","meta":{"_themeisle_gutenberg_block_has_review":false},"product_cat":[313,370,292,248,252,268,251],"product_tag":[],"yoast_head":"<!-- This site is optimized with the Yoast SEO plugin v22.6 - https:\/\/yoast.com\/wordpress\/plugins\/seo\/ -->\n<title>Die 4 Grundrechenarten im Zahlenraum 100 - (er-)finde DEIN Spiel<\/title>\n<meta name=\"robots\" content=\"index, follow, max-snippet:-1, max-image-preview:large, max-video-preview:-1\" \/>\n<link rel=\"canonical\" href=\"https:\/\/www.erfinde-dein-spiel.de\/spiele\/shop\/spiel-thema\/mathematik-rechnen\/die-4-grundrechenarten-im-zahlenraum-100\/\" \/>\n<meta property=\"og:locale\" content=\"de_DE\" \/>\n<meta property=\"og:type\" content=\"article\" \/>\n<meta property=\"og:title\" content=\"Die 4 Grundrechenarten im Zahlenraum 100 - (er-)finde DEIN Spiel\" \/>\n<meta property=\"og:description\" content=\"Shop: JULIUS DER TROLL  Unsere beliebten Kuscheltiere sind heute in der Schule. Sie lernen brav die vier Grundrechnungsarten (Plus, Minus, Mal und Dividieren). In der Pause fordern sie einander im neu erlernten Wissen heraus.  Rollbarer Spielplan aus LKW-Plane, Gr\u00f6\u00dfe: 30\u00a0x 30\u00a0cm; Spielfiguren + W\u00fcrfel aus bunt lackiertem Holz;\u00a0Verpackung: Papprolle wei\u00df, L\u00e4nge 34 cm, Durchmesser 6 cm\" \/>\n<meta property=\"og:url\" content=\"https:\/\/www.erfinde-dein-spiel.de\/spiele\/shop\/spiel-thema\/mathematik-rechnen\/die-4-grundrechenarten-im-zahlenraum-100\/\" \/>\n<meta property=\"og:site_name\" content=\"(er-)finde DEIN Spiel\" \/>\n<meta property=\"article:modified_time\" content=\"2016-01-24T01:30:19+00:00\" \/>\n<meta property=\"og:image\" content=\"https:\/\/www.erfinde-dein-spiel.de\/spiele\/wp-content\/uploads\/2015\/11\/PP_564_5431.jpg\" \/>\n\t<meta property=\"og:image:width\" content=\"500\" \/>\n\t<meta property=\"og:image:height\" content=\"500\" \/>\n\t<meta property=\"og:image:type\" content=\"image\/jpeg\" \/>\n<meta name=\"twitter:card\" content=\"summary_large_image\" \/>\n<meta name=\"twitter:label1\" content=\"Gesch\u00e4tzte Lesezeit\" \/>\n\t<meta name=\"twitter:data1\" content=\"1 Minute\" \/>\n<script type=\"application\/ld+json\" class=\"yoast-schema-graph\">{\"@context\":\"https:\/\/schema.org\",\"@graph\":[{\"@type\":\"WebPage\",\"@id\":\"https:\/\/www.erfinde-dein-spiel.de\/spiele\/shop\/spiel-thema\/mathematik-rechnen\/die-4-grundrechenarten-im-zahlenraum-100\/\",\"url\":\"https:\/\/www.erfinde-dein-spiel.de\/spiele\/shop\/spiel-thema\/mathematik-rechnen\/die-4-grundrechenarten-im-zahlenraum-100\/\",\"name\":\"Die 4 Grundrechenarten im Zahlenraum 100 - (er-)finde DEIN Spiel\",\"isPartOf\":{\"@id\":\"https:\/\/www.erfinde-dein-spiel.de\/spiele\/#website\"},\"primaryImageOfPage\":{\"@id\":\"https:\/\/www.erfinde-dein-spiel.de\/spiele\/shop\/spiel-thema\/mathematik-rechnen\/die-4-grundrechenarten-im-zahlenraum-100\/#primaryimage\"},\"image\":{\"@id\":\"https:\/\/www.erfinde-dein-spiel.de\/spiele\/shop\/spiel-thema\/mathematik-rechnen\/die-4-grundrechenarten-im-zahlenraum-100\/#primaryimage\"},\"thumbnailUrl\":\"https:\/\/www.erfinde-dein-spiel.de\/spiele\/wp-content\/uploads\/2015\/11\/PP_564_5431.jpg\",\"datePublished\":\"2015-11-15T22:54:46+00:00\",\"dateModified\":\"2016-01-24T01:30:19+00:00\",\"breadcrumb\":{\"@id\":\"https:\/\/www.erfinde-dein-spiel.de\/spiele\/shop\/spiel-thema\/mathematik-rechnen\/die-4-grundrechenarten-im-zahlenraum-100\/#breadcrumb\"},\"inLanguage\":\"de-DE\",\"potentialAction\":[{\"@type\":\"ReadAction\",\"target\":[\"https:\/\/www.erfinde-dein-spiel.de\/spiele\/shop\/spiel-thema\/mathematik-rechnen\/die-4-grundrechenarten-im-zahlenraum-100\/\"]}]},{\"@type\":\"ImageObject\",\"inLanguage\":\"de-DE\",\"@id\":\"https:\/\/www.erfinde-dein-spiel.de\/spiele\/shop\/spiel-thema\/mathematik-rechnen\/die-4-grundrechenarten-im-zahlenraum-100\/#primaryimage\",\"url\":\"https:\/\/www.erfinde-dein-spiel.de\/spiele\/wp-content\/uploads\/2015\/11\/PP_564_5431.jpg\",\"contentUrl\":\"https:\/\/www.erfinde-dein-spiel.de\/spiele\/wp-content\/uploads\/2015\/11\/PP_564_5431.jpg\",\"width\":500,\"height\":500},{\"@type\":\"BreadcrumbList\",\"@id\":\"https:\/\/www.erfinde-dein-spiel.de\/spiele\/shop\/spiel-thema\/mathematik-rechnen\/die-4-grundrechenarten-im-zahlenraum-100\/#breadcrumb\",\"itemListElement\":[{\"@type\":\"ListItem\",\"position\":1,\"name\":\"Home\",\"item\":\"https:\/\/www.erfinde-dein-spiel.de\/spiele\/\"},{\"@type\":\"ListItem\",\"position\":2,\"name\":\"Shop\",\"item\":\"https:\/\/www.erfinde-dein-spiel.de\/spiele\/\"},{\"@type\":\"ListItem\",\"position\":3,\"name\":\"Die 4 Grundrechenarten im Zahlenraum 100\"}]},{\"@type\":\"WebSite\",\"@id\":\"https:\/\/www.erfinde-dein-spiel.de\/spiele\/#website\",\"url\":\"https:\/\/www.erfinde-dein-spiel.de\/spiele\/\",\"name\":\"(er-)finde DEIN Spiel\",\"description\":\"Spiele aus der Community. Powered by Spieltz.\",\"potentialAction\":[{\"@type\":\"SearchAction\",\"target\":{\"@type\":\"EntryPoint\",\"urlTemplate\":\"https:\/\/www.erfinde-dein-spiel.de\/spiele\/?s={search_term_string}\"},\"query-input\":\"required name=search_term_string\"}],\"inLanguage\":\"de-DE\"}]}<\/script>\n<!-- \/ Yoast SEO plugin. -->","yoast_head_json":{"title":"Die 4 Grundrechenarten im Zahlenraum 100 - (er-)finde DEIN Spiel","robots":{"index":"index","follow":"follow","max-snippet":"max-snippet:-1","max-image-preview":"max-image-preview:large","max-video-preview":"max-video-preview:-1"},"canonical":"https:\/\/www.erfinde-dein-spiel.de\/spiele\/shop\/spiel-thema\/mathematik-rechnen\/die-4-grundrechenarten-im-zahlenraum-100\/","og_locale":"de_DE","og_type":"article","og_title":"Die 4 Grundrechenarten im Zahlenraum 100 - (er-)finde DEIN Spiel","og_description":"Shop: JULIUS DER TROLL  Unsere beliebten Kuscheltiere sind heute in der Schule. Sie lernen brav die vier Grundrechnungsarten (Plus, Minus, Mal und Dividieren). In der Pause fordern sie einander im neu erlernten Wissen heraus.  Rollbarer Spielplan aus LKW-Plane, Gr\u00f6\u00dfe: 30\u00a0x 30\u00a0cm; Spielfiguren + W\u00fcrfel aus bunt lackiertem Holz;\u00a0Verpackung: Papprolle wei\u00df, L\u00e4nge 34 cm, Durchmesser 6 cm","og_url":"https:\/\/www.erfinde-dein-spiel.de\/spiele\/shop\/spiel-thema\/mathematik-rechnen\/die-4-grundrechenarten-im-zahlenraum-100\/","og_site_name":"(er-)finde DEIN Spiel","article_modified_time":"2016-01-24T01:30:19+00:00","og_image":[{"width":500,"height":500,"url":"https:\/\/www.erfinde-dein-spiel.de\/spiele\/wp-content\/uploads\/2015\/11\/PP_564_5431.jpg","type":"image\/jpeg"}],"twitter_card":"summary_large_image","twitter_misc":{"Gesch\u00e4tzte Lesezeit":"1 Minute"},"schema":{"@context":"https:\/\/schema.org","@graph":[{"@type":"WebPage","@id":"https:\/\/www.erfinde-dein-spiel.de\/spiele\/shop\/spiel-thema\/mathematik-rechnen\/die-4-grundrechenarten-im-zahlenraum-100\/","url":"https:\/\/www.erfinde-dein-spiel.de\/spiele\/shop\/spiel-thema\/mathematik-rechnen\/die-4-grundrechenarten-im-zahlenraum-100\/","name":"Die 4 Grundrechenarten im Zahlenraum 100 - (er-)finde DEIN Spiel","isPartOf":{"@id":"https:\/\/www.erfinde-dein-spiel.de\/spiele\/#website"},"primaryImageOfPage":{"@id":"https:\/\/www.erfinde-dein-spiel.de\/spiele\/shop\/spiel-thema\/mathematik-rechnen\/die-4-grundrechenarten-im-zahlenraum-100\/#primaryimage"},"image":{"@id":"https:\/\/www.erfinde-dein-spiel.de\/spiele\/shop\/spiel-thema\/mathematik-rechnen\/die-4-grundrechenarten-im-zahlenraum-100\/#primaryimage"},"thumbnailUrl":"https:\/\/www.erfinde-dein-spiel.de\/spiele\/wp-content\/uploads\/2015\/11\/PP_564_5431.jpg","datePublished":"2015-11-15T22:54:46+00:00","dateModified":"2016-01-24T01:30:19+00:00","breadcrumb":{"@id":"https:\/\/www.erfinde-dein-spiel.de\/spiele\/shop\/spiel-thema\/mathematik-rechnen\/die-4-grundrechenarten-im-zahlenraum-100\/#breadcrumb"},"inLanguage":"de-DE","potentialAction":[{"@type":"ReadAction","target":["https:\/\/www.erfinde-dein-spiel.de\/spiele\/shop\/spiel-thema\/mathematik-rechnen\/die-4-grundrechenarten-im-zahlenraum-100\/"]}]},{"@type":"ImageObject","inLanguage":"de-DE","@id":"https:\/\/www.erfinde-dein-spiel.de\/spiele\/shop\/spiel-thema\/mathematik-rechnen\/die-4-grundrechenarten-im-zahlenraum-100\/#primaryimage","url":"https:\/\/www.erfinde-dein-spiel.de\/spiele\/wp-content\/uploads\/2015\/11\/PP_564_5431.jpg","contentUrl":"https:\/\/www.erfinde-dein-spiel.de\/spiele\/wp-content\/uploads\/2015\/11\/PP_564_5431.jpg","width":500,"height":500},{"@type":"BreadcrumbList","@id":"https:\/\/www.erfinde-dein-spiel.de\/spiele\/shop\/spiel-thema\/mathematik-rechnen\/die-4-grundrechenarten-im-zahlenraum-100\/#breadcrumb","itemListElement":[{"@type":"ListItem","position":1,"name":"Home","item":"https:\/\/www.erfinde-dein-spiel.de\/spiele\/"},{"@type":"ListItem","position":2,"name":"Shop","item":"https:\/\/www.erfinde-dein-spiel.de\/spiele\/"},{"@type":"ListItem","position":3,"name":"Die 4 Grundrechenarten im Zahlenraum 100"}]},{"@type":"WebSite","@id":"https:\/\/www.erfinde-dein-spiel.de\/spiele\/#website","url":"https:\/\/www.erfinde-dein-spiel.de\/spiele\/","name":"(er-)finde DEIN Spiel","description":"Spiele aus der Community. Powered by Spieltz.","potentialAction":[{"@type":"SearchAction","target":{"@type":"EntryPoint","urlTemplate":"https:\/\/www.erfinde-dein-spiel.de\/spiele\/?s={search_term_string}"},"query-input":"required name=search_term_string"}],"inLanguage":"de-DE"}]}},"_links":{"self":[{"href":"https:\/\/www.erfinde-dein-spiel.de\/spiele\/wp-json\/wp\/v2\/product\/1563"}],"collection":[{"href":"https:\/\/www.erfinde-dein-spiel.de\/spiele\/wp-json\/wp\/v2\/product"}],"about":[{"href":"https:\/\/www.erfinde-dein-spiel.de\/spiele\/wp-json\/wp\/v2\/types\/product"}],"replies":[{"embeddable":true,"href":"https:\/\/www.erfinde-dein-spiel.de\/spiele\/wp-json\/wp\/v2\/comments?post=1563"}],"wp:featuredmedia":[{"embeddable":true,"href":"https:\/\/www.erfinde-dein-spiel.de\/spiele\/wp-json\/wp\/v2\/media\/1564"}],"wp:attachment":[{"href":"https:\/\/www.erfinde-dein-spiel.de\/spiele\/wp-json\/wp\/v2\/media?parent=1563"}],"wp:term":[{"taxonomy":"product_cat","embeddable":true,"href":"https:\/\/www.erfinde-dein-spiel.de\/spiele\/wp-json\/wp\/v2\/product_cat?post=1563"},{"taxonomy":"product_tag","embeddable":true,"href":"https:\/\/www.erfinde-dein-spiel.de\/spiele\/wp-json\/wp\/v2\/product_tag?post=1563"}],"curies":[{"name":"wp","href":"https:\/\/api.w.org\/{rel}","templated":true}]}}