{"id":1559,"date":"2015-11-15T23:54:44","date_gmt":"2015-11-15T22:54:44","guid":{"rendered":"http:\/\/www.erfinde-dein-spiel.de\/shop\/unkategorisiert\/belagerung-der-wolkenburg\/"},"modified":"2024-07-17T01:32:10","modified_gmt":"2024-07-16T23:32:10","slug":"belagerung-der-wolkenburg","status":"publish","type":"product","link":"https:\/\/www.erfinde-dein-spiel.de\/spiele\/shop\/spiel-thema\/schloesser-und-burgen\/belagerung-der-wolkenburg\/","title":{"rendered":"Belagerung der Wolkenburg"},"content":{"rendered":"<h3>Das Spiel<\/h3>\n<p>24 Eindringlinge wollen die Wolkenburg erobern, die von 2 Bewohnern verteidigt wird. Gelingt es den Angreifern, die Burg zu besetzen, so haben sie gewonnen. K\u00f6nnen die Verteidiger die Angreifer in die Flucht schlagen, indem sie 15 davon gefangen nehmen, so haben sie die Burg gerettet und das Spiel gewonnen.<\/p>\n<p>Wie alle Belagerungsspiele wird <em>Belagerung der Wolkenburg<\/em>\u00a0der Gruppe der \u201easymmetrischen\u00a0Brettspiele\u201c zugeordnet: Die beiden Spieler haben unterschiedliche\u00a0Spielziele, Spielsteine und Zugm\u00f6glichkeiten.<\/p>\n<p>Autor: unbekannt \/ traditionelles Spiel<br \/>\nDesign: Friedemann Lichtenthal<\/p>\n<h3>Spielmaterial<\/h3>\n<ul>\n<li>1 Spielplan aus LKW-Plane, rollbar, robust und abwaschbar, Gr\u00f6\u00dfe: 30 x 30 cm<\/li>\n<li>26\u00a0Spielsteine aus buntem Glas (24 Angreifer + 2\u00a0Verteidiger) aus bunt lackiertem Holz<\/li>\n<li>Anleitung auf Deutsch<\/li>\n<li>Verpackung: Papprolle, wei\u00df gl\u00e4nzend, mit Aufkleber, L\u00e4nge 34 cm, Durchmesser 6 cm<\/li>\n<\/ul>\n<h3>Das Wichtigste in K\u00fcrze<\/h3>\n<ul>\n<li>Art des Spiels:\u00a0Strategiespiel, Brettspiel, traditionelles Spiel<\/li>\n<li>Ausf\u00fchrung: Spielplan auf LKW-Plane \u2013 rollbar und robust, verpackt in eine Papprolle<\/li>\n<li>Zubeh\u00f6r: Spielfiguren aus bunt lackiertem Holz<\/li>\n<li>Spielthemen:\u00a0Kampf, Belagerung<\/li>\n<li>Anzahl Spieler: 2\u00a0Spieler<\/li>\n<li>Empfohlenes Spielalter: ab 6\u00a0Jahren<\/li>\n<li>Spieldauer: etwa 20\u00a0Minuten<\/li>\n<\/ul>\n<h3><\/h3>\n<p>&nbsp;<\/p>\n","protected":false},"excerpt":{"rendered":"<p><a href=\"http:\/\/www.erfinde-dein-spiel.de\/shops-autoren\/shop-spieltz-verlagsprogramm\/\" target=\"_blank\" rel=\"noopener\">Shop:\u00a0SPIELTZ VERLAGSPROGRAMM<\/a><\/p>\n<p>24 Eindringlinge wollen die Wolkenburg erobern, die von 2 Bewohnern verteidigt wird. Gelingt es den Angreifern, die Burg zu besetzen, so haben sie gewonnen. K\u00f6nnen die Verteidiger die Angreifer in die Flucht schlagen, indem sie 15 davon gefangen nehmen, so haben sie die Burg gerettet und das Spiel gewonnen.<\/p>\n<p>Rollbarer Spielplan aus LKW-Plane, Gr\u00f6\u00dfe: 30 x 30 cm<br \/>\nVerpackung: Papprolle wei\u00df, L\u00e4nge 34 cm, Durchmesser 6 cm<\/p>\n","protected":false},"featured_media":1560,"comment_status":"open","ping_status":"closed","template":"","meta":{"_themeisle_gutenberg_block_has_review":false},"product_cat":[312,302,338,333,328,257,267],"product_tag":[],"yoast_head":"<!-- This site is optimized with the Yoast SEO plugin v22.6 - https:\/\/yoast.com\/wordpress\/plugins\/seo\/ -->\n<title>Belagerung der Wolkenburg - (er-)finde DEIN Spiel<\/title>\n<meta name=\"robots\" content=\"index, follow, max-snippet:-1, max-image-preview:large, max-video-preview:-1\" \/>\n<link rel=\"canonical\" href=\"https:\/\/www.erfinde-dein-spiel.de\/spiele\/shop\/spiel-thema\/schloesser-und-burgen\/belagerung-der-wolkenburg\/\" \/>\n<meta property=\"og:locale\" content=\"de_DE\" \/>\n<meta property=\"og:type\" content=\"article\" \/>\n<meta property=\"og:title\" content=\"Belagerung der Wolkenburg - (er-)finde DEIN Spiel\" \/>\n<meta property=\"og:description\" content=\"Shop:\u00a0SPIELTZ VERLAGSPROGRAMM  24 Eindringlinge wollen die Wolkenburg erobern, die von 2 Bewohnern verteidigt wird. Gelingt es den Angreifern, die Burg zu besetzen, so haben sie gewonnen. K\u00f6nnen die Verteidiger die Angreifer in die Flucht schlagen, indem sie 15 davon gefangen nehmen, so haben sie die Burg gerettet und das Spiel gewonnen.  Rollbarer Spielplan aus LKW-Plane, Gr\u00f6\u00dfe: 30 x 30 cm Verpackung: Papprolle wei\u00df, L\u00e4nge 34 cm, Durchmesser 6 cm\" \/>\n<meta property=\"og:url\" content=\"https:\/\/www.erfinde-dein-spiel.de\/spiele\/shop\/spiel-thema\/schloesser-und-burgen\/belagerung-der-wolkenburg\/\" \/>\n<meta property=\"og:site_name\" content=\"(er-)finde DEIN Spiel\" \/>\n<meta property=\"article:modified_time\" content=\"2024-07-16T23:32:10+00:00\" \/>\n<meta property=\"og:image\" content=\"http:\/\/www.erfinde-dein-spiel.de\/spiele\/wp-content\/uploads\/2015\/11\/PP_561_731.jpg\" \/>\n\t<meta property=\"og:image:width\" content=\"500\" \/>\n\t<meta property=\"og:image:height\" content=\"500\" \/>\n\t<meta property=\"og:image:type\" content=\"image\/jpeg\" \/>\n<meta name=\"twitter:card\" content=\"summary_large_image\" \/>\n<meta name=\"twitter:label1\" content=\"Gesch\u00e4tzte Lesezeit\" \/>\n\t<meta name=\"twitter:data1\" content=\"1 Minute\" \/>\n<script type=\"application\/ld+json\" class=\"yoast-schema-graph\">{\"@context\":\"https:\/\/schema.org\",\"@graph\":[{\"@type\":\"WebPage\",\"@id\":\"https:\/\/www.erfinde-dein-spiel.de\/spiele\/shop\/spiel-thema\/schloesser-und-burgen\/belagerung-der-wolkenburg\/\",\"url\":\"https:\/\/www.erfinde-dein-spiel.de\/spiele\/shop\/spiel-thema\/schloesser-und-burgen\/belagerung-der-wolkenburg\/\",\"name\":\"Belagerung der Wolkenburg - (er-)finde DEIN Spiel\",\"isPartOf\":{\"@id\":\"https:\/\/www.erfinde-dein-spiel.de\/spiele\/#website\"},\"primaryImageOfPage\":{\"@id\":\"https:\/\/www.erfinde-dein-spiel.de\/spiele\/shop\/spiel-thema\/schloesser-und-burgen\/belagerung-der-wolkenburg\/#primaryimage\"},\"image\":{\"@id\":\"https:\/\/www.erfinde-dein-spiel.de\/spiele\/shop\/spiel-thema\/schloesser-und-burgen\/belagerung-der-wolkenburg\/#primaryimage\"},\"thumbnailUrl\":\"https:\/\/www.erfinde-dein-spiel.de\/spiele\/wp-content\/uploads\/2015\/11\/PP_561_731.jpg\",\"datePublished\":\"2015-11-15T22:54:44+00:00\",\"dateModified\":\"2024-07-16T23:32:10+00:00\",\"breadcrumb\":{\"@id\":\"https:\/\/www.erfinde-dein-spiel.de\/spiele\/shop\/spiel-thema\/schloesser-und-burgen\/belagerung-der-wolkenburg\/#breadcrumb\"},\"inLanguage\":\"de-DE\",\"potentialAction\":[{\"@type\":\"ReadAction\",\"target\":[\"https:\/\/www.erfinde-dein-spiel.de\/spiele\/shop\/spiel-thema\/schloesser-und-burgen\/belagerung-der-wolkenburg\/\"]}]},{\"@type\":\"ImageObject\",\"inLanguage\":\"de-DE\",\"@id\":\"https:\/\/www.erfinde-dein-spiel.de\/spiele\/shop\/spiel-thema\/schloesser-und-burgen\/belagerung-der-wolkenburg\/#primaryimage\",\"url\":\"https:\/\/www.erfinde-dein-spiel.de\/spiele\/wp-content\/uploads\/2015\/11\/PP_561_731.jpg\",\"contentUrl\":\"https:\/\/www.erfinde-dein-spiel.de\/spiele\/wp-content\/uploads\/2015\/11\/PP_561_731.jpg\",\"width\":500,\"height\":500,\"caption\":\"Spieltz \/ Belagerung der Wolkenburg\"},{\"@type\":\"BreadcrumbList\",\"@id\":\"https:\/\/www.erfinde-dein-spiel.de\/spiele\/shop\/spiel-thema\/schloesser-und-burgen\/belagerung-der-wolkenburg\/#breadcrumb\",\"itemListElement\":[{\"@type\":\"ListItem\",\"position\":1,\"name\":\"Home\",\"item\":\"https:\/\/www.erfinde-dein-spiel.de\/spiele\/\"},{\"@type\":\"ListItem\",\"position\":2,\"name\":\"Shop\",\"item\":\"https:\/\/www.erfinde-dein-spiel.de\/spiele\/\"},{\"@type\":\"ListItem\",\"position\":3,\"name\":\"Belagerung der Wolkenburg\"}]},{\"@type\":\"WebSite\",\"@id\":\"https:\/\/www.erfinde-dein-spiel.de\/spiele\/#website\",\"url\":\"https:\/\/www.erfinde-dein-spiel.de\/spiele\/\",\"name\":\"(er-)finde DEIN Spiel\",\"description\":\"Spiele aus der Community. Powered by Spieltz.\",\"potentialAction\":[{\"@type\":\"SearchAction\",\"target\":{\"@type\":\"EntryPoint\",\"urlTemplate\":\"https:\/\/www.erfinde-dein-spiel.de\/spiele\/?s={search_term_string}\"},\"query-input\":\"required name=search_term_string\"}],\"inLanguage\":\"de-DE\"}]}<\/script>\n<!-- \/ Yoast SEO plugin. -->","yoast_head_json":{"title":"Belagerung der Wolkenburg - (er-)finde DEIN Spiel","robots":{"index":"index","follow":"follow","max-snippet":"max-snippet:-1","max-image-preview":"max-image-preview:large","max-video-preview":"max-video-preview:-1"},"canonical":"https:\/\/www.erfinde-dein-spiel.de\/spiele\/shop\/spiel-thema\/schloesser-und-burgen\/belagerung-der-wolkenburg\/","og_locale":"de_DE","og_type":"article","og_title":"Belagerung der Wolkenburg - (er-)finde DEIN Spiel","og_description":"Shop:\u00a0SPIELTZ VERLAGSPROGRAMM  24 Eindringlinge wollen die Wolkenburg erobern, die von 2 Bewohnern verteidigt wird. Gelingt es den Angreifern, die Burg zu besetzen, so haben sie gewonnen. K\u00f6nnen die Verteidiger die Angreifer in die Flucht schlagen, indem sie 15 davon gefangen nehmen, so haben sie die Burg gerettet und das Spiel gewonnen.  Rollbarer Spielplan aus LKW-Plane, Gr\u00f6\u00dfe: 30 x 30 cm Verpackung: Papprolle wei\u00df, L\u00e4nge 34 cm, Durchmesser 6 cm","og_url":"https:\/\/www.erfinde-dein-spiel.de\/spiele\/shop\/spiel-thema\/schloesser-und-burgen\/belagerung-der-wolkenburg\/","og_site_name":"(er-)finde DEIN Spiel","article_modified_time":"2024-07-16T23:32:10+00:00","og_image":[{"width":500,"height":500,"url":"http:\/\/www.erfinde-dein-spiel.de\/spiele\/wp-content\/uploads\/2015\/11\/PP_561_731.jpg","type":"image\/jpeg"}],"twitter_card":"summary_large_image","twitter_misc":{"Gesch\u00e4tzte Lesezeit":"1 Minute"},"schema":{"@context":"https:\/\/schema.org","@graph":[{"@type":"WebPage","@id":"https:\/\/www.erfinde-dein-spiel.de\/spiele\/shop\/spiel-thema\/schloesser-und-burgen\/belagerung-der-wolkenburg\/","url":"https:\/\/www.erfinde-dein-spiel.de\/spiele\/shop\/spiel-thema\/schloesser-und-burgen\/belagerung-der-wolkenburg\/","name":"Belagerung der Wolkenburg - (er-)finde DEIN Spiel","isPartOf":{"@id":"https:\/\/www.erfinde-dein-spiel.de\/spiele\/#website"},"primaryImageOfPage":{"@id":"https:\/\/www.erfinde-dein-spiel.de\/spiele\/shop\/spiel-thema\/schloesser-und-burgen\/belagerung-der-wolkenburg\/#primaryimage"},"image":{"@id":"https:\/\/www.erfinde-dein-spiel.de\/spiele\/shop\/spiel-thema\/schloesser-und-burgen\/belagerung-der-wolkenburg\/#primaryimage"},"thumbnailUrl":"https:\/\/www.erfinde-dein-spiel.de\/spiele\/wp-content\/uploads\/2015\/11\/PP_561_731.jpg","datePublished":"2015-11-15T22:54:44+00:00","dateModified":"2024-07-16T23:32:10+00:00","breadcrumb":{"@id":"https:\/\/www.erfinde-dein-spiel.de\/spiele\/shop\/spiel-thema\/schloesser-und-burgen\/belagerung-der-wolkenburg\/#breadcrumb"},"inLanguage":"de-DE","potentialAction":[{"@type":"ReadAction","target":["https:\/\/www.erfinde-dein-spiel.de\/spiele\/shop\/spiel-thema\/schloesser-und-burgen\/belagerung-der-wolkenburg\/"]}]},{"@type":"ImageObject","inLanguage":"de-DE","@id":"https:\/\/www.erfinde-dein-spiel.de\/spiele\/shop\/spiel-thema\/schloesser-und-burgen\/belagerung-der-wolkenburg\/#primaryimage","url":"https:\/\/www.erfinde-dein-spiel.de\/spiele\/wp-content\/uploads\/2015\/11\/PP_561_731.jpg","contentUrl":"https:\/\/www.erfinde-dein-spiel.de\/spiele\/wp-content\/uploads\/2015\/11\/PP_561_731.jpg","width":500,"height":500,"caption":"Spieltz \/ Belagerung der Wolkenburg"},{"@type":"BreadcrumbList","@id":"https:\/\/www.erfinde-dein-spiel.de\/spiele\/shop\/spiel-thema\/schloesser-und-burgen\/belagerung-der-wolkenburg\/#breadcrumb","itemListElement":[{"@type":"ListItem","position":1,"name":"Home","item":"https:\/\/www.erfinde-dein-spiel.de\/spiele\/"},{"@type":"ListItem","position":2,"name":"Shop","item":"https:\/\/www.erfinde-dein-spiel.de\/spiele\/"},{"@type":"ListItem","position":3,"name":"Belagerung der Wolkenburg"}]},{"@type":"WebSite","@id":"https:\/\/www.erfinde-dein-spiel.de\/spiele\/#website","url":"https:\/\/www.erfinde-dein-spiel.de\/spiele\/","name":"(er-)finde DEIN Spiel","description":"Spiele aus der Community. Powered by Spieltz.","potentialAction":[{"@type":"SearchAction","target":{"@type":"EntryPoint","urlTemplate":"https:\/\/www.erfinde-dein-spiel.de\/spiele\/?s={search_term_string}"},"query-input":"required name=search_term_string"}],"inLanguage":"de-DE"}]}},"_links":{"self":[{"href":"https:\/\/www.erfinde-dein-spiel.de\/spiele\/wp-json\/wp\/v2\/product\/1559"}],"collection":[{"href":"https:\/\/www.erfinde-dein-spiel.de\/spiele\/wp-json\/wp\/v2\/product"}],"about":[{"href":"https:\/\/www.erfinde-dein-spiel.de\/spiele\/wp-json\/wp\/v2\/types\/product"}],"replies":[{"embeddable":true,"href":"https:\/\/www.erfinde-dein-spiel.de\/spiele\/wp-json\/wp\/v2\/comments?post=1559"}],"wp:featuredmedia":[{"embeddable":true,"href":"https:\/\/www.erfinde-dein-spiel.de\/spiele\/wp-json\/wp\/v2\/media\/1560"}],"wp:attachment":[{"href":"https:\/\/www.erfinde-dein-spiel.de\/spiele\/wp-json\/wp\/v2\/media?parent=1559"}],"wp:term":[{"taxonomy":"product_cat","embeddable":true,"href":"https:\/\/www.erfinde-dein-spiel.de\/spiele\/wp-json\/wp\/v2\/product_cat?post=1559"},{"taxonomy":"product_tag","embeddable":true,"href":"https:\/\/www.erfinde-dein-spiel.de\/spiele\/wp-json\/wp\/v2\/product_tag?post=1559"}],"curies":[{"name":"wp","href":"https:\/\/api.w.org\/{rel}","templated":true}]}}