{"id":1557,"date":"2015-11-15T23:54:42","date_gmt":"2015-11-15T22:54:42","guid":{"rendered":"http:\/\/www.erfinde-dein-spiel.de\/shop\/unkategorisiert\/abenteuer-im-dorf-2\/"},"modified":"2024-07-17T01:32:23","modified_gmt":"2024-07-16T23:32:23","slug":"abenteuer-im-dorf-2","status":"publish","type":"product","link":"https:\/\/www.erfinde-dein-spiel.de\/spiele\/shop\/spiel-thema\/fantasy-fabelwesen-trolle-elfen\/abenteuer-im-dorf-2\/","title":{"rendered":"Abenteuer im Dorf"},"content":{"rendered":"<h3 class=\"paragraph\" style=\"vertical-align: baseline;\"><span class=\"normaltextrun\">Das Spiel<\/span><\/h3>\n<p>Autor: Julius der Troll<br \/>\nGrafik: Julius der Troll<\/p>\n<p class=\"paragraph\" style=\"vertical-align: baseline;\"><em><span class=\"normaltextrun\">Kennst du das? So kurz vor dem Einschlafen, diesen Moment, in dem sich in deinem Kopf die fabelhaftesten Bilder auftun und sich deine Vorstellungen auf ungeahnte, spannende Reisen begibt<\/span><\/em><\/p>\n<p class=\"MsoNormal\"><em><span class=\"normaltextrun\"><span lang=\"DA\">Du h\u00f6rst das Rascheln im Wald, ein herrlicher Duft von Nadelh\u00f6lzern weht dir in die Nase, die Luft ist frisch und klar, das Moos l\u00e4dt ein zum Ausruhen und Verweilen. Du beobachtest das stille Treiben und dann bist du mittendrin: In Julius der Troll Welt und seinen Abenteuern.<\/span><\/span><\/em><\/p>\n<p class=\"MsoNormal\"><em><span class=\"normaltextrun\"><span lang=\"DA\">In Abenteuer im Dorf <\/span><\/span><span lang=\"DA\">kannst du unsere sechs Trollfamilien begleiten. Sie haben heute ganz viel zu tun und m\u00fcssen \u00fcberall im Dorf so viel erledigen. Unterwegs erleben Sie wie immer viele Abenteuer. Sie fliegen mit der Rakete von Professor Troll, besuchen den M\u00fchlenhof und fahren in Simons Oink-Oinktor. Aber wer kommt zuerst wieder zur\u00fcck.<\/span><\/em><\/p>\n<h3>Spielmaterial<\/h3>\n<ul>\n<li>Spielplan aus LKW-Plane, rollbar, robust und abwaschbar<\/li>\n<li>6 x 2\u00a0Spielfiguren + 1 W\u00fcrfel aus bunt lackiertem Holz<\/li>\n<li>Anleitung auf Deutsch (gegen Aufpreis auch \u00dcbersetzung in andere Sprachen m\u00f6glich)<\/li>\n<li>Verpackung: Papprolle, wei\u00df, mit Aufkleber.<\/li>\n<\/ul>\n<h3>\u00dcberblick<\/h3>\n<ul>\n<li>Autor: Julius der Troll<\/li>\n<li>Grafik: Julius der Troll<\/li>\n<li>Kategorie: Brettspiel, Familienspiel, Kinderspiel, Gesellschaftsspiel<\/li>\n<li>Thema: Fantasy, Trolle, Fabelwesen<\/li>\n<li>Ausf\u00fchrung: Spielplan LKW-Plane 40 x 40 cm \u2013 rollbar und robust, verpackt in eine Papprolle\u00a0wei\u00df, L\u00e4nge 44 cm, Durchmesser 6 cm<\/li>\n<li>Zubeh\u00f6r: Spielfiguren + W\u00fcrfel aus bunt lackiertem Holz<\/li>\n<li>Anzahl Spieler: 2 \u2013 6\u00a0Spieler<\/li>\n<li>Empfohlenes Spielalter: ab 4\u00a0Jahren<\/li>\n<li>Spieldauer: 20 &#8211; 30\u00a0Minuten<\/li>\n<\/ul>\n<h3>Shop<\/h3>\n<blockquote class=\"wp-embedded-content\" data-secret=\"xNaRnjTC8E\"><p><a href=\"https:\/\/www.erfinde-dein-spiel.de\/spiele\/shop\/spiel-thema\/fantasy-fabelwesen-trolle-elfen\/abenteuer-im-dorf-2\/\">Abenteuer im Dorf<\/a><\/p><\/blockquote>\n<p><iframe class=\"wp-embedded-content\" sandbox=\"allow-scripts\" security=\"restricted\" style=\"position: absolute; clip: rect(1px, 1px, 1px, 1px);\" title=\"&#8222;Abenteuer im Dorf&#8220; &#8212; (er-)finde DEIN Spiel\" src=\"https:\/\/www.erfinde-dein-spiel.de\/spiele\/shop\/spiel-thema\/fantasy-fabelwesen-trolle-elfen\/abenteuer-im-dorf-2\/embed\/#?secret=7WJp3nXynJ#?secret=xNaRnjTC8E\" data-secret=\"xNaRnjTC8E\" width=\"500\" height=\"282\" frameborder=\"0\" marginwidth=\"0\" marginheight=\"0\" scrolling=\"no\"><\/iframe><\/p>\n<p>&nbsp;<\/p>\n<p>&nbsp;<\/p>\n","protected":false},"excerpt":{"rendered":"<p><a href=\"http:\/\/www.erfinde-dein-spiel.de\/spiele\/shops-autoren\/julius-der-troll\/\" target=\"_blank\" rel=\"noopener\">Shop: JULIUS DER TROLL<\/a><\/p>\n<p>Im Spiel\u00a0<em>Abenteuer im Dorf<\/em> kannst du unsere sechs Trollfamilien begleiten. Sie haben heute viel zu tun und m\u00fcssen \u00fcberall im Dorf so viel erledigen! Unterwegs erleben sie wie immer spannende\u00a0Abenteuer: Sie fliegen mit der Rakete von Professor Troll, besuchen den M\u00fchlenhof und fahren in Simons Oink-Oinktor. Aber wer kommt zuerst wieder zur\u00fcck?<\/p>\n<p>Rollbarer Spielplan aus LKW-Plane, Gr\u00f6\u00dfe: 40 x 40 cm<br \/>\nVerpackung: Papprolle wei\u00df, L\u00e4nge 44 cm, Durchmesser 6 cm<\/p>\n","protected":false},"featured_media":1558,"comment_status":"open","ping_status":"closed","template":"","meta":{"_themeisle_gutenberg_block_has_review":false},"product_cat":[304,313,286,367,292,248,247],"product_tag":[],"yoast_head":"<!-- This site is optimized with the Yoast SEO plugin v22.6 - https:\/\/yoast.com\/wordpress\/plugins\/seo\/ -->\n<title>Abenteuer im Dorf - (er-)finde DEIN Spiel<\/title>\n<meta name=\"robots\" content=\"index, follow, max-snippet:-1, max-image-preview:large, max-video-preview:-1\" \/>\n<link rel=\"canonical\" href=\"https:\/\/www.erfinde-dein-spiel.de\/spiele\/shop\/spiel-thema\/fantasy-fabelwesen-trolle-elfen\/abenteuer-im-dorf-2\/\" \/>\n<meta property=\"og:locale\" content=\"de_DE\" \/>\n<meta property=\"og:type\" content=\"article\" \/>\n<meta property=\"og:title\" content=\"Abenteuer im Dorf - (er-)finde DEIN Spiel\" \/>\n<meta property=\"og:description\" content=\"Shop: JULIUS DER TROLL  Im Spiel\u00a0Abenteuer im Dorf kannst du unsere sechs Trollfamilien begleiten. Sie haben heute viel zu tun und m\u00fcssen \u00fcberall im Dorf so viel erledigen! Unterwegs erleben sie wie immer spannende\u00a0Abenteuer: Sie fliegen mit der Rakete von Professor Troll, besuchen den M\u00fchlenhof und fahren in Simons Oink-Oinktor. Aber wer kommt zuerst wieder zur\u00fcck?  Rollbarer Spielplan aus LKW-Plane, Gr\u00f6\u00dfe: 40 x 40 cm Verpackung: Papprolle wei\u00df, L\u00e4nge 44 cm, Durchmesser 6 cm\" \/>\n<meta property=\"og:url\" content=\"https:\/\/www.erfinde-dein-spiel.de\/spiele\/shop\/spiel-thema\/fantasy-fabelwesen-trolle-elfen\/abenteuer-im-dorf-2\/\" \/>\n<meta property=\"og:site_name\" content=\"(er-)finde DEIN Spiel\" \/>\n<meta property=\"article:modified_time\" content=\"2024-07-16T23:32:23+00:00\" \/>\n<meta property=\"og:image\" content=\"http:\/\/www.erfinde-dein-spiel.de\/spiele\/wp-content\/uploads\/2015\/11\/PP_560_5431.jpg\" \/>\n\t<meta property=\"og:image:width\" content=\"500\" \/>\n\t<meta property=\"og:image:height\" content=\"500\" \/>\n\t<meta property=\"og:image:type\" content=\"image\/jpeg\" \/>\n<meta name=\"twitter:card\" content=\"summary_large_image\" \/>\n<meta name=\"twitter:label1\" content=\"Gesch\u00e4tzte Lesezeit\" \/>\n\t<meta name=\"twitter:data1\" content=\"1 Minute\" \/>\n<script type=\"application\/ld+json\" class=\"yoast-schema-graph\">{\"@context\":\"https:\/\/schema.org\",\"@graph\":[{\"@type\":\"WebPage\",\"@id\":\"https:\/\/www.erfinde-dein-spiel.de\/spiele\/shop\/spiel-thema\/fantasy-fabelwesen-trolle-elfen\/abenteuer-im-dorf-2\/\",\"url\":\"https:\/\/www.erfinde-dein-spiel.de\/spiele\/shop\/spiel-thema\/fantasy-fabelwesen-trolle-elfen\/abenteuer-im-dorf-2\/\",\"name\":\"Abenteuer im Dorf - (er-)finde DEIN Spiel\",\"isPartOf\":{\"@id\":\"https:\/\/www.erfinde-dein-spiel.de\/spiele\/#website\"},\"primaryImageOfPage\":{\"@id\":\"https:\/\/www.erfinde-dein-spiel.de\/spiele\/shop\/spiel-thema\/fantasy-fabelwesen-trolle-elfen\/abenteuer-im-dorf-2\/#primaryimage\"},\"image\":{\"@id\":\"https:\/\/www.erfinde-dein-spiel.de\/spiele\/shop\/spiel-thema\/fantasy-fabelwesen-trolle-elfen\/abenteuer-im-dorf-2\/#primaryimage\"},\"thumbnailUrl\":\"https:\/\/www.erfinde-dein-spiel.de\/spiele\/wp-content\/uploads\/2015\/11\/PP_560_5431.jpg\",\"datePublished\":\"2015-11-15T22:54:42+00:00\",\"dateModified\":\"2024-07-16T23:32:23+00:00\",\"breadcrumb\":{\"@id\":\"https:\/\/www.erfinde-dein-spiel.de\/spiele\/shop\/spiel-thema\/fantasy-fabelwesen-trolle-elfen\/abenteuer-im-dorf-2\/#breadcrumb\"},\"inLanguage\":\"de-DE\",\"potentialAction\":[{\"@type\":\"ReadAction\",\"target\":[\"https:\/\/www.erfinde-dein-spiel.de\/spiele\/shop\/spiel-thema\/fantasy-fabelwesen-trolle-elfen\/abenteuer-im-dorf-2\/\"]}]},{\"@type\":\"ImageObject\",\"inLanguage\":\"de-DE\",\"@id\":\"https:\/\/www.erfinde-dein-spiel.de\/spiele\/shop\/spiel-thema\/fantasy-fabelwesen-trolle-elfen\/abenteuer-im-dorf-2\/#primaryimage\",\"url\":\"https:\/\/www.erfinde-dein-spiel.de\/spiele\/wp-content\/uploads\/2015\/11\/PP_560_5431.jpg\",\"contentUrl\":\"https:\/\/www.erfinde-dein-spiel.de\/spiele\/wp-content\/uploads\/2015\/11\/PP_560_5431.jpg\",\"width\":500,\"height\":500},{\"@type\":\"BreadcrumbList\",\"@id\":\"https:\/\/www.erfinde-dein-spiel.de\/spiele\/shop\/spiel-thema\/fantasy-fabelwesen-trolle-elfen\/abenteuer-im-dorf-2\/#breadcrumb\",\"itemListElement\":[{\"@type\":\"ListItem\",\"position\":1,\"name\":\"Home\",\"item\":\"https:\/\/www.erfinde-dein-spiel.de\/spiele\/\"},{\"@type\":\"ListItem\",\"position\":2,\"name\":\"Shop\",\"item\":\"https:\/\/www.erfinde-dein-spiel.de\/spiele\/\"},{\"@type\":\"ListItem\",\"position\":3,\"name\":\"Abenteuer im Dorf\"}]},{\"@type\":\"WebSite\",\"@id\":\"https:\/\/www.erfinde-dein-spiel.de\/spiele\/#website\",\"url\":\"https:\/\/www.erfinde-dein-spiel.de\/spiele\/\",\"name\":\"(er-)finde DEIN Spiel\",\"description\":\"Spiele aus der Community. Powered by Spieltz.\",\"potentialAction\":[{\"@type\":\"SearchAction\",\"target\":{\"@type\":\"EntryPoint\",\"urlTemplate\":\"https:\/\/www.erfinde-dein-spiel.de\/spiele\/?s={search_term_string}\"},\"query-input\":\"required name=search_term_string\"}],\"inLanguage\":\"de-DE\"}]}<\/script>\n<!-- \/ Yoast SEO plugin. -->","yoast_head_json":{"title":"Abenteuer im Dorf - (er-)finde DEIN Spiel","robots":{"index":"index","follow":"follow","max-snippet":"max-snippet:-1","max-image-preview":"max-image-preview:large","max-video-preview":"max-video-preview:-1"},"canonical":"https:\/\/www.erfinde-dein-spiel.de\/spiele\/shop\/spiel-thema\/fantasy-fabelwesen-trolle-elfen\/abenteuer-im-dorf-2\/","og_locale":"de_DE","og_type":"article","og_title":"Abenteuer im Dorf - (er-)finde DEIN Spiel","og_description":"Shop: JULIUS DER TROLL  Im Spiel\u00a0Abenteuer im Dorf kannst du unsere sechs Trollfamilien begleiten. Sie haben heute viel zu tun und m\u00fcssen \u00fcberall im Dorf so viel erledigen! Unterwegs erleben sie wie immer spannende\u00a0Abenteuer: Sie fliegen mit der Rakete von Professor Troll, besuchen den M\u00fchlenhof und fahren in Simons Oink-Oinktor. Aber wer kommt zuerst wieder zur\u00fcck?  Rollbarer Spielplan aus LKW-Plane, Gr\u00f6\u00dfe: 40 x 40 cm Verpackung: Papprolle wei\u00df, L\u00e4nge 44 cm, Durchmesser 6 cm","og_url":"https:\/\/www.erfinde-dein-spiel.de\/spiele\/shop\/spiel-thema\/fantasy-fabelwesen-trolle-elfen\/abenteuer-im-dorf-2\/","og_site_name":"(er-)finde DEIN Spiel","article_modified_time":"2024-07-16T23:32:23+00:00","og_image":[{"width":500,"height":500,"url":"http:\/\/www.erfinde-dein-spiel.de\/spiele\/wp-content\/uploads\/2015\/11\/PP_560_5431.jpg","type":"image\/jpeg"}],"twitter_card":"summary_large_image","twitter_misc":{"Gesch\u00e4tzte Lesezeit":"1 Minute"},"schema":{"@context":"https:\/\/schema.org","@graph":[{"@type":"WebPage","@id":"https:\/\/www.erfinde-dein-spiel.de\/spiele\/shop\/spiel-thema\/fantasy-fabelwesen-trolle-elfen\/abenteuer-im-dorf-2\/","url":"https:\/\/www.erfinde-dein-spiel.de\/spiele\/shop\/spiel-thema\/fantasy-fabelwesen-trolle-elfen\/abenteuer-im-dorf-2\/","name":"Abenteuer im Dorf - (er-)finde DEIN Spiel","isPartOf":{"@id":"https:\/\/www.erfinde-dein-spiel.de\/spiele\/#website"},"primaryImageOfPage":{"@id":"https:\/\/www.erfinde-dein-spiel.de\/spiele\/shop\/spiel-thema\/fantasy-fabelwesen-trolle-elfen\/abenteuer-im-dorf-2\/#primaryimage"},"image":{"@id":"https:\/\/www.erfinde-dein-spiel.de\/spiele\/shop\/spiel-thema\/fantasy-fabelwesen-trolle-elfen\/abenteuer-im-dorf-2\/#primaryimage"},"thumbnailUrl":"https:\/\/www.erfinde-dein-spiel.de\/spiele\/wp-content\/uploads\/2015\/11\/PP_560_5431.jpg","datePublished":"2015-11-15T22:54:42+00:00","dateModified":"2024-07-16T23:32:23+00:00","breadcrumb":{"@id":"https:\/\/www.erfinde-dein-spiel.de\/spiele\/shop\/spiel-thema\/fantasy-fabelwesen-trolle-elfen\/abenteuer-im-dorf-2\/#breadcrumb"},"inLanguage":"de-DE","potentialAction":[{"@type":"ReadAction","target":["https:\/\/www.erfinde-dein-spiel.de\/spiele\/shop\/spiel-thema\/fantasy-fabelwesen-trolle-elfen\/abenteuer-im-dorf-2\/"]}]},{"@type":"ImageObject","inLanguage":"de-DE","@id":"https:\/\/www.erfinde-dein-spiel.de\/spiele\/shop\/spiel-thema\/fantasy-fabelwesen-trolle-elfen\/abenteuer-im-dorf-2\/#primaryimage","url":"https:\/\/www.erfinde-dein-spiel.de\/spiele\/wp-content\/uploads\/2015\/11\/PP_560_5431.jpg","contentUrl":"https:\/\/www.erfinde-dein-spiel.de\/spiele\/wp-content\/uploads\/2015\/11\/PP_560_5431.jpg","width":500,"height":500},{"@type":"BreadcrumbList","@id":"https:\/\/www.erfinde-dein-spiel.de\/spiele\/shop\/spiel-thema\/fantasy-fabelwesen-trolle-elfen\/abenteuer-im-dorf-2\/#breadcrumb","itemListElement":[{"@type":"ListItem","position":1,"name":"Home","item":"https:\/\/www.erfinde-dein-spiel.de\/spiele\/"},{"@type":"ListItem","position":2,"name":"Shop","item":"https:\/\/www.erfinde-dein-spiel.de\/spiele\/"},{"@type":"ListItem","position":3,"name":"Abenteuer im Dorf"}]},{"@type":"WebSite","@id":"https:\/\/www.erfinde-dein-spiel.de\/spiele\/#website","url":"https:\/\/www.erfinde-dein-spiel.de\/spiele\/","name":"(er-)finde DEIN Spiel","description":"Spiele aus der Community. Powered by Spieltz.","potentialAction":[{"@type":"SearchAction","target":{"@type":"EntryPoint","urlTemplate":"https:\/\/www.erfinde-dein-spiel.de\/spiele\/?s={search_term_string}"},"query-input":"required name=search_term_string"}],"inLanguage":"de-DE"}]}},"_links":{"self":[{"href":"https:\/\/www.erfinde-dein-spiel.de\/spiele\/wp-json\/wp\/v2\/product\/1557"}],"collection":[{"href":"https:\/\/www.erfinde-dein-spiel.de\/spiele\/wp-json\/wp\/v2\/product"}],"about":[{"href":"https:\/\/www.erfinde-dein-spiel.de\/spiele\/wp-json\/wp\/v2\/types\/product"}],"replies":[{"embeddable":true,"href":"https:\/\/www.erfinde-dein-spiel.de\/spiele\/wp-json\/wp\/v2\/comments?post=1557"}],"wp:featuredmedia":[{"embeddable":true,"href":"https:\/\/www.erfinde-dein-spiel.de\/spiele\/wp-json\/wp\/v2\/media\/1558"}],"wp:attachment":[{"href":"https:\/\/www.erfinde-dein-spiel.de\/spiele\/wp-json\/wp\/v2\/media?parent=1557"}],"wp:term":[{"taxonomy":"product_cat","embeddable":true,"href":"https:\/\/www.erfinde-dein-spiel.de\/spiele\/wp-json\/wp\/v2\/product_cat?post=1557"},{"taxonomy":"product_tag","embeddable":true,"href":"https:\/\/www.erfinde-dein-spiel.de\/spiele\/wp-json\/wp\/v2\/product_tag?post=1557"}],"curies":[{"name":"wp","href":"https:\/\/api.w.org\/{rel}","templated":true}]}}