{"id":1547,"date":"2015-11-15T23:54:35","date_gmt":"2015-11-15T22:54:35","guid":{"rendered":"http:\/\/www.erfinde-dein-spiel.de\/shop\/unkategorisiert\/der-kampf-um-die-schwarze-burg\/"},"modified":"2016-01-18T02:10:40","modified_gmt":"2016-01-18T01:10:40","slug":"der-kampf-um-die-schwarze-burg","status":"publish","type":"product","link":"https:\/\/www.erfinde-dein-spiel.de\/spiele\/shop\/spiel-thema\/fantasy-fabelwesen-trolle-elfen\/der-kampf-um-die-schwarze-burg\/","title":{"rendered":"Der Kampf um die schwarze Burg"},"content":{"rendered":"<h3>Das Spiel<\/h3>\n<p>Autor + Grafik: Martin Nyenstad<\/p>\n<p>In der <em>Julius der Troll Spieleserie<\/em> ist so eben ein neues, spannendes Spiel erschienen: Im <em>Kampf um die schwarze Burg<\/em> k\u00e4mpfen die Troll &#8211; K\u00f6nigsfamilien gegen die schwarzen Ritter und m\u00fcssen einige Herausforderungen meistern, um erfolgreich zu sein. Neben viel Gl\u00fcck beim W\u00fcrfeln ist freilich eine ordentliche Portion Geschick und Taktik gefragt. Es warten viele \u00dcberraschungen und ungeplante Aktionen, die jeden Spielzug wohl \u00fcberlegt sein lassen wollen, um im richtigen Moment die Gegner ausser Gefecht zu setzen.<br \/>\nNur wer am Ende die schwarze Burg einnehmen kann und alle schwarzen Ritter entmachtet, oder aber seine Gegenspieler vertrieben hat, der hat das Spiel gewonnen. Bis dahin warten viele Gefahren, Bedrohungen und Ereignisse, die den Erfolg beeinflussen und den Gewinn erschweren.<\/p>\n<p>Mit dem Kampf um die schwarze Burg erwartet dich ein aufregendes, sehr spannendes Spiel, bei dem du neben klugem Taktieren auch viel Spass am \u00dcberlegen und nat\u00fcrlich auch eine gute Portion Gl\u00fcck brauchst. Da du als tapferer Troll all das aber schon im Blut hast, steht der Freude am Spiel nichts mehr im Wege und du kannst gleich loslegen!<\/p>\n<h3>Spielmaterial<\/h3>\n<ul>\n<li>1 Spielplan (LKW-Plane), Gr\u00f6\u00dfe 40 x 40 cm<\/li>\n<li>Verschiedenfarbige\u00a0Spielfiguren + W\u00fcrfel aus bunt lackiertem Holz: Halmakegel Gr\u00f6\u00dfe 12\/24 in rot (40), blau (40), gelb\u00a0(40), wei\u00df (40), schwarz (53), W\u00fcrfel Gr\u00f6\u00dfe 15\/15\/15 (8).<\/li>\n<li>ausf\u00fchrliche, bebilderte Anleitung auf Deutsch<\/li>\n<li>Verpackung: Papprolle, wei\u00df gl\u00e4nzend, mit Aufkleber, L\u00e4nge 44 mm, Durchmesser 8\u00a0cm.<\/li>\n<\/ul>\n<h3>Das Wichtigste in K\u00fcrze<\/h3>\n<ul>\n<li>Art des Spiels: Brettspiel, Familienspiel, Gesellschaftsspiel<\/li>\n<li>Ausf\u00fchrung: Spielplan auf LKW-Plane \u2013 rollbar und robust, verpackt in eine Papprolle<\/li>\n<li>Zubeh\u00f6r: Spielfiguren und W\u00fcrfel aus bunt lackiertem Holz<\/li>\n<li>Spielthema:\u00a0Trolle, Kampf, Burgen<\/li>\n<li>Anzahl Spieler: 2\u00a0\u2013 4\u00a0Spieler<\/li>\n<li>Empfohlenes Alter: ab 8\u00a0Jahren<\/li>\n<li>Spieldauer: etwa 30 \u2013 45 Minuten<\/li>\n<\/ul>\n<h3>SHOP<\/h3>\n<blockquote class=\"wp-embedded-content\" data-secret=\"TWRkGX2pVg\"><p><a href=\"https:\/\/www.erfinde-dein-spiel.de\/spiele\/shops-autoren\/julius-der-troll\/\">Julius der Troll<\/a><\/p><\/blockquote>\n<p><iframe class=\"wp-embedded-content\" sandbox=\"allow-scripts\" security=\"restricted\" style=\"position: absolute; clip: rect(1px, 1px, 1px, 1px);\" title=\"&#8222;Julius der Troll&#8220; &#8212; (er-)finde DEIN Spiel\" src=\"https:\/\/www.erfinde-dein-spiel.de\/spiele\/shops-autoren\/julius-der-troll\/embed\/#?secret=g7wmIVgdum#?secret=TWRkGX2pVg\" data-secret=\"TWRkGX2pVg\" width=\"500\" height=\"282\" frameborder=\"0\" marginwidth=\"0\" marginheight=\"0\" scrolling=\"no\"><\/iframe><\/p>\n","protected":false},"excerpt":{"rendered":"<p><a href=\"http:\/\/www.erfinde-dein-spiel.de\/spiele\/shops-autoren\/julius-der-troll\/\" target=\"_blank\">Shop: JULIUS DER TROLL<\/a><\/p>\n<p>Vier Troll-K\u00f6nigsfamilien k\u00e4mpfen &#8211; allein oder gemeinsam gegen die schwarzen Ritter. Wer zuerst die schwarze Burg besetzen oder alle Mitstreiter vertreiben kann, bekommt das ganze K\u00f6nigreich f\u00fcr sich allein. Aber gib Acht! Es lauern \u00fcberall Gefahren, Bedrohungen und Ereignisse, die deinen\u00a0Erfolg beeinflussen und den Gewinn erschweren.<\/p>\n<div>\n<p>Rollbarer Spielplan aus LKW-Plane, Gr\u00f6\u00dfe: 40\u00a0x 40\u00a0cm; Spielfiguren + W\u00fcrfel aus bunt lackiertem Holz;\u00a0Verpackung: Papprolle wei\u00df, L\u00e4nge 44 cm, Durchmesser 8\u00a0cm<\/p>\n<\/div>\n","protected":false},"featured_media":1549,"comment_status":"open","ping_status":"closed","template":"","meta":{"_themeisle_gutenberg_block_has_review":false},"product_cat":[303,314,367,292,248,268],"product_tag":[],"yoast_head":"<!-- This site is optimized with the Yoast SEO plugin v22.6 - https:\/\/yoast.com\/wordpress\/plugins\/seo\/ -->\n<title>Der Kampf um die schwarze Burg - (er-)finde DEIN Spiel<\/title>\n<meta name=\"robots\" content=\"index, follow, max-snippet:-1, max-image-preview:large, max-video-preview:-1\" \/>\n<link rel=\"canonical\" href=\"https:\/\/www.erfinde-dein-spiel.de\/spiele\/shop\/spiel-thema\/fantasy-fabelwesen-trolle-elfen\/der-kampf-um-die-schwarze-burg\/\" \/>\n<meta property=\"og:locale\" content=\"de_DE\" \/>\n<meta property=\"og:type\" content=\"article\" \/>\n<meta property=\"og:title\" content=\"Der Kampf um die schwarze Burg - (er-)finde DEIN Spiel\" \/>\n<meta property=\"og:description\" content=\"Shop: JULIUS DER TROLL  Vier Troll-K\u00f6nigsfamilien k\u00e4mpfen - allein oder gemeinsam gegen die schwarzen Ritter. Wer zuerst die schwarze Burg besetzen oder alle Mitstreiter vertreiben kann, bekommt das ganze K\u00f6nigreich f\u00fcr sich allein. Aber gib Acht! Es lauern \u00fcberall Gefahren, Bedrohungen und Ereignisse, die deinen\u00a0Erfolg beeinflussen und den Gewinn erschweren.   Rollbarer Spielplan aus LKW-Plane, Gr\u00f6\u00dfe: 40\u00a0x 40\u00a0cm; Spielfiguren + W\u00fcrfel aus bunt lackiertem Holz;\u00a0Verpackung: Papprolle wei\u00df, L\u00e4nge 44 cm, Durchmesser 8\u00a0cm\" \/>\n<meta property=\"og:url\" content=\"https:\/\/www.erfinde-dein-spiel.de\/spiele\/shop\/spiel-thema\/fantasy-fabelwesen-trolle-elfen\/der-kampf-um-die-schwarze-burg\/\" \/>\n<meta property=\"og:site_name\" content=\"(er-)finde DEIN Spiel\" \/>\n<meta property=\"article:modified_time\" content=\"2016-01-18T01:10:40+00:00\" \/>\n<meta property=\"og:image\" content=\"https:\/\/www.erfinde-dein-spiel.de\/spiele\/wp-content\/uploads\/2015\/11\/PP_552_5433.jpg\" \/>\n\t<meta property=\"og:image:width\" content=\"500\" \/>\n\t<meta property=\"og:image:height\" content=\"500\" \/>\n\t<meta property=\"og:image:type\" content=\"image\/jpeg\" \/>\n<meta name=\"twitter:card\" content=\"summary_large_image\" \/>\n<meta name=\"twitter:label1\" content=\"Gesch\u00e4tzte Lesezeit\" \/>\n\t<meta name=\"twitter:data1\" content=\"1 Minute\" \/>\n<script type=\"application\/ld+json\" class=\"yoast-schema-graph\">{\"@context\":\"https:\/\/schema.org\",\"@graph\":[{\"@type\":\"WebPage\",\"@id\":\"https:\/\/www.erfinde-dein-spiel.de\/spiele\/shop\/spiel-thema\/fantasy-fabelwesen-trolle-elfen\/der-kampf-um-die-schwarze-burg\/\",\"url\":\"https:\/\/www.erfinde-dein-spiel.de\/spiele\/shop\/spiel-thema\/fantasy-fabelwesen-trolle-elfen\/der-kampf-um-die-schwarze-burg\/\",\"name\":\"Der Kampf um die schwarze Burg - (er-)finde DEIN Spiel\",\"isPartOf\":{\"@id\":\"https:\/\/www.erfinde-dein-spiel.de\/spiele\/#website\"},\"primaryImageOfPage\":{\"@id\":\"https:\/\/www.erfinde-dein-spiel.de\/spiele\/shop\/spiel-thema\/fantasy-fabelwesen-trolle-elfen\/der-kampf-um-die-schwarze-burg\/#primaryimage\"},\"image\":{\"@id\":\"https:\/\/www.erfinde-dein-spiel.de\/spiele\/shop\/spiel-thema\/fantasy-fabelwesen-trolle-elfen\/der-kampf-um-die-schwarze-burg\/#primaryimage\"},\"thumbnailUrl\":\"https:\/\/www.erfinde-dein-spiel.de\/spiele\/wp-content\/uploads\/2015\/11\/PP_552_5433.jpg\",\"datePublished\":\"2015-11-15T22:54:35+00:00\",\"dateModified\":\"2016-01-18T01:10:40+00:00\",\"breadcrumb\":{\"@id\":\"https:\/\/www.erfinde-dein-spiel.de\/spiele\/shop\/spiel-thema\/fantasy-fabelwesen-trolle-elfen\/der-kampf-um-die-schwarze-burg\/#breadcrumb\"},\"inLanguage\":\"de-DE\",\"potentialAction\":[{\"@type\":\"ReadAction\",\"target\":[\"https:\/\/www.erfinde-dein-spiel.de\/spiele\/shop\/spiel-thema\/fantasy-fabelwesen-trolle-elfen\/der-kampf-um-die-schwarze-burg\/\"]}]},{\"@type\":\"ImageObject\",\"inLanguage\":\"de-DE\",\"@id\":\"https:\/\/www.erfinde-dein-spiel.de\/spiele\/shop\/spiel-thema\/fantasy-fabelwesen-trolle-elfen\/der-kampf-um-die-schwarze-burg\/#primaryimage\",\"url\":\"https:\/\/www.erfinde-dein-spiel.de\/spiele\/wp-content\/uploads\/2015\/11\/PP_552_5433.jpg\",\"contentUrl\":\"https:\/\/www.erfinde-dein-spiel.de\/spiele\/wp-content\/uploads\/2015\/11\/PP_552_5433.jpg\",\"width\":500,\"height\":500,\"caption\":\"Der Kampf um die schwarze Burg Spiel\"},{\"@type\":\"BreadcrumbList\",\"@id\":\"https:\/\/www.erfinde-dein-spiel.de\/spiele\/shop\/spiel-thema\/fantasy-fabelwesen-trolle-elfen\/der-kampf-um-die-schwarze-burg\/#breadcrumb\",\"itemListElement\":[{\"@type\":\"ListItem\",\"position\":1,\"name\":\"Home\",\"item\":\"https:\/\/www.erfinde-dein-spiel.de\/spiele\/\"},{\"@type\":\"ListItem\",\"position\":2,\"name\":\"Shop\",\"item\":\"https:\/\/www.erfinde-dein-spiel.de\/spiele\/\"},{\"@type\":\"ListItem\",\"position\":3,\"name\":\"Der Kampf um die schwarze Burg\"}]},{\"@type\":\"WebSite\",\"@id\":\"https:\/\/www.erfinde-dein-spiel.de\/spiele\/#website\",\"url\":\"https:\/\/www.erfinde-dein-spiel.de\/spiele\/\",\"name\":\"(er-)finde DEIN Spiel\",\"description\":\"Spiele aus der Community. Powered by Spieltz.\",\"potentialAction\":[{\"@type\":\"SearchAction\",\"target\":{\"@type\":\"EntryPoint\",\"urlTemplate\":\"https:\/\/www.erfinde-dein-spiel.de\/spiele\/?s={search_term_string}\"},\"query-input\":\"required name=search_term_string\"}],\"inLanguage\":\"de-DE\"}]}<\/script>\n<!-- \/ Yoast SEO plugin. -->","yoast_head_json":{"title":"Der Kampf um die schwarze Burg - (er-)finde DEIN Spiel","robots":{"index":"index","follow":"follow","max-snippet":"max-snippet:-1","max-image-preview":"max-image-preview:large","max-video-preview":"max-video-preview:-1"},"canonical":"https:\/\/www.erfinde-dein-spiel.de\/spiele\/shop\/spiel-thema\/fantasy-fabelwesen-trolle-elfen\/der-kampf-um-die-schwarze-burg\/","og_locale":"de_DE","og_type":"article","og_title":"Der Kampf um die schwarze Burg - (er-)finde DEIN Spiel","og_description":"Shop: JULIUS DER TROLL  Vier Troll-K\u00f6nigsfamilien k\u00e4mpfen - allein oder gemeinsam gegen die schwarzen Ritter. Wer zuerst die schwarze Burg besetzen oder alle Mitstreiter vertreiben kann, bekommt das ganze K\u00f6nigreich f\u00fcr sich allein. Aber gib Acht! Es lauern \u00fcberall Gefahren, Bedrohungen und Ereignisse, die deinen\u00a0Erfolg beeinflussen und den Gewinn erschweren.   Rollbarer Spielplan aus LKW-Plane, Gr\u00f6\u00dfe: 40\u00a0x 40\u00a0cm; Spielfiguren + W\u00fcrfel aus bunt lackiertem Holz;\u00a0Verpackung: Papprolle wei\u00df, L\u00e4nge 44 cm, Durchmesser 8\u00a0cm","og_url":"https:\/\/www.erfinde-dein-spiel.de\/spiele\/shop\/spiel-thema\/fantasy-fabelwesen-trolle-elfen\/der-kampf-um-die-schwarze-burg\/","og_site_name":"(er-)finde DEIN Spiel","article_modified_time":"2016-01-18T01:10:40+00:00","og_image":[{"width":500,"height":500,"url":"https:\/\/www.erfinde-dein-spiel.de\/spiele\/wp-content\/uploads\/2015\/11\/PP_552_5433.jpg","type":"image\/jpeg"}],"twitter_card":"summary_large_image","twitter_misc":{"Gesch\u00e4tzte Lesezeit":"1 Minute"},"schema":{"@context":"https:\/\/schema.org","@graph":[{"@type":"WebPage","@id":"https:\/\/www.erfinde-dein-spiel.de\/spiele\/shop\/spiel-thema\/fantasy-fabelwesen-trolle-elfen\/der-kampf-um-die-schwarze-burg\/","url":"https:\/\/www.erfinde-dein-spiel.de\/spiele\/shop\/spiel-thema\/fantasy-fabelwesen-trolle-elfen\/der-kampf-um-die-schwarze-burg\/","name":"Der Kampf um die schwarze Burg - (er-)finde DEIN Spiel","isPartOf":{"@id":"https:\/\/www.erfinde-dein-spiel.de\/spiele\/#website"},"primaryImageOfPage":{"@id":"https:\/\/www.erfinde-dein-spiel.de\/spiele\/shop\/spiel-thema\/fantasy-fabelwesen-trolle-elfen\/der-kampf-um-die-schwarze-burg\/#primaryimage"},"image":{"@id":"https:\/\/www.erfinde-dein-spiel.de\/spiele\/shop\/spiel-thema\/fantasy-fabelwesen-trolle-elfen\/der-kampf-um-die-schwarze-burg\/#primaryimage"},"thumbnailUrl":"https:\/\/www.erfinde-dein-spiel.de\/spiele\/wp-content\/uploads\/2015\/11\/PP_552_5433.jpg","datePublished":"2015-11-15T22:54:35+00:00","dateModified":"2016-01-18T01:10:40+00:00","breadcrumb":{"@id":"https:\/\/www.erfinde-dein-spiel.de\/spiele\/shop\/spiel-thema\/fantasy-fabelwesen-trolle-elfen\/der-kampf-um-die-schwarze-burg\/#breadcrumb"},"inLanguage":"de-DE","potentialAction":[{"@type":"ReadAction","target":["https:\/\/www.erfinde-dein-spiel.de\/spiele\/shop\/spiel-thema\/fantasy-fabelwesen-trolle-elfen\/der-kampf-um-die-schwarze-burg\/"]}]},{"@type":"ImageObject","inLanguage":"de-DE","@id":"https:\/\/www.erfinde-dein-spiel.de\/spiele\/shop\/spiel-thema\/fantasy-fabelwesen-trolle-elfen\/der-kampf-um-die-schwarze-burg\/#primaryimage","url":"https:\/\/www.erfinde-dein-spiel.de\/spiele\/wp-content\/uploads\/2015\/11\/PP_552_5433.jpg","contentUrl":"https:\/\/www.erfinde-dein-spiel.de\/spiele\/wp-content\/uploads\/2015\/11\/PP_552_5433.jpg","width":500,"height":500,"caption":"Der Kampf um die schwarze Burg Spiel"},{"@type":"BreadcrumbList","@id":"https:\/\/www.erfinde-dein-spiel.de\/spiele\/shop\/spiel-thema\/fantasy-fabelwesen-trolle-elfen\/der-kampf-um-die-schwarze-burg\/#breadcrumb","itemListElement":[{"@type":"ListItem","position":1,"name":"Home","item":"https:\/\/www.erfinde-dein-spiel.de\/spiele\/"},{"@type":"ListItem","position":2,"name":"Shop","item":"https:\/\/www.erfinde-dein-spiel.de\/spiele\/"},{"@type":"ListItem","position":3,"name":"Der Kampf um die schwarze Burg"}]},{"@type":"WebSite","@id":"https:\/\/www.erfinde-dein-spiel.de\/spiele\/#website","url":"https:\/\/www.erfinde-dein-spiel.de\/spiele\/","name":"(er-)finde DEIN Spiel","description":"Spiele aus der Community. Powered by Spieltz.","potentialAction":[{"@type":"SearchAction","target":{"@type":"EntryPoint","urlTemplate":"https:\/\/www.erfinde-dein-spiel.de\/spiele\/?s={search_term_string}"},"query-input":"required name=search_term_string"}],"inLanguage":"de-DE"}]}},"_links":{"self":[{"href":"https:\/\/www.erfinde-dein-spiel.de\/spiele\/wp-json\/wp\/v2\/product\/1547"}],"collection":[{"href":"https:\/\/www.erfinde-dein-spiel.de\/spiele\/wp-json\/wp\/v2\/product"}],"about":[{"href":"https:\/\/www.erfinde-dein-spiel.de\/spiele\/wp-json\/wp\/v2\/types\/product"}],"replies":[{"embeddable":true,"href":"https:\/\/www.erfinde-dein-spiel.de\/spiele\/wp-json\/wp\/v2\/comments?post=1547"}],"wp:featuredmedia":[{"embeddable":true,"href":"https:\/\/www.erfinde-dein-spiel.de\/spiele\/wp-json\/wp\/v2\/media\/1549"}],"wp:attachment":[{"href":"https:\/\/www.erfinde-dein-spiel.de\/spiele\/wp-json\/wp\/v2\/media?parent=1547"}],"wp:term":[{"taxonomy":"product_cat","embeddable":true,"href":"https:\/\/www.erfinde-dein-spiel.de\/spiele\/wp-json\/wp\/v2\/product_cat?post=1547"},{"taxonomy":"product_tag","embeddable":true,"href":"https:\/\/www.erfinde-dein-spiel.de\/spiele\/wp-json\/wp\/v2\/product_tag?post=1547"}],"curies":[{"name":"wp","href":"https:\/\/api.w.org\/{rel}","templated":true}]}}