{"id":1538,"date":"2015-11-15T23:54:30","date_gmt":"2015-11-15T22:54:30","guid":{"rendered":"http:\/\/www.erfinde-dein-spiel.de\/shop\/unkategorisiert\/keksdiebe\/"},"modified":"2016-04-12T14:00:36","modified_gmt":"2016-04-12T12:00:36","slug":"keksdiebe","status":"publish","type":"product","link":"https:\/\/www.erfinde-dein-spiel.de\/spiele\/shop\/spiel-thema\/brettspiele-weihnachten\/keksdiebe\/","title":{"rendered":"Keksdiebe"},"content":{"rendered":"<h3>Das Spiel<\/h3>\n<p>In der K\u00fcche duftet es k\u00f6stlich: Mama b\u00e4ckt Pl\u00e4tzchen!<br \/>\nDer Teig f\u00fcr die n\u00e4chste Backrunde ist im K\u00fchlschrank. Er muss eine Weile ruhen, damit er sich gut verarbeiten l\u00e4sst. Mama verl\u00e4sst die K\u00fcche und ruft: &#8222;Ich bin bald wieder zur\u00fcck und backe weiter! Die Kekse gibt es erst sp\u00e4ter &#8211; ihr d\u00fcrft jetzt noch keine essen!&#8220;<\/p>\n<p>&#8222;Das w\u00fcrden wir doch niemals tun, Mama!&#8220;<\/p>\n<p>Kaum ist sie aus der T\u00fcre raus, beginnt der Ansturm auf die K\u00fcche. Jeder nimmt so viele Pl\u00e4tzchen, wie er tragen kann und versucht, diese in sein S\u00fc\u00dfigkeiten-Versteck zu bringen. Greif zu und mach dich schnell mit deiner Beute aus dem Staub! Aber sei vorsichtig: Unterwegs kann es passieren, dass dir ein anderer Keksdieb einen Teil deines Diebesgutes abkn\u00f6pft, oder dass Mama oder Papa dich schnappen und deine Kekse sofort wieder in die K\u00fcche wandern!<\/p>\n<p>Wer schafft es, die meisten Kekse zu klauen?<\/p>\n<h3>Spielmaterial<\/h3>\n<ul>\n<li>1 Spielplan<\/li>\n<li>4 x 6 farbige Holzpl\u00e4ttchen (Kekse)<\/li>\n<li>2 W\u00fcrfel<\/li>\n<li>2 Holzkegel (= Mama + Papa)<\/li>\n<\/ul>\n<h3>Spielverlauf und Ziel<\/h3>\n<p>Du legst zu Beginn des Spiels mit deinen Mitspielern fest, wie lange das Spiel dauern soll (Mama verl\u00e4sst f\u00fcr z.B. 30 oder 45 Minuten die K\u00fcche). Nun wird reihum gew\u00fcrfelt. Gezogen wird mit den Keksen. Jeder Mitspieler versucht, so viele Kekse wie m\u00f6glich aus der K\u00fcche zu klauen und in sein Versteck zu bringen.<\/p>\n<p>Wenn du mit einem Keks auf einem Feld landest, auf dem sich schon ein anderer Keks befindet, darfst du deinen obenauf legen. Auf diese Weise k\u00f6nnen ganz sch\u00f6n hohe Kekst\u00fcrme entstehen! Der Turm geh\u00f6rt dem Spieler, dessen Keks an oberster Stelle liegt und kann nur von diesem gezogen werden. Wenn du Gl\u00fcck hast, kannst du deine gefangenen Kekse wieder befreien, bevor das Spiel zu Ende ist.<\/p>\n<p>W\u00fcrfelst du eine 1, hast du die Option, statt mit einem deiner Kekse mit &#8222;Mama&#8220; oder &#8222;Papa&#8220; zu ziehen. Mama und Papa d\u00fcrfen nach vorne, hinten, rechts und links ziehen. Erwischen sie einen Keks oder gar einen ganzen Keksturm, so wird dieser sofort wieder in die K\u00fcche geschickt. So kannst du also deinen Mit-Dieben eines auswischen!<\/p>\n<p>Wer am Ende der vereinbarten Zeit die meisten Kekse hat, ist Sieger. Dabei z\u00e4hlen alle Kekse, die die Spieler aus der K\u00fcche schleusen konnten. F\u00fcr die Kekse, die sicher im Versteck angekommen sind, gibt es mehr Punkte als f\u00fcr die, die das Versteck noch nicht erreicht haben.<\/p>\n<h3>Keksdiebe als Werbespiel<\/h3>\n<p>&#8222;Keksdiebe&#8220; ist &#8211; wie alle Spiele aus unserem eigenen Verlagsprogramm &#8211; <a href=\"http:\/\/spieltz.de\/werbespiele\/shop\/ausfuehrung\/preiskategorie-b\/keksdiebe-spiel-mit-branding-rollbar\/\" target=\"_blank\">in unserem Werbespiele-Shop\u00a0erh\u00e4ltlich als Werbespiel mit Firmenlogo<\/a>, oder wir gestalten es komplett um und passen es an das Corporate Design des Unternehmens an.<\/p>\n<h3>SHOP<\/h3>\n<blockquote class=\"wp-embedded-content\" data-secret=\"g3j947ovV1\"><p><a href=\"http:\/\/www.erfinde-dein-spiel.de\/spiele\/shops-autoren\/shop-spieltz-verlagsprogramm\/\">Spieltz Verlagsprogramm<\/a><\/p><\/blockquote>\n<p><iframe class=\"wp-embedded-content\" sandbox=\"allow-scripts\" security=\"restricted\" style=\"position: absolute; clip: rect(1px, 1px, 1px, 1px);\" title=\"&#8222;Spieltz Verlagsprogramm&#8220; &#8212; (er-)finde DEIN Spiel\" src=\"http:\/\/www.erfinde-dein-spiel.de\/spiele\/shops-autoren\/shop-spieltz-verlagsprogramm\/embed\/#?secret=cw5homKGvx#?secret=g3j947ovV1\" data-secret=\"g3j947ovV1\" width=\"500\" height=\"282\" frameborder=\"0\" marginwidth=\"0\" marginheight=\"0\" scrolling=\"no\"><\/iframe><\/p>\n<p>&nbsp;<\/p>\n<p>&nbsp;<\/p>\n","protected":false},"excerpt":{"rendered":"<p><a href=\"http:\/\/www.erfinde-dein-spiel.de\/spiele\/shops-autoren\/shop-spieltz-verlagsprogramm\/\" target=\"_blank\">Shop: SPIELTZ VERLAGSPROGRAMM<\/a><\/p>\n<p>Wer schafft es, die meisten Kekse aus der K\u00fcche zu klauen und ins sichere Versteck zu bringen? Achtung &#8211; auf dem Weg lauern andere Keksdiebe, die es auch auf die Beute abgesehen haben!<\/p>\n","protected":false},"featured_media":1539,"comment_status":"open","ping_status":"closed","template":"","meta":{"_themeisle_gutenberg_block_has_review":false},"product_cat":[303,384,385,248,261,281,260,274,258,268],"product_tag":[392,394,393],"yoast_head":"<!-- This site is optimized with the Yoast SEO plugin v22.6 - https:\/\/yoast.com\/wordpress\/plugins\/seo\/ -->\n<title>Keksdiebe - (er-)finde DEIN Spiel<\/title>\n<meta name=\"robots\" content=\"index, follow, max-snippet:-1, max-image-preview:large, max-video-preview:-1\" \/>\n<link rel=\"canonical\" href=\"https:\/\/www.erfinde-dein-spiel.de\/spiele\/shop\/spiel-thema\/brettspiele-weihnachten\/keksdiebe\/\" \/>\n<meta property=\"og:locale\" content=\"de_DE\" \/>\n<meta property=\"og:type\" content=\"article\" \/>\n<meta property=\"og:title\" content=\"Keksdiebe - (er-)finde DEIN Spiel\" \/>\n<meta property=\"og:description\" content=\"Shop: SPIELTZ VERLAGSPROGRAMM  Wer schafft es, die meisten Kekse aus der K\u00fcche zu klauen und ins sichere Versteck zu bringen? Achtung - auf dem Weg lauern andere Keksdiebe, die es auch auf die Beute abgesehen haben!\" \/>\n<meta property=\"og:url\" content=\"https:\/\/www.erfinde-dein-spiel.de\/spiele\/shop\/spiel-thema\/brettspiele-weihnachten\/keksdiebe\/\" \/>\n<meta property=\"og:site_name\" content=\"(er-)finde DEIN Spiel\" \/>\n<meta property=\"article:modified_time\" content=\"2016-04-12T12:00:36+00:00\" \/>\n<meta property=\"og:image\" content=\"https:\/\/www.erfinde-dein-spiel.de\/spiele\/wp-content\/uploads\/2015\/11\/PP_543_731.jpg\" \/>\n\t<meta property=\"og:image:width\" content=\"500\" \/>\n\t<meta property=\"og:image:height\" content=\"500\" \/>\n\t<meta property=\"og:image:type\" content=\"image\/jpeg\" \/>\n<meta name=\"twitter:card\" content=\"summary_large_image\" \/>\n<meta name=\"twitter:label1\" content=\"Gesch\u00e4tzte Lesezeit\" \/>\n\t<meta name=\"twitter:data1\" content=\"2 Minuten\" \/>\n<script type=\"application\/ld+json\" class=\"yoast-schema-graph\">{\"@context\":\"https:\/\/schema.org\",\"@graph\":[{\"@type\":\"WebPage\",\"@id\":\"https:\/\/www.erfinde-dein-spiel.de\/spiele\/shop\/spiel-thema\/brettspiele-weihnachten\/keksdiebe\/\",\"url\":\"https:\/\/www.erfinde-dein-spiel.de\/spiele\/shop\/spiel-thema\/brettspiele-weihnachten\/keksdiebe\/\",\"name\":\"Keksdiebe - (er-)finde DEIN Spiel\",\"isPartOf\":{\"@id\":\"https:\/\/www.erfinde-dein-spiel.de\/spiele\/#website\"},\"primaryImageOfPage\":{\"@id\":\"https:\/\/www.erfinde-dein-spiel.de\/spiele\/shop\/spiel-thema\/brettspiele-weihnachten\/keksdiebe\/#primaryimage\"},\"image\":{\"@id\":\"https:\/\/www.erfinde-dein-spiel.de\/spiele\/shop\/spiel-thema\/brettspiele-weihnachten\/keksdiebe\/#primaryimage\"},\"thumbnailUrl\":\"https:\/\/www.erfinde-dein-spiel.de\/spiele\/wp-content\/uploads\/2015\/11\/PP_543_731.jpg\",\"datePublished\":\"2015-11-15T22:54:30+00:00\",\"dateModified\":\"2016-04-12T12:00:36+00:00\",\"breadcrumb\":{\"@id\":\"https:\/\/www.erfinde-dein-spiel.de\/spiele\/shop\/spiel-thema\/brettspiele-weihnachten\/keksdiebe\/#breadcrumb\"},\"inLanguage\":\"de-DE\",\"potentialAction\":[{\"@type\":\"ReadAction\",\"target\":[\"https:\/\/www.erfinde-dein-spiel.de\/spiele\/shop\/spiel-thema\/brettspiele-weihnachten\/keksdiebe\/\"]}]},{\"@type\":\"ImageObject\",\"inLanguage\":\"de-DE\",\"@id\":\"https:\/\/www.erfinde-dein-spiel.de\/spiele\/shop\/spiel-thema\/brettspiele-weihnachten\/keksdiebe\/#primaryimage\",\"url\":\"https:\/\/www.erfinde-dein-spiel.de\/spiele\/wp-content\/uploads\/2015\/11\/PP_543_731.jpg\",\"contentUrl\":\"https:\/\/www.erfinde-dein-spiel.de\/spiele\/wp-content\/uploads\/2015\/11\/PP_543_731.jpg\",\"width\":500,\"height\":500,\"caption\":\"Brettspiel Keksdiebe, das Spiel f\u00fcr Weihnachten und Winterabende\"},{\"@type\":\"BreadcrumbList\",\"@id\":\"https:\/\/www.erfinde-dein-spiel.de\/spiele\/shop\/spiel-thema\/brettspiele-weihnachten\/keksdiebe\/#breadcrumb\",\"itemListElement\":[{\"@type\":\"ListItem\",\"position\":1,\"name\":\"Home\",\"item\":\"https:\/\/www.erfinde-dein-spiel.de\/spiele\/\"},{\"@type\":\"ListItem\",\"position\":2,\"name\":\"Shop\",\"item\":\"https:\/\/www.erfinde-dein-spiel.de\/spiele\/\"},{\"@type\":\"ListItem\",\"position\":3,\"name\":\"Keksdiebe\"}]},{\"@type\":\"WebSite\",\"@id\":\"https:\/\/www.erfinde-dein-spiel.de\/spiele\/#website\",\"url\":\"https:\/\/www.erfinde-dein-spiel.de\/spiele\/\",\"name\":\"(er-)finde DEIN Spiel\",\"description\":\"Spiele aus der Community. Powered by Spieltz.\",\"potentialAction\":[{\"@type\":\"SearchAction\",\"target\":{\"@type\":\"EntryPoint\",\"urlTemplate\":\"https:\/\/www.erfinde-dein-spiel.de\/spiele\/?s={search_term_string}\"},\"query-input\":\"required name=search_term_string\"}],\"inLanguage\":\"de-DE\"}]}<\/script>\n<!-- \/ Yoast SEO plugin. -->","yoast_head_json":{"title":"Keksdiebe - (er-)finde DEIN Spiel","robots":{"index":"index","follow":"follow","max-snippet":"max-snippet:-1","max-image-preview":"max-image-preview:large","max-video-preview":"max-video-preview:-1"},"canonical":"https:\/\/www.erfinde-dein-spiel.de\/spiele\/shop\/spiel-thema\/brettspiele-weihnachten\/keksdiebe\/","og_locale":"de_DE","og_type":"article","og_title":"Keksdiebe - (er-)finde DEIN Spiel","og_description":"Shop: SPIELTZ VERLAGSPROGRAMM  Wer schafft es, die meisten Kekse aus der K\u00fcche zu klauen und ins sichere Versteck zu bringen? Achtung - auf dem Weg lauern andere Keksdiebe, die es auch auf die Beute abgesehen haben!","og_url":"https:\/\/www.erfinde-dein-spiel.de\/spiele\/shop\/spiel-thema\/brettspiele-weihnachten\/keksdiebe\/","og_site_name":"(er-)finde DEIN Spiel","article_modified_time":"2016-04-12T12:00:36+00:00","og_image":[{"width":500,"height":500,"url":"https:\/\/www.erfinde-dein-spiel.de\/spiele\/wp-content\/uploads\/2015\/11\/PP_543_731.jpg","type":"image\/jpeg"}],"twitter_card":"summary_large_image","twitter_misc":{"Gesch\u00e4tzte Lesezeit":"2 Minuten"},"schema":{"@context":"https:\/\/schema.org","@graph":[{"@type":"WebPage","@id":"https:\/\/www.erfinde-dein-spiel.de\/spiele\/shop\/spiel-thema\/brettspiele-weihnachten\/keksdiebe\/","url":"https:\/\/www.erfinde-dein-spiel.de\/spiele\/shop\/spiel-thema\/brettspiele-weihnachten\/keksdiebe\/","name":"Keksdiebe - (er-)finde DEIN Spiel","isPartOf":{"@id":"https:\/\/www.erfinde-dein-spiel.de\/spiele\/#website"},"primaryImageOfPage":{"@id":"https:\/\/www.erfinde-dein-spiel.de\/spiele\/shop\/spiel-thema\/brettspiele-weihnachten\/keksdiebe\/#primaryimage"},"image":{"@id":"https:\/\/www.erfinde-dein-spiel.de\/spiele\/shop\/spiel-thema\/brettspiele-weihnachten\/keksdiebe\/#primaryimage"},"thumbnailUrl":"https:\/\/www.erfinde-dein-spiel.de\/spiele\/wp-content\/uploads\/2015\/11\/PP_543_731.jpg","datePublished":"2015-11-15T22:54:30+00:00","dateModified":"2016-04-12T12:00:36+00:00","breadcrumb":{"@id":"https:\/\/www.erfinde-dein-spiel.de\/spiele\/shop\/spiel-thema\/brettspiele-weihnachten\/keksdiebe\/#breadcrumb"},"inLanguage":"de-DE","potentialAction":[{"@type":"ReadAction","target":["https:\/\/www.erfinde-dein-spiel.de\/spiele\/shop\/spiel-thema\/brettspiele-weihnachten\/keksdiebe\/"]}]},{"@type":"ImageObject","inLanguage":"de-DE","@id":"https:\/\/www.erfinde-dein-spiel.de\/spiele\/shop\/spiel-thema\/brettspiele-weihnachten\/keksdiebe\/#primaryimage","url":"https:\/\/www.erfinde-dein-spiel.de\/spiele\/wp-content\/uploads\/2015\/11\/PP_543_731.jpg","contentUrl":"https:\/\/www.erfinde-dein-spiel.de\/spiele\/wp-content\/uploads\/2015\/11\/PP_543_731.jpg","width":500,"height":500,"caption":"Brettspiel Keksdiebe, das Spiel f\u00fcr Weihnachten und Winterabende"},{"@type":"BreadcrumbList","@id":"https:\/\/www.erfinde-dein-spiel.de\/spiele\/shop\/spiel-thema\/brettspiele-weihnachten\/keksdiebe\/#breadcrumb","itemListElement":[{"@type":"ListItem","position":1,"name":"Home","item":"https:\/\/www.erfinde-dein-spiel.de\/spiele\/"},{"@type":"ListItem","position":2,"name":"Shop","item":"https:\/\/www.erfinde-dein-spiel.de\/spiele\/"},{"@type":"ListItem","position":3,"name":"Keksdiebe"}]},{"@type":"WebSite","@id":"https:\/\/www.erfinde-dein-spiel.de\/spiele\/#website","url":"https:\/\/www.erfinde-dein-spiel.de\/spiele\/","name":"(er-)finde DEIN Spiel","description":"Spiele aus der Community. Powered by Spieltz.","potentialAction":[{"@type":"SearchAction","target":{"@type":"EntryPoint","urlTemplate":"https:\/\/www.erfinde-dein-spiel.de\/spiele\/?s={search_term_string}"},"query-input":"required name=search_term_string"}],"inLanguage":"de-DE"}]}},"_links":{"self":[{"href":"https:\/\/www.erfinde-dein-spiel.de\/spiele\/wp-json\/wp\/v2\/product\/1538"}],"collection":[{"href":"https:\/\/www.erfinde-dein-spiel.de\/spiele\/wp-json\/wp\/v2\/product"}],"about":[{"href":"https:\/\/www.erfinde-dein-spiel.de\/spiele\/wp-json\/wp\/v2\/types\/product"}],"replies":[{"embeddable":true,"href":"https:\/\/www.erfinde-dein-spiel.de\/spiele\/wp-json\/wp\/v2\/comments?post=1538"}],"wp:featuredmedia":[{"embeddable":true,"href":"https:\/\/www.erfinde-dein-spiel.de\/spiele\/wp-json\/wp\/v2\/media\/1539"}],"wp:attachment":[{"href":"https:\/\/www.erfinde-dein-spiel.de\/spiele\/wp-json\/wp\/v2\/media?parent=1538"}],"wp:term":[{"taxonomy":"product_cat","embeddable":true,"href":"https:\/\/www.erfinde-dein-spiel.de\/spiele\/wp-json\/wp\/v2\/product_cat?post=1538"},{"taxonomy":"product_tag","embeddable":true,"href":"https:\/\/www.erfinde-dein-spiel.de\/spiele\/wp-json\/wp\/v2\/product_tag?post=1538"}],"curies":[{"name":"wp","href":"https:\/\/api.w.org\/{rel}","templated":true}]}}