{"id":1513,"date":"2015-11-15T23:54:04","date_gmt":"2015-11-15T22:54:04","guid":{"rendered":"http:\/\/www.erfinde-dein-spiel.de\/shop\/unkategorisiert\/muehle-tic-tac-toe\/"},"modified":"2024-07-17T01:33:27","modified_gmt":"2024-07-16T23:33:27","slug":"muehle-tic-tac-toe","status":"publish","type":"product","link":"https:\/\/www.erfinde-dein-spiel.de\/spiele\/shop\/spiele-kategorie\/brettspiel-klassiker\/muehle-tic-tac-toe\/","title":{"rendered":"M\u00fchle Tic-Tac-Toe"},"content":{"rendered":"<p><strong>\u00dcber das M\u00fchlespiel:<\/strong><\/p>\n<p>M\u00fchlespiele sind weit \u00fcber 2000 Jahre alt. Der r\u00f6mische Dichter Ovid erw\u00e4hnte eine Variante bereits<br \/>\nin seinem Werk Die Kunst der Liebe. Er war der Meinung, dass Frauen mit diesem Spiel M\u00e4nner<br \/>\nverf\u00fchren k\u00f6nnten. Besonderer Beliebtheit erfreute sich M\u00fchle im Mittelalter. Der Name stammt<br \/>\nwahrscheinlich daher, dass M\u00fchle in seiner einfachsten Form an ein zweibl\u00e4ttriges Windrad einer<br \/>\nM\u00fchle erinnert. M\u00fchlespiele gibt es in zahlreichen Varianten mit verschiedenen Zielstellungen. Die<br \/>\nhier vorgestellte Variante ist f\u00fcr zwei Spieler ab 6 Jahre und wird mit 5 Steinen je Spieler gespielt.<\/p>\n<p><strong>Spielablauf:<\/strong><\/p>\n<p><span style=\"text-decoration: underline;\">Ziel des Spiels:<\/span><br \/>\nDurch Ziehen oder Setzen m\u00fcssen die Spieler 5 Steine auf eine Linie bringen.<\/p>\n<p><span style=\"text-decoration: underline;\">Spielbeginn:<\/span><br \/>\nZu Beginn des Spiels ist das Spielfeld leer. Abwechselnd setzen die Spieler einen ihrer Steine auf ein<br \/>\nfreies Feld.<\/p>\n<p><span style=\"text-decoration: underline;\">Ziehen:<\/span><br \/>\nNachdem alle Spieler ihre 5 Steine gesetzt haben, wird abwechselnd gezogen. Dabei k\u00f6nnen Steine<br \/>\nnur entlang der Linien auf freie Nachbarfelder bewegt werden.<\/p>\n<p><span style=\"text-decoration: underline;\">Spielende:<\/span><br \/>\nDas Spiel ist beendet, wenn es einem Spieler gelingt, seine 5 Steine auf eine Linie zu bringen oder<br \/>\nden anderen Spieler so zu blockieren, dass er sich nicht mehr bewegen kann.<\/p>\n<p><strong>Spielmaterialien<\/strong><\/p>\n<p>Zum Spiel geh\u00f6ren:<br \/>\n&#8211; 5 schwarze und 5 wei\u00dfe Spielsteine<br \/>\n&#8211; 1 Spielfeld<br \/>\n&#8211; 1 Spielregel<\/p>\n<p>\u00dcber Kritik, Hinweise aber auch Lob w\u00fcrde ich mich freuen.<\/p>\n<p>Viel Spa\u00df,<br \/>\nEuer Ron<\/p>\n<h3>Shop<\/h3>\n<blockquote class=\"wp-embedded-content\" data-secret=\"muullaL3rw\"><p><a href=\"https:\/\/www.erfinde-dein-spiel.de\/spiele\/shops-autoren\/zeit-fuer-spiele\/\">Zeit f\u00fcr Spiele<\/a><\/p><\/blockquote>\n<p><iframe class=\"wp-embedded-content\" sandbox=\"allow-scripts\" security=\"restricted\" style=\"position: absolute; clip: rect(1px, 1px, 1px, 1px);\" title=\"&#8222;Zeit f\u00fcr Spiele&#8220; &#8212; (er-)finde DEIN Spiel\" src=\"https:\/\/www.erfinde-dein-spiel.de\/spiele\/shops-autoren\/zeit-fuer-spiele\/embed\/#?secret=NYZidJXKVy#?secret=muullaL3rw\" data-secret=\"muullaL3rw\" width=\"500\" height=\"282\" frameborder=\"0\" marginwidth=\"0\" marginheight=\"0\" scrolling=\"no\"><\/iframe><\/p>\n<p>&nbsp;<\/p>\n<p>tags: m\u00fchle, m\u00fchle tic tac toe, brettspiel-klassiker, strategiespiele<\/p>\n","protected":false},"excerpt":{"rendered":"<p><a href=\"http:\/\/www.erfinde-dein-spiel.de\/spiele\/shops-autoren\/zeit-fuer-spiele\/\">Shop: ZEIT F\u00dcR SPIELE<\/a><\/p>\n<p>M\u00fchle Tic-Tac-Toe ist eine von zahlreichen Varianten des M\u00fchle-Spiels. Einfache Regeln, viele taktische M\u00f6glichkeiten und ein mystisch gestaltetes Spielfeld versprechen schnelle Erlernbarkeit und gro\u00dfen Spielspa\u00df.<\/p>\n<p>Rollbarer Spielplan aus LKW-Plane, Gr\u00f6\u00dfe: 30\u00a0x 30\u00a0cm; Spielsteine aus lackiertem Holz;\u00a0Verpackung: Papprolle wei\u00df, L\u00e4nge 34 cm, Durchmesser 6 cm<\/p>\n","protected":false},"featured_media":1514,"comment_status":"open","ping_status":"closed","template":"","meta":{"_themeisle_gutenberg_block_has_review":false},"product_cat":[312,302,383,245,263,258,267,250],"product_tag":[397,399],"yoast_head":"<!-- This site is optimized with the Yoast SEO plugin v22.6 - https:\/\/yoast.com\/wordpress\/plugins\/seo\/ -->\n<title>M\u00fchle Tic-Tac-Toe - (er-)finde DEIN Spiel<\/title>\n<meta name=\"description\" content=\"M\u00fchle Tic-Tac-Toe ist eine von zahlreichen Varianten des M\u00fchle-Spiels. Einfache Regeln, viele taktische M\u00f6glichkeiten und ein mystisch gestaltetes Spielfeld\" \/>\n<meta name=\"robots\" content=\"index, follow, max-snippet:-1, max-image-preview:large, max-video-preview:-1\" \/>\n<link rel=\"canonical\" href=\"https:\/\/www.erfinde-dein-spiel.de\/spiele\/shop\/spiele-kategorie\/brettspiel-klassiker\/muehle-tic-tac-toe\/\" \/>\n<meta property=\"og:locale\" content=\"de_DE\" \/>\n<meta property=\"og:type\" content=\"article\" \/>\n<meta property=\"og:title\" content=\"M\u00fchle Tic-Tac-Toe - (er-)finde DEIN Spiel\" \/>\n<meta property=\"og:description\" content=\"M\u00fchle Tic-Tac-Toe ist eine von zahlreichen Varianten des M\u00fchle-Spiels. Einfache Regeln, viele taktische M\u00f6glichkeiten und ein mystisch gestaltetes Spielfeld\" \/>\n<meta property=\"og:url\" content=\"https:\/\/www.erfinde-dein-spiel.de\/spiele\/shop\/spiele-kategorie\/brettspiel-klassiker\/muehle-tic-tac-toe\/\" \/>\n<meta property=\"og:site_name\" content=\"(er-)finde DEIN Spiel\" \/>\n<meta property=\"article:modified_time\" content=\"2024-07-16T23:33:27+00:00\" \/>\n<meta property=\"og:image\" content=\"http:\/\/www.erfinde-dein-spiel.de\/spiele\/wp-content\/uploads\/2015\/11\/PP_531_5321.jpg\" \/>\n\t<meta property=\"og:image:width\" content=\"500\" \/>\n\t<meta property=\"og:image:height\" content=\"498\" \/>\n\t<meta property=\"og:image:type\" content=\"image\/jpeg\" \/>\n<meta name=\"twitter:card\" content=\"summary_large_image\" \/>\n<meta name=\"twitter:label1\" content=\"Gesch\u00e4tzte Lesezeit\" \/>\n\t<meta name=\"twitter:data1\" content=\"1 Minute\" \/>\n<script type=\"application\/ld+json\" class=\"yoast-schema-graph\">{\"@context\":\"https:\/\/schema.org\",\"@graph\":[{\"@type\":\"WebPage\",\"@id\":\"https:\/\/www.erfinde-dein-spiel.de\/spiele\/shop\/spiele-kategorie\/brettspiel-klassiker\/muehle-tic-tac-toe\/\",\"url\":\"https:\/\/www.erfinde-dein-spiel.de\/spiele\/shop\/spiele-kategorie\/brettspiel-klassiker\/muehle-tic-tac-toe\/\",\"name\":\"M\u00fchle Tic-Tac-Toe - (er-)finde DEIN Spiel\",\"isPartOf\":{\"@id\":\"https:\/\/www.erfinde-dein-spiel.de\/spiele\/#website\"},\"primaryImageOfPage\":{\"@id\":\"https:\/\/www.erfinde-dein-spiel.de\/spiele\/shop\/spiele-kategorie\/brettspiel-klassiker\/muehle-tic-tac-toe\/#primaryimage\"},\"image\":{\"@id\":\"https:\/\/www.erfinde-dein-spiel.de\/spiele\/shop\/spiele-kategorie\/brettspiel-klassiker\/muehle-tic-tac-toe\/#primaryimage\"},\"thumbnailUrl\":\"https:\/\/www.erfinde-dein-spiel.de\/spiele\/wp-content\/uploads\/2015\/11\/PP_531_5321.jpg\",\"datePublished\":\"2015-11-15T22:54:04+00:00\",\"dateModified\":\"2024-07-16T23:33:27+00:00\",\"description\":\"M\u00fchle Tic-Tac-Toe ist eine von zahlreichen Varianten des M\u00fchle-Spiels. Einfache Regeln, viele taktische M\u00f6glichkeiten und ein mystisch gestaltetes Spielfeld\",\"breadcrumb\":{\"@id\":\"https:\/\/www.erfinde-dein-spiel.de\/spiele\/shop\/spiele-kategorie\/brettspiel-klassiker\/muehle-tic-tac-toe\/#breadcrumb\"},\"inLanguage\":\"de-DE\",\"potentialAction\":[{\"@type\":\"ReadAction\",\"target\":[\"https:\/\/www.erfinde-dein-spiel.de\/spiele\/shop\/spiele-kategorie\/brettspiel-klassiker\/muehle-tic-tac-toe\/\"]}]},{\"@type\":\"ImageObject\",\"inLanguage\":\"de-DE\",\"@id\":\"https:\/\/www.erfinde-dein-spiel.de\/spiele\/shop\/spiele-kategorie\/brettspiel-klassiker\/muehle-tic-tac-toe\/#primaryimage\",\"url\":\"https:\/\/www.erfinde-dein-spiel.de\/spiele\/wp-content\/uploads\/2015\/11\/PP_531_5321.jpg\",\"contentUrl\":\"https:\/\/www.erfinde-dein-spiel.de\/spiele\/wp-content\/uploads\/2015\/11\/PP_531_5321.jpg\",\"width\":500,\"height\":498,\"caption\":\"m\u00fchle-tic-tac-toe\"},{\"@type\":\"BreadcrumbList\",\"@id\":\"https:\/\/www.erfinde-dein-spiel.de\/spiele\/shop\/spiele-kategorie\/brettspiel-klassiker\/muehle-tic-tac-toe\/#breadcrumb\",\"itemListElement\":[{\"@type\":\"ListItem\",\"position\":1,\"name\":\"Home\",\"item\":\"https:\/\/www.erfinde-dein-spiel.de\/spiele\/\"},{\"@type\":\"ListItem\",\"position\":2,\"name\":\"Shop\",\"item\":\"https:\/\/www.erfinde-dein-spiel.de\/spiele\/\"},{\"@type\":\"ListItem\",\"position\":3,\"name\":\"M\u00fchle Tic-Tac-Toe\"}]},{\"@type\":\"WebSite\",\"@id\":\"https:\/\/www.erfinde-dein-spiel.de\/spiele\/#website\",\"url\":\"https:\/\/www.erfinde-dein-spiel.de\/spiele\/\",\"name\":\"(er-)finde DEIN Spiel\",\"description\":\"Spiele aus der Community. Powered by Spieltz.\",\"potentialAction\":[{\"@type\":\"SearchAction\",\"target\":{\"@type\":\"EntryPoint\",\"urlTemplate\":\"https:\/\/www.erfinde-dein-spiel.de\/spiele\/?s={search_term_string}\"},\"query-input\":\"required name=search_term_string\"}],\"inLanguage\":\"de-DE\"}]}<\/script>\n<!-- \/ Yoast SEO plugin. -->","yoast_head_json":{"title":"M\u00fchle Tic-Tac-Toe - (er-)finde DEIN Spiel","description":"M\u00fchle Tic-Tac-Toe ist eine von zahlreichen Varianten des M\u00fchle-Spiels. Einfache Regeln, viele taktische M\u00f6glichkeiten und ein mystisch gestaltetes Spielfeld","robots":{"index":"index","follow":"follow","max-snippet":"max-snippet:-1","max-image-preview":"max-image-preview:large","max-video-preview":"max-video-preview:-1"},"canonical":"https:\/\/www.erfinde-dein-spiel.de\/spiele\/shop\/spiele-kategorie\/brettspiel-klassiker\/muehle-tic-tac-toe\/","og_locale":"de_DE","og_type":"article","og_title":"M\u00fchle Tic-Tac-Toe - (er-)finde DEIN Spiel","og_description":"M\u00fchle Tic-Tac-Toe ist eine von zahlreichen Varianten des M\u00fchle-Spiels. Einfache Regeln, viele taktische M\u00f6glichkeiten und ein mystisch gestaltetes Spielfeld","og_url":"https:\/\/www.erfinde-dein-spiel.de\/spiele\/shop\/spiele-kategorie\/brettspiel-klassiker\/muehle-tic-tac-toe\/","og_site_name":"(er-)finde DEIN Spiel","article_modified_time":"2024-07-16T23:33:27+00:00","og_image":[{"width":500,"height":498,"url":"http:\/\/www.erfinde-dein-spiel.de\/spiele\/wp-content\/uploads\/2015\/11\/PP_531_5321.jpg","type":"image\/jpeg"}],"twitter_card":"summary_large_image","twitter_misc":{"Gesch\u00e4tzte Lesezeit":"1 Minute"},"schema":{"@context":"https:\/\/schema.org","@graph":[{"@type":"WebPage","@id":"https:\/\/www.erfinde-dein-spiel.de\/spiele\/shop\/spiele-kategorie\/brettspiel-klassiker\/muehle-tic-tac-toe\/","url":"https:\/\/www.erfinde-dein-spiel.de\/spiele\/shop\/spiele-kategorie\/brettspiel-klassiker\/muehle-tic-tac-toe\/","name":"M\u00fchle Tic-Tac-Toe - (er-)finde DEIN Spiel","isPartOf":{"@id":"https:\/\/www.erfinde-dein-spiel.de\/spiele\/#website"},"primaryImageOfPage":{"@id":"https:\/\/www.erfinde-dein-spiel.de\/spiele\/shop\/spiele-kategorie\/brettspiel-klassiker\/muehle-tic-tac-toe\/#primaryimage"},"image":{"@id":"https:\/\/www.erfinde-dein-spiel.de\/spiele\/shop\/spiele-kategorie\/brettspiel-klassiker\/muehle-tic-tac-toe\/#primaryimage"},"thumbnailUrl":"https:\/\/www.erfinde-dein-spiel.de\/spiele\/wp-content\/uploads\/2015\/11\/PP_531_5321.jpg","datePublished":"2015-11-15T22:54:04+00:00","dateModified":"2024-07-16T23:33:27+00:00","description":"M\u00fchle Tic-Tac-Toe ist eine von zahlreichen Varianten des M\u00fchle-Spiels. Einfache Regeln, viele taktische M\u00f6glichkeiten und ein mystisch gestaltetes Spielfeld","breadcrumb":{"@id":"https:\/\/www.erfinde-dein-spiel.de\/spiele\/shop\/spiele-kategorie\/brettspiel-klassiker\/muehle-tic-tac-toe\/#breadcrumb"},"inLanguage":"de-DE","potentialAction":[{"@type":"ReadAction","target":["https:\/\/www.erfinde-dein-spiel.de\/spiele\/shop\/spiele-kategorie\/brettspiel-klassiker\/muehle-tic-tac-toe\/"]}]},{"@type":"ImageObject","inLanguage":"de-DE","@id":"https:\/\/www.erfinde-dein-spiel.de\/spiele\/shop\/spiele-kategorie\/brettspiel-klassiker\/muehle-tic-tac-toe\/#primaryimage","url":"https:\/\/www.erfinde-dein-spiel.de\/spiele\/wp-content\/uploads\/2015\/11\/PP_531_5321.jpg","contentUrl":"https:\/\/www.erfinde-dein-spiel.de\/spiele\/wp-content\/uploads\/2015\/11\/PP_531_5321.jpg","width":500,"height":498,"caption":"m\u00fchle-tic-tac-toe"},{"@type":"BreadcrumbList","@id":"https:\/\/www.erfinde-dein-spiel.de\/spiele\/shop\/spiele-kategorie\/brettspiel-klassiker\/muehle-tic-tac-toe\/#breadcrumb","itemListElement":[{"@type":"ListItem","position":1,"name":"Home","item":"https:\/\/www.erfinde-dein-spiel.de\/spiele\/"},{"@type":"ListItem","position":2,"name":"Shop","item":"https:\/\/www.erfinde-dein-spiel.de\/spiele\/"},{"@type":"ListItem","position":3,"name":"M\u00fchle Tic-Tac-Toe"}]},{"@type":"WebSite","@id":"https:\/\/www.erfinde-dein-spiel.de\/spiele\/#website","url":"https:\/\/www.erfinde-dein-spiel.de\/spiele\/","name":"(er-)finde DEIN Spiel","description":"Spiele aus der Community. Powered by Spieltz.","potentialAction":[{"@type":"SearchAction","target":{"@type":"EntryPoint","urlTemplate":"https:\/\/www.erfinde-dein-spiel.de\/spiele\/?s={search_term_string}"},"query-input":"required name=search_term_string"}],"inLanguage":"de-DE"}]}},"_links":{"self":[{"href":"https:\/\/www.erfinde-dein-spiel.de\/spiele\/wp-json\/wp\/v2\/product\/1513"}],"collection":[{"href":"https:\/\/www.erfinde-dein-spiel.de\/spiele\/wp-json\/wp\/v2\/product"}],"about":[{"href":"https:\/\/www.erfinde-dein-spiel.de\/spiele\/wp-json\/wp\/v2\/types\/product"}],"replies":[{"embeddable":true,"href":"https:\/\/www.erfinde-dein-spiel.de\/spiele\/wp-json\/wp\/v2\/comments?post=1513"}],"wp:featuredmedia":[{"embeddable":true,"href":"https:\/\/www.erfinde-dein-spiel.de\/spiele\/wp-json\/wp\/v2\/media\/1514"}],"wp:attachment":[{"href":"https:\/\/www.erfinde-dein-spiel.de\/spiele\/wp-json\/wp\/v2\/media?parent=1513"}],"wp:term":[{"taxonomy":"product_cat","embeddable":true,"href":"https:\/\/www.erfinde-dein-spiel.de\/spiele\/wp-json\/wp\/v2\/product_cat?post=1513"},{"taxonomy":"product_tag","embeddable":true,"href":"https:\/\/www.erfinde-dein-spiel.de\/spiele\/wp-json\/wp\/v2\/product_tag?post=1513"}],"curies":[{"name":"wp","href":"https:\/\/api.w.org\/{rel}","templated":true}]}}