{"id":1505,"date":"2015-11-15T23:53:56","date_gmt":"2015-11-15T22:53:56","guid":{"rendered":"http:\/\/www.erfinde-dein-spiel.de\/shop\/unkategorisiert\/themenspielplan-piraten-wettlauf-zum-schatz\/"},"modified":"2024-07-17T01:34:00","modified_gmt":"2024-07-16T23:34:00","slug":"themenspielplan-piraten-wettlauf-zum-schatz","status":"publish","type":"product","link":"https:\/\/www.erfinde-dein-spiel.de\/spiele\/shop\/spiele-kategorie\/kinderspiele\/themenspielplan-piraten-wettlauf-zum-schatz\/","title":{"rendered":"Themenspielplan &#8222;Piraten &#8211; Wettlauf zum Schatz&#8220;"},"content":{"rendered":"<p style=\"text-align: justify;\" class=\"MsoNoSpacing\">Die Piraten Schwarzbart und Wei\u00dfbart haben eine Schatzkarte gefunden. Mit ihrem Piratenschiff sind sie gerade vor der Schatzinsel angekommen. Schon w\u00e4hrend der Fahrt haben sich die beiden pausenlos gestritten, wer sich zuerst etwas aus der prall gef\u00fcllten Schatzkiste aussuchen darf. Da sich die beiden nicht einigen konnten, soll nun ein Wettlauf entscheiden. Es liegt nun an euch, Schwarzbart und Wei\u00dfbart bei ihrem Wettlauf zu unterst\u00fctzen.<\/p>\n<p>Der Themenspielplan Piraten  Wettlauf zum Schatz enth\u00e4lt mehrere kleine, unterhaltsame und unterschiedlich anspruchsvolle Spiele in einem Bildmotiv. Gewinnt ein Spieler eines der Mini-Spiele, darf er seine Spielfigur einen Fu\u00dfabdruck nach vorne setzen. Wer zuerst eine Figur in die Schatzkiste stellen kann, gewinnt den Wettlauf zum Schatz. Die Spieler k\u00f6nnen selbst entscheiden, welches der Spiele in welcher Reihenfolge gespielt wird.<\/p>\n","protected":false},"excerpt":{"rendered":"<p>Der Themenspielplan Piraten  Wettlauf zum Schatz enth\u00e4lt mehrere kleine, unterhaltsame und unterschiedlich anspruchsvolle Spiele in einem Bildmotiv. F\u00fcr zwei Spieler, die die Piraten Schwarzbart und Wei\u00dfbart beim Wettlauf zum Schatz unterst\u00fctzen.<\/p>\n","protected":false},"featured_media":0,"comment_status":"open","ping_status":"closed","template":"","meta":{"_themeisle_gutenberg_block_has_review":false},"product_cat":[247,261,279,260,274,258,267],"product_tag":[],"yoast_head":"<!-- This site is optimized with the Yoast SEO plugin v22.6 - https:\/\/yoast.com\/wordpress\/plugins\/seo\/ -->\n<title>Themenspielplan &quot;Piraten - Wettlauf zum Schatz&quot; - (er-)finde DEIN Spiel<\/title>\n<meta name=\"robots\" content=\"index, follow, max-snippet:-1, max-image-preview:large, max-video-preview:-1\" \/>\n<link rel=\"canonical\" href=\"https:\/\/www.erfinde-dein-spiel.de\/spiele\/shop\/spiele-kategorie\/kinderspiele\/themenspielplan-piraten-wettlauf-zum-schatz\/\" \/>\n<meta property=\"og:locale\" content=\"de_DE\" \/>\n<meta property=\"og:type\" content=\"article\" \/>\n<meta property=\"og:title\" content=\"Themenspielplan &quot;Piraten - Wettlauf zum Schatz&quot; - (er-)finde DEIN Spiel\" \/>\n<meta property=\"og:description\" content=\"Der Themenspielplan Piraten Wettlauf zum Schatz enth\u00e4lt mehrere kleine, unterhaltsame und unterschiedlich anspruchsvolle Spiele in einem Bildmotiv. F\u00fcr zwei Spieler, die die Piraten Schwarzbart und Wei\u00dfbart beim Wettlauf zum Schatz unterst\u00fctzen.\" \/>\n<meta property=\"og:url\" content=\"https:\/\/www.erfinde-dein-spiel.de\/spiele\/shop\/spiele-kategorie\/kinderspiele\/themenspielplan-piraten-wettlauf-zum-schatz\/\" \/>\n<meta property=\"og:site_name\" content=\"(er-)finde DEIN Spiel\" \/>\n<meta property=\"article:modified_time\" content=\"2024-07-16T23:34:00+00:00\" \/>\n<meta name=\"twitter:card\" content=\"summary_large_image\" \/>\n<meta name=\"twitter:label1\" content=\"Gesch\u00e4tzte Lesezeit\" \/>\n\t<meta name=\"twitter:data1\" content=\"1 Minute\" \/>\n<script type=\"application\/ld+json\" class=\"yoast-schema-graph\">{\"@context\":\"https:\/\/schema.org\",\"@graph\":[{\"@type\":\"WebPage\",\"@id\":\"https:\/\/www.erfinde-dein-spiel.de\/spiele\/shop\/spiele-kategorie\/kinderspiele\/themenspielplan-piraten-wettlauf-zum-schatz\/\",\"url\":\"https:\/\/www.erfinde-dein-spiel.de\/spiele\/shop\/spiele-kategorie\/kinderspiele\/themenspielplan-piraten-wettlauf-zum-schatz\/\",\"name\":\"Themenspielplan \\\"Piraten - Wettlauf zum Schatz\\\" - (er-)finde DEIN Spiel\",\"isPartOf\":{\"@id\":\"https:\/\/www.erfinde-dein-spiel.de\/spiele\/#website\"},\"datePublished\":\"2015-11-15T22:53:56+00:00\",\"dateModified\":\"2024-07-16T23:34:00+00:00\",\"breadcrumb\":{\"@id\":\"https:\/\/www.erfinde-dein-spiel.de\/spiele\/shop\/spiele-kategorie\/kinderspiele\/themenspielplan-piraten-wettlauf-zum-schatz\/#breadcrumb\"},\"inLanguage\":\"de-DE\",\"potentialAction\":[{\"@type\":\"ReadAction\",\"target\":[\"https:\/\/www.erfinde-dein-spiel.de\/spiele\/shop\/spiele-kategorie\/kinderspiele\/themenspielplan-piraten-wettlauf-zum-schatz\/\"]}]},{\"@type\":\"BreadcrumbList\",\"@id\":\"https:\/\/www.erfinde-dein-spiel.de\/spiele\/shop\/spiele-kategorie\/kinderspiele\/themenspielplan-piraten-wettlauf-zum-schatz\/#breadcrumb\",\"itemListElement\":[{\"@type\":\"ListItem\",\"position\":1,\"name\":\"Home\",\"item\":\"https:\/\/www.erfinde-dein-spiel.de\/spiele\/\"},{\"@type\":\"ListItem\",\"position\":2,\"name\":\"Shop\",\"item\":\"https:\/\/www.erfinde-dein-spiel.de\/spiele\/\"},{\"@type\":\"ListItem\",\"position\":3,\"name\":\"Themenspielplan &#8222;Piraten &#8211; Wettlauf zum Schatz&#8220;\"}]},{\"@type\":\"WebSite\",\"@id\":\"https:\/\/www.erfinde-dein-spiel.de\/spiele\/#website\",\"url\":\"https:\/\/www.erfinde-dein-spiel.de\/spiele\/\",\"name\":\"(er-)finde DEIN Spiel\",\"description\":\"Spiele aus der Community. Powered by Spieltz.\",\"potentialAction\":[{\"@type\":\"SearchAction\",\"target\":{\"@type\":\"EntryPoint\",\"urlTemplate\":\"https:\/\/www.erfinde-dein-spiel.de\/spiele\/?s={search_term_string}\"},\"query-input\":\"required name=search_term_string\"}],\"inLanguage\":\"de-DE\"}]}<\/script>\n<!-- \/ Yoast SEO plugin. -->","yoast_head_json":{"title":"Themenspielplan \"Piraten - Wettlauf zum Schatz\" - (er-)finde DEIN Spiel","robots":{"index":"index","follow":"follow","max-snippet":"max-snippet:-1","max-image-preview":"max-image-preview:large","max-video-preview":"max-video-preview:-1"},"canonical":"https:\/\/www.erfinde-dein-spiel.de\/spiele\/shop\/spiele-kategorie\/kinderspiele\/themenspielplan-piraten-wettlauf-zum-schatz\/","og_locale":"de_DE","og_type":"article","og_title":"Themenspielplan \"Piraten - Wettlauf zum Schatz\" - (er-)finde DEIN Spiel","og_description":"Der Themenspielplan Piraten Wettlauf zum Schatz enth\u00e4lt mehrere kleine, unterhaltsame und unterschiedlich anspruchsvolle Spiele in einem Bildmotiv. F\u00fcr zwei Spieler, die die Piraten Schwarzbart und Wei\u00dfbart beim Wettlauf zum Schatz unterst\u00fctzen.","og_url":"https:\/\/www.erfinde-dein-spiel.de\/spiele\/shop\/spiele-kategorie\/kinderspiele\/themenspielplan-piraten-wettlauf-zum-schatz\/","og_site_name":"(er-)finde DEIN Spiel","article_modified_time":"2024-07-16T23:34:00+00:00","twitter_card":"summary_large_image","twitter_misc":{"Gesch\u00e4tzte Lesezeit":"1 Minute"},"schema":{"@context":"https:\/\/schema.org","@graph":[{"@type":"WebPage","@id":"https:\/\/www.erfinde-dein-spiel.de\/spiele\/shop\/spiele-kategorie\/kinderspiele\/themenspielplan-piraten-wettlauf-zum-schatz\/","url":"https:\/\/www.erfinde-dein-spiel.de\/spiele\/shop\/spiele-kategorie\/kinderspiele\/themenspielplan-piraten-wettlauf-zum-schatz\/","name":"Themenspielplan \"Piraten - Wettlauf zum Schatz\" - (er-)finde DEIN Spiel","isPartOf":{"@id":"https:\/\/www.erfinde-dein-spiel.de\/spiele\/#website"},"datePublished":"2015-11-15T22:53:56+00:00","dateModified":"2024-07-16T23:34:00+00:00","breadcrumb":{"@id":"https:\/\/www.erfinde-dein-spiel.de\/spiele\/shop\/spiele-kategorie\/kinderspiele\/themenspielplan-piraten-wettlauf-zum-schatz\/#breadcrumb"},"inLanguage":"de-DE","potentialAction":[{"@type":"ReadAction","target":["https:\/\/www.erfinde-dein-spiel.de\/spiele\/shop\/spiele-kategorie\/kinderspiele\/themenspielplan-piraten-wettlauf-zum-schatz\/"]}]},{"@type":"BreadcrumbList","@id":"https:\/\/www.erfinde-dein-spiel.de\/spiele\/shop\/spiele-kategorie\/kinderspiele\/themenspielplan-piraten-wettlauf-zum-schatz\/#breadcrumb","itemListElement":[{"@type":"ListItem","position":1,"name":"Home","item":"https:\/\/www.erfinde-dein-spiel.de\/spiele\/"},{"@type":"ListItem","position":2,"name":"Shop","item":"https:\/\/www.erfinde-dein-spiel.de\/spiele\/"},{"@type":"ListItem","position":3,"name":"Themenspielplan &#8222;Piraten &#8211; Wettlauf zum Schatz&#8220;"}]},{"@type":"WebSite","@id":"https:\/\/www.erfinde-dein-spiel.de\/spiele\/#website","url":"https:\/\/www.erfinde-dein-spiel.de\/spiele\/","name":"(er-)finde DEIN Spiel","description":"Spiele aus der Community. Powered by Spieltz.","potentialAction":[{"@type":"SearchAction","target":{"@type":"EntryPoint","urlTemplate":"https:\/\/www.erfinde-dein-spiel.de\/spiele\/?s={search_term_string}"},"query-input":"required name=search_term_string"}],"inLanguage":"de-DE"}]}},"_links":{"self":[{"href":"https:\/\/www.erfinde-dein-spiel.de\/spiele\/wp-json\/wp\/v2\/product\/1505"}],"collection":[{"href":"https:\/\/www.erfinde-dein-spiel.de\/spiele\/wp-json\/wp\/v2\/product"}],"about":[{"href":"https:\/\/www.erfinde-dein-spiel.de\/spiele\/wp-json\/wp\/v2\/types\/product"}],"replies":[{"embeddable":true,"href":"https:\/\/www.erfinde-dein-spiel.de\/spiele\/wp-json\/wp\/v2\/comments?post=1505"}],"wp:attachment":[{"href":"https:\/\/www.erfinde-dein-spiel.de\/spiele\/wp-json\/wp\/v2\/media?parent=1505"}],"wp:term":[{"taxonomy":"product_cat","embeddable":true,"href":"https:\/\/www.erfinde-dein-spiel.de\/spiele\/wp-json\/wp\/v2\/product_cat?post=1505"},{"taxonomy":"product_tag","embeddable":true,"href":"https:\/\/www.erfinde-dein-spiel.de\/spiele\/wp-json\/wp\/v2\/product_tag?post=1505"}],"curies":[{"name":"wp","href":"https:\/\/api.w.org\/{rel}","templated":true}]}}