{"id":1495,"date":"2015-11-15T23:53:43","date_gmt":"2015-11-15T22:53:43","guid":{"rendered":"http:\/\/www.erfinde-dein-spiel.de\/shop\/unkategorisiert\/house-of-fortune\/"},"modified":"2016-01-24T01:51:29","modified_gmt":"2016-01-24T00:51:29","slug":"house-of-fortune","status":"publish","type":"product","link":"https:\/\/www.erfinde-dein-spiel.de\/spiele\/shop\/spiele-kategorie\/familienspiele\/house-of-fortune\/","title":{"rendered":"House Of Fortune"},"content":{"rendered":"<h3>Das Spiel<\/h3>\n<p><em>House of Fortune<\/em> ist ein mittelalterliches Gl\u00fccksspiel &#8211; bekannt auch unter folgenden Namen:\u00a0Gl\u00fcckshaus, Sieben, Lucky Pig und Pinke.<\/p>\n<p>Das Spiel\u00a0wird als fr\u00fcher Vorl\u00e4ufer von Roulette angesehen. Wir kennen es\u00a0heute haupts\u00e4chlich aus Museen &#8211; es sind etliche mittelalterliche Spielbretter erhalten geblieben, die oft sehr aufw\u00e4ndig gestaltet sind.<\/p>\n<h4>Ziel<\/h4>\n<p>des Spiels ist es, das Geld der Mitspieler zu gewinnen &#8211; und somit seinen Einsatz zu vervielfachen.<\/p>\n<h4>Der Spielplan<\/h4>\n<p>ist in Felder mit den Nummern 2 bis 12 eingeteilt. Es wird reihum mit zwei W\u00fcrfeln gew\u00fcrfelt, die Augen werden zusammengez\u00e4hlt:<\/p>\n<ul>\n<li>\u00a0W\u00fcrfelt ein Spieler die Zahl 12, so ist er der <em>K\u00f6nig<\/em> und gewinnt alle M\u00fcnzen, die sich auf dem Spielbrett befinden.<\/li>\n<li>In der Mitte Feld Nummer 7 findet eine <em>Hochzeit<\/em> statt: Wer eine 7 w\u00fcrfelt, muss ein Geschenk mitbringen und eine M\u00fcnze auf diesem Feld ablegen.<\/li>\n<li>Wer eine 2 w\u00fcrfelt, der hat\u00a0<em>Schwein<\/em>: Er gewinnt alle auf dem Brett befindlichen M\u00fcnzen, ausgenommen diejenigen auf Feld 7.<\/li>\n<li>Bei allen anderen W\u00fcrfen gilt: ist das entsprechende Feld leer, so muss man dort eine M\u00fcnze ablegen; liegt jedoch auf dem Feld bereits eine M\u00fcnze, so darf man diese nehmen.<\/li>\n<\/ul>\n<h4 style=\"line-height: 16.8999996185303px;\">Spielende<\/h4>\n<p>Das Spiel endet, wenn alle Spieler bis auf einen ihr Geld verloren haben. Mit Kindern l\u00e4sst sich das Spiel auch mit S\u00fc\u00dfigkeiten, Brezeln usw. spielen. Nat\u00fcrlich kann man das Spiel auch fr\u00fcher beenden, und die auf dem Brett verbleibenden Eins\u00e4tze werden unter den noch \u00fcbrigen Spielern verteilt.<\/p>\n<h3 style=\"line-height: 16.8999996185303px;\">House Of Fortune als Werbespiel<\/h3>\n<p>House Of Fortune ist &#8211; wie alle Spiele aus unserem eigenen Verlagsprogramm &#8211; in unserem Werbespiele-Shop\u00a0erh\u00e4ltlich als <a href=\"http:\/\/spieltz.de\/werbespiele\/shop\/ausfuehrung\/preiskategorie-b\/das-glueckshaus-rollbares-spiel\/\" target=\"_blank\">Werbespiel mit Firmenlogo<\/a>, oder wir gestalten es komplett um und passen es an das Corporate Design des Unternehmens an. Mehr \u00fcber unsere\u00a0<a title=\"spieltz werbespiele firmenspiele\" href=\"agentur\/werbespiele\/\" target=\"_blank\">Werbespiele auf unserer Agenturseite<\/a>.<\/p>\n<h3>SHOP<\/h3>\n<blockquote class=\"wp-embedded-content\" data-secret=\"oH6dDUkZey\"><p><a href=\"https:\/\/www.erfinde-dein-spiel.de\/spiele\/shop\/spiel-thema\/natur-pflanzen-tiere\/bluemchen-blau\/\">bl\u00fcmchen blau<\/a><\/p><\/blockquote>\n<p><iframe class=\"wp-embedded-content\" sandbox=\"allow-scripts\" security=\"restricted\" style=\"position: absolute; clip: rect(1px, 1px, 1px, 1px);\" title=\"&#8222;bl\u00fcmchen blau&#8220; &#8212; (er-)finde DEIN Spiel\" src=\"https:\/\/www.erfinde-dein-spiel.de\/spiele\/shop\/spiel-thema\/natur-pflanzen-tiere\/bluemchen-blau\/embed\/#?secret=6xcpf93obH#?secret=oH6dDUkZey\" data-secret=\"oH6dDUkZey\" width=\"500\" height=\"282\" frameborder=\"0\" marginwidth=\"0\" marginheight=\"0\" scrolling=\"no\"><\/iframe><\/p>\n<p>&nbsp;<\/p>\n<p>&nbsp;<\/p>\n","protected":false},"excerpt":{"rendered":"<p><a href=\"http:\/\/www.erfinde-dein-spiel.de\/spiele\/shops-autoren\/shop-spieltz-verlagsprogramm\/\" target=\"_blank\">Shop: SPIELTZ VERLAGSPROGRAMM<\/a><\/p>\n<p>House of Fortune ist ein mittelalterliches Gl\u00fccksspiel. Das Spiel ist auch unter folgenden Namen bekannt: Gl\u00fcckshaus, Sieben, Lucky Pig und Pinke.<\/p>\n","protected":false},"featured_media":1496,"comment_status":"open","ping_status":"closed","template":"","meta":{"_themeisle_gutenberg_block_has_review":false},"product_cat":[328,248,257,261,285,260,274,258,266],"product_tag":[],"yoast_head":"<!-- This site is optimized with the Yoast SEO plugin v22.6 - https:\/\/yoast.com\/wordpress\/plugins\/seo\/ -->\n<title>House Of Fortune - (er-)finde DEIN Spiel<\/title>\n<meta name=\"robots\" content=\"index, follow, max-snippet:-1, max-image-preview:large, max-video-preview:-1\" \/>\n<link rel=\"canonical\" href=\"https:\/\/www.erfinde-dein-spiel.de\/spiele\/shop\/spiele-kategorie\/familienspiele\/house-of-fortune\/\" \/>\n<meta property=\"og:locale\" content=\"de_DE\" \/>\n<meta property=\"og:type\" content=\"article\" \/>\n<meta property=\"og:title\" content=\"House Of Fortune - (er-)finde DEIN Spiel\" \/>\n<meta property=\"og:description\" content=\"Shop: SPIELTZ VERLAGSPROGRAMM  House of Fortune ist ein mittelalterliches Gl\u00fccksspiel. Das Spiel ist auch unter folgenden Namen bekannt: Gl\u00fcckshaus, Sieben, Lucky Pig und Pinke.\" \/>\n<meta property=\"og:url\" content=\"https:\/\/www.erfinde-dein-spiel.de\/spiele\/shop\/spiele-kategorie\/familienspiele\/house-of-fortune\/\" \/>\n<meta property=\"og:site_name\" content=\"(er-)finde DEIN Spiel\" \/>\n<meta property=\"article:modified_time\" content=\"2016-01-24T00:51:29+00:00\" \/>\n<meta property=\"og:image\" content=\"https:\/\/www.erfinde-dein-spiel.de\/spiele\/wp-content\/uploads\/2015\/11\/PP_498_732.jpg\" \/>\n\t<meta property=\"og:image:width\" content=\"500\" \/>\n\t<meta property=\"og:image:height\" content=\"681\" \/>\n\t<meta property=\"og:image:type\" content=\"image\/jpeg\" \/>\n<meta name=\"twitter:card\" content=\"summary_large_image\" \/>\n<meta name=\"twitter:label1\" content=\"Gesch\u00e4tzte Lesezeit\" \/>\n\t<meta name=\"twitter:data1\" content=\"2 Minuten\" \/>\n<script type=\"application\/ld+json\" class=\"yoast-schema-graph\">{\"@context\":\"https:\/\/schema.org\",\"@graph\":[{\"@type\":\"WebPage\",\"@id\":\"https:\/\/www.erfinde-dein-spiel.de\/spiele\/shop\/spiele-kategorie\/familienspiele\/house-of-fortune\/\",\"url\":\"https:\/\/www.erfinde-dein-spiel.de\/spiele\/shop\/spiele-kategorie\/familienspiele\/house-of-fortune\/\",\"name\":\"House Of Fortune - (er-)finde DEIN Spiel\",\"isPartOf\":{\"@id\":\"https:\/\/www.erfinde-dein-spiel.de\/spiele\/#website\"},\"primaryImageOfPage\":{\"@id\":\"https:\/\/www.erfinde-dein-spiel.de\/spiele\/shop\/spiele-kategorie\/familienspiele\/house-of-fortune\/#primaryimage\"},\"image\":{\"@id\":\"https:\/\/www.erfinde-dein-spiel.de\/spiele\/shop\/spiele-kategorie\/familienspiele\/house-of-fortune\/#primaryimage\"},\"thumbnailUrl\":\"https:\/\/www.erfinde-dein-spiel.de\/spiele\/wp-content\/uploads\/2015\/11\/PP_498_732.jpg\",\"datePublished\":\"2015-11-15T22:53:43+00:00\",\"dateModified\":\"2016-01-24T00:51:29+00:00\",\"breadcrumb\":{\"@id\":\"https:\/\/www.erfinde-dein-spiel.de\/spiele\/shop\/spiele-kategorie\/familienspiele\/house-of-fortune\/#breadcrumb\"},\"inLanguage\":\"de-DE\",\"potentialAction\":[{\"@type\":\"ReadAction\",\"target\":[\"https:\/\/www.erfinde-dein-spiel.de\/spiele\/shop\/spiele-kategorie\/familienspiele\/house-of-fortune\/\"]}]},{\"@type\":\"ImageObject\",\"inLanguage\":\"de-DE\",\"@id\":\"https:\/\/www.erfinde-dein-spiel.de\/spiele\/shop\/spiele-kategorie\/familienspiele\/house-of-fortune\/#primaryimage\",\"url\":\"https:\/\/www.erfinde-dein-spiel.de\/spiele\/wp-content\/uploads\/2015\/11\/PP_498_732.jpg\",\"contentUrl\":\"https:\/\/www.erfinde-dein-spiel.de\/spiele\/wp-content\/uploads\/2015\/11\/PP_498_732.jpg\",\"width\":500,\"height\":681,\"caption\":\"Brettspiel House of Fortune - das Gl\u00fcckshaus\"},{\"@type\":\"BreadcrumbList\",\"@id\":\"https:\/\/www.erfinde-dein-spiel.de\/spiele\/shop\/spiele-kategorie\/familienspiele\/house-of-fortune\/#breadcrumb\",\"itemListElement\":[{\"@type\":\"ListItem\",\"position\":1,\"name\":\"Home\",\"item\":\"https:\/\/www.erfinde-dein-spiel.de\/spiele\/\"},{\"@type\":\"ListItem\",\"position\":2,\"name\":\"Shop\",\"item\":\"https:\/\/www.erfinde-dein-spiel.de\/spiele\/\"},{\"@type\":\"ListItem\",\"position\":3,\"name\":\"House Of Fortune\"}]},{\"@type\":\"WebSite\",\"@id\":\"https:\/\/www.erfinde-dein-spiel.de\/spiele\/#website\",\"url\":\"https:\/\/www.erfinde-dein-spiel.de\/spiele\/\",\"name\":\"(er-)finde DEIN Spiel\",\"description\":\"Spiele aus der Community. Powered by Spieltz.\",\"potentialAction\":[{\"@type\":\"SearchAction\",\"target\":{\"@type\":\"EntryPoint\",\"urlTemplate\":\"https:\/\/www.erfinde-dein-spiel.de\/spiele\/?s={search_term_string}\"},\"query-input\":\"required name=search_term_string\"}],\"inLanguage\":\"de-DE\"}]}<\/script>\n<!-- \/ Yoast SEO plugin. -->","yoast_head_json":{"title":"House Of Fortune - (er-)finde DEIN Spiel","robots":{"index":"index","follow":"follow","max-snippet":"max-snippet:-1","max-image-preview":"max-image-preview:large","max-video-preview":"max-video-preview:-1"},"canonical":"https:\/\/www.erfinde-dein-spiel.de\/spiele\/shop\/spiele-kategorie\/familienspiele\/house-of-fortune\/","og_locale":"de_DE","og_type":"article","og_title":"House Of Fortune - (er-)finde DEIN Spiel","og_description":"Shop: SPIELTZ VERLAGSPROGRAMM  House of Fortune ist ein mittelalterliches Gl\u00fccksspiel. Das Spiel ist auch unter folgenden Namen bekannt: Gl\u00fcckshaus, Sieben, Lucky Pig und Pinke.","og_url":"https:\/\/www.erfinde-dein-spiel.de\/spiele\/shop\/spiele-kategorie\/familienspiele\/house-of-fortune\/","og_site_name":"(er-)finde DEIN Spiel","article_modified_time":"2016-01-24T00:51:29+00:00","og_image":[{"width":500,"height":681,"url":"https:\/\/www.erfinde-dein-spiel.de\/spiele\/wp-content\/uploads\/2015\/11\/PP_498_732.jpg","type":"image\/jpeg"}],"twitter_card":"summary_large_image","twitter_misc":{"Gesch\u00e4tzte Lesezeit":"2 Minuten"},"schema":{"@context":"https:\/\/schema.org","@graph":[{"@type":"WebPage","@id":"https:\/\/www.erfinde-dein-spiel.de\/spiele\/shop\/spiele-kategorie\/familienspiele\/house-of-fortune\/","url":"https:\/\/www.erfinde-dein-spiel.de\/spiele\/shop\/spiele-kategorie\/familienspiele\/house-of-fortune\/","name":"House Of Fortune - (er-)finde DEIN Spiel","isPartOf":{"@id":"https:\/\/www.erfinde-dein-spiel.de\/spiele\/#website"},"primaryImageOfPage":{"@id":"https:\/\/www.erfinde-dein-spiel.de\/spiele\/shop\/spiele-kategorie\/familienspiele\/house-of-fortune\/#primaryimage"},"image":{"@id":"https:\/\/www.erfinde-dein-spiel.de\/spiele\/shop\/spiele-kategorie\/familienspiele\/house-of-fortune\/#primaryimage"},"thumbnailUrl":"https:\/\/www.erfinde-dein-spiel.de\/spiele\/wp-content\/uploads\/2015\/11\/PP_498_732.jpg","datePublished":"2015-11-15T22:53:43+00:00","dateModified":"2016-01-24T00:51:29+00:00","breadcrumb":{"@id":"https:\/\/www.erfinde-dein-spiel.de\/spiele\/shop\/spiele-kategorie\/familienspiele\/house-of-fortune\/#breadcrumb"},"inLanguage":"de-DE","potentialAction":[{"@type":"ReadAction","target":["https:\/\/www.erfinde-dein-spiel.de\/spiele\/shop\/spiele-kategorie\/familienspiele\/house-of-fortune\/"]}]},{"@type":"ImageObject","inLanguage":"de-DE","@id":"https:\/\/www.erfinde-dein-spiel.de\/spiele\/shop\/spiele-kategorie\/familienspiele\/house-of-fortune\/#primaryimage","url":"https:\/\/www.erfinde-dein-spiel.de\/spiele\/wp-content\/uploads\/2015\/11\/PP_498_732.jpg","contentUrl":"https:\/\/www.erfinde-dein-spiel.de\/spiele\/wp-content\/uploads\/2015\/11\/PP_498_732.jpg","width":500,"height":681,"caption":"Brettspiel House of Fortune - das Gl\u00fcckshaus"},{"@type":"BreadcrumbList","@id":"https:\/\/www.erfinde-dein-spiel.de\/spiele\/shop\/spiele-kategorie\/familienspiele\/house-of-fortune\/#breadcrumb","itemListElement":[{"@type":"ListItem","position":1,"name":"Home","item":"https:\/\/www.erfinde-dein-spiel.de\/spiele\/"},{"@type":"ListItem","position":2,"name":"Shop","item":"https:\/\/www.erfinde-dein-spiel.de\/spiele\/"},{"@type":"ListItem","position":3,"name":"House Of Fortune"}]},{"@type":"WebSite","@id":"https:\/\/www.erfinde-dein-spiel.de\/spiele\/#website","url":"https:\/\/www.erfinde-dein-spiel.de\/spiele\/","name":"(er-)finde DEIN Spiel","description":"Spiele aus der Community. Powered by Spieltz.","potentialAction":[{"@type":"SearchAction","target":{"@type":"EntryPoint","urlTemplate":"https:\/\/www.erfinde-dein-spiel.de\/spiele\/?s={search_term_string}"},"query-input":"required name=search_term_string"}],"inLanguage":"de-DE"}]}},"_links":{"self":[{"href":"https:\/\/www.erfinde-dein-spiel.de\/spiele\/wp-json\/wp\/v2\/product\/1495"}],"collection":[{"href":"https:\/\/www.erfinde-dein-spiel.de\/spiele\/wp-json\/wp\/v2\/product"}],"about":[{"href":"https:\/\/www.erfinde-dein-spiel.de\/spiele\/wp-json\/wp\/v2\/types\/product"}],"replies":[{"embeddable":true,"href":"https:\/\/www.erfinde-dein-spiel.de\/spiele\/wp-json\/wp\/v2\/comments?post=1495"}],"wp:featuredmedia":[{"embeddable":true,"href":"https:\/\/www.erfinde-dein-spiel.de\/spiele\/wp-json\/wp\/v2\/media\/1496"}],"wp:attachment":[{"href":"https:\/\/www.erfinde-dein-spiel.de\/spiele\/wp-json\/wp\/v2\/media?parent=1495"}],"wp:term":[{"taxonomy":"product_cat","embeddable":true,"href":"https:\/\/www.erfinde-dein-spiel.de\/spiele\/wp-json\/wp\/v2\/product_cat?post=1495"},{"taxonomy":"product_tag","embeddable":true,"href":"https:\/\/www.erfinde-dein-spiel.de\/spiele\/wp-json\/wp\/v2\/product_tag?post=1495"}],"curies":[{"name":"wp","href":"https:\/\/api.w.org\/{rel}","templated":true}]}}