{"id":1489,"date":"2015-11-15T23:53:38","date_gmt":"2015-11-15T22:53:38","guid":{"rendered":"http:\/\/www.erfinde-dein-spiel.de\/shop\/unkategorisiert\/tonkin\/"},"modified":"2024-07-17T01:35:33","modified_gmt":"2024-07-16T23:35:33","slug":"tonkin","status":"publish","type":"product","link":"https:\/\/www.erfinde-dein-spiel.de\/spiele\/shop\/spiele-kategorie\/brettspiel-klassiker\/tonkin\/","title":{"rendered":"Tonkin"},"content":{"rendered":"<p class=\"p1\">Tonkin ist ein Strategiespiel f\u00fcr 2 Spieler ab 8 Jahren. Ende des 19. Jahrhunderts war das Spiel in Frankreich sehr popul\u00e4r. Die vielen m\u00f6glichen Stellungen auf dem Spielbrett machen das Spiel spannend!<\/p>\n<p class=\"p1\"><strong>Spielmaterial<\/strong><\/p>\n<p class=\"p1\">&#8211; 1 Spielplane<\/p>\n<p class=\"p1\">&#8211; 10 wei\u00dfe Steine<\/p>\n<p class=\"p1\">&#8211; 10 schwarze Steine<\/p>\n<p class=\"p1\"><strong>Spielbeginn und Phase des Setzens<\/strong><\/p>\n<p class=\"p1\">Zu Beginn des Spiels ist das Spielfeld leer. W\u00e4hrend der ersten Spielphase setzen die Spieler abwechselnd jeweils einen Stein auf einen freien Knoten &#8211; bis alle Steine gesetzt sind.<\/p>\n<p class=\"p1\"><strong>Phase des Ziehens<\/strong><\/p>\n<p class=\"p1\">Sind alle Steine gesetzt geht das Spiel in die n\u00e4chste Phase \u00fcber: Es wird gezogen. Die Spieler ziehen abwechselnd jeweils einen Stein in beliebiger Richtung auf ein freies Nachbarfeld. Der Zug muss entlang einer Verbindungslinie erfolgen.<\/p>\n<p class=\"p1\"><strong>Ziel des Spiels<\/strong><\/p>\n<p class=\"p1\">Wer es schafft, seine Steine so anzuordnen, dass drei, f\u00fcnf oder sieben nebeneinander auf einer Gerade liegen hat gewonnen. Es gibt also vier m\u00f6gliche Gewinnstellungen, siehe Abbildung rechts. Wer zuerst eine dieser vier Stellungen schafft, ist Sieger.<\/p>\n<p style=\"line-height: 16.8999996185303px;\"><em><strong>Tonkin als Werbespiel<\/strong><\/em><\/p>\n<p style=\"line-height: 16.8999996185303px;\"><em style=\"line-height: 16.8999996185303px;\">&#8222;Tonkin&#8220; ist &#8211; wie alle Spiele aus unserem eigenen Verlagsprogramm &#8211; auch erh\u00e4ltlichals Werbespiel mit Firmenlogo, oder wir gestalten es komplett um und passen es an das Corporate Design des Unternehmens an. Mehr \u00fcber unsere<a target=\"_blank\" title=\"spieltz werbespiele firmenspiele\" href=\"agentur\/werbespiele\/\" rel=\"noopener\">Werbespiele auf unserer Agenturseite<\/a>.<\/em><\/p>\n<p class=\"p2\">\n<p class=\"p2\">\n","protected":false},"excerpt":{"rendered":"<p>Strategiespiel f\u00fcr 2 Spieler ab 8 Jahren. Tonkin war Ende des 19. Jahrhunderts in Frankreich sehr popul\u00e4r.  Die vielen m\u00f6glichen Stellungen auf dem Spielbrett machen das Spiel spannend!<\/p>\n","protected":false},"featured_media":0,"comment_status":"open","ping_status":"closed","template":"","meta":{"_themeisle_gutenberg_block_has_review":false},"product_cat":[245,261,279,260,274,258,268,250],"product_tag":[],"yoast_head":"<!-- This site is optimized with the Yoast SEO plugin v22.6 - https:\/\/yoast.com\/wordpress\/plugins\/seo\/ -->\n<title>Tonkin - (er-)finde DEIN Spiel<\/title>\n<meta name=\"robots\" content=\"index, follow, max-snippet:-1, max-image-preview:large, max-video-preview:-1\" \/>\n<link rel=\"canonical\" href=\"https:\/\/www.erfinde-dein-spiel.de\/spiele\/shop\/spiele-kategorie\/brettspiel-klassiker\/tonkin\/\" \/>\n<meta property=\"og:locale\" content=\"de_DE\" \/>\n<meta property=\"og:type\" content=\"article\" \/>\n<meta property=\"og:title\" content=\"Tonkin - (er-)finde DEIN Spiel\" \/>\n<meta property=\"og:description\" content=\"Strategiespiel f\u00fcr 2 Spieler ab 8 Jahren. Tonkin war Ende des 19. Jahrhunderts in Frankreich sehr popul\u00e4r. Die vielen m\u00f6glichen Stellungen auf dem Spielbrett machen das Spiel spannend!\" \/>\n<meta property=\"og:url\" content=\"https:\/\/www.erfinde-dein-spiel.de\/spiele\/shop\/spiele-kategorie\/brettspiel-klassiker\/tonkin\/\" \/>\n<meta property=\"og:site_name\" content=\"(er-)finde DEIN Spiel\" \/>\n<meta property=\"article:modified_time\" content=\"2024-07-16T23:35:33+00:00\" \/>\n<meta name=\"twitter:card\" content=\"summary_large_image\" \/>\n<meta name=\"twitter:label1\" content=\"Gesch\u00e4tzte Lesezeit\" \/>\n\t<meta name=\"twitter:data1\" content=\"1 Minute\" \/>\n<script type=\"application\/ld+json\" class=\"yoast-schema-graph\">{\"@context\":\"https:\/\/schema.org\",\"@graph\":[{\"@type\":\"WebPage\",\"@id\":\"https:\/\/www.erfinde-dein-spiel.de\/spiele\/shop\/spiele-kategorie\/brettspiel-klassiker\/tonkin\/\",\"url\":\"https:\/\/www.erfinde-dein-spiel.de\/spiele\/shop\/spiele-kategorie\/brettspiel-klassiker\/tonkin\/\",\"name\":\"Tonkin - (er-)finde DEIN Spiel\",\"isPartOf\":{\"@id\":\"https:\/\/www.erfinde-dein-spiel.de\/spiele\/#website\"},\"datePublished\":\"2015-11-15T22:53:38+00:00\",\"dateModified\":\"2024-07-16T23:35:33+00:00\",\"breadcrumb\":{\"@id\":\"https:\/\/www.erfinde-dein-spiel.de\/spiele\/shop\/spiele-kategorie\/brettspiel-klassiker\/tonkin\/#breadcrumb\"},\"inLanguage\":\"de-DE\",\"potentialAction\":[{\"@type\":\"ReadAction\",\"target\":[\"https:\/\/www.erfinde-dein-spiel.de\/spiele\/shop\/spiele-kategorie\/brettspiel-klassiker\/tonkin\/\"]}]},{\"@type\":\"BreadcrumbList\",\"@id\":\"https:\/\/www.erfinde-dein-spiel.de\/spiele\/shop\/spiele-kategorie\/brettspiel-klassiker\/tonkin\/#breadcrumb\",\"itemListElement\":[{\"@type\":\"ListItem\",\"position\":1,\"name\":\"Home\",\"item\":\"https:\/\/www.erfinde-dein-spiel.de\/spiele\/\"},{\"@type\":\"ListItem\",\"position\":2,\"name\":\"Shop\",\"item\":\"https:\/\/www.erfinde-dein-spiel.de\/spiele\/\"},{\"@type\":\"ListItem\",\"position\":3,\"name\":\"Tonkin\"}]},{\"@type\":\"WebSite\",\"@id\":\"https:\/\/www.erfinde-dein-spiel.de\/spiele\/#website\",\"url\":\"https:\/\/www.erfinde-dein-spiel.de\/spiele\/\",\"name\":\"(er-)finde DEIN Spiel\",\"description\":\"Spiele aus der Community. Powered by Spieltz.\",\"potentialAction\":[{\"@type\":\"SearchAction\",\"target\":{\"@type\":\"EntryPoint\",\"urlTemplate\":\"https:\/\/www.erfinde-dein-spiel.de\/spiele\/?s={search_term_string}\"},\"query-input\":\"required name=search_term_string\"}],\"inLanguage\":\"de-DE\"}]}<\/script>\n<!-- \/ Yoast SEO plugin. -->","yoast_head_json":{"title":"Tonkin - (er-)finde DEIN Spiel","robots":{"index":"index","follow":"follow","max-snippet":"max-snippet:-1","max-image-preview":"max-image-preview:large","max-video-preview":"max-video-preview:-1"},"canonical":"https:\/\/www.erfinde-dein-spiel.de\/spiele\/shop\/spiele-kategorie\/brettspiel-klassiker\/tonkin\/","og_locale":"de_DE","og_type":"article","og_title":"Tonkin - (er-)finde DEIN Spiel","og_description":"Strategiespiel f\u00fcr 2 Spieler ab 8 Jahren. Tonkin war Ende des 19. Jahrhunderts in Frankreich sehr popul\u00e4r. Die vielen m\u00f6glichen Stellungen auf dem Spielbrett machen das Spiel spannend!","og_url":"https:\/\/www.erfinde-dein-spiel.de\/spiele\/shop\/spiele-kategorie\/brettspiel-klassiker\/tonkin\/","og_site_name":"(er-)finde DEIN Spiel","article_modified_time":"2024-07-16T23:35:33+00:00","twitter_card":"summary_large_image","twitter_misc":{"Gesch\u00e4tzte Lesezeit":"1 Minute"},"schema":{"@context":"https:\/\/schema.org","@graph":[{"@type":"WebPage","@id":"https:\/\/www.erfinde-dein-spiel.de\/spiele\/shop\/spiele-kategorie\/brettspiel-klassiker\/tonkin\/","url":"https:\/\/www.erfinde-dein-spiel.de\/spiele\/shop\/spiele-kategorie\/brettspiel-klassiker\/tonkin\/","name":"Tonkin - (er-)finde DEIN Spiel","isPartOf":{"@id":"https:\/\/www.erfinde-dein-spiel.de\/spiele\/#website"},"datePublished":"2015-11-15T22:53:38+00:00","dateModified":"2024-07-16T23:35:33+00:00","breadcrumb":{"@id":"https:\/\/www.erfinde-dein-spiel.de\/spiele\/shop\/spiele-kategorie\/brettspiel-klassiker\/tonkin\/#breadcrumb"},"inLanguage":"de-DE","potentialAction":[{"@type":"ReadAction","target":["https:\/\/www.erfinde-dein-spiel.de\/spiele\/shop\/spiele-kategorie\/brettspiel-klassiker\/tonkin\/"]}]},{"@type":"BreadcrumbList","@id":"https:\/\/www.erfinde-dein-spiel.de\/spiele\/shop\/spiele-kategorie\/brettspiel-klassiker\/tonkin\/#breadcrumb","itemListElement":[{"@type":"ListItem","position":1,"name":"Home","item":"https:\/\/www.erfinde-dein-spiel.de\/spiele\/"},{"@type":"ListItem","position":2,"name":"Shop","item":"https:\/\/www.erfinde-dein-spiel.de\/spiele\/"},{"@type":"ListItem","position":3,"name":"Tonkin"}]},{"@type":"WebSite","@id":"https:\/\/www.erfinde-dein-spiel.de\/spiele\/#website","url":"https:\/\/www.erfinde-dein-spiel.de\/spiele\/","name":"(er-)finde DEIN Spiel","description":"Spiele aus der Community. Powered by Spieltz.","potentialAction":[{"@type":"SearchAction","target":{"@type":"EntryPoint","urlTemplate":"https:\/\/www.erfinde-dein-spiel.de\/spiele\/?s={search_term_string}"},"query-input":"required name=search_term_string"}],"inLanguage":"de-DE"}]}},"_links":{"self":[{"href":"https:\/\/www.erfinde-dein-spiel.de\/spiele\/wp-json\/wp\/v2\/product\/1489"}],"collection":[{"href":"https:\/\/www.erfinde-dein-spiel.de\/spiele\/wp-json\/wp\/v2\/product"}],"about":[{"href":"https:\/\/www.erfinde-dein-spiel.de\/spiele\/wp-json\/wp\/v2\/types\/product"}],"replies":[{"embeddable":true,"href":"https:\/\/www.erfinde-dein-spiel.de\/spiele\/wp-json\/wp\/v2\/comments?post=1489"}],"wp:attachment":[{"href":"https:\/\/www.erfinde-dein-spiel.de\/spiele\/wp-json\/wp\/v2\/media?parent=1489"}],"wp:term":[{"taxonomy":"product_cat","embeddable":true,"href":"https:\/\/www.erfinde-dein-spiel.de\/spiele\/wp-json\/wp\/v2\/product_cat?post=1489"},{"taxonomy":"product_tag","embeddable":true,"href":"https:\/\/www.erfinde-dein-spiel.de\/spiele\/wp-json\/wp\/v2\/product_tag?post=1489"}],"curies":[{"name":"wp","href":"https:\/\/api.w.org\/{rel}","templated":true}]}}