{"id":1487,"date":"2015-11-15T23:53:37","date_gmt":"2015-11-15T22:53:37","guid":{"rendered":"http:\/\/www.erfinde-dein-spiel.de\/shop\/unkategorisiert\/sonnenmuehle-variante-mittagssonne\/"},"modified":"2024-07-17T01:34:31","modified_gmt":"2024-07-16T23:34:31","slug":"sonnenmuehle-variante-mittagssonne","status":"publish","type":"product","link":"https:\/\/www.erfinde-dein-spiel.de\/spiele\/shop\/spiele-kategorie\/brettspiel-klassiker\/sonnenmuehle-variante-mittagssonne\/","title":{"rendered":"Sonnenm\u00fchle, Variante &#8222;Mittagssonne&#8220;"},"content":{"rendered":"<p><span style=\"font-family: Tahoma, Verdana, Arial, sans-serif; font-size: 13px; line-height: 16.890625px; background-color: #ffffff;\">M\u00fchle ist ein Strategiespiel f\u00fcr 2 Spieler. &#8222;Sonnenm\u00fchle&#8220; ist eine anspruchsvolle M\u00fchle-Variante mit 12 Steinen pro Spieler.<\/span><\/p>\n<p>M\u00fchle ist ein Strategiespiel f\u00fcr 2 Spieler. &#8222;Sonnenm\u00fchle&#8220; ist eine knifflige M\u00fchle-Variante mit 12 Steinen pro Spieler.<\/p>\n<p><strong> Spielmaterial<\/strong><\/p>\n<p>&#8211; 1 Spielplane &#8211; 12 wei\u00dfe Steine &#8211; 12 schwarze Steine<\/p>\n<p><strong>Spielablauf<\/strong><\/p>\n<p>Zu Beginn des Spiels ist das Spielfeld leer. W\u00e4hrend der ersten Spielphase setzen die Spieler abwechselnd jeweils einen Stein auf einen freien Knoten &#8211; bis alle Steine gesetzt sind. <\/p>\n<p>Sind alle Steine gesetzt geht das Spiel in die n\u00e4chste Phase \u00fcber: Es wird gezogen. Die Spieler ziehen abwechselnd jeweils einen Stein in beliebiger Richtung auf ein freies Nachbarfeld. Der Zug muss entlang einer Verbindungslinie erfolgen. <\/p>\n<p>Drei nebeneinander liegende Steine gleicher Farbe bilden eine M\u00dcHLE. M\u00fchlen gelten nur dann als M\u00fchlen, wenn die Steine auf einer Verbindungslinie liegen. Nicht verbundene Knotenpunkte k\u00f6nnen zusammen keine M\u00fchle bilden.   Wer eine M\u00fchle gebildet hat darf dem Gegner einen beliebigen Stein wegnehmen. Der Stein scheidet aus. Aus einer geschlossenen M\u00fchle darf aber kein Stein entfernt werden. <\/p>\n<p>Sobald ein Spieler nur noch 3 Steine im Spiel hat darf er springen &#8211; auf jedes freie Feld.<\/p>\n<p><span style=\"text-decoration: underline;\">Spielende:<\/span><\/p>\n<p>Wenn ein Spieler nur mehr 2 Steine hat oder so eingeschlossen ist, dass er nicht mehr ziehen kann hat er verloren. Der andere Spieler ist der Gewinner.<\/p>\n<p style=\"line-height: 16.8999996185303px;\"><em><strong>Sonnenm\u00fchle als Werbespiel<\/strong><\/em><\/p>\n<p style=\"line-height: 16.8999996185303px;\"><em style=\"line-height: 16.8999996185303px;\">&#8222;Sonnenm\u00fchle&#8220; ist &#8211; wie alle Spiele aus unserem eigenen Verlagsprogramm &#8211; auch erh\u00e4ltlichals Werbespiel mit Firmenlogo, oder wir gestalten es komplett um und passen es an das Corporate Design des Unternehmens an. Mehr \u00fcber unsere<a target=\"_blank\" title=\"spieltz werbespiele firmenspiele\" href=\"agentur\/werbespiele\/\" rel=\"noopener\">Werbespiele auf unserer Agenturseite<\/a>.<\/em><\/p>\n","protected":false},"excerpt":{"rendered":"<p>M\u00fchle ist ein Strategiespiel f\u00fcr 2 Spieler. &#8222;Sonnenm\u00fchle&#8220; ist eine anspruchsvolle M\u00fchle-Variante mit 12 Steinen pro Spieler.<\/p>\n","protected":false},"featured_media":0,"comment_status":"open","ping_status":"closed","template":"","meta":{"_themeisle_gutenberg_block_has_review":false},"product_cat":[245,263,261,278,260,273,258,266,250],"product_tag":[],"yoast_head":"<!-- This site is optimized with the Yoast SEO plugin v22.6 - https:\/\/yoast.com\/wordpress\/plugins\/seo\/ -->\n<title>Sonnenm\u00fchle, Variante &quot;Mittagssonne&quot; - (er-)finde DEIN Spiel<\/title>\n<meta name=\"robots\" content=\"index, follow, max-snippet:-1, max-image-preview:large, max-video-preview:-1\" \/>\n<link rel=\"canonical\" href=\"https:\/\/www.erfinde-dein-spiel.de\/spiele\/shop\/spiele-kategorie\/brettspiel-klassiker\/sonnenmuehle-variante-mittagssonne\/\" \/>\n<meta property=\"og:locale\" content=\"de_DE\" \/>\n<meta property=\"og:type\" content=\"article\" \/>\n<meta property=\"og:title\" content=\"Sonnenm\u00fchle, Variante &quot;Mittagssonne&quot; - (er-)finde DEIN Spiel\" \/>\n<meta property=\"og:description\" content=\"M\u00fchle ist ein Strategiespiel f\u00fcr 2 Spieler. &quot;Sonnenm\u00fchle&quot; ist eine anspruchsvolle M\u00fchle-Variante mit 12 Steinen pro Spieler.\" \/>\n<meta property=\"og:url\" content=\"https:\/\/www.erfinde-dein-spiel.de\/spiele\/shop\/spiele-kategorie\/brettspiel-klassiker\/sonnenmuehle-variante-mittagssonne\/\" \/>\n<meta property=\"og:site_name\" content=\"(er-)finde DEIN Spiel\" \/>\n<meta property=\"article:modified_time\" content=\"2024-07-16T23:34:31+00:00\" \/>\n<meta name=\"twitter:card\" content=\"summary_large_image\" \/>\n<meta name=\"twitter:label1\" content=\"Gesch\u00e4tzte Lesezeit\" \/>\n\t<meta name=\"twitter:data1\" content=\"1 Minute\" \/>\n<script type=\"application\/ld+json\" class=\"yoast-schema-graph\">{\"@context\":\"https:\/\/schema.org\",\"@graph\":[{\"@type\":\"WebPage\",\"@id\":\"https:\/\/www.erfinde-dein-spiel.de\/spiele\/shop\/spiele-kategorie\/brettspiel-klassiker\/sonnenmuehle-variante-mittagssonne\/\",\"url\":\"https:\/\/www.erfinde-dein-spiel.de\/spiele\/shop\/spiele-kategorie\/brettspiel-klassiker\/sonnenmuehle-variante-mittagssonne\/\",\"name\":\"Sonnenm\u00fchle, Variante \\\"Mittagssonne\\\" - (er-)finde DEIN Spiel\",\"isPartOf\":{\"@id\":\"https:\/\/www.erfinde-dein-spiel.de\/spiele\/#website\"},\"datePublished\":\"2015-11-15T22:53:37+00:00\",\"dateModified\":\"2024-07-16T23:34:31+00:00\",\"breadcrumb\":{\"@id\":\"https:\/\/www.erfinde-dein-spiel.de\/spiele\/shop\/spiele-kategorie\/brettspiel-klassiker\/sonnenmuehle-variante-mittagssonne\/#breadcrumb\"},\"inLanguage\":\"de-DE\",\"potentialAction\":[{\"@type\":\"ReadAction\",\"target\":[\"https:\/\/www.erfinde-dein-spiel.de\/spiele\/shop\/spiele-kategorie\/brettspiel-klassiker\/sonnenmuehle-variante-mittagssonne\/\"]}]},{\"@type\":\"BreadcrumbList\",\"@id\":\"https:\/\/www.erfinde-dein-spiel.de\/spiele\/shop\/spiele-kategorie\/brettspiel-klassiker\/sonnenmuehle-variante-mittagssonne\/#breadcrumb\",\"itemListElement\":[{\"@type\":\"ListItem\",\"position\":1,\"name\":\"Home\",\"item\":\"https:\/\/www.erfinde-dein-spiel.de\/spiele\/\"},{\"@type\":\"ListItem\",\"position\":2,\"name\":\"Shop\",\"item\":\"https:\/\/www.erfinde-dein-spiel.de\/spiele\/\"},{\"@type\":\"ListItem\",\"position\":3,\"name\":\"Sonnenm\u00fchle, Variante &#8222;Mittagssonne&#8220;\"}]},{\"@type\":\"WebSite\",\"@id\":\"https:\/\/www.erfinde-dein-spiel.de\/spiele\/#website\",\"url\":\"https:\/\/www.erfinde-dein-spiel.de\/spiele\/\",\"name\":\"(er-)finde DEIN Spiel\",\"description\":\"Spiele aus der Community. Powered by Spieltz.\",\"potentialAction\":[{\"@type\":\"SearchAction\",\"target\":{\"@type\":\"EntryPoint\",\"urlTemplate\":\"https:\/\/www.erfinde-dein-spiel.de\/spiele\/?s={search_term_string}\"},\"query-input\":\"required name=search_term_string\"}],\"inLanguage\":\"de-DE\"}]}<\/script>\n<!-- \/ Yoast SEO plugin. -->","yoast_head_json":{"title":"Sonnenm\u00fchle, Variante \"Mittagssonne\" - (er-)finde DEIN Spiel","robots":{"index":"index","follow":"follow","max-snippet":"max-snippet:-1","max-image-preview":"max-image-preview:large","max-video-preview":"max-video-preview:-1"},"canonical":"https:\/\/www.erfinde-dein-spiel.de\/spiele\/shop\/spiele-kategorie\/brettspiel-klassiker\/sonnenmuehle-variante-mittagssonne\/","og_locale":"de_DE","og_type":"article","og_title":"Sonnenm\u00fchle, Variante \"Mittagssonne\" - (er-)finde DEIN Spiel","og_description":"M\u00fchle ist ein Strategiespiel f\u00fcr 2 Spieler. \"Sonnenm\u00fchle\" ist eine anspruchsvolle M\u00fchle-Variante mit 12 Steinen pro Spieler.","og_url":"https:\/\/www.erfinde-dein-spiel.de\/spiele\/shop\/spiele-kategorie\/brettspiel-klassiker\/sonnenmuehle-variante-mittagssonne\/","og_site_name":"(er-)finde DEIN Spiel","article_modified_time":"2024-07-16T23:34:31+00:00","twitter_card":"summary_large_image","twitter_misc":{"Gesch\u00e4tzte Lesezeit":"1 Minute"},"schema":{"@context":"https:\/\/schema.org","@graph":[{"@type":"WebPage","@id":"https:\/\/www.erfinde-dein-spiel.de\/spiele\/shop\/spiele-kategorie\/brettspiel-klassiker\/sonnenmuehle-variante-mittagssonne\/","url":"https:\/\/www.erfinde-dein-spiel.de\/spiele\/shop\/spiele-kategorie\/brettspiel-klassiker\/sonnenmuehle-variante-mittagssonne\/","name":"Sonnenm\u00fchle, Variante \"Mittagssonne\" - (er-)finde DEIN Spiel","isPartOf":{"@id":"https:\/\/www.erfinde-dein-spiel.de\/spiele\/#website"},"datePublished":"2015-11-15T22:53:37+00:00","dateModified":"2024-07-16T23:34:31+00:00","breadcrumb":{"@id":"https:\/\/www.erfinde-dein-spiel.de\/spiele\/shop\/spiele-kategorie\/brettspiel-klassiker\/sonnenmuehle-variante-mittagssonne\/#breadcrumb"},"inLanguage":"de-DE","potentialAction":[{"@type":"ReadAction","target":["https:\/\/www.erfinde-dein-spiel.de\/spiele\/shop\/spiele-kategorie\/brettspiel-klassiker\/sonnenmuehle-variante-mittagssonne\/"]}]},{"@type":"BreadcrumbList","@id":"https:\/\/www.erfinde-dein-spiel.de\/spiele\/shop\/spiele-kategorie\/brettspiel-klassiker\/sonnenmuehle-variante-mittagssonne\/#breadcrumb","itemListElement":[{"@type":"ListItem","position":1,"name":"Home","item":"https:\/\/www.erfinde-dein-spiel.de\/spiele\/"},{"@type":"ListItem","position":2,"name":"Shop","item":"https:\/\/www.erfinde-dein-spiel.de\/spiele\/"},{"@type":"ListItem","position":3,"name":"Sonnenm\u00fchle, Variante &#8222;Mittagssonne&#8220;"}]},{"@type":"WebSite","@id":"https:\/\/www.erfinde-dein-spiel.de\/spiele\/#website","url":"https:\/\/www.erfinde-dein-spiel.de\/spiele\/","name":"(er-)finde DEIN Spiel","description":"Spiele aus der Community. Powered by Spieltz.","potentialAction":[{"@type":"SearchAction","target":{"@type":"EntryPoint","urlTemplate":"https:\/\/www.erfinde-dein-spiel.de\/spiele\/?s={search_term_string}"},"query-input":"required name=search_term_string"}],"inLanguage":"de-DE"}]}},"_links":{"self":[{"href":"https:\/\/www.erfinde-dein-spiel.de\/spiele\/wp-json\/wp\/v2\/product\/1487"}],"collection":[{"href":"https:\/\/www.erfinde-dein-spiel.de\/spiele\/wp-json\/wp\/v2\/product"}],"about":[{"href":"https:\/\/www.erfinde-dein-spiel.de\/spiele\/wp-json\/wp\/v2\/types\/product"}],"replies":[{"embeddable":true,"href":"https:\/\/www.erfinde-dein-spiel.de\/spiele\/wp-json\/wp\/v2\/comments?post=1487"}],"wp:attachment":[{"href":"https:\/\/www.erfinde-dein-spiel.de\/spiele\/wp-json\/wp\/v2\/media?parent=1487"}],"wp:term":[{"taxonomy":"product_cat","embeddable":true,"href":"https:\/\/www.erfinde-dein-spiel.de\/spiele\/wp-json\/wp\/v2\/product_cat?post=1487"},{"taxonomy":"product_tag","embeddable":true,"href":"https:\/\/www.erfinde-dein-spiel.de\/spiele\/wp-json\/wp\/v2\/product_tag?post=1487"}],"curies":[{"name":"wp","href":"https:\/\/api.w.org\/{rel}","templated":true}]}}