{"id":1476,"date":"2015-11-15T23:53:30","date_gmt":"2015-11-15T22:53:30","guid":{"rendered":"http:\/\/www.erfinde-dein-spiel.de\/shop\/unkategorisiert\/nexus\/"},"modified":"2024-07-17T01:34:45","modified_gmt":"2024-07-16T23:34:45","slug":"nexus","status":"publish","type":"product","link":"https:\/\/www.erfinde-dein-spiel.de\/spiele\/shop\/spiele-kategorie\/familienspiele\/nexus\/","title":{"rendered":"neXus"},"content":{"rendered":"<div>\n<p>Spielidee + Grafik: Stefan W.Wolf<br \/>\n<a href=\"http:\/\/www.erfinde-dein-spiel.de\/spiele\/wolf-spiele\/\">Aus dem Shop: WOLF SPIELE<\/a><\/p>\n<h2>Inhalt<\/h2>\n<div><em>Je 5 Spielfiguren in 6 verschiedenen Farben,<\/em><\/div>\n<div><em>16 (Denk-)Blockadesteine, 2 W\u00fcrfel,1 Spielplan<\/em><\/div>\n<\/div>\n<h2><\/h2>\n<h2>Allgemeines<\/h2>\n<div>Welche z\u00fcndende Idee bringt dich ins Innere des neXus? Mit etwas W\u00fcrfelgl\u00fcck, aber vor allem der richtigen Strategie, ist das Ziel zum Greifen nahe &#8211; w\u00e4ren da nicht deine Mitspieler. Falls sie dir keine fiesen (Denk-)Blockaden in den Weg legen, bef\u00f6rdern sie dich einfach zur\u00fcck zum Startpunkt. Verb\u00fcndest du dich mit deinen Gegnern, oder k\u00e4mpfst du alleine? Denke daran, am Ende ist sich jeder selbst der N\u00e4chste und es kann nur einen geben, der das Ziel erreicht.<\/div>\n<h2><\/h2>\n<h2>Vorbereitung<\/h2>\n<div>Jeder Spieler w\u00e4hlt eine Farbe aus und erh\u00e4lt die dazu passenden 5 Spielfiguren. Vor Spielbeginn werden die Figuren auf die Startfelder in der jeweiligen Spielerfarbe aufgestellt. Die (Denk-)Blockadesteine werden auf die magentafarbenen Felder gelegt.<\/div>\n<h2><\/h2>\n<h2>Spielbeginn<\/h2>\n<div>Der Startspieler wird per W\u00fcrfel ausgelost, der Spieler mit der niedrigsten Augenzahl beginnt. Die Reihenfolge kann <em>im<\/em> oder <em>gegen<\/em> den Uhrzeigersinn erfolgen, ganz nach Vorliebe der Spieler. Alle Spielfiguren starten vom ersten schwarzen Punkt, der vor den jeweiligen Startfeldern liegt. Die Punkte in der Spielerfarbe der Startfelder werden nicht mitgez\u00e4hlt.<\/div>\n<h2><\/h2>\n<h2>Bewegung<\/h2>\n<div>Man bewegt eine seiner Spielfiguren so viele Felder, wie man Augen gew\u00fcrfelt hat. Alle Figuren d\u00fcrfen sich in jede beliebige Richtung bewegen, solange die beiden angrenzenden Felder durch eine Linie verbunden sind. Innerhalb eines Zuges muss jedoch die Laufrichtung beibehalten werden. Es d\u00fcrfen auch neue Figuren ins Spiel gebracht werden. Gegnerische und eigene Figuren (ausgenommen Blockaden) d\u00fcrfen beim Ziehen \u00fcbersprungen werden.<\/div>\n<h2><\/h2>\n<h2>Schlagen<\/h2>\n<div>Auf jedem Feld darf nur eine Spielfigur stehen. Ist ein Feld bereits besetzt, wird die Spielfigur des Gegners zu seinem Startpunkt zur\u00fcck geschickt. Auf wei\u00df umrandeten Feldern d\u00fcrfen Spieler nicht geschlagen werden.<\/div>\n<h2><\/h2>\n<h2>(Denk-)Blockaden<\/h2>\n<div>(Denk-)Blockaden k\u00f6nnen nicht einfach \u00fcbersprungen werden, man\u00a0kann sie lediglich bewegen. Erreicht man mit seinem W\u00fcrfelwurf direkt ein blockiertes Feld, muss man die Blockade sofort auf ein anderes Feld (mindestens drei Reihen oberhalb der jeweiligen Startfelder) platzieren. Durch die (Denk-)Blockaden kann man andere Spieler am Vorankommen hindern, oder sich gegen Gegner abschirmen und verteidigen.<\/div>\n<h2><\/h2>\n<h2>Ende<\/h2>\n<div>Das Spiel ist beendet, sobald eine Spielfigur mit direktem Wurf das Ziel, das Innere des neXus erreicht hat.<\/div>\n<h2><\/h2>\n<h2>SHOP<\/h2>\n<blockquote class=\"wp-embedded-content\" data-secret=\"yqanggkXTE\"><p><a href=\"https:\/\/www.erfinde-dein-spiel.de\/spiele\/wolf-spiele\/\">Wolf Spiele<\/a><\/p><\/blockquote>\n<p><iframe class=\"wp-embedded-content\" sandbox=\"allow-scripts\" security=\"restricted\" style=\"position: absolute; clip: rect(1px, 1px, 1px, 1px);\" title=\"&#8222;Wolf Spiele&#8220; &#8212; (er-)finde DEIN Spiel\" src=\"https:\/\/www.erfinde-dein-spiel.de\/spiele\/wolf-spiele\/embed\/#?secret=zuSFA4pyir#?secret=yqanggkXTE\" data-secret=\"yqanggkXTE\" width=\"500\" height=\"282\" frameborder=\"0\" marginwidth=\"0\" marginheight=\"0\" scrolling=\"no\"><\/iframe><\/p>\n<div><\/div>\n<div><\/div>\n","protected":false},"excerpt":{"rendered":"<p><a href=\"http:\/\/www.erfinde-dein-spiel.de\/spiele\/wolf-spiele\/\">Shop: WOLF SPIELE<\/a><\/p>\n<p>Max. 6 Spieler liefern sich per W\u00fcrfelwurf ein Rennen zum Inneren des neXus. Gegner k\u00f6nnen geschlagen, oder durch (Denk-)Blockaden verlangsamt werden. Wer zuerst die Mitte erreicht, gewinnt das Spiel.<\/p>\n<p>Rollbarer Spielplan aus LKW-Plane, Gr\u00f6\u00dfe: 30&#215;30 cm, Spielfiguren aus Holz.\u00a0Verpackung: Papprolle wei\u00df, L\u00e4nge 34 cm, Durchmesser 6 cm<\/p>\n","protected":false},"featured_media":1478,"comment_status":"open","ping_status":"closed","template":"","meta":{"_themeisle_gutenberg_block_has_review":false},"product_cat":[304,314,248,261,283,260,274,258,267],"product_tag":[],"yoast_head":"<!-- This site is optimized with the Yoast SEO plugin v22.6 - https:\/\/yoast.com\/wordpress\/plugins\/seo\/ -->\n<title>neXus - (er-)finde DEIN Spiel<\/title>\n<meta name=\"robots\" content=\"index, follow, max-snippet:-1, max-image-preview:large, max-video-preview:-1\" \/>\n<link rel=\"canonical\" href=\"https:\/\/www.erfinde-dein-spiel.de\/spiele\/shop\/spiele-kategorie\/familienspiele\/nexus\/\" \/>\n<meta property=\"og:locale\" content=\"de_DE\" \/>\n<meta property=\"og:type\" content=\"article\" \/>\n<meta property=\"og:title\" content=\"neXus - (er-)finde DEIN Spiel\" \/>\n<meta property=\"og:description\" content=\"Shop: WOLF SPIELE  Max. 6 Spieler liefern sich per W\u00fcrfelwurf ein Rennen zum Inneren des neXus. Gegner k\u00f6nnen geschlagen, oder durch (Denk-)Blockaden verlangsamt werden. Wer zuerst die Mitte erreicht, gewinnt das Spiel.  Rollbarer Spielplan aus LKW-Plane, Gr\u00f6\u00dfe: 30x30 cm, Spielfiguren aus Holz.\u00a0Verpackung: Papprolle wei\u00df, L\u00e4nge 34 cm, Durchmesser 6 cm\" \/>\n<meta property=\"og:url\" content=\"https:\/\/www.erfinde-dein-spiel.de\/spiele\/shop\/spiele-kategorie\/familienspiele\/nexus\/\" \/>\n<meta property=\"og:site_name\" content=\"(er-)finde DEIN Spiel\" \/>\n<meta property=\"article:modified_time\" content=\"2024-07-16T23:34:45+00:00\" \/>\n<meta property=\"og:image\" content=\"http:\/\/www.erfinde-dein-spiel.de\/spiele\/wp-content\/uploads\/2015\/11\/PP_484_5153.jpg\" \/>\n\t<meta property=\"og:image:width\" content=\"500\" \/>\n\t<meta property=\"og:image:height\" content=\"500\" \/>\n\t<meta property=\"og:image:type\" content=\"image\/jpeg\" \/>\n<meta name=\"twitter:card\" content=\"summary_large_image\" \/>\n<meta name=\"twitter:label1\" content=\"Gesch\u00e4tzte Lesezeit\" \/>\n\t<meta name=\"twitter:data1\" content=\"2 Minuten\" \/>\n<script type=\"application\/ld+json\" class=\"yoast-schema-graph\">{\"@context\":\"https:\/\/schema.org\",\"@graph\":[{\"@type\":\"WebPage\",\"@id\":\"https:\/\/www.erfinde-dein-spiel.de\/spiele\/shop\/spiele-kategorie\/familienspiele\/nexus\/\",\"url\":\"https:\/\/www.erfinde-dein-spiel.de\/spiele\/shop\/spiele-kategorie\/familienspiele\/nexus\/\",\"name\":\"neXus - (er-)finde DEIN Spiel\",\"isPartOf\":{\"@id\":\"https:\/\/www.erfinde-dein-spiel.de\/spiele\/#website\"},\"primaryImageOfPage\":{\"@id\":\"https:\/\/www.erfinde-dein-spiel.de\/spiele\/shop\/spiele-kategorie\/familienspiele\/nexus\/#primaryimage\"},\"image\":{\"@id\":\"https:\/\/www.erfinde-dein-spiel.de\/spiele\/shop\/spiele-kategorie\/familienspiele\/nexus\/#primaryimage\"},\"thumbnailUrl\":\"https:\/\/www.erfinde-dein-spiel.de\/spiele\/wp-content\/uploads\/2015\/11\/PP_484_5153.jpg\",\"datePublished\":\"2015-11-15T22:53:30+00:00\",\"dateModified\":\"2024-07-16T23:34:45+00:00\",\"breadcrumb\":{\"@id\":\"https:\/\/www.erfinde-dein-spiel.de\/spiele\/shop\/spiele-kategorie\/familienspiele\/nexus\/#breadcrumb\"},\"inLanguage\":\"de-DE\",\"potentialAction\":[{\"@type\":\"ReadAction\",\"target\":[\"https:\/\/www.erfinde-dein-spiel.de\/spiele\/shop\/spiele-kategorie\/familienspiele\/nexus\/\"]}]},{\"@type\":\"ImageObject\",\"inLanguage\":\"de-DE\",\"@id\":\"https:\/\/www.erfinde-dein-spiel.de\/spiele\/shop\/spiele-kategorie\/familienspiele\/nexus\/#primaryimage\",\"url\":\"https:\/\/www.erfinde-dein-spiel.de\/spiele\/wp-content\/uploads\/2015\/11\/PP_484_5153.jpg\",\"contentUrl\":\"https:\/\/www.erfinde-dein-spiel.de\/spiele\/wp-content\/uploads\/2015\/11\/PP_484_5153.jpg\",\"width\":500,\"height\":500},{\"@type\":\"BreadcrumbList\",\"@id\":\"https:\/\/www.erfinde-dein-spiel.de\/spiele\/shop\/spiele-kategorie\/familienspiele\/nexus\/#breadcrumb\",\"itemListElement\":[{\"@type\":\"ListItem\",\"position\":1,\"name\":\"Home\",\"item\":\"https:\/\/www.erfinde-dein-spiel.de\/spiele\/\"},{\"@type\":\"ListItem\",\"position\":2,\"name\":\"Shop\",\"item\":\"https:\/\/www.erfinde-dein-spiel.de\/spiele\/\"},{\"@type\":\"ListItem\",\"position\":3,\"name\":\"neXus\"}]},{\"@type\":\"WebSite\",\"@id\":\"https:\/\/www.erfinde-dein-spiel.de\/spiele\/#website\",\"url\":\"https:\/\/www.erfinde-dein-spiel.de\/spiele\/\",\"name\":\"(er-)finde DEIN Spiel\",\"description\":\"Spiele aus der Community. Powered by Spieltz.\",\"potentialAction\":[{\"@type\":\"SearchAction\",\"target\":{\"@type\":\"EntryPoint\",\"urlTemplate\":\"https:\/\/www.erfinde-dein-spiel.de\/spiele\/?s={search_term_string}\"},\"query-input\":\"required name=search_term_string\"}],\"inLanguage\":\"de-DE\"}]}<\/script>\n<!-- \/ Yoast SEO plugin. -->","yoast_head_json":{"title":"neXus - (er-)finde DEIN Spiel","robots":{"index":"index","follow":"follow","max-snippet":"max-snippet:-1","max-image-preview":"max-image-preview:large","max-video-preview":"max-video-preview:-1"},"canonical":"https:\/\/www.erfinde-dein-spiel.de\/spiele\/shop\/spiele-kategorie\/familienspiele\/nexus\/","og_locale":"de_DE","og_type":"article","og_title":"neXus - (er-)finde DEIN Spiel","og_description":"Shop: WOLF SPIELE  Max. 6 Spieler liefern sich per W\u00fcrfelwurf ein Rennen zum Inneren des neXus. Gegner k\u00f6nnen geschlagen, oder durch (Denk-)Blockaden verlangsamt werden. Wer zuerst die Mitte erreicht, gewinnt das Spiel.  Rollbarer Spielplan aus LKW-Plane, Gr\u00f6\u00dfe: 30x30 cm, Spielfiguren aus Holz.\u00a0Verpackung: Papprolle wei\u00df, L\u00e4nge 34 cm, Durchmesser 6 cm","og_url":"https:\/\/www.erfinde-dein-spiel.de\/spiele\/shop\/spiele-kategorie\/familienspiele\/nexus\/","og_site_name":"(er-)finde DEIN Spiel","article_modified_time":"2024-07-16T23:34:45+00:00","og_image":[{"width":500,"height":500,"url":"http:\/\/www.erfinde-dein-spiel.de\/spiele\/wp-content\/uploads\/2015\/11\/PP_484_5153.jpg","type":"image\/jpeg"}],"twitter_card":"summary_large_image","twitter_misc":{"Gesch\u00e4tzte Lesezeit":"2 Minuten"},"schema":{"@context":"https:\/\/schema.org","@graph":[{"@type":"WebPage","@id":"https:\/\/www.erfinde-dein-spiel.de\/spiele\/shop\/spiele-kategorie\/familienspiele\/nexus\/","url":"https:\/\/www.erfinde-dein-spiel.de\/spiele\/shop\/spiele-kategorie\/familienspiele\/nexus\/","name":"neXus - (er-)finde DEIN Spiel","isPartOf":{"@id":"https:\/\/www.erfinde-dein-spiel.de\/spiele\/#website"},"primaryImageOfPage":{"@id":"https:\/\/www.erfinde-dein-spiel.de\/spiele\/shop\/spiele-kategorie\/familienspiele\/nexus\/#primaryimage"},"image":{"@id":"https:\/\/www.erfinde-dein-spiel.de\/spiele\/shop\/spiele-kategorie\/familienspiele\/nexus\/#primaryimage"},"thumbnailUrl":"https:\/\/www.erfinde-dein-spiel.de\/spiele\/wp-content\/uploads\/2015\/11\/PP_484_5153.jpg","datePublished":"2015-11-15T22:53:30+00:00","dateModified":"2024-07-16T23:34:45+00:00","breadcrumb":{"@id":"https:\/\/www.erfinde-dein-spiel.de\/spiele\/shop\/spiele-kategorie\/familienspiele\/nexus\/#breadcrumb"},"inLanguage":"de-DE","potentialAction":[{"@type":"ReadAction","target":["https:\/\/www.erfinde-dein-spiel.de\/spiele\/shop\/spiele-kategorie\/familienspiele\/nexus\/"]}]},{"@type":"ImageObject","inLanguage":"de-DE","@id":"https:\/\/www.erfinde-dein-spiel.de\/spiele\/shop\/spiele-kategorie\/familienspiele\/nexus\/#primaryimage","url":"https:\/\/www.erfinde-dein-spiel.de\/spiele\/wp-content\/uploads\/2015\/11\/PP_484_5153.jpg","contentUrl":"https:\/\/www.erfinde-dein-spiel.de\/spiele\/wp-content\/uploads\/2015\/11\/PP_484_5153.jpg","width":500,"height":500},{"@type":"BreadcrumbList","@id":"https:\/\/www.erfinde-dein-spiel.de\/spiele\/shop\/spiele-kategorie\/familienspiele\/nexus\/#breadcrumb","itemListElement":[{"@type":"ListItem","position":1,"name":"Home","item":"https:\/\/www.erfinde-dein-spiel.de\/spiele\/"},{"@type":"ListItem","position":2,"name":"Shop","item":"https:\/\/www.erfinde-dein-spiel.de\/spiele\/"},{"@type":"ListItem","position":3,"name":"neXus"}]},{"@type":"WebSite","@id":"https:\/\/www.erfinde-dein-spiel.de\/spiele\/#website","url":"https:\/\/www.erfinde-dein-spiel.de\/spiele\/","name":"(er-)finde DEIN Spiel","description":"Spiele aus der Community. Powered by Spieltz.","potentialAction":[{"@type":"SearchAction","target":{"@type":"EntryPoint","urlTemplate":"https:\/\/www.erfinde-dein-spiel.de\/spiele\/?s={search_term_string}"},"query-input":"required name=search_term_string"}],"inLanguage":"de-DE"}]}},"_links":{"self":[{"href":"https:\/\/www.erfinde-dein-spiel.de\/spiele\/wp-json\/wp\/v2\/product\/1476"}],"collection":[{"href":"https:\/\/www.erfinde-dein-spiel.de\/spiele\/wp-json\/wp\/v2\/product"}],"about":[{"href":"https:\/\/www.erfinde-dein-spiel.de\/spiele\/wp-json\/wp\/v2\/types\/product"}],"replies":[{"embeddable":true,"href":"https:\/\/www.erfinde-dein-spiel.de\/spiele\/wp-json\/wp\/v2\/comments?post=1476"}],"wp:featuredmedia":[{"embeddable":true,"href":"https:\/\/www.erfinde-dein-spiel.de\/spiele\/wp-json\/wp\/v2\/media\/1478"}],"wp:attachment":[{"href":"https:\/\/www.erfinde-dein-spiel.de\/spiele\/wp-json\/wp\/v2\/media?parent=1476"}],"wp:term":[{"taxonomy":"product_cat","embeddable":true,"href":"https:\/\/www.erfinde-dein-spiel.de\/spiele\/wp-json\/wp\/v2\/product_cat?post=1476"},{"taxonomy":"product_tag","embeddable":true,"href":"https:\/\/www.erfinde-dein-spiel.de\/spiele\/wp-json\/wp\/v2\/product_tag?post=1476"}],"curies":[{"name":"wp","href":"https:\/\/api.w.org\/{rel}","templated":true}]}}