{"id":1474,"date":"2015-11-15T23:53:28","date_gmt":"2015-11-15T22:53:28","guid":{"rendered":"http:\/\/www.erfinde-dein-spiel.de\/shop\/unkategorisiert\/gerdchens-kfz-werkstatt\/"},"modified":"2025-10-01T13:47:00","modified_gmt":"2025-10-01T11:47:00","slug":"gerdchens-kfz-werkstatt","status":"publish","type":"product","link":"https:\/\/www.erfinde-dein-spiel.de\/spiele\/shop\/spiel-thema\/technik\/gerdchens-kfz-werkstatt\/","title":{"rendered":"Gerdchens Kfz-Werkstatt !"},"content":{"rendered":"<h3>Das Spiel<\/h3>\n<p>Gerdchens Kfz-Werkstatt!!!\u00a0Das W\u00fcrfelspiel f\u00fcr 2-4 Personen.<\/p>\n<h4>Spielgeschichte<\/h4>\n<p>Gerdchen ist Mitarbeiter einer Kfz-Werkstatt.<br \/>\nSchl\u00fcpfe in Gerdchens Rolle und erlebe einen Arbeitstag in seiner Werkstatt.<\/p>\n<h4>Spielregeln<\/h4>\n<p>1. Jeder Spieler erh\u00e4lt eine Spielfigur.<br \/>\n2. Das Ziel ist, Deine Spielfigur als Erster vom Start zum Ziel zu bringen.<br \/>\n3. Die Spielfelder sind die R\u00e4der mit hellen Felgen und die Zahlenfelder.<br \/>\n4. Auf den Zahlenfeldern ergibt sich immer ein Ereignis.<br \/>\n5. Die 6 ist eine ganz normale Zahl und es wird nicht noch einmal gew\u00fcrfelt.<br \/>\n6. In dieser Werkstatt wird Niemand rausgeschmissen. Ist Dein Feld besetzt, gehe auf das n\u00e4chste freie Feld, je nachdem, in welcher Richtung Du gerade unterwegs bist. ( manchmal muss man auch zur\u00fcck )<br \/>\n7. Wichtig: Auf den Zahlenfeldern d\u00fcrft Ihr gemeinsam stehen!<\/p>\n<h4>Spielablauf<\/h4>\n<p>1. Zuerst braucht jeder eine Personalnummer! Die verr\u00e4t Euch der W\u00fcrfel ( gut merken! ).<br \/>\n2. Doppelte Nummern sind erlaubt. Nun geht es los!<br \/>\n3. Der Spieler mit der h\u00f6chsten Zahl beginnt. Stell Deine Gerdchen-Spielfigur auf das Start-Schild und nun w\u00fcrfele Deine Personalnummer erneut. Du hast 3 Versuche, dann ist der n\u00e4chste Spieler dran.<br \/>\n4. Hast Du Deine Nummer erw\u00fcrfelt, bist Du im Werkstattsystem eingeloggt und Dein Tag in der Werkstatt beginnt.<br \/>\n5. Du darfst noch einmal w\u00fcrfeln und Deine Spielfigur setzen. Beeile Dich, der Tag ist kurz!!<\/p>\n<h4>Zahlenfelder<\/h4>\n<p>Kommt Deine Spielfigur auf ein Zahlenfeld, ergibt sich folgendes Ereignis:<\/p>\n<p>10 Du bist schon voll bei der Arbeit und stellst fest, dass Deine Teile nicht passen. Du musst die Teile im Lager umtauschen! Das kostet Zeit. ( Gehe 3 Felder zur\u00fcck! )<br \/>\n20 Du hast heute Geburtstag und Deine Kollegen ( Mitspieler ) geben Dir ein St\u00e4ndchen. Das motiviert Dich und die Arbeit geht Dir flott von der Hand.<br \/>\n( Du darfst 5 Felder vorr\u00fccken! )<br \/>\n30 Bei der Reparatur bricht Dir eine Schraube ab und Du musst sie ausbohren. Das kostet Zeit und Nerven! Wie lange so etwas dauert, wei\u00df man vorher nie so genau. ( Warte, bis Du eine 4 gew\u00fcrfelt hast! )<br \/>\n40 Du bekommst Hilfe von Deinen Kollegen und die Arbeit geht nun schneller. ( Du darfst noch einmal w\u00fcrfeln! )<br \/>\n50 Du machst Pause. ( Einmal aussetzen! )<br \/>\n60 Der Chef lobt Dich und Du bekommst eine Pr\u00e4mie. Das motiviert Dich! ( Gehe 5 Felder vor! )<br \/>\n70 Du musst bei einem anderen Fahrzeug mal eben die Radschrauben nachziehen. ( Gehe 3 Felder zur\u00fcck! )<br \/>\n80 Du brauchst Hilfe von einem Deiner Kollegen, da manche Arbeiten allein nicht m\u00f6glich sind. ( Warte bis ein anderer Spieler an deinem Feld vorbeikommt oder setze 2 x aus! )<br \/>\n90 Deine Kunden sind schon da, aber Du bist mit der Reparatur des Autos noch nicht fertig. Jetzt aber schnell !! ( Du darfst noch einmal w\u00fcrfeln! )<br \/>\n95 So ein Pech!! Bei der Reparatur ist Dir irgendein Fehler unterlaufen, denn das Auto f\u00e4hrt nicht mehr. Der Meister ist sauer und Deine Kollegen ratlos. Bring das wieder in Ordnung! Das wirft Dich weit zur\u00fcck. ( Gehe zur\u00fcck auf Feld 70! )<br \/>\n100 Du bist mit Deiner Arbeit fertig und musst Dich mit Deiner Personalnummer wieder ausloggen. ( Warte, bis Du Deine Zahl gew\u00fcrfelt hast! )<\/p>\n<h4>Ziel<\/h4>\n<p>Feierabend! Gerdchen gibt heute einen aus! Hast Du noch Zeit auf eine Wurst?<br \/>\n( Lehn dich zur\u00fcck und warte auf die anderen! )<\/p>\n<h3>SHOP<\/h3>\n<blockquote class=\"wp-embedded-content\" data-secret=\"E7RYKMMeNS\"><p><a href=\"https:\/\/www.erfinde-dein-spiel.de\/spiele\/shops-autoren\/peter-paint\/\">Peter Paint<\/a><\/p><\/blockquote>\n<p><iframe class=\"wp-embedded-content\" sandbox=\"allow-scripts\" security=\"restricted\" style=\"position: absolute; clip: rect(1px, 1px, 1px, 1px);\" title=\"&#8222;Peter Paint&#8220; &#8212; (er-)finde DEIN Spiel\" src=\"https:\/\/www.erfinde-dein-spiel.de\/spiele\/shops-autoren\/peter-paint\/embed\/#?secret=WKx10TGgLo#?secret=E7RYKMMeNS\" data-secret=\"E7RYKMMeNS\" width=\"500\" height=\"282\" frameborder=\"0\" marginwidth=\"0\" marginheight=\"0\" scrolling=\"no\"><\/iframe><\/p>\n<p>&nbsp;<\/p>\n<p>&nbsp;<\/p>\n","protected":false},"excerpt":{"rendered":"<p><a href=\"http:\/\/www.erfinde-dein-spiel.de\/spiele\/shops-autoren\/peter-paint\/\" target=\"_blank\">Shop: PETER PAINT<\/a><\/p>\n<p>&#8218;Gerdchens Kfz-Werkstatt!&#8216; ist ein spannendes Brettspiel f\u00fcr 2 bis 4 Personen (oder mehr), egal ob gro\u00df oder klein. Wer als Erster das Ziel erreicht, hat gewonnen.<\/p>\n","protected":false},"featured_media":1475,"comment_status":"open","ping_status":"closed","template":"","meta":{"_themeisle_gutenberg_block_has_review":false},"product_cat":[380,248,261,281,260,274,258,266],"product_tag":[],"yoast_head":"<!-- This site is optimized with the Yoast SEO plugin v22.6 - https:\/\/yoast.com\/wordpress\/plugins\/seo\/ -->\n<title>Gerdchens Kfz-Werkstatt ! - (er-)finde DEIN Spiel<\/title>\n<meta name=\"robots\" content=\"index, follow, max-snippet:-1, max-image-preview:large, max-video-preview:-1\" \/>\n<link rel=\"canonical\" href=\"https:\/\/www.erfinde-dein-spiel.de\/spiele\/shop\/spiel-thema\/technik\/gerdchens-kfz-werkstatt\/\" \/>\n<meta property=\"og:locale\" content=\"de_DE\" \/>\n<meta property=\"og:type\" content=\"article\" \/>\n<meta property=\"og:title\" content=\"Gerdchens Kfz-Werkstatt ! - (er-)finde DEIN Spiel\" \/>\n<meta property=\"og:description\" content=\"Shop: PETER PAINT  &#039;Gerdchens Kfz-Werkstatt!&#039; ist ein spannendes Brettspiel f\u00fcr 2 bis 4 Personen (oder mehr), egal ob gro\u00df oder klein. Wer als Erster das Ziel erreicht, hat gewonnen.\" \/>\n<meta property=\"og:url\" content=\"https:\/\/www.erfinde-dein-spiel.de\/spiele\/shop\/spiel-thema\/technik\/gerdchens-kfz-werkstatt\/\" \/>\n<meta property=\"og:site_name\" content=\"(er-)finde DEIN Spiel\" \/>\n<meta property=\"article:modified_time\" content=\"2025-10-01T11:47:00+00:00\" \/>\n<meta property=\"og:image\" content=\"https:\/\/www.erfinde-dein-spiel.de\/spiele\/wp-content\/uploads\/2015\/11\/PP_479_5141.jpg\" \/>\n\t<meta property=\"og:image:width\" content=\"500\" \/>\n\t<meta property=\"og:image:height\" content=\"333\" \/>\n\t<meta property=\"og:image:type\" content=\"image\/jpeg\" \/>\n<meta name=\"twitter:card\" content=\"summary_large_image\" \/>\n<meta name=\"twitter:label1\" content=\"Gesch\u00e4tzte Lesezeit\" \/>\n\t<meta name=\"twitter:data1\" content=\"3 Minuten\" \/>\n<script type=\"application\/ld+json\" class=\"yoast-schema-graph\">{\"@context\":\"https:\/\/schema.org\",\"@graph\":[{\"@type\":\"WebPage\",\"@id\":\"https:\/\/www.erfinde-dein-spiel.de\/spiele\/shop\/spiel-thema\/technik\/gerdchens-kfz-werkstatt\/\",\"url\":\"https:\/\/www.erfinde-dein-spiel.de\/spiele\/shop\/spiel-thema\/technik\/gerdchens-kfz-werkstatt\/\",\"name\":\"Gerdchens Kfz-Werkstatt ! - (er-)finde DEIN Spiel\",\"isPartOf\":{\"@id\":\"https:\/\/www.erfinde-dein-spiel.de\/spiele\/#website\"},\"primaryImageOfPage\":{\"@id\":\"https:\/\/www.erfinde-dein-spiel.de\/spiele\/shop\/spiel-thema\/technik\/gerdchens-kfz-werkstatt\/#primaryimage\"},\"image\":{\"@id\":\"https:\/\/www.erfinde-dein-spiel.de\/spiele\/shop\/spiel-thema\/technik\/gerdchens-kfz-werkstatt\/#primaryimage\"},\"thumbnailUrl\":\"https:\/\/www.erfinde-dein-spiel.de\/spiele\/wp-content\/uploads\/2015\/11\/PP_479_5141.jpg\",\"datePublished\":\"2015-11-15T22:53:28+00:00\",\"dateModified\":\"2025-10-01T11:47:00+00:00\",\"breadcrumb\":{\"@id\":\"https:\/\/www.erfinde-dein-spiel.de\/spiele\/shop\/spiel-thema\/technik\/gerdchens-kfz-werkstatt\/#breadcrumb\"},\"inLanguage\":\"de-DE\",\"potentialAction\":[{\"@type\":\"ReadAction\",\"target\":[\"https:\/\/www.erfinde-dein-spiel.de\/spiele\/shop\/spiel-thema\/technik\/gerdchens-kfz-werkstatt\/\"]}]},{\"@type\":\"ImageObject\",\"inLanguage\":\"de-DE\",\"@id\":\"https:\/\/www.erfinde-dein-spiel.de\/spiele\/shop\/spiel-thema\/technik\/gerdchens-kfz-werkstatt\/#primaryimage\",\"url\":\"https:\/\/www.erfinde-dein-spiel.de\/spiele\/wp-content\/uploads\/2015\/11\/PP_479_5141.jpg\",\"contentUrl\":\"https:\/\/www.erfinde-dein-spiel.de\/spiele\/wp-content\/uploads\/2015\/11\/PP_479_5141.jpg\",\"width\":500,\"height\":333,\"caption\":\"brettspiel gerdchen`s kfz werkstatt\"},{\"@type\":\"BreadcrumbList\",\"@id\":\"https:\/\/www.erfinde-dein-spiel.de\/spiele\/shop\/spiel-thema\/technik\/gerdchens-kfz-werkstatt\/#breadcrumb\",\"itemListElement\":[{\"@type\":\"ListItem\",\"position\":1,\"name\":\"Home\",\"item\":\"https:\/\/www.erfinde-dein-spiel.de\/spiele\/\"},{\"@type\":\"ListItem\",\"position\":2,\"name\":\"Shop\",\"item\":\"https:\/\/www.erfinde-dein-spiel.de\/spiele\/\"},{\"@type\":\"ListItem\",\"position\":3,\"name\":\"Gerdchens Kfz-Werkstatt !\"}]},{\"@type\":\"WebSite\",\"@id\":\"https:\/\/www.erfinde-dein-spiel.de\/spiele\/#website\",\"url\":\"https:\/\/www.erfinde-dein-spiel.de\/spiele\/\",\"name\":\"(er-)finde DEIN Spiel\",\"description\":\"Spiele aus der Community. Powered by Spieltz.\",\"potentialAction\":[{\"@type\":\"SearchAction\",\"target\":{\"@type\":\"EntryPoint\",\"urlTemplate\":\"https:\/\/www.erfinde-dein-spiel.de\/spiele\/?s={search_term_string}\"},\"query-input\":\"required name=search_term_string\"}],\"inLanguage\":\"de-DE\"}]}<\/script>\n<!-- \/ Yoast SEO plugin. -->","yoast_head_json":{"title":"Gerdchens Kfz-Werkstatt ! - (er-)finde DEIN Spiel","robots":{"index":"index","follow":"follow","max-snippet":"max-snippet:-1","max-image-preview":"max-image-preview:large","max-video-preview":"max-video-preview:-1"},"canonical":"https:\/\/www.erfinde-dein-spiel.de\/spiele\/shop\/spiel-thema\/technik\/gerdchens-kfz-werkstatt\/","og_locale":"de_DE","og_type":"article","og_title":"Gerdchens Kfz-Werkstatt ! - (er-)finde DEIN Spiel","og_description":"Shop: PETER PAINT  'Gerdchens Kfz-Werkstatt!' ist ein spannendes Brettspiel f\u00fcr 2 bis 4 Personen (oder mehr), egal ob gro\u00df oder klein. Wer als Erster das Ziel erreicht, hat gewonnen.","og_url":"https:\/\/www.erfinde-dein-spiel.de\/spiele\/shop\/spiel-thema\/technik\/gerdchens-kfz-werkstatt\/","og_site_name":"(er-)finde DEIN Spiel","article_modified_time":"2025-10-01T11:47:00+00:00","og_image":[{"width":500,"height":333,"url":"https:\/\/www.erfinde-dein-spiel.de\/spiele\/wp-content\/uploads\/2015\/11\/PP_479_5141.jpg","type":"image\/jpeg"}],"twitter_card":"summary_large_image","twitter_misc":{"Gesch\u00e4tzte Lesezeit":"3 Minuten"},"schema":{"@context":"https:\/\/schema.org","@graph":[{"@type":"WebPage","@id":"https:\/\/www.erfinde-dein-spiel.de\/spiele\/shop\/spiel-thema\/technik\/gerdchens-kfz-werkstatt\/","url":"https:\/\/www.erfinde-dein-spiel.de\/spiele\/shop\/spiel-thema\/technik\/gerdchens-kfz-werkstatt\/","name":"Gerdchens Kfz-Werkstatt ! - (er-)finde DEIN Spiel","isPartOf":{"@id":"https:\/\/www.erfinde-dein-spiel.de\/spiele\/#website"},"primaryImageOfPage":{"@id":"https:\/\/www.erfinde-dein-spiel.de\/spiele\/shop\/spiel-thema\/technik\/gerdchens-kfz-werkstatt\/#primaryimage"},"image":{"@id":"https:\/\/www.erfinde-dein-spiel.de\/spiele\/shop\/spiel-thema\/technik\/gerdchens-kfz-werkstatt\/#primaryimage"},"thumbnailUrl":"https:\/\/www.erfinde-dein-spiel.de\/spiele\/wp-content\/uploads\/2015\/11\/PP_479_5141.jpg","datePublished":"2015-11-15T22:53:28+00:00","dateModified":"2025-10-01T11:47:00+00:00","breadcrumb":{"@id":"https:\/\/www.erfinde-dein-spiel.de\/spiele\/shop\/spiel-thema\/technik\/gerdchens-kfz-werkstatt\/#breadcrumb"},"inLanguage":"de-DE","potentialAction":[{"@type":"ReadAction","target":["https:\/\/www.erfinde-dein-spiel.de\/spiele\/shop\/spiel-thema\/technik\/gerdchens-kfz-werkstatt\/"]}]},{"@type":"ImageObject","inLanguage":"de-DE","@id":"https:\/\/www.erfinde-dein-spiel.de\/spiele\/shop\/spiel-thema\/technik\/gerdchens-kfz-werkstatt\/#primaryimage","url":"https:\/\/www.erfinde-dein-spiel.de\/spiele\/wp-content\/uploads\/2015\/11\/PP_479_5141.jpg","contentUrl":"https:\/\/www.erfinde-dein-spiel.de\/spiele\/wp-content\/uploads\/2015\/11\/PP_479_5141.jpg","width":500,"height":333,"caption":"brettspiel gerdchen`s kfz werkstatt"},{"@type":"BreadcrumbList","@id":"https:\/\/www.erfinde-dein-spiel.de\/spiele\/shop\/spiel-thema\/technik\/gerdchens-kfz-werkstatt\/#breadcrumb","itemListElement":[{"@type":"ListItem","position":1,"name":"Home","item":"https:\/\/www.erfinde-dein-spiel.de\/spiele\/"},{"@type":"ListItem","position":2,"name":"Shop","item":"https:\/\/www.erfinde-dein-spiel.de\/spiele\/"},{"@type":"ListItem","position":3,"name":"Gerdchens Kfz-Werkstatt !"}]},{"@type":"WebSite","@id":"https:\/\/www.erfinde-dein-spiel.de\/spiele\/#website","url":"https:\/\/www.erfinde-dein-spiel.de\/spiele\/","name":"(er-)finde DEIN Spiel","description":"Spiele aus der Community. Powered by Spieltz.","potentialAction":[{"@type":"SearchAction","target":{"@type":"EntryPoint","urlTemplate":"https:\/\/www.erfinde-dein-spiel.de\/spiele\/?s={search_term_string}"},"query-input":"required name=search_term_string"}],"inLanguage":"de-DE"}]}},"_links":{"self":[{"href":"https:\/\/www.erfinde-dein-spiel.de\/spiele\/wp-json\/wp\/v2\/product\/1474"}],"collection":[{"href":"https:\/\/www.erfinde-dein-spiel.de\/spiele\/wp-json\/wp\/v2\/product"}],"about":[{"href":"https:\/\/www.erfinde-dein-spiel.de\/spiele\/wp-json\/wp\/v2\/types\/product"}],"replies":[{"embeddable":true,"href":"https:\/\/www.erfinde-dein-spiel.de\/spiele\/wp-json\/wp\/v2\/comments?post=1474"}],"wp:featuredmedia":[{"embeddable":true,"href":"https:\/\/www.erfinde-dein-spiel.de\/spiele\/wp-json\/wp\/v2\/media\/1475"}],"wp:attachment":[{"href":"https:\/\/www.erfinde-dein-spiel.de\/spiele\/wp-json\/wp\/v2\/media?parent=1474"}],"wp:term":[{"taxonomy":"product_cat","embeddable":true,"href":"https:\/\/www.erfinde-dein-spiel.de\/spiele\/wp-json\/wp\/v2\/product_cat?post=1474"},{"taxonomy":"product_tag","embeddable":true,"href":"https:\/\/www.erfinde-dein-spiel.de\/spiele\/wp-json\/wp\/v2\/product_tag?post=1474"}],"curies":[{"name":"wp","href":"https:\/\/api.w.org\/{rel}","templated":true}]}}