{"id":1469,"date":"2015-11-15T23:53:23","date_gmt":"2015-11-15T22:53:23","guid":{"rendered":"http:\/\/www.erfinde-dein-spiel.de\/shop\/unkategorisiert\/hnefatafl\/"},"modified":"2016-01-21T03:30:38","modified_gmt":"2016-01-21T02:30:38","slug":"hnefatafl","status":"publish","type":"product","link":"https:\/\/www.erfinde-dein-spiel.de\/spiele\/shop\/spiele-kategorie\/brettspiel-klassiker\/hnefatafl\/","title":{"rendered":"Hnefatafl"},"content":{"rendered":"<h3>Das Spiel<\/h3>\n<p>Das Spiel ist in Nordeuropa seit der \u00e4lteren Eisenzeit bekannt und war vermutlich das Lieblingsspiel der Wikinger. Der schwedische Botaniker Carl von Linne lernte das Spiel um 1730 unter dem Namen &#8222;Tablut&#8220; in Lappland kennen und beschrieb es ausf\u00fchrlich.<\/p>\n<p>Das Spiel simuliert den Angriff auf eine Burg, auf der sich sich der K\u00f6nig aufh\u00e4lt. Gelingt es den Angreifern, ihn gefangenzunehmen, haben sie gewonnen. Gelingt es aber dem K\u00f6nig, aus der Burg zu entkommen und sich in Sicherheit zu bringen, so sind der K\u00f6nig und seine Verteidiger die Sieger.<\/p>\n<p>Hnefatafl ist ein asymmetisches Brettspiel. Das hei\u00dft, dass die Gegner eine unterschiedliche Anzahl von Spielfiguren, unterschiedliche Startaufstellungen und verschiedene Gewinnsituationen haben.<\/p>\n<h4>Spielmaterial<\/h4>\n<p>&#8211; 1 Spielplane<br \/>\n&#8211; 1 schwarzer K\u00f6nigsstein<br \/>\n&#8211; 12 Verteidiger und 24 Angreifer-Steine.<\/p>\n<p>Ein Spieler spielt die Seite des K\u00f6nigs, er erh\u00e4lt einen K\u00f6nig (schwarz) und 12 Verteidiger. Der andere Spieler erh\u00e4lt 24 Steine der anderen Farbe, die Angreifer.<\/p>\n<h4>Ziel des Spiels<\/h4>\n<p>F\u00fcr die Seite des K\u00f6nigs ist es das Ziel, den K\u00f6nig zu einem der vier schwarz markierten Eckfelder zu bewegen. In diesem Fall ist der K\u00f6nig entkommen und seine Seite gewinnt.<br \/>\nDie Angreifer gewinnen, wenn sie den K\u00f6nig gefangen nehmen k\u00f6nnen, bevor er entkommt.<\/p>\n<h3>Hnefatafl als Werbespiel<\/h3>\n<p>Hnefatafl ist &#8211; wie alle Spiele aus unserem eigenen Verlagsprogramm &#8211; in <a href=\"http:\/\/spieltz.de\/werbespiele\/shop\/ausfuehrung\/preiskategorie-a\/hnefatafl-werbespiele-plane\/\" target=\"_blank\">unserem WERBESPIELE SHOP\u00a0als Werbespiel mit Firmenlogo erh\u00e4ltlich<\/a>, oder wir gestalten es komplett um und passen es an das Corporate Design des Unternehmens an. Mehr \u00fcber unsere Werbespiele <a href=\"http:\/\/spieltz.de\/agentur\/werbespiele\/\" target=\"_blank\">auf unserer Agenturseite<\/a>.<\/p>\n<h3>SHOP<\/h3>\n<blockquote class=\"wp-embedded-content\" data-secret=\"vERRj1DXwz\"><p><a href=\"https:\/\/www.erfinde-dein-spiel.de\/spiele\/shop\/spiel-thema\/natur-pflanzen-tiere\/bluemchen-blau\/\">bl\u00fcmchen blau<\/a><\/p><\/blockquote>\n<p><iframe class=\"wp-embedded-content\" sandbox=\"allow-scripts\" security=\"restricted\" style=\"position: absolute; clip: rect(1px, 1px, 1px, 1px);\" title=\"&#8222;bl\u00fcmchen blau&#8220; &#8212; (er-)finde DEIN Spiel\" src=\"https:\/\/www.erfinde-dein-spiel.de\/spiele\/shop\/spiel-thema\/natur-pflanzen-tiere\/bluemchen-blau\/embed\/#?secret=1j5NtyXs8A#?secret=vERRj1DXwz\" data-secret=\"vERRj1DXwz\" width=\"500\" height=\"282\" frameborder=\"0\" marginwidth=\"0\" marginheight=\"0\" scrolling=\"no\"><\/iframe><\/p>\n<p>&nbsp;<\/p>\n<p>&nbsp;<\/p>\n","protected":false},"excerpt":{"rendered":"<p><a href=\"http:\/\/www.erfinde-dein-spiel.de\/spiele\/shops-autoren\/shop-spieltz-verlagsprogramm\/\" target=\"_blank\">Shop: SPIELTZ VERLAGSPROGRAMM<\/a><\/p>\n<p>Das Lieblingsspiel der Wikinger! Ein asymmetrisches Strategiespiel f\u00fcr 2 Personen. Ein Spieler spielt die Seite der Angreifer einer Burg, der andere die Seite K\u00f6nigs, der sich in Sicherheit bringen muss.<\/p>\n","protected":false},"featured_media":1470,"comment_status":"open","ping_status":"closed","template":"","meta":{"_themeisle_gutenberg_block_has_review":false},"product_cat":[328,257,245,261,279,260,274,258,268,250,246],"product_tag":[],"yoast_head":"<!-- This site is optimized with the Yoast SEO plugin v22.6 - https:\/\/yoast.com\/wordpress\/plugins\/seo\/ -->\n<title>Hnefatafl - (er-)finde DEIN Spiel<\/title>\n<meta name=\"robots\" content=\"index, follow, max-snippet:-1, max-image-preview:large, max-video-preview:-1\" \/>\n<link rel=\"canonical\" href=\"https:\/\/www.erfinde-dein-spiel.de\/spiele\/shop\/spiele-kategorie\/brettspiel-klassiker\/hnefatafl\/\" \/>\n<meta property=\"og:locale\" content=\"de_DE\" \/>\n<meta property=\"og:type\" content=\"article\" \/>\n<meta property=\"og:title\" content=\"Hnefatafl - (er-)finde DEIN Spiel\" \/>\n<meta property=\"og:description\" content=\"Shop: SPIELTZ VERLAGSPROGRAMM  Das Lieblingsspiel der Wikinger! Ein asymmetrisches Strategiespiel f\u00fcr 2 Personen. Ein Spieler spielt die Seite der Angreifer einer Burg, der andere die Seite K\u00f6nigs, der sich in Sicherheit bringen muss.\" \/>\n<meta property=\"og:url\" content=\"https:\/\/www.erfinde-dein-spiel.de\/spiele\/shop\/spiele-kategorie\/brettspiel-klassiker\/hnefatafl\/\" \/>\n<meta property=\"og:site_name\" content=\"(er-)finde DEIN Spiel\" \/>\n<meta property=\"article:modified_time\" content=\"2016-01-21T02:30:38+00:00\" \/>\n<meta property=\"og:image\" content=\"https:\/\/www.erfinde-dein-spiel.de\/spiele\/wp-content\/uploads\/2015\/11\/PP_477_732.jpg\" \/>\n\t<meta property=\"og:image:width\" content=\"500\" \/>\n\t<meta property=\"og:image:height\" content=\"500\" \/>\n\t<meta property=\"og:image:type\" content=\"image\/jpeg\" \/>\n<meta name=\"twitter:card\" content=\"summary_large_image\" \/>\n<meta name=\"twitter:label1\" content=\"Gesch\u00e4tzte Lesezeit\" \/>\n\t<meta name=\"twitter:data1\" content=\"1 Minute\" \/>\n<script type=\"application\/ld+json\" class=\"yoast-schema-graph\">{\"@context\":\"https:\/\/schema.org\",\"@graph\":[{\"@type\":\"WebPage\",\"@id\":\"https:\/\/www.erfinde-dein-spiel.de\/spiele\/shop\/spiele-kategorie\/brettspiel-klassiker\/hnefatafl\/\",\"url\":\"https:\/\/www.erfinde-dein-spiel.de\/spiele\/shop\/spiele-kategorie\/brettspiel-klassiker\/hnefatafl\/\",\"name\":\"Hnefatafl - (er-)finde DEIN Spiel\",\"isPartOf\":{\"@id\":\"https:\/\/www.erfinde-dein-spiel.de\/spiele\/#website\"},\"primaryImageOfPage\":{\"@id\":\"https:\/\/www.erfinde-dein-spiel.de\/spiele\/shop\/spiele-kategorie\/brettspiel-klassiker\/hnefatafl\/#primaryimage\"},\"image\":{\"@id\":\"https:\/\/www.erfinde-dein-spiel.de\/spiele\/shop\/spiele-kategorie\/brettspiel-klassiker\/hnefatafl\/#primaryimage\"},\"thumbnailUrl\":\"https:\/\/www.erfinde-dein-spiel.de\/spiele\/wp-content\/uploads\/2015\/11\/PP_477_732.jpg\",\"datePublished\":\"2015-11-15T22:53:23+00:00\",\"dateModified\":\"2016-01-21T02:30:38+00:00\",\"breadcrumb\":{\"@id\":\"https:\/\/www.erfinde-dein-spiel.de\/spiele\/shop\/spiele-kategorie\/brettspiel-klassiker\/hnefatafl\/#breadcrumb\"},\"inLanguage\":\"de-DE\",\"potentialAction\":[{\"@type\":\"ReadAction\",\"target\":[\"https:\/\/www.erfinde-dein-spiel.de\/spiele\/shop\/spiele-kategorie\/brettspiel-klassiker\/hnefatafl\/\"]}]},{\"@type\":\"ImageObject\",\"inLanguage\":\"de-DE\",\"@id\":\"https:\/\/www.erfinde-dein-spiel.de\/spiele\/shop\/spiele-kategorie\/brettspiel-klassiker\/hnefatafl\/#primaryimage\",\"url\":\"https:\/\/www.erfinde-dein-spiel.de\/spiele\/wp-content\/uploads\/2015\/11\/PP_477_732.jpg\",\"contentUrl\":\"https:\/\/www.erfinde-dein-spiel.de\/spiele\/wp-content\/uploads\/2015\/11\/PP_477_732.jpg\",\"width\":500,\"height\":500,\"caption\":\"Hnefatafl - das Brettspiel der Wikinger\"},{\"@type\":\"BreadcrumbList\",\"@id\":\"https:\/\/www.erfinde-dein-spiel.de\/spiele\/shop\/spiele-kategorie\/brettspiel-klassiker\/hnefatafl\/#breadcrumb\",\"itemListElement\":[{\"@type\":\"ListItem\",\"position\":1,\"name\":\"Home\",\"item\":\"https:\/\/www.erfinde-dein-spiel.de\/spiele\/\"},{\"@type\":\"ListItem\",\"position\":2,\"name\":\"Shop\",\"item\":\"https:\/\/www.erfinde-dein-spiel.de\/spiele\/\"},{\"@type\":\"ListItem\",\"position\":3,\"name\":\"Hnefatafl\"}]},{\"@type\":\"WebSite\",\"@id\":\"https:\/\/www.erfinde-dein-spiel.de\/spiele\/#website\",\"url\":\"https:\/\/www.erfinde-dein-spiel.de\/spiele\/\",\"name\":\"(er-)finde DEIN Spiel\",\"description\":\"Spiele aus der Community. Powered by Spieltz.\",\"potentialAction\":[{\"@type\":\"SearchAction\",\"target\":{\"@type\":\"EntryPoint\",\"urlTemplate\":\"https:\/\/www.erfinde-dein-spiel.de\/spiele\/?s={search_term_string}\"},\"query-input\":\"required name=search_term_string\"}],\"inLanguage\":\"de-DE\"}]}<\/script>\n<!-- \/ Yoast SEO plugin. -->","yoast_head_json":{"title":"Hnefatafl - (er-)finde DEIN Spiel","robots":{"index":"index","follow":"follow","max-snippet":"max-snippet:-1","max-image-preview":"max-image-preview:large","max-video-preview":"max-video-preview:-1"},"canonical":"https:\/\/www.erfinde-dein-spiel.de\/spiele\/shop\/spiele-kategorie\/brettspiel-klassiker\/hnefatafl\/","og_locale":"de_DE","og_type":"article","og_title":"Hnefatafl - (er-)finde DEIN Spiel","og_description":"Shop: SPIELTZ VERLAGSPROGRAMM  Das Lieblingsspiel der Wikinger! Ein asymmetrisches Strategiespiel f\u00fcr 2 Personen. Ein Spieler spielt die Seite der Angreifer einer Burg, der andere die Seite K\u00f6nigs, der sich in Sicherheit bringen muss.","og_url":"https:\/\/www.erfinde-dein-spiel.de\/spiele\/shop\/spiele-kategorie\/brettspiel-klassiker\/hnefatafl\/","og_site_name":"(er-)finde DEIN Spiel","article_modified_time":"2016-01-21T02:30:38+00:00","og_image":[{"width":500,"height":500,"url":"https:\/\/www.erfinde-dein-spiel.de\/spiele\/wp-content\/uploads\/2015\/11\/PP_477_732.jpg","type":"image\/jpeg"}],"twitter_card":"summary_large_image","twitter_misc":{"Gesch\u00e4tzte Lesezeit":"1 Minute"},"schema":{"@context":"https:\/\/schema.org","@graph":[{"@type":"WebPage","@id":"https:\/\/www.erfinde-dein-spiel.de\/spiele\/shop\/spiele-kategorie\/brettspiel-klassiker\/hnefatafl\/","url":"https:\/\/www.erfinde-dein-spiel.de\/spiele\/shop\/spiele-kategorie\/brettspiel-klassiker\/hnefatafl\/","name":"Hnefatafl - (er-)finde DEIN Spiel","isPartOf":{"@id":"https:\/\/www.erfinde-dein-spiel.de\/spiele\/#website"},"primaryImageOfPage":{"@id":"https:\/\/www.erfinde-dein-spiel.de\/spiele\/shop\/spiele-kategorie\/brettspiel-klassiker\/hnefatafl\/#primaryimage"},"image":{"@id":"https:\/\/www.erfinde-dein-spiel.de\/spiele\/shop\/spiele-kategorie\/brettspiel-klassiker\/hnefatafl\/#primaryimage"},"thumbnailUrl":"https:\/\/www.erfinde-dein-spiel.de\/spiele\/wp-content\/uploads\/2015\/11\/PP_477_732.jpg","datePublished":"2015-11-15T22:53:23+00:00","dateModified":"2016-01-21T02:30:38+00:00","breadcrumb":{"@id":"https:\/\/www.erfinde-dein-spiel.de\/spiele\/shop\/spiele-kategorie\/brettspiel-klassiker\/hnefatafl\/#breadcrumb"},"inLanguage":"de-DE","potentialAction":[{"@type":"ReadAction","target":["https:\/\/www.erfinde-dein-spiel.de\/spiele\/shop\/spiele-kategorie\/brettspiel-klassiker\/hnefatafl\/"]}]},{"@type":"ImageObject","inLanguage":"de-DE","@id":"https:\/\/www.erfinde-dein-spiel.de\/spiele\/shop\/spiele-kategorie\/brettspiel-klassiker\/hnefatafl\/#primaryimage","url":"https:\/\/www.erfinde-dein-spiel.de\/spiele\/wp-content\/uploads\/2015\/11\/PP_477_732.jpg","contentUrl":"https:\/\/www.erfinde-dein-spiel.de\/spiele\/wp-content\/uploads\/2015\/11\/PP_477_732.jpg","width":500,"height":500,"caption":"Hnefatafl - das Brettspiel der Wikinger"},{"@type":"BreadcrumbList","@id":"https:\/\/www.erfinde-dein-spiel.de\/spiele\/shop\/spiele-kategorie\/brettspiel-klassiker\/hnefatafl\/#breadcrumb","itemListElement":[{"@type":"ListItem","position":1,"name":"Home","item":"https:\/\/www.erfinde-dein-spiel.de\/spiele\/"},{"@type":"ListItem","position":2,"name":"Shop","item":"https:\/\/www.erfinde-dein-spiel.de\/spiele\/"},{"@type":"ListItem","position":3,"name":"Hnefatafl"}]},{"@type":"WebSite","@id":"https:\/\/www.erfinde-dein-spiel.de\/spiele\/#website","url":"https:\/\/www.erfinde-dein-spiel.de\/spiele\/","name":"(er-)finde DEIN Spiel","description":"Spiele aus der Community. Powered by Spieltz.","potentialAction":[{"@type":"SearchAction","target":{"@type":"EntryPoint","urlTemplate":"https:\/\/www.erfinde-dein-spiel.de\/spiele\/?s={search_term_string}"},"query-input":"required name=search_term_string"}],"inLanguage":"de-DE"}]}},"_links":{"self":[{"href":"https:\/\/www.erfinde-dein-spiel.de\/spiele\/wp-json\/wp\/v2\/product\/1469"}],"collection":[{"href":"https:\/\/www.erfinde-dein-spiel.de\/spiele\/wp-json\/wp\/v2\/product"}],"about":[{"href":"https:\/\/www.erfinde-dein-spiel.de\/spiele\/wp-json\/wp\/v2\/types\/product"}],"replies":[{"embeddable":true,"href":"https:\/\/www.erfinde-dein-spiel.de\/spiele\/wp-json\/wp\/v2\/comments?post=1469"}],"wp:featuredmedia":[{"embeddable":true,"href":"https:\/\/www.erfinde-dein-spiel.de\/spiele\/wp-json\/wp\/v2\/media\/1470"}],"wp:attachment":[{"href":"https:\/\/www.erfinde-dein-spiel.de\/spiele\/wp-json\/wp\/v2\/media?parent=1469"}],"wp:term":[{"taxonomy":"product_cat","embeddable":true,"href":"https:\/\/www.erfinde-dein-spiel.de\/spiele\/wp-json\/wp\/v2\/product_cat?post=1469"},{"taxonomy":"product_tag","embeddable":true,"href":"https:\/\/www.erfinde-dein-spiel.de\/spiele\/wp-json\/wp\/v2\/product_tag?post=1469"}],"curies":[{"name":"wp","href":"https:\/\/api.w.org\/{rel}","templated":true}]}}