{"id":1465,"date":"2015-11-15T23:53:20","date_gmt":"2015-11-15T22:53:20","guid":{"rendered":"http:\/\/www.erfinde-dein-spiel.de\/shop\/unkategorisiert\/das-puppenhaus-zum-rollen\/"},"modified":"2016-01-16T04:14:26","modified_gmt":"2016-01-16T03:14:26","slug":"das-puppenhaus-zum-rollen","status":"publish","type":"product","link":"https:\/\/www.erfinde-dein-spiel.de\/spiele\/shop\/spiel-thema\/puppenhaus\/das-puppenhaus-zum-rollen\/","title":{"rendered":"Das Puppenhaus zum Mitnehmen"},"content":{"rendered":"<h3>Das Spiel<\/h3>\n<p>Ein Puppenhaus zum Zusammenrollen? Ja, denn es ist auf LKW-Plane gedruckt! Das Basispaket enth\u00e4lt 6 Zimmer, jeweils 20 x 20 cm gro\u00df, die Ihr zum Haus aneinander legen k\u00f6nnt &#8211; wie Ihr wollt. Vielleicht mal die K\u00fcche neben dem Kinderzimmer anordnen? Oder das Bad ganz hinten?<\/p>\n<div>\n<p>Die Zimmer sind aus der &#8222;Vogelperspektive&#8220; entworfen. M\u00f6bel zum Ausschneiden gibt es dazu &#8211; gedruckt auf hochgl\u00e4nzendem Karton. Dazu die Bewohner: Kinder, Hund und Katze \ud83d\ude42<\/p>\n<p>Demn\u00e4chst wird auch unsere Puppenhaus-Website fertig sein, auf der Ihr Euch Ersatz-M\u00f6bel runterladen und ausdrucken k\u00f6nnt. Nat\u00fcrlich k\u00f6nnt Ihr auch selbst kreativ werden und Eure eigenen M\u00f6bel entwerfen.<\/p>\n<p>Das Puppenhaus zum Rollen wird in einer durchsichtigen PVC-Rolle ausgeliefert, L\u00e4nge 22 cm, Durchmesser 6,5 cm. Es eignet sich wunderbar zum Mitnehmen!<\/p>\n<\/div>\n<div>\n<h3>Das Puppenhaus\u00a0als Werbespiel<\/h3>\n<p>Das Puppenhaus zum Rollen ist\u00a0&#8211; wie alle Spiele aus unserem eigenen Verlagsprogramm &#8211; <a href=\"http:\/\/spieltz.de\/werbespiele\/shop\/ausfuehrung\/preiskategorie-c\/das-puppenhaus-in-der-rolle\/\" target=\"_blank\">auch erh\u00e4ltlich als Werbespiel mit Firmenlogo<\/a>, oder wir gestalten es komplett um und passen es an das Corporate Design des Unternehmens an.<\/p>\n<h3>Spielmaterial<\/h3>\n<ul>\n<li>6\u00a0Spielpl\u00e4ne &#8222;Zimmer&#8220; (LKW-Plane), Gr\u00f6\u00dfe jeweils 20 x 20 cm<\/li>\n<li>M\u00f6bel und Bewohner des Hauses zum Ausschneiden, mit Standf\u00fc\u00dfen<\/li>\n<li>Anleitung auf Deutsch<\/li>\n<li>Verpackung: durchsichtige PVC-Rolle,\u00a0L\u00e4nge 22 cm, Durchmesser 6,5 cm<\/li>\n<\/ul>\n<h3>Das Wichtigste in K\u00fcrze<\/h3>\n<ul>\n<li>Art des Spiels: Familienspiel,\u00a0Kinderspiel, Rollenspiel<\/li>\n<li>Ausf\u00fchrung: Spielplan auf LKW-Plane \u2013 rollbar und robust, verpackt in eine\u00a0PVC-Rolle<\/li>\n<li>Zubeh\u00f6r:M\u00f6bel und Bewohner des Hauses zum Ausschneiden, mit Standf\u00fc\u00dfen<\/li>\n<li>Spielthema: Puppenhaus; wohnen<\/li>\n<li>Anzahl Spieler: 1\u00a0\u2013 6\u00a0Spieler<\/li>\n<li>Empfohlenes Alter: ab\u00a04 Jahren<\/li>\n<li>Spieldauer:\u00a0offen<\/li>\n<li><a href=\"http:\/\/spieltz.de\/werbespiele\/shop\/ausfuehrung\/preiskategorie-c\/das-puppenhaus-in-der-rolle\/\" target=\"_blank\">Auch erh\u00e4ltlich als Werbespiel mit Firmenlogo<\/a>, \u00fcber den Spieltz Werbespiele-Shop.<\/li>\n<\/ul>\n<blockquote class=\"wp-embedded-content\" data-secret=\"qmF8Gd4QPy\"><p><a href=\"https:\/\/www.erfinde-dein-spiel.de\/spiele\/shop\/spiel-thema\/natur-pflanzen-tiere\/bluemchen-blau\/\">bl\u00fcmchen blau<\/a><\/p><\/blockquote>\n<p><iframe class=\"wp-embedded-content\" sandbox=\"allow-scripts\" security=\"restricted\" style=\"position: absolute; clip: rect(1px, 1px, 1px, 1px);\" title=\"&#8222;bl\u00fcmchen blau&#8220; &#8212; (er-)finde DEIN Spiel\" src=\"https:\/\/www.erfinde-dein-spiel.de\/spiele\/shop\/spiel-thema\/natur-pflanzen-tiere\/bluemchen-blau\/embed\/#?secret=oloIDjJeGK#?secret=qmF8Gd4QPy\" data-secret=\"qmF8Gd4QPy\" width=\"500\" height=\"282\" frameborder=\"0\" marginwidth=\"0\" marginheight=\"0\" scrolling=\"no\"><\/iframe><\/p>\n<p>&nbsp;<\/p>\n<\/div>\n<div><\/div>\n","protected":false},"excerpt":{"rendered":"<p><a href=\"http:\/\/www.erfinde-dein-spiel.de\/shops-autoren\/shop-spieltz-verlagsprogramm\/\" target=\"_blank\">Shop:\u00a0SPIELTZ VERLAGSPROGRAMM<\/a><\/p>\n<p>Das Puppenhaus zum Rollen! 6 Zimmer, jeweils Gr\u00f6\u00dfe 20 x 20 cm, gedruckt auf LKW-Plane, frei kombinierbar. Bewohner + M\u00f6bel zum Ausschneiden. (Karton) Verpackt in eine durchsichtige PVC-Rolle, sehr gut geeignet zum Mitnehmen!<\/p>\n","protected":false},"featured_media":1466,"comment_status":"open","ping_status":"closed","template":"","meta":{"_themeisle_gutenberg_block_has_review":false},"product_cat":[306,304,356,317,355,328,247,266,253,262],"product_tag":[],"yoast_head":"<!-- This site is optimized with the Yoast SEO plugin v22.6 - https:\/\/yoast.com\/wordpress\/plugins\/seo\/ -->\n<title>Das Puppenhaus zum Mitnehmen - (er-)finde DEIN Spiel<\/title>\n<meta name=\"robots\" content=\"index, follow, max-snippet:-1, max-image-preview:large, max-video-preview:-1\" \/>\n<link rel=\"canonical\" href=\"https:\/\/www.erfinde-dein-spiel.de\/spiele\/shop\/spiel-thema\/puppenhaus\/das-puppenhaus-zum-rollen\/\" \/>\n<meta property=\"og:locale\" content=\"de_DE\" \/>\n<meta property=\"og:type\" content=\"article\" \/>\n<meta property=\"og:title\" content=\"Das Puppenhaus zum Mitnehmen - (er-)finde DEIN Spiel\" \/>\n<meta property=\"og:description\" content=\"Shop:\u00a0SPIELTZ VERLAGSPROGRAMM  Das Puppenhaus zum Rollen! 6 Zimmer, jeweils Gr\u00f6\u00dfe 20 x 20 cm, gedruckt auf LKW-Plane, frei kombinierbar. Bewohner + M\u00f6bel zum Ausschneiden. (Karton) Verpackt in eine durchsichtige PVC-Rolle, sehr gut geeignet zum Mitnehmen!\" \/>\n<meta property=\"og:url\" content=\"https:\/\/www.erfinde-dein-spiel.de\/spiele\/shop\/spiel-thema\/puppenhaus\/das-puppenhaus-zum-rollen\/\" \/>\n<meta property=\"og:site_name\" content=\"(er-)finde DEIN Spiel\" \/>\n<meta property=\"article:modified_time\" content=\"2016-01-16T03:14:26+00:00\" \/>\n<meta property=\"og:image\" content=\"https:\/\/www.erfinde-dein-spiel.de\/spiele\/wp-content\/uploads\/2015\/11\/PP_474_731.jpg\" \/>\n\t<meta property=\"og:image:width\" content=\"500\" \/>\n\t<meta property=\"og:image:height\" content=\"428\" \/>\n\t<meta property=\"og:image:type\" content=\"image\/jpeg\" \/>\n<meta name=\"twitter:card\" content=\"summary_large_image\" \/>\n<meta name=\"twitter:label1\" content=\"Gesch\u00e4tzte Lesezeit\" \/>\n\t<meta name=\"twitter:data1\" content=\"1 Minute\" \/>\n<script type=\"application\/ld+json\" class=\"yoast-schema-graph\">{\"@context\":\"https:\/\/schema.org\",\"@graph\":[{\"@type\":\"WebPage\",\"@id\":\"https:\/\/www.erfinde-dein-spiel.de\/spiele\/shop\/spiel-thema\/puppenhaus\/das-puppenhaus-zum-rollen\/\",\"url\":\"https:\/\/www.erfinde-dein-spiel.de\/spiele\/shop\/spiel-thema\/puppenhaus\/das-puppenhaus-zum-rollen\/\",\"name\":\"Das Puppenhaus zum Mitnehmen - (er-)finde DEIN Spiel\",\"isPartOf\":{\"@id\":\"https:\/\/www.erfinde-dein-spiel.de\/spiele\/#website\"},\"primaryImageOfPage\":{\"@id\":\"https:\/\/www.erfinde-dein-spiel.de\/spiele\/shop\/spiel-thema\/puppenhaus\/das-puppenhaus-zum-rollen\/#primaryimage\"},\"image\":{\"@id\":\"https:\/\/www.erfinde-dein-spiel.de\/spiele\/shop\/spiel-thema\/puppenhaus\/das-puppenhaus-zum-rollen\/#primaryimage\"},\"thumbnailUrl\":\"https:\/\/www.erfinde-dein-spiel.de\/spiele\/wp-content\/uploads\/2015\/11\/PP_474_731.jpg\",\"datePublished\":\"2015-11-15T22:53:20+00:00\",\"dateModified\":\"2016-01-16T03:14:26+00:00\",\"breadcrumb\":{\"@id\":\"https:\/\/www.erfinde-dein-spiel.de\/spiele\/shop\/spiel-thema\/puppenhaus\/das-puppenhaus-zum-rollen\/#breadcrumb\"},\"inLanguage\":\"de-DE\",\"potentialAction\":[{\"@type\":\"ReadAction\",\"target\":[\"https:\/\/www.erfinde-dein-spiel.de\/spiele\/shop\/spiel-thema\/puppenhaus\/das-puppenhaus-zum-rollen\/\"]}]},{\"@type\":\"ImageObject\",\"inLanguage\":\"de-DE\",\"@id\":\"https:\/\/www.erfinde-dein-spiel.de\/spiele\/shop\/spiel-thema\/puppenhaus\/das-puppenhaus-zum-rollen\/#primaryimage\",\"url\":\"https:\/\/www.erfinde-dein-spiel.de\/spiele\/wp-content\/uploads\/2015\/11\/PP_474_731.jpg\",\"contentUrl\":\"https:\/\/www.erfinde-dein-spiel.de\/spiele\/wp-content\/uploads\/2015\/11\/PP_474_731.jpg\",\"width\":500,\"height\":428,\"caption\":\"Puppenhaus zum Mitnehmen\"},{\"@type\":\"BreadcrumbList\",\"@id\":\"https:\/\/www.erfinde-dein-spiel.de\/spiele\/shop\/spiel-thema\/puppenhaus\/das-puppenhaus-zum-rollen\/#breadcrumb\",\"itemListElement\":[{\"@type\":\"ListItem\",\"position\":1,\"name\":\"Home\",\"item\":\"https:\/\/www.erfinde-dein-spiel.de\/spiele\/\"},{\"@type\":\"ListItem\",\"position\":2,\"name\":\"Shop\",\"item\":\"https:\/\/www.erfinde-dein-spiel.de\/spiele\/\"},{\"@type\":\"ListItem\",\"position\":3,\"name\":\"Das Puppenhaus zum Mitnehmen\"}]},{\"@type\":\"WebSite\",\"@id\":\"https:\/\/www.erfinde-dein-spiel.de\/spiele\/#website\",\"url\":\"https:\/\/www.erfinde-dein-spiel.de\/spiele\/\",\"name\":\"(er-)finde DEIN Spiel\",\"description\":\"Spiele aus der Community. Powered by Spieltz.\",\"potentialAction\":[{\"@type\":\"SearchAction\",\"target\":{\"@type\":\"EntryPoint\",\"urlTemplate\":\"https:\/\/www.erfinde-dein-spiel.de\/spiele\/?s={search_term_string}\"},\"query-input\":\"required name=search_term_string\"}],\"inLanguage\":\"de-DE\"}]}<\/script>\n<!-- \/ Yoast SEO plugin. -->","yoast_head_json":{"title":"Das Puppenhaus zum Mitnehmen - (er-)finde DEIN Spiel","robots":{"index":"index","follow":"follow","max-snippet":"max-snippet:-1","max-image-preview":"max-image-preview:large","max-video-preview":"max-video-preview:-1"},"canonical":"https:\/\/www.erfinde-dein-spiel.de\/spiele\/shop\/spiel-thema\/puppenhaus\/das-puppenhaus-zum-rollen\/","og_locale":"de_DE","og_type":"article","og_title":"Das Puppenhaus zum Mitnehmen - (er-)finde DEIN Spiel","og_description":"Shop:\u00a0SPIELTZ VERLAGSPROGRAMM  Das Puppenhaus zum Rollen! 6 Zimmer, jeweils Gr\u00f6\u00dfe 20 x 20 cm, gedruckt auf LKW-Plane, frei kombinierbar. Bewohner + M\u00f6bel zum Ausschneiden. (Karton) Verpackt in eine durchsichtige PVC-Rolle, sehr gut geeignet zum Mitnehmen!","og_url":"https:\/\/www.erfinde-dein-spiel.de\/spiele\/shop\/spiel-thema\/puppenhaus\/das-puppenhaus-zum-rollen\/","og_site_name":"(er-)finde DEIN Spiel","article_modified_time":"2016-01-16T03:14:26+00:00","og_image":[{"width":500,"height":428,"url":"https:\/\/www.erfinde-dein-spiel.de\/spiele\/wp-content\/uploads\/2015\/11\/PP_474_731.jpg","type":"image\/jpeg"}],"twitter_card":"summary_large_image","twitter_misc":{"Gesch\u00e4tzte Lesezeit":"1 Minute"},"schema":{"@context":"https:\/\/schema.org","@graph":[{"@type":"WebPage","@id":"https:\/\/www.erfinde-dein-spiel.de\/spiele\/shop\/spiel-thema\/puppenhaus\/das-puppenhaus-zum-rollen\/","url":"https:\/\/www.erfinde-dein-spiel.de\/spiele\/shop\/spiel-thema\/puppenhaus\/das-puppenhaus-zum-rollen\/","name":"Das Puppenhaus zum Mitnehmen - (er-)finde DEIN Spiel","isPartOf":{"@id":"https:\/\/www.erfinde-dein-spiel.de\/spiele\/#website"},"primaryImageOfPage":{"@id":"https:\/\/www.erfinde-dein-spiel.de\/spiele\/shop\/spiel-thema\/puppenhaus\/das-puppenhaus-zum-rollen\/#primaryimage"},"image":{"@id":"https:\/\/www.erfinde-dein-spiel.de\/spiele\/shop\/spiel-thema\/puppenhaus\/das-puppenhaus-zum-rollen\/#primaryimage"},"thumbnailUrl":"https:\/\/www.erfinde-dein-spiel.de\/spiele\/wp-content\/uploads\/2015\/11\/PP_474_731.jpg","datePublished":"2015-11-15T22:53:20+00:00","dateModified":"2016-01-16T03:14:26+00:00","breadcrumb":{"@id":"https:\/\/www.erfinde-dein-spiel.de\/spiele\/shop\/spiel-thema\/puppenhaus\/das-puppenhaus-zum-rollen\/#breadcrumb"},"inLanguage":"de-DE","potentialAction":[{"@type":"ReadAction","target":["https:\/\/www.erfinde-dein-spiel.de\/spiele\/shop\/spiel-thema\/puppenhaus\/das-puppenhaus-zum-rollen\/"]}]},{"@type":"ImageObject","inLanguage":"de-DE","@id":"https:\/\/www.erfinde-dein-spiel.de\/spiele\/shop\/spiel-thema\/puppenhaus\/das-puppenhaus-zum-rollen\/#primaryimage","url":"https:\/\/www.erfinde-dein-spiel.de\/spiele\/wp-content\/uploads\/2015\/11\/PP_474_731.jpg","contentUrl":"https:\/\/www.erfinde-dein-spiel.de\/spiele\/wp-content\/uploads\/2015\/11\/PP_474_731.jpg","width":500,"height":428,"caption":"Puppenhaus zum Mitnehmen"},{"@type":"BreadcrumbList","@id":"https:\/\/www.erfinde-dein-spiel.de\/spiele\/shop\/spiel-thema\/puppenhaus\/das-puppenhaus-zum-rollen\/#breadcrumb","itemListElement":[{"@type":"ListItem","position":1,"name":"Home","item":"https:\/\/www.erfinde-dein-spiel.de\/spiele\/"},{"@type":"ListItem","position":2,"name":"Shop","item":"https:\/\/www.erfinde-dein-spiel.de\/spiele\/"},{"@type":"ListItem","position":3,"name":"Das Puppenhaus zum Mitnehmen"}]},{"@type":"WebSite","@id":"https:\/\/www.erfinde-dein-spiel.de\/spiele\/#website","url":"https:\/\/www.erfinde-dein-spiel.de\/spiele\/","name":"(er-)finde DEIN Spiel","description":"Spiele aus der Community. Powered by Spieltz.","potentialAction":[{"@type":"SearchAction","target":{"@type":"EntryPoint","urlTemplate":"https:\/\/www.erfinde-dein-spiel.de\/spiele\/?s={search_term_string}"},"query-input":"required name=search_term_string"}],"inLanguage":"de-DE"}]}},"_links":{"self":[{"href":"https:\/\/www.erfinde-dein-spiel.de\/spiele\/wp-json\/wp\/v2\/product\/1465"}],"collection":[{"href":"https:\/\/www.erfinde-dein-spiel.de\/spiele\/wp-json\/wp\/v2\/product"}],"about":[{"href":"https:\/\/www.erfinde-dein-spiel.de\/spiele\/wp-json\/wp\/v2\/types\/product"}],"replies":[{"embeddable":true,"href":"https:\/\/www.erfinde-dein-spiel.de\/spiele\/wp-json\/wp\/v2\/comments?post=1465"}],"wp:featuredmedia":[{"embeddable":true,"href":"https:\/\/www.erfinde-dein-spiel.de\/spiele\/wp-json\/wp\/v2\/media\/1466"}],"wp:attachment":[{"href":"https:\/\/www.erfinde-dein-spiel.de\/spiele\/wp-json\/wp\/v2\/media?parent=1465"}],"wp:term":[{"taxonomy":"product_cat","embeddable":true,"href":"https:\/\/www.erfinde-dein-spiel.de\/spiele\/wp-json\/wp\/v2\/product_cat?post=1465"},{"taxonomy":"product_tag","embeddable":true,"href":"https:\/\/www.erfinde-dein-spiel.de\/spiele\/wp-json\/wp\/v2\/product_tag?post=1465"}],"curies":[{"name":"wp","href":"https:\/\/api.w.org\/{rel}","templated":true}]}}