{"id":1459,"date":"2015-11-15T23:53:14","date_gmt":"2015-11-15T22:53:14","guid":{"rendered":"http:\/\/www.erfinde-dein-spiel.de\/shop\/unkategorisiert\/go-spiel-9x9-klassisch\/"},"modified":"2016-01-20T02:29:21","modified_gmt":"2016-01-20T01:29:21","slug":"go-spiel-9x9-klassisch","status":"publish","type":"product","link":"https:\/\/www.erfinde-dein-spiel.de\/spiele\/shop\/spiele-kategorie\/strategiespiele\/go-spiel-9x9-klassisch\/","title":{"rendered":"Go-Spiel 9&#215;9 (klassisch)"},"content":{"rendered":"<p>Das Erlernen der Go-Regeln bedarf nur weniger Minuten. Die Regeln sind einfach, das Spiel ist leichter als Schach. Das Go-Spiel bietet jedoch unermesslich viele Variationsm\u00f6glichkeiten. Je mehr man \u00fcber Go lernt, umso deutlicher erkennt man die Tiefgr\u00fcndigkeit des Spiels. Mit reinem Auswendiglernen von Mustern und Spieltechniken kommt man im Go nicht zum Ziel. Es ist ein Spiel der Strategie.<\/p>\n<p>Go verwendet nur elementare Materialien und Konzepte Linien und Kreise, Holz und Steine, Schwarz und Wei\u00df. In Verbindung mit wenigen, einfachen Regeln entsteht ein Spiel voll taktischer Raffinesse und strategischer Komplexit\u00e4t, weit jenseits des menschlichen Vorstellungsverm\u00f6gens.<\/p>\n<p>Nun, es muss nicht immer Holz sein! Hier gibt es ein rollbares Spiel im Holz-Look mit jeweils 45 Spielsteinen.<\/p>\n<h3>Shop<\/h3>\n<blockquote class=\"wp-embedded-content\" data-secret=\"De6VLdF7A8\"><p><a href=\"https:\/\/www.erfinde-dein-spiel.de\/spiele\/shops-autoren\/brett-und-stein-verlag\/\">Brett und Stein Verlag<\/a><\/p><\/blockquote>\n<p><iframe class=\"wp-embedded-content\" sandbox=\"allow-scripts\" security=\"restricted\" style=\"position: absolute; clip: rect(1px, 1px, 1px, 1px);\" title=\"&#8222;Brett und Stein Verlag&#8220; &#8212; (er-)finde DEIN Spiel\" src=\"https:\/\/www.erfinde-dein-spiel.de\/spiele\/shops-autoren\/brett-und-stein-verlag\/embed\/#?secret=VA8VLbEPQm#?secret=De6VLdF7A8\" data-secret=\"De6VLdF7A8\" width=\"500\" height=\"282\" frameborder=\"0\" marginwidth=\"0\" marginheight=\"0\" scrolling=\"no\"><\/iframe><\/p>\n<p>&nbsp;<\/p>\n<p>&nbsp;<\/p>\n","protected":false},"excerpt":{"rendered":"<p><a href=\"http:\/\/www.erfinde-dein-spiel.de\/spiele\/shops-autoren\/brett-und-stein-verlag\/\" target=\"_blank\">Shop: BRETT UND STEIN VERLAG<\/a><\/p>\n<p>Go ist ein asiatisches Strategiespiel. Seit rund viertausend Jahren fasziniert und begeistert es die Menschen. Go ist eines der \u00e4ltesten und am meisten gespielten Spiele weltweit. Es schult Kreativit\u00e4t, Intelligenz und Charakter.Go ist ein Brettspiel<\/p>\n","protected":false},"featured_media":1461,"comment_status":"open","ping_status":"closed","template":"","meta":{"_themeisle_gutenberg_block_has_review":false},"product_cat":[286,261,279,260,274,258,250],"product_tag":[],"yoast_head":"<!-- This site is optimized with the Yoast SEO plugin v22.6 - https:\/\/yoast.com\/wordpress\/plugins\/seo\/ -->\n<title>Go-Spiel 9x9 (klassisch) - (er-)finde DEIN Spiel<\/title>\n<meta name=\"robots\" content=\"index, follow, max-snippet:-1, max-image-preview:large, max-video-preview:-1\" \/>\n<link rel=\"canonical\" href=\"https:\/\/www.erfinde-dein-spiel.de\/spiele\/shop\/spiele-kategorie\/strategiespiele\/go-spiel-9x9-klassisch\/\" \/>\n<meta property=\"og:locale\" content=\"de_DE\" \/>\n<meta property=\"og:type\" content=\"article\" \/>\n<meta property=\"og:title\" content=\"Go-Spiel 9x9 (klassisch) - (er-)finde DEIN Spiel\" \/>\n<meta property=\"og:description\" content=\"Shop: BRETT UND STEIN VERLAG  Go ist ein asiatisches Strategiespiel. Seit rund viertausend Jahren fasziniert und begeistert es die Menschen. Go ist eines der \u00e4ltesten und am meisten gespielten Spiele weltweit. Es schult Kreativit\u00e4t, Intelligenz und Charakter.Go ist ein Brettspiel\" \/>\n<meta property=\"og:url\" content=\"https:\/\/www.erfinde-dein-spiel.de\/spiele\/shop\/spiele-kategorie\/strategiespiele\/go-spiel-9x9-klassisch\/\" \/>\n<meta property=\"og:site_name\" content=\"(er-)finde DEIN Spiel\" \/>\n<meta property=\"article:modified_time\" content=\"2016-01-20T01:29:21+00:00\" \/>\n<meta property=\"og:image\" content=\"https:\/\/www.erfinde-dein-spiel.de\/spiele\/wp-content\/uploads\/2015\/11\/PP_472_5103.jpg\" \/>\n\t<meta property=\"og:image:width\" content=\"500\" \/>\n\t<meta property=\"og:image:height\" content=\"500\" \/>\n\t<meta property=\"og:image:type\" content=\"image\/jpeg\" \/>\n<meta name=\"twitter:card\" content=\"summary_large_image\" \/>\n<meta name=\"twitter:label1\" content=\"Gesch\u00e4tzte Lesezeit\" \/>\n\t<meta name=\"twitter:data1\" content=\"1 Minute\" \/>\n<script type=\"application\/ld+json\" class=\"yoast-schema-graph\">{\"@context\":\"https:\/\/schema.org\",\"@graph\":[{\"@type\":\"WebPage\",\"@id\":\"https:\/\/www.erfinde-dein-spiel.de\/spiele\/shop\/spiele-kategorie\/strategiespiele\/go-spiel-9x9-klassisch\/\",\"url\":\"https:\/\/www.erfinde-dein-spiel.de\/spiele\/shop\/spiele-kategorie\/strategiespiele\/go-spiel-9x9-klassisch\/\",\"name\":\"Go-Spiel 9x9 (klassisch) - (er-)finde DEIN Spiel\",\"isPartOf\":{\"@id\":\"https:\/\/www.erfinde-dein-spiel.de\/spiele\/#website\"},\"primaryImageOfPage\":{\"@id\":\"https:\/\/www.erfinde-dein-spiel.de\/spiele\/shop\/spiele-kategorie\/strategiespiele\/go-spiel-9x9-klassisch\/#primaryimage\"},\"image\":{\"@id\":\"https:\/\/www.erfinde-dein-spiel.de\/spiele\/shop\/spiele-kategorie\/strategiespiele\/go-spiel-9x9-klassisch\/#primaryimage\"},\"thumbnailUrl\":\"https:\/\/www.erfinde-dein-spiel.de\/spiele\/wp-content\/uploads\/2015\/11\/PP_472_5103.jpg\",\"datePublished\":\"2015-11-15T22:53:14+00:00\",\"dateModified\":\"2016-01-20T01:29:21+00:00\",\"breadcrumb\":{\"@id\":\"https:\/\/www.erfinde-dein-spiel.de\/spiele\/shop\/spiele-kategorie\/strategiespiele\/go-spiel-9x9-klassisch\/#breadcrumb\"},\"inLanguage\":\"de-DE\",\"potentialAction\":[{\"@type\":\"ReadAction\",\"target\":[\"https:\/\/www.erfinde-dein-spiel.de\/spiele\/shop\/spiele-kategorie\/strategiespiele\/go-spiel-9x9-klassisch\/\"]}]},{\"@type\":\"ImageObject\",\"inLanguage\":\"de-DE\",\"@id\":\"https:\/\/www.erfinde-dein-spiel.de\/spiele\/shop\/spiele-kategorie\/strategiespiele\/go-spiel-9x9-klassisch\/#primaryimage\",\"url\":\"https:\/\/www.erfinde-dein-spiel.de\/spiele\/wp-content\/uploads\/2015\/11\/PP_472_5103.jpg\",\"contentUrl\":\"https:\/\/www.erfinde-dein-spiel.de\/spiele\/wp-content\/uploads\/2015\/11\/PP_472_5103.jpg\",\"width\":500,\"height\":500,\"caption\":\"Go Spielplan Spielbrett 9x9 Holz-Optik\"},{\"@type\":\"BreadcrumbList\",\"@id\":\"https:\/\/www.erfinde-dein-spiel.de\/spiele\/shop\/spiele-kategorie\/strategiespiele\/go-spiel-9x9-klassisch\/#breadcrumb\",\"itemListElement\":[{\"@type\":\"ListItem\",\"position\":1,\"name\":\"Home\",\"item\":\"https:\/\/www.erfinde-dein-spiel.de\/spiele\/\"},{\"@type\":\"ListItem\",\"position\":2,\"name\":\"Shop\",\"item\":\"https:\/\/www.erfinde-dein-spiel.de\/spiele\/\"},{\"@type\":\"ListItem\",\"position\":3,\"name\":\"Go-Spiel 9&#215;9 (klassisch)\"}]},{\"@type\":\"WebSite\",\"@id\":\"https:\/\/www.erfinde-dein-spiel.de\/spiele\/#website\",\"url\":\"https:\/\/www.erfinde-dein-spiel.de\/spiele\/\",\"name\":\"(er-)finde DEIN Spiel\",\"description\":\"Spiele aus der Community. Powered by Spieltz.\",\"potentialAction\":[{\"@type\":\"SearchAction\",\"target\":{\"@type\":\"EntryPoint\",\"urlTemplate\":\"https:\/\/www.erfinde-dein-spiel.de\/spiele\/?s={search_term_string}\"},\"query-input\":\"required name=search_term_string\"}],\"inLanguage\":\"de-DE\"}]}<\/script>\n<!-- \/ Yoast SEO plugin. -->","yoast_head_json":{"title":"Go-Spiel 9x9 (klassisch) - (er-)finde DEIN Spiel","robots":{"index":"index","follow":"follow","max-snippet":"max-snippet:-1","max-image-preview":"max-image-preview:large","max-video-preview":"max-video-preview:-1"},"canonical":"https:\/\/www.erfinde-dein-spiel.de\/spiele\/shop\/spiele-kategorie\/strategiespiele\/go-spiel-9x9-klassisch\/","og_locale":"de_DE","og_type":"article","og_title":"Go-Spiel 9x9 (klassisch) - (er-)finde DEIN Spiel","og_description":"Shop: BRETT UND STEIN VERLAG  Go ist ein asiatisches Strategiespiel. Seit rund viertausend Jahren fasziniert und begeistert es die Menschen. Go ist eines der \u00e4ltesten und am meisten gespielten Spiele weltweit. Es schult Kreativit\u00e4t, Intelligenz und Charakter.Go ist ein Brettspiel","og_url":"https:\/\/www.erfinde-dein-spiel.de\/spiele\/shop\/spiele-kategorie\/strategiespiele\/go-spiel-9x9-klassisch\/","og_site_name":"(er-)finde DEIN Spiel","article_modified_time":"2016-01-20T01:29:21+00:00","og_image":[{"width":500,"height":500,"url":"https:\/\/www.erfinde-dein-spiel.de\/spiele\/wp-content\/uploads\/2015\/11\/PP_472_5103.jpg","type":"image\/jpeg"}],"twitter_card":"summary_large_image","twitter_misc":{"Gesch\u00e4tzte Lesezeit":"1 Minute"},"schema":{"@context":"https:\/\/schema.org","@graph":[{"@type":"WebPage","@id":"https:\/\/www.erfinde-dein-spiel.de\/spiele\/shop\/spiele-kategorie\/strategiespiele\/go-spiel-9x9-klassisch\/","url":"https:\/\/www.erfinde-dein-spiel.de\/spiele\/shop\/spiele-kategorie\/strategiespiele\/go-spiel-9x9-klassisch\/","name":"Go-Spiel 9x9 (klassisch) - (er-)finde DEIN Spiel","isPartOf":{"@id":"https:\/\/www.erfinde-dein-spiel.de\/spiele\/#website"},"primaryImageOfPage":{"@id":"https:\/\/www.erfinde-dein-spiel.de\/spiele\/shop\/spiele-kategorie\/strategiespiele\/go-spiel-9x9-klassisch\/#primaryimage"},"image":{"@id":"https:\/\/www.erfinde-dein-spiel.de\/spiele\/shop\/spiele-kategorie\/strategiespiele\/go-spiel-9x9-klassisch\/#primaryimage"},"thumbnailUrl":"https:\/\/www.erfinde-dein-spiel.de\/spiele\/wp-content\/uploads\/2015\/11\/PP_472_5103.jpg","datePublished":"2015-11-15T22:53:14+00:00","dateModified":"2016-01-20T01:29:21+00:00","breadcrumb":{"@id":"https:\/\/www.erfinde-dein-spiel.de\/spiele\/shop\/spiele-kategorie\/strategiespiele\/go-spiel-9x9-klassisch\/#breadcrumb"},"inLanguage":"de-DE","potentialAction":[{"@type":"ReadAction","target":["https:\/\/www.erfinde-dein-spiel.de\/spiele\/shop\/spiele-kategorie\/strategiespiele\/go-spiel-9x9-klassisch\/"]}]},{"@type":"ImageObject","inLanguage":"de-DE","@id":"https:\/\/www.erfinde-dein-spiel.de\/spiele\/shop\/spiele-kategorie\/strategiespiele\/go-spiel-9x9-klassisch\/#primaryimage","url":"https:\/\/www.erfinde-dein-spiel.de\/spiele\/wp-content\/uploads\/2015\/11\/PP_472_5103.jpg","contentUrl":"https:\/\/www.erfinde-dein-spiel.de\/spiele\/wp-content\/uploads\/2015\/11\/PP_472_5103.jpg","width":500,"height":500,"caption":"Go Spielplan Spielbrett 9x9 Holz-Optik"},{"@type":"BreadcrumbList","@id":"https:\/\/www.erfinde-dein-spiel.de\/spiele\/shop\/spiele-kategorie\/strategiespiele\/go-spiel-9x9-klassisch\/#breadcrumb","itemListElement":[{"@type":"ListItem","position":1,"name":"Home","item":"https:\/\/www.erfinde-dein-spiel.de\/spiele\/"},{"@type":"ListItem","position":2,"name":"Shop","item":"https:\/\/www.erfinde-dein-spiel.de\/spiele\/"},{"@type":"ListItem","position":3,"name":"Go-Spiel 9&#215;9 (klassisch)"}]},{"@type":"WebSite","@id":"https:\/\/www.erfinde-dein-spiel.de\/spiele\/#website","url":"https:\/\/www.erfinde-dein-spiel.de\/spiele\/","name":"(er-)finde DEIN Spiel","description":"Spiele aus der Community. Powered by Spieltz.","potentialAction":[{"@type":"SearchAction","target":{"@type":"EntryPoint","urlTemplate":"https:\/\/www.erfinde-dein-spiel.de\/spiele\/?s={search_term_string}"},"query-input":"required name=search_term_string"}],"inLanguage":"de-DE"}]}},"_links":{"self":[{"href":"https:\/\/www.erfinde-dein-spiel.de\/spiele\/wp-json\/wp\/v2\/product\/1459"}],"collection":[{"href":"https:\/\/www.erfinde-dein-spiel.de\/spiele\/wp-json\/wp\/v2\/product"}],"about":[{"href":"https:\/\/www.erfinde-dein-spiel.de\/spiele\/wp-json\/wp\/v2\/types\/product"}],"replies":[{"embeddable":true,"href":"https:\/\/www.erfinde-dein-spiel.de\/spiele\/wp-json\/wp\/v2\/comments?post=1459"}],"wp:featuredmedia":[{"embeddable":true,"href":"https:\/\/www.erfinde-dein-spiel.de\/spiele\/wp-json\/wp\/v2\/media\/1461"}],"wp:attachment":[{"href":"https:\/\/www.erfinde-dein-spiel.de\/spiele\/wp-json\/wp\/v2\/media?parent=1459"}],"wp:term":[{"taxonomy":"product_cat","embeddable":true,"href":"https:\/\/www.erfinde-dein-spiel.de\/spiele\/wp-json\/wp\/v2\/product_cat?post=1459"},{"taxonomy":"product_tag","embeddable":true,"href":"https:\/\/www.erfinde-dein-spiel.de\/spiele\/wp-json\/wp\/v2\/product_tag?post=1459"}],"curies":[{"name":"wp","href":"https:\/\/api.w.org\/{rel}","templated":true}]}}