{"id":1452,"date":"2015-11-15T23:53:09","date_gmt":"2015-11-15T22:53:09","guid":{"rendered":"http:\/\/www.erfinde-dein-spiel.de\/shop\/unkategorisiert\/bluemchen-blau\/"},"modified":"2024-05-11T00:11:17","modified_gmt":"2024-05-10T22:11:17","slug":"bluemchen-blau","status":"publish","type":"product","link":"https:\/\/www.erfinde-dein-spiel.de\/spiele\/shop\/spiel-thema\/natur-pflanzen-tiere\/bluemchen-blau\/","title":{"rendered":"bl\u00fcmchen blau"},"content":{"rendered":"<h3>Das Spiel<\/h3>\n<p>Shop: Spieltz Verlagsprogramm<br \/>\nAutor: traditionelles Spiel \/ Anpassung: Karin Janner<br \/>\nDesign: Isabel Zurowetz<\/p>\n<p>Das Spiel basiert auf dem Prinzip von Pachisi \/ Ludo. Die blumige Variante des beliebten Familien-Klassikers! Das Spielfeld mit h\u00fcbschen Blumenmotiven, die Spielfiguren Babyrosa, Hellblau, Lindgr\u00fcn und Wei\u00df.<\/p>\n<p>Spielvorschlag:\u00a0Anstelle von klassischen Spielkegeln werden verschiedenfarbige Bl\u00fcten ins Ziel gebracht.\u00a0Jeder Spieler sucht sich dazu vier gleichfarbige &#8222;Spielfiguren&#8220; aus der Natur, z.B. 4 G\u00e4nsebl\u00fcmchenk\u00f6pfe oder 4 Kleek\u00f6pfe. Man stelle sich vor, dass auf der Wiese Ameisen leben, die die Natursch\u00e4tze packen und in ihren Bau transportieren wollen. Der Spieler, dessen Sch\u00e4tze zuerst im Bau landen, hat gewonnen!<\/p>\n<h3>Bl\u00fcmchenblau als Werbespiel<\/h3>\n<p>bl\u00fcmchenblau ist &#8211; wie alle Spiele aus unserem eigenen Verlagsprogramm &#8211; <a href=\"http:\/\/spieltz.de\/werbespiele\/shop\/ausfuehrung\/preiskategorie-b\/bluemchenblau-werbespiel-rollbar\/\" target=\"_blank\">auch erh\u00e4ltlich als Werbespiel mit Firmenlogo<\/a>, oder wir gestalten es komplett um und passen es an das Corporate Design des Unternehmens an.<\/p>\n<h3>Spielmaterial<\/h3>\n<ul>\n<li>1 Spielplan (LKW-Plane), Gr\u00f6\u00dfe 30 x 30 cm<\/li>\n<li>4 x 4 Spielfiguren + 1\u00a0W\u00fcrfel aus bunt lackiertem Holz, in sch\u00f6nen Pastellfarben<\/li>\n<li>Anleitung auf Deutsch<\/li>\n<li>Verpackung: Papprolle, wei\u00df gl\u00e4nzend, mit Aufkleber, L\u00e4nge 34 mm, Durchmesse 6 cm.<\/li>\n<\/ul>\n<h3>Das Wichtigste in K\u00fcrze<\/h3>\n<ul>\n<li>Art des Spiels: Brettspiel, Familienspiel, Gesellschaftsspiel<\/li>\n<li>Ausf\u00fchrung: Spielplan auf LKW-Plane \u2013 rollbar und robust, verpackt in eine Papprolle<\/li>\n<li>Zubeh\u00f6r: Spielfiguren und W\u00fcrfel aus bunt lackiertem Holz, in sch\u00f6nen Pastellfarben<\/li>\n<li>Spielthema:\u00a0Blumen, Natur<\/li>\n<li>Anzahl Spieler: 2\u00a0\u2013 4 Spieler<\/li>\n<li>Empfohlenes Alter: ab 6\u00a0Jahren<\/li>\n<li>Spieldauer: etwa 30 \u2013 45 Minuten<\/li>\n<li><a href=\"http:\/\/spieltz.de\/werbespiele\/shop\/ausfuehrung\/preiskategorie-b\/bluemchenblau-werbespiel-rollbar\/\" target=\"_blank\">Auch erh\u00e4ltlich als Werbespiel mit Firmenlogo<\/a>, \u00fcber den Spieltz Werbespiele-Shop.<\/li>\n<\/ul>\n<blockquote class=\"wp-embedded-content\" data-secret=\"hU5QS757bI\"><p><a href=\"https:\/\/www.erfinde-dein-spiel.de\/spiele\/shop\/spiel-thema\/natur-pflanzen-tiere\/bluemchen-blau\/\">bl\u00fcmchen blau<\/a><\/p><\/blockquote>\n<p><iframe class=\"wp-embedded-content\" sandbox=\"allow-scripts\" security=\"restricted\" style=\"position: absolute; clip: rect(1px, 1px, 1px, 1px);\" title=\"&#8222;bl\u00fcmchen blau&#8220; &#8212; (er-)finde DEIN Spiel\" src=\"https:\/\/www.erfinde-dein-spiel.de\/spiele\/shop\/spiel-thema\/natur-pflanzen-tiere\/bluemchen-blau\/embed\/#?secret=Yskr0lrXSa#?secret=hU5QS757bI\" data-secret=\"hU5QS757bI\" width=\"500\" height=\"282\" frameborder=\"0\" marginwidth=\"0\" marginheight=\"0\" scrolling=\"no\"><\/iframe><\/p>\n<p>&nbsp;<\/p>\n","protected":false},"excerpt":{"rendered":"<p><a href=\"http:\/\/www.erfinde-dein-spiel.de\/shops-autoren\/shop-spieltz-verlagsprogramm\/\" target=\"_blank\">Shop:\u00a0SPIELTZ VERLAGSPROGRAMM<\/a><\/p>\n<p>Die blumige Variante des beliebten Familienspiel-Klassikers! Das Spielfeld mit h\u00fcbschen Blumenmotiven, die Spielfiguren Babyrosa, Hellblau, Lindgr\u00fcn und Wei\u00df. Spielvorschlag:\u00a0Anstelle von klassischen Spielkegeln werden verschiedenfarbige Bl\u00fcten ins Ziel gebracht.<\/p>\n<p>Rollbarer Spielplan aus LKW-Plane, Gr\u00f6\u00dfe: 30\u00a0x 30\u00a0cm<br \/>\nVerpackung: Papprolle wei\u00df, L\u00e4nge 34 cm, Durchmesser 6 cm<\/p>\n","protected":false},"featured_media":1453,"comment_status":"open","ping_status":"closed","template":"","meta":{"_themeisle_gutenberg_block_has_review":false},"product_cat":[303,314,339,328,248,245,264,267],"product_tag":[],"yoast_head":"<!-- This site is optimized with the Yoast SEO plugin v22.6 - https:\/\/yoast.com\/wordpress\/plugins\/seo\/ -->\n<title>bl\u00fcmchen blau - (er-)finde DEIN Spiel<\/title>\n<meta name=\"robots\" content=\"index, follow, max-snippet:-1, max-image-preview:large, max-video-preview:-1\" \/>\n<link rel=\"canonical\" href=\"https:\/\/www.erfinde-dein-spiel.de\/spiele\/shop\/spiel-thema\/natur-pflanzen-tiere\/bluemchen-blau\/\" \/>\n<meta property=\"og:locale\" content=\"de_DE\" \/>\n<meta property=\"og:type\" content=\"article\" \/>\n<meta property=\"og:title\" content=\"bl\u00fcmchen blau - (er-)finde DEIN Spiel\" \/>\n<meta property=\"og:description\" content=\"Shop:\u00a0SPIELTZ VERLAGSPROGRAMM  Die blumige Variante des beliebten Familienspiel-Klassikers! Das Spielfeld mit h\u00fcbschen Blumenmotiven, die Spielfiguren Babyrosa, Hellblau, Lindgr\u00fcn und Wei\u00df. Spielvorschlag:\u00a0Anstelle von klassischen Spielkegeln werden verschiedenfarbige Bl\u00fcten ins Ziel gebracht.  Rollbarer Spielplan aus LKW-Plane, Gr\u00f6\u00dfe: 30\u00a0x 30\u00a0cm Verpackung: Papprolle wei\u00df, L\u00e4nge 34 cm, Durchmesser 6 cm\" \/>\n<meta property=\"og:url\" content=\"https:\/\/www.erfinde-dein-spiel.de\/spiele\/shop\/spiel-thema\/natur-pflanzen-tiere\/bluemchen-blau\/\" \/>\n<meta property=\"og:site_name\" content=\"(er-)finde DEIN Spiel\" \/>\n<meta property=\"article:modified_time\" content=\"2024-05-10T22:11:17+00:00\" \/>\n<meta property=\"og:image\" content=\"https:\/\/www.erfinde-dein-spiel.de\/spiele\/wp-content\/uploads\/2015\/11\/PP_457_731.jpg\" \/>\n\t<meta property=\"og:image:width\" content=\"500\" \/>\n\t<meta property=\"og:image:height\" content=\"503\" \/>\n\t<meta property=\"og:image:type\" content=\"image\/jpeg\" \/>\n<meta name=\"twitter:card\" content=\"summary_large_image\" \/>\n<meta name=\"twitter:label1\" content=\"Gesch\u00e4tzte Lesezeit\" \/>\n\t<meta name=\"twitter:data1\" content=\"1 Minute\" \/>\n<script type=\"application\/ld+json\" class=\"yoast-schema-graph\">{\"@context\":\"https:\/\/schema.org\",\"@graph\":[{\"@type\":\"WebPage\",\"@id\":\"https:\/\/www.erfinde-dein-spiel.de\/spiele\/shop\/spiel-thema\/natur-pflanzen-tiere\/bluemchen-blau\/\",\"url\":\"https:\/\/www.erfinde-dein-spiel.de\/spiele\/shop\/spiel-thema\/natur-pflanzen-tiere\/bluemchen-blau\/\",\"name\":\"bl\u00fcmchen blau - (er-)finde DEIN Spiel\",\"isPartOf\":{\"@id\":\"https:\/\/www.erfinde-dein-spiel.de\/spiele\/#website\"},\"primaryImageOfPage\":{\"@id\":\"https:\/\/www.erfinde-dein-spiel.de\/spiele\/shop\/spiel-thema\/natur-pflanzen-tiere\/bluemchen-blau\/#primaryimage\"},\"image\":{\"@id\":\"https:\/\/www.erfinde-dein-spiel.de\/spiele\/shop\/spiel-thema\/natur-pflanzen-tiere\/bluemchen-blau\/#primaryimage\"},\"thumbnailUrl\":\"https:\/\/www.erfinde-dein-spiel.de\/spiele\/wp-content\/uploads\/2015\/11\/PP_457_731.jpg\",\"datePublished\":\"2015-11-15T22:53:09+00:00\",\"dateModified\":\"2024-05-10T22:11:17+00:00\",\"breadcrumb\":{\"@id\":\"https:\/\/www.erfinde-dein-spiel.de\/spiele\/shop\/spiel-thema\/natur-pflanzen-tiere\/bluemchen-blau\/#breadcrumb\"},\"inLanguage\":\"de-DE\",\"potentialAction\":[{\"@type\":\"ReadAction\",\"target\":[\"https:\/\/www.erfinde-dein-spiel.de\/spiele\/shop\/spiel-thema\/natur-pflanzen-tiere\/bluemchen-blau\/\"]}]},{\"@type\":\"ImageObject\",\"inLanguage\":\"de-DE\",\"@id\":\"https:\/\/www.erfinde-dein-spiel.de\/spiele\/shop\/spiel-thema\/natur-pflanzen-tiere\/bluemchen-blau\/#primaryimage\",\"url\":\"https:\/\/www.erfinde-dein-spiel.de\/spiele\/wp-content\/uploads\/2015\/11\/PP_457_731.jpg\",\"contentUrl\":\"https:\/\/www.erfinde-dein-spiel.de\/spiele\/wp-content\/uploads\/2015\/11\/PP_457_731.jpg\",\"width\":500,\"height\":503,\"caption\":\"Bl\u00fcmchenblau, der Familienspiel-Klassiker\"},{\"@type\":\"BreadcrumbList\",\"@id\":\"https:\/\/www.erfinde-dein-spiel.de\/spiele\/shop\/spiel-thema\/natur-pflanzen-tiere\/bluemchen-blau\/#breadcrumb\",\"itemListElement\":[{\"@type\":\"ListItem\",\"position\":1,\"name\":\"Home\",\"item\":\"https:\/\/www.erfinde-dein-spiel.de\/spiele\/\"},{\"@type\":\"ListItem\",\"position\":2,\"name\":\"Shop\",\"item\":\"https:\/\/www.erfinde-dein-spiel.de\/spiele\/\"},{\"@type\":\"ListItem\",\"position\":3,\"name\":\"bl\u00fcmchen blau\"}]},{\"@type\":\"WebSite\",\"@id\":\"https:\/\/www.erfinde-dein-spiel.de\/spiele\/#website\",\"url\":\"https:\/\/www.erfinde-dein-spiel.de\/spiele\/\",\"name\":\"(er-)finde DEIN Spiel\",\"description\":\"Spiele aus der Community. Powered by Spieltz.\",\"potentialAction\":[{\"@type\":\"SearchAction\",\"target\":{\"@type\":\"EntryPoint\",\"urlTemplate\":\"https:\/\/www.erfinde-dein-spiel.de\/spiele\/?s={search_term_string}\"},\"query-input\":\"required name=search_term_string\"}],\"inLanguage\":\"de-DE\"}]}<\/script>\n<!-- \/ Yoast SEO plugin. -->","yoast_head_json":{"title":"bl\u00fcmchen blau - (er-)finde DEIN Spiel","robots":{"index":"index","follow":"follow","max-snippet":"max-snippet:-1","max-image-preview":"max-image-preview:large","max-video-preview":"max-video-preview:-1"},"canonical":"https:\/\/www.erfinde-dein-spiel.de\/spiele\/shop\/spiel-thema\/natur-pflanzen-tiere\/bluemchen-blau\/","og_locale":"de_DE","og_type":"article","og_title":"bl\u00fcmchen blau - (er-)finde DEIN Spiel","og_description":"Shop:\u00a0SPIELTZ VERLAGSPROGRAMM  Die blumige Variante des beliebten Familienspiel-Klassikers! Das Spielfeld mit h\u00fcbschen Blumenmotiven, die Spielfiguren Babyrosa, Hellblau, Lindgr\u00fcn und Wei\u00df. Spielvorschlag:\u00a0Anstelle von klassischen Spielkegeln werden verschiedenfarbige Bl\u00fcten ins Ziel gebracht.  Rollbarer Spielplan aus LKW-Plane, Gr\u00f6\u00dfe: 30\u00a0x 30\u00a0cm Verpackung: Papprolle wei\u00df, L\u00e4nge 34 cm, Durchmesser 6 cm","og_url":"https:\/\/www.erfinde-dein-spiel.de\/spiele\/shop\/spiel-thema\/natur-pflanzen-tiere\/bluemchen-blau\/","og_site_name":"(er-)finde DEIN Spiel","article_modified_time":"2024-05-10T22:11:17+00:00","og_image":[{"width":500,"height":503,"url":"https:\/\/www.erfinde-dein-spiel.de\/spiele\/wp-content\/uploads\/2015\/11\/PP_457_731.jpg","type":"image\/jpeg"}],"twitter_card":"summary_large_image","twitter_misc":{"Gesch\u00e4tzte Lesezeit":"1 Minute"},"schema":{"@context":"https:\/\/schema.org","@graph":[{"@type":"WebPage","@id":"https:\/\/www.erfinde-dein-spiel.de\/spiele\/shop\/spiel-thema\/natur-pflanzen-tiere\/bluemchen-blau\/","url":"https:\/\/www.erfinde-dein-spiel.de\/spiele\/shop\/spiel-thema\/natur-pflanzen-tiere\/bluemchen-blau\/","name":"bl\u00fcmchen blau - (er-)finde DEIN Spiel","isPartOf":{"@id":"https:\/\/www.erfinde-dein-spiel.de\/spiele\/#website"},"primaryImageOfPage":{"@id":"https:\/\/www.erfinde-dein-spiel.de\/spiele\/shop\/spiel-thema\/natur-pflanzen-tiere\/bluemchen-blau\/#primaryimage"},"image":{"@id":"https:\/\/www.erfinde-dein-spiel.de\/spiele\/shop\/spiel-thema\/natur-pflanzen-tiere\/bluemchen-blau\/#primaryimage"},"thumbnailUrl":"https:\/\/www.erfinde-dein-spiel.de\/spiele\/wp-content\/uploads\/2015\/11\/PP_457_731.jpg","datePublished":"2015-11-15T22:53:09+00:00","dateModified":"2024-05-10T22:11:17+00:00","breadcrumb":{"@id":"https:\/\/www.erfinde-dein-spiel.de\/spiele\/shop\/spiel-thema\/natur-pflanzen-tiere\/bluemchen-blau\/#breadcrumb"},"inLanguage":"de-DE","potentialAction":[{"@type":"ReadAction","target":["https:\/\/www.erfinde-dein-spiel.de\/spiele\/shop\/spiel-thema\/natur-pflanzen-tiere\/bluemchen-blau\/"]}]},{"@type":"ImageObject","inLanguage":"de-DE","@id":"https:\/\/www.erfinde-dein-spiel.de\/spiele\/shop\/spiel-thema\/natur-pflanzen-tiere\/bluemchen-blau\/#primaryimage","url":"https:\/\/www.erfinde-dein-spiel.de\/spiele\/wp-content\/uploads\/2015\/11\/PP_457_731.jpg","contentUrl":"https:\/\/www.erfinde-dein-spiel.de\/spiele\/wp-content\/uploads\/2015\/11\/PP_457_731.jpg","width":500,"height":503,"caption":"Bl\u00fcmchenblau, der Familienspiel-Klassiker"},{"@type":"BreadcrumbList","@id":"https:\/\/www.erfinde-dein-spiel.de\/spiele\/shop\/spiel-thema\/natur-pflanzen-tiere\/bluemchen-blau\/#breadcrumb","itemListElement":[{"@type":"ListItem","position":1,"name":"Home","item":"https:\/\/www.erfinde-dein-spiel.de\/spiele\/"},{"@type":"ListItem","position":2,"name":"Shop","item":"https:\/\/www.erfinde-dein-spiel.de\/spiele\/"},{"@type":"ListItem","position":3,"name":"bl\u00fcmchen blau"}]},{"@type":"WebSite","@id":"https:\/\/www.erfinde-dein-spiel.de\/spiele\/#website","url":"https:\/\/www.erfinde-dein-spiel.de\/spiele\/","name":"(er-)finde DEIN Spiel","description":"Spiele aus der Community. Powered by Spieltz.","potentialAction":[{"@type":"SearchAction","target":{"@type":"EntryPoint","urlTemplate":"https:\/\/www.erfinde-dein-spiel.de\/spiele\/?s={search_term_string}"},"query-input":"required name=search_term_string"}],"inLanguage":"de-DE"}]}},"_links":{"self":[{"href":"https:\/\/www.erfinde-dein-spiel.de\/spiele\/wp-json\/wp\/v2\/product\/1452"}],"collection":[{"href":"https:\/\/www.erfinde-dein-spiel.de\/spiele\/wp-json\/wp\/v2\/product"}],"about":[{"href":"https:\/\/www.erfinde-dein-spiel.de\/spiele\/wp-json\/wp\/v2\/types\/product"}],"replies":[{"embeddable":true,"href":"https:\/\/www.erfinde-dein-spiel.de\/spiele\/wp-json\/wp\/v2\/comments?post=1452"}],"wp:featuredmedia":[{"embeddable":true,"href":"https:\/\/www.erfinde-dein-spiel.de\/spiele\/wp-json\/wp\/v2\/media\/1453"}],"wp:attachment":[{"href":"https:\/\/www.erfinde-dein-spiel.de\/spiele\/wp-json\/wp\/v2\/media?parent=1452"}],"wp:term":[{"taxonomy":"product_cat","embeddable":true,"href":"https:\/\/www.erfinde-dein-spiel.de\/spiele\/wp-json\/wp\/v2\/product_cat?post=1452"},{"taxonomy":"product_tag","embeddable":true,"href":"https:\/\/www.erfinde-dein-spiel.de\/spiele\/wp-json\/wp\/v2\/product_tag?post=1452"}],"curies":[{"name":"wp","href":"https:\/\/api.w.org\/{rel}","templated":true}]}}