{"id":1428,"date":"2015-11-15T23:52:52","date_gmt":"2015-11-15T22:52:52","guid":{"rendered":"http:\/\/www.erfinde-dein-spiel.de\/shop\/unkategorisiert\/die-grosse-beutejagd-gluecksedition\/"},"modified":"2016-01-18T23:04:25","modified_gmt":"2016-01-18T22:04:25","slug":"die-grosse-beutejagd-gluecksedition","status":"publish","type":"product","link":"https:\/\/www.erfinde-dein-spiel.de\/spiele\/shop\/spiel-thema\/piraten-spiele\/die-grosse-beutejagd-gluecksedition\/","title":{"rendered":"Die gro\u00dfe Beutejagd -Gl\u00fccksedition"},"content":{"rendered":"<p>Meine Familie und meine Freunde sind schuld daran&#8230; sie dr\u00e4ngten mich f\u00f6rmlich zu diesem Schritt, obwohl uns das Spiel schon unendlich viele Stunden vers\u00fc\u00dft hat &#8211; als Autor bleibt man ja immer skeptisch, ob es schon die n\u00f6tige Reife hat&#8230; aber mir wurde bisher von allen Seiten best\u00e4tigt, dass es das hat&#8230; also gehe ich nun diesen Schritt um auch andere an diesem Spiel teilhaben zu lassen.<\/p>\n<p>In diesem Spiel geht es darum, so viele Chips wie nur m\u00f6glich zu erbeuten. Die Felder des Spielbretts stellen die Laufbahn dar, die alle Spielfiguren zur\u00fccklegen m\u00fcssen &#8211; die gelben Felder sind hier die Beutefelder. Auf dem Startfeld (mit W\u00fcrfelsymbolen) beginnen die Spielsteine den Weg. Wer mit seinen 2 Spielsteinen am Ziel die h\u00f6chste Chip-Wertung (also die gr\u00f6\u00dfte Beute) in sein Zuhause (farbige Hausfelder in den Ecken) gebracht hat, gewinnt das Spiel.<\/p>\n<p>Die Ursprungsform des Spieles war die Piraten-Edition, da wir &#8211; meine Kinder und ich &#8211; uns gerne als die &#8222;Milchreispiraten&#8220; bezeichnen. Da das Spiel aber sicher auch ein tolles Geschenk zu allen m\u00f6glichen Anl\u00e4ssen sein kann, haben mir meine Freunde und Bekannten den &#8222;Auftrag&#8220; erteilt, hier noch ein paar andere Lebenssituationen abzudecken&#8230; was ich mit Freude getan habe.<\/p>\n<p>Hier ist das Ergebnis&#8230; nun bleibt mir nur noch viel Spa\u00df beim Spiel zu w\u00fcnschen.<\/p>\n<p>Die Milchreispiraten Thomas Grosch-Pf\u00fctze (RYF)<\/p>\n<h3>SHOP<\/h3>\n<p>&nbsp;<\/p>\n<blockquote class=\"wp-embedded-content\" data-secret=\"ufkqqE2vK2\"><p><a href=\"https:\/\/www.erfinde-dein-spiel.de\/spiele\/shops-autoren\/milchreispiraten-brettspiele-thomas-ryf\/\">Milchreispiraten BRETTSPIELE Thomas RYF<\/a><\/p><\/blockquote>\n<p><iframe class=\"wp-embedded-content\" sandbox=\"allow-scripts\" security=\"restricted\" style=\"position: absolute; clip: rect(1px, 1px, 1px, 1px);\" title=\"&#8222;Milchreispiraten BRETTSPIELE Thomas RYF&#8220; &#8212; (er-)finde DEIN Spiel\" src=\"https:\/\/www.erfinde-dein-spiel.de\/spiele\/shops-autoren\/milchreispiraten-brettspiele-thomas-ryf\/embed\/#?secret=HV11izh5gD#?secret=ufkqqE2vK2\" data-secret=\"ufkqqE2vK2\" width=\"500\" height=\"282\" frameborder=\"0\" marginwidth=\"0\" marginheight=\"0\" scrolling=\"no\"><\/iframe><\/p>\n<p>&nbsp;<\/p>\n","protected":false},"excerpt":{"rendered":"<p><a href=\"http:\/\/www.erfinde-dein-spiel.de\/spiele\/shops-autoren\/milchreispiraten-brettspiele-thomas-ryf\/\" target=\"_blank\">Shop: MILCHREIS PIRATEN BRETTSPIELE<\/a><\/p>\n<p>Ziel des Spieles ist es, auf dem Weg soviel Beute zu machen wie nur m\u00f6glich. Das ist aber gar nicht so leicht, denn es gibt einige Hindernisse und nicht gerade wohlgesonnene Gegner.<\/p>\n","protected":false},"featured_media":1429,"comment_status":"open","ping_status":"closed","template":"","meta":{"_themeisle_gutenberg_block_has_review":false},"product_cat":[372,371,248,247,261,281,260,274,258,267],"product_tag":[],"yoast_head":"<!-- This site is optimized with the Yoast SEO plugin v22.6 - https:\/\/yoast.com\/wordpress\/plugins\/seo\/ -->\n<title>Die gro\u00dfe Beutejagd -Gl\u00fccksedition - (er-)finde DEIN Spiel<\/title>\n<meta name=\"robots\" content=\"index, follow, max-snippet:-1, max-image-preview:large, max-video-preview:-1\" \/>\n<link rel=\"canonical\" href=\"https:\/\/www.erfinde-dein-spiel.de\/spiele\/shop\/spiel-thema\/piraten-spiele\/die-grosse-beutejagd-gluecksedition\/\" \/>\n<meta property=\"og:locale\" content=\"de_DE\" \/>\n<meta property=\"og:type\" content=\"article\" \/>\n<meta property=\"og:title\" content=\"Die gro\u00dfe Beutejagd -Gl\u00fccksedition - (er-)finde DEIN Spiel\" \/>\n<meta property=\"og:description\" content=\"Shop: MILCHREIS PIRATEN BRETTSPIELE  Ziel des Spieles ist es, auf dem Weg soviel Beute zu machen wie nur m\u00f6glich. Das ist aber gar nicht so leicht, denn es gibt einige Hindernisse und nicht gerade wohlgesonnene Gegner.\" \/>\n<meta property=\"og:url\" content=\"https:\/\/www.erfinde-dein-spiel.de\/spiele\/shop\/spiel-thema\/piraten-spiele\/die-grosse-beutejagd-gluecksedition\/\" \/>\n<meta property=\"og:site_name\" content=\"(er-)finde DEIN Spiel\" \/>\n<meta property=\"article:modified_time\" content=\"2016-01-18T22:04:25+00:00\" \/>\n<meta property=\"og:image\" content=\"https:\/\/www.erfinde-dein-spiel.de\/spiele\/wp-content\/uploads\/2015\/11\/PP_428_1631.jpg\" \/>\n\t<meta property=\"og:image:width\" content=\"500\" \/>\n\t<meta property=\"og:image:height\" content=\"500\" \/>\n\t<meta property=\"og:image:type\" content=\"image\/jpeg\" \/>\n<meta name=\"twitter:card\" content=\"summary_large_image\" \/>\n<meta name=\"twitter:label1\" content=\"Gesch\u00e4tzte Lesezeit\" \/>\n\t<meta name=\"twitter:data1\" content=\"1 Minute\" \/>\n<script type=\"application\/ld+json\" class=\"yoast-schema-graph\">{\"@context\":\"https:\/\/schema.org\",\"@graph\":[{\"@type\":\"WebPage\",\"@id\":\"https:\/\/www.erfinde-dein-spiel.de\/spiele\/shop\/spiel-thema\/piraten-spiele\/die-grosse-beutejagd-gluecksedition\/\",\"url\":\"https:\/\/www.erfinde-dein-spiel.de\/spiele\/shop\/spiel-thema\/piraten-spiele\/die-grosse-beutejagd-gluecksedition\/\",\"name\":\"Die gro\u00dfe Beutejagd -Gl\u00fccksedition - (er-)finde DEIN Spiel\",\"isPartOf\":{\"@id\":\"https:\/\/www.erfinde-dein-spiel.de\/spiele\/#website\"},\"primaryImageOfPage\":{\"@id\":\"https:\/\/www.erfinde-dein-spiel.de\/spiele\/shop\/spiel-thema\/piraten-spiele\/die-grosse-beutejagd-gluecksedition\/#primaryimage\"},\"image\":{\"@id\":\"https:\/\/www.erfinde-dein-spiel.de\/spiele\/shop\/spiel-thema\/piraten-spiele\/die-grosse-beutejagd-gluecksedition\/#primaryimage\"},\"thumbnailUrl\":\"https:\/\/www.erfinde-dein-spiel.de\/spiele\/wp-content\/uploads\/2015\/11\/PP_428_1631.jpg\",\"datePublished\":\"2015-11-15T22:52:52+00:00\",\"dateModified\":\"2016-01-18T22:04:25+00:00\",\"breadcrumb\":{\"@id\":\"https:\/\/www.erfinde-dein-spiel.de\/spiele\/shop\/spiel-thema\/piraten-spiele\/die-grosse-beutejagd-gluecksedition\/#breadcrumb\"},\"inLanguage\":\"de-DE\",\"potentialAction\":[{\"@type\":\"ReadAction\",\"target\":[\"https:\/\/www.erfinde-dein-spiel.de\/spiele\/shop\/spiel-thema\/piraten-spiele\/die-grosse-beutejagd-gluecksedition\/\"]}]},{\"@type\":\"ImageObject\",\"inLanguage\":\"de-DE\",\"@id\":\"https:\/\/www.erfinde-dein-spiel.de\/spiele\/shop\/spiel-thema\/piraten-spiele\/die-grosse-beutejagd-gluecksedition\/#primaryimage\",\"url\":\"https:\/\/www.erfinde-dein-spiel.de\/spiele\/wp-content\/uploads\/2015\/11\/PP_428_1631.jpg\",\"contentUrl\":\"https:\/\/www.erfinde-dein-spiel.de\/spiele\/wp-content\/uploads\/2015\/11\/PP_428_1631.jpg\",\"width\":500,\"height\":500,\"caption\":\"Die gro\u00dfe Beutejagd - Gl\u00fccks-Edition\"},{\"@type\":\"BreadcrumbList\",\"@id\":\"https:\/\/www.erfinde-dein-spiel.de\/spiele\/shop\/spiel-thema\/piraten-spiele\/die-grosse-beutejagd-gluecksedition\/#breadcrumb\",\"itemListElement\":[{\"@type\":\"ListItem\",\"position\":1,\"name\":\"Home\",\"item\":\"https:\/\/www.erfinde-dein-spiel.de\/spiele\/\"},{\"@type\":\"ListItem\",\"position\":2,\"name\":\"Shop\",\"item\":\"https:\/\/www.erfinde-dein-spiel.de\/spiele\/\"},{\"@type\":\"ListItem\",\"position\":3,\"name\":\"Die gro\u00dfe Beutejagd -Gl\u00fccksedition\"}]},{\"@type\":\"WebSite\",\"@id\":\"https:\/\/www.erfinde-dein-spiel.de\/spiele\/#website\",\"url\":\"https:\/\/www.erfinde-dein-spiel.de\/spiele\/\",\"name\":\"(er-)finde DEIN Spiel\",\"description\":\"Spiele aus der Community. Powered by Spieltz.\",\"potentialAction\":[{\"@type\":\"SearchAction\",\"target\":{\"@type\":\"EntryPoint\",\"urlTemplate\":\"https:\/\/www.erfinde-dein-spiel.de\/spiele\/?s={search_term_string}\"},\"query-input\":\"required name=search_term_string\"}],\"inLanguage\":\"de-DE\"}]}<\/script>\n<!-- \/ Yoast SEO plugin. -->","yoast_head_json":{"title":"Die gro\u00dfe Beutejagd -Gl\u00fccksedition - (er-)finde DEIN Spiel","robots":{"index":"index","follow":"follow","max-snippet":"max-snippet:-1","max-image-preview":"max-image-preview:large","max-video-preview":"max-video-preview:-1"},"canonical":"https:\/\/www.erfinde-dein-spiel.de\/spiele\/shop\/spiel-thema\/piraten-spiele\/die-grosse-beutejagd-gluecksedition\/","og_locale":"de_DE","og_type":"article","og_title":"Die gro\u00dfe Beutejagd -Gl\u00fccksedition - (er-)finde DEIN Spiel","og_description":"Shop: MILCHREIS PIRATEN BRETTSPIELE  Ziel des Spieles ist es, auf dem Weg soviel Beute zu machen wie nur m\u00f6glich. Das ist aber gar nicht so leicht, denn es gibt einige Hindernisse und nicht gerade wohlgesonnene Gegner.","og_url":"https:\/\/www.erfinde-dein-spiel.de\/spiele\/shop\/spiel-thema\/piraten-spiele\/die-grosse-beutejagd-gluecksedition\/","og_site_name":"(er-)finde DEIN Spiel","article_modified_time":"2016-01-18T22:04:25+00:00","og_image":[{"width":500,"height":500,"url":"https:\/\/www.erfinde-dein-spiel.de\/spiele\/wp-content\/uploads\/2015\/11\/PP_428_1631.jpg","type":"image\/jpeg"}],"twitter_card":"summary_large_image","twitter_misc":{"Gesch\u00e4tzte Lesezeit":"1 Minute"},"schema":{"@context":"https:\/\/schema.org","@graph":[{"@type":"WebPage","@id":"https:\/\/www.erfinde-dein-spiel.de\/spiele\/shop\/spiel-thema\/piraten-spiele\/die-grosse-beutejagd-gluecksedition\/","url":"https:\/\/www.erfinde-dein-spiel.de\/spiele\/shop\/spiel-thema\/piraten-spiele\/die-grosse-beutejagd-gluecksedition\/","name":"Die gro\u00dfe Beutejagd -Gl\u00fccksedition - (er-)finde DEIN Spiel","isPartOf":{"@id":"https:\/\/www.erfinde-dein-spiel.de\/spiele\/#website"},"primaryImageOfPage":{"@id":"https:\/\/www.erfinde-dein-spiel.de\/spiele\/shop\/spiel-thema\/piraten-spiele\/die-grosse-beutejagd-gluecksedition\/#primaryimage"},"image":{"@id":"https:\/\/www.erfinde-dein-spiel.de\/spiele\/shop\/spiel-thema\/piraten-spiele\/die-grosse-beutejagd-gluecksedition\/#primaryimage"},"thumbnailUrl":"https:\/\/www.erfinde-dein-spiel.de\/spiele\/wp-content\/uploads\/2015\/11\/PP_428_1631.jpg","datePublished":"2015-11-15T22:52:52+00:00","dateModified":"2016-01-18T22:04:25+00:00","breadcrumb":{"@id":"https:\/\/www.erfinde-dein-spiel.de\/spiele\/shop\/spiel-thema\/piraten-spiele\/die-grosse-beutejagd-gluecksedition\/#breadcrumb"},"inLanguage":"de-DE","potentialAction":[{"@type":"ReadAction","target":["https:\/\/www.erfinde-dein-spiel.de\/spiele\/shop\/spiel-thema\/piraten-spiele\/die-grosse-beutejagd-gluecksedition\/"]}]},{"@type":"ImageObject","inLanguage":"de-DE","@id":"https:\/\/www.erfinde-dein-spiel.de\/spiele\/shop\/spiel-thema\/piraten-spiele\/die-grosse-beutejagd-gluecksedition\/#primaryimage","url":"https:\/\/www.erfinde-dein-spiel.de\/spiele\/wp-content\/uploads\/2015\/11\/PP_428_1631.jpg","contentUrl":"https:\/\/www.erfinde-dein-spiel.de\/spiele\/wp-content\/uploads\/2015\/11\/PP_428_1631.jpg","width":500,"height":500,"caption":"Die gro\u00dfe Beutejagd - Gl\u00fccks-Edition"},{"@type":"BreadcrumbList","@id":"https:\/\/www.erfinde-dein-spiel.de\/spiele\/shop\/spiel-thema\/piraten-spiele\/die-grosse-beutejagd-gluecksedition\/#breadcrumb","itemListElement":[{"@type":"ListItem","position":1,"name":"Home","item":"https:\/\/www.erfinde-dein-spiel.de\/spiele\/"},{"@type":"ListItem","position":2,"name":"Shop","item":"https:\/\/www.erfinde-dein-spiel.de\/spiele\/"},{"@type":"ListItem","position":3,"name":"Die gro\u00dfe Beutejagd -Gl\u00fccksedition"}]},{"@type":"WebSite","@id":"https:\/\/www.erfinde-dein-spiel.de\/spiele\/#website","url":"https:\/\/www.erfinde-dein-spiel.de\/spiele\/","name":"(er-)finde DEIN Spiel","description":"Spiele aus der Community. Powered by Spieltz.","potentialAction":[{"@type":"SearchAction","target":{"@type":"EntryPoint","urlTemplate":"https:\/\/www.erfinde-dein-spiel.de\/spiele\/?s={search_term_string}"},"query-input":"required name=search_term_string"}],"inLanguage":"de-DE"}]}},"_links":{"self":[{"href":"https:\/\/www.erfinde-dein-spiel.de\/spiele\/wp-json\/wp\/v2\/product\/1428"}],"collection":[{"href":"https:\/\/www.erfinde-dein-spiel.de\/spiele\/wp-json\/wp\/v2\/product"}],"about":[{"href":"https:\/\/www.erfinde-dein-spiel.de\/spiele\/wp-json\/wp\/v2\/types\/product"}],"replies":[{"embeddable":true,"href":"https:\/\/www.erfinde-dein-spiel.de\/spiele\/wp-json\/wp\/v2\/comments?post=1428"}],"wp:featuredmedia":[{"embeddable":true,"href":"https:\/\/www.erfinde-dein-spiel.de\/spiele\/wp-json\/wp\/v2\/media\/1429"}],"wp:attachment":[{"href":"https:\/\/www.erfinde-dein-spiel.de\/spiele\/wp-json\/wp\/v2\/media?parent=1428"}],"wp:term":[{"taxonomy":"product_cat","embeddable":true,"href":"https:\/\/www.erfinde-dein-spiel.de\/spiele\/wp-json\/wp\/v2\/product_cat?post=1428"},{"taxonomy":"product_tag","embeddable":true,"href":"https:\/\/www.erfinde-dein-spiel.de\/spiele\/wp-json\/wp\/v2\/product_tag?post=1428"}],"curies":[{"name":"wp","href":"https:\/\/api.w.org\/{rel}","templated":true}]}}