{"id":1401,"date":"2015-11-15T23:52:32","date_gmt":"2015-11-15T22:52:32","guid":{"rendered":"http:\/\/www.erfinde-dein-spiel.de\/shop\/unkategorisiert\/rebuild-christchurch\/"},"modified":"2024-07-17T01:36:52","modified_gmt":"2024-07-16T23:36:52","slug":"rebuild-christchurch","status":"publish","type":"product","link":"https:\/\/www.erfinde-dein-spiel.de\/spiele\/shop\/spiel-thema\/erdkunde-geographie\/rebuild-christchurch\/","title":{"rendered":"Rebuild Christchurch"},"content":{"rendered":"<h3>Das Spiel<\/h3>\n<p><em>Autor: Marlon Baker<\/em><br \/>\n<em>Aus dem Shop: <a href=\"http:\/\/www.erfinde-dein-spiel.de\/spiele\/shops-autoren\/koffer-spiele\/\">Koffer-Spiele<\/a><\/em><\/p>\n<p>Was lag n\u00e4her, als das Brettspiel <a href=\"http:\/\/www.erfinde-dein-spiel.de\/spiele\/shop\/spiele-kategorie\/familienspiele\/guerilla-gardening-die-essbare-stadt\/\">GUERILLA GARDENING<\/a> ein weiteres Mal zu modifizieren, als immer mehr Einwohner <em>Christchurchs<\/em> auf Marlon Baker zukamen und fragten, ob er nicht ein Spiel umsetzen k\u00f6nnte, das Einwohner und\u00a0freiwillige Helfer zum Wiederaufbau der Stadt animieren soll. Und da Marlon Bakers Herz ohnehin f\u00fcr diese Stadt schl\u00e4gt, wo er die meiste Zeit des Jahres lebt, war dies Ansporn genug, mit REBUILD CHRISTCHURCH ein Zeichen der Hoffnung zu setzen, dass die Einwohner Christchurchs nicht vergessen sind, und dass ihnen nach der verherenden Erdbeben-Serie Hilfe zuteil wird!<\/p>\n<p>Marlon Baker verzichtet auf jegliches Honorar und spendet alle Einnahmen, die mit REBUILD CHRISTCHURCH erzielt werden, an wohlt\u00e4tige Organisationen und Familien, die dringend Hilfe ben\u00f6tigen. Au\u00dferdem spendet Marlon Baker 50.000 NZ $ (ca. 30.000) aus eigener Tasche f\u00fcr den Wiederaufbau seiner Heimatstadt! Beiteilige auch DU dich an dieser Aktion, damit Christchurch im neuen Glanz erstrahlen kann &#8211; es gibt noch viel zu tun. Gemeinsam schaffen wir das!<\/p>\n<p>Die Spielregeln \u00e4hneln dem Spiel GUERILLA GARDENING, nur dass bei REBUILD CHRISTCHURCH der Wiederaufbau der Stadt im Vodergrund steht und die Rekrutierung freiwilliger Helfer und die Organisation von Baumaterial. Mehr Infos zum Spiel auf <a href=\"http:\/\/www.kofferspiele.de\/\">www.KofferSpiele.de<\/a>.<\/p>\n<p>Zum Shop KOFFER SPIELE<\/p>\n<blockquote class=\"wp-embedded-content\" data-secret=\"o3ANxw8A9y\"><p><a href=\"https:\/\/www.erfinde-dein-spiel.de\/spiele\/shops-autoren\/koffer-spiele\/\">Koffer-Spiele<\/a><\/p><\/blockquote>\n<p><iframe class=\"wp-embedded-content\" sandbox=\"allow-scripts\" security=\"restricted\" style=\"position: absolute; clip: rect(1px, 1px, 1px, 1px);\" title=\"&#8222;Koffer-Spiele&#8220; &#8212; (er-)finde DEIN Spiel\" src=\"https:\/\/www.erfinde-dein-spiel.de\/spiele\/shops-autoren\/koffer-spiele\/embed\/#?secret=7dX30tMFGL#?secret=o3ANxw8A9y\" data-secret=\"o3ANxw8A9y\" width=\"500\" height=\"282\" frameborder=\"0\" marginwidth=\"0\" marginheight=\"0\" scrolling=\"no\"><\/iframe><\/p>\n","protected":false},"excerpt":{"rendered":"<p><a href=\"http:\/\/www.erfinde-dein-spiel.de\/spiele\/shops-autoren\/koffer-spiele\/\">Shop: KOFFER SPIELE<\/a><\/p>\n<p>Die Spielregeln \u00e4hneln dem Spiel GUERILLA GARDENING, nur dass bei REBUILD CHRISTCHURCH der Wiederaufbau der Stadt im Vodergrund steht und die Rekrutierung freiwilliger Helfer und die Organisation von Baumaterial.<\/p>\n<p>Rollbarer Spielplan aus LKW-Plane, Gr\u00f6\u00dfe: DIN 30\u00d730 cm, Spielsteine aus Holz.\u00a0Verpackung: Papprolle wei\u00df, L\u00e4nge 34 cm, Durchmesser 6 cm<\/p>\n","protected":false},"featured_media":1402,"comment_status":"open","ping_status":"closed","template":"","meta":{"_themeisle_gutenberg_block_has_review":false},"product_cat":[303,313,286,368,377,248,261,278,260,273,258],"product_tag":[],"yoast_head":"<!-- This site is optimized with the Yoast SEO plugin v22.6 - https:\/\/yoast.com\/wordpress\/plugins\/seo\/ -->\n<title>Rebuild Christchurch - (er-)finde DEIN Spiel<\/title>\n<meta name=\"robots\" content=\"index, follow, max-snippet:-1, max-image-preview:large, max-video-preview:-1\" \/>\n<link rel=\"canonical\" href=\"https:\/\/www.erfinde-dein-spiel.de\/spiele\/shop\/spiel-thema\/erdkunde-geographie\/rebuild-christchurch\/\" \/>\n<meta property=\"og:locale\" content=\"de_DE\" \/>\n<meta property=\"og:type\" content=\"article\" \/>\n<meta property=\"og:title\" content=\"Rebuild Christchurch - (er-)finde DEIN Spiel\" \/>\n<meta property=\"og:description\" content=\"Shop: KOFFER SPIELE  Die Spielregeln \u00e4hneln dem Spiel GUERILLA GARDENING, nur dass bei REBUILD CHRISTCHURCH der Wiederaufbau der Stadt im Vodergrund steht und die Rekrutierung freiwilliger Helfer und die Organisation von Baumaterial.  Rollbarer Spielplan aus LKW-Plane, Gr\u00f6\u00dfe: DIN 30\u00d730 cm, Spielsteine aus Holz.\u00a0Verpackung: Papprolle wei\u00df, L\u00e4nge 34 cm, Durchmesser 6 cm\" \/>\n<meta property=\"og:url\" content=\"https:\/\/www.erfinde-dein-spiel.de\/spiele\/shop\/spiel-thema\/erdkunde-geographie\/rebuild-christchurch\/\" \/>\n<meta property=\"og:site_name\" content=\"(er-)finde DEIN Spiel\" \/>\n<meta property=\"article:modified_time\" content=\"2024-07-16T23:36:52+00:00\" \/>\n<meta property=\"og:image\" content=\"http:\/\/www.erfinde-dein-spiel.de\/spiele\/wp-content\/uploads\/2015\/11\/PP_392_4042.jpg\" \/>\n\t<meta property=\"og:image:width\" content=\"500\" \/>\n\t<meta property=\"og:image:height\" content=\"571\" \/>\n\t<meta property=\"og:image:type\" content=\"image\/jpeg\" \/>\n<meta name=\"twitter:card\" content=\"summary_large_image\" \/>\n<meta name=\"twitter:label1\" content=\"Gesch\u00e4tzte Lesezeit\" \/>\n\t<meta name=\"twitter:data1\" content=\"1 Minute\" \/>\n<script type=\"application\/ld+json\" class=\"yoast-schema-graph\">{\"@context\":\"https:\/\/schema.org\",\"@graph\":[{\"@type\":\"WebPage\",\"@id\":\"https:\/\/www.erfinde-dein-spiel.de\/spiele\/shop\/spiel-thema\/erdkunde-geographie\/rebuild-christchurch\/\",\"url\":\"https:\/\/www.erfinde-dein-spiel.de\/spiele\/shop\/spiel-thema\/erdkunde-geographie\/rebuild-christchurch\/\",\"name\":\"Rebuild Christchurch - (er-)finde DEIN Spiel\",\"isPartOf\":{\"@id\":\"https:\/\/www.erfinde-dein-spiel.de\/spiele\/#website\"},\"primaryImageOfPage\":{\"@id\":\"https:\/\/www.erfinde-dein-spiel.de\/spiele\/shop\/spiel-thema\/erdkunde-geographie\/rebuild-christchurch\/#primaryimage\"},\"image\":{\"@id\":\"https:\/\/www.erfinde-dein-spiel.de\/spiele\/shop\/spiel-thema\/erdkunde-geographie\/rebuild-christchurch\/#primaryimage\"},\"thumbnailUrl\":\"https:\/\/www.erfinde-dein-spiel.de\/spiele\/wp-content\/uploads\/2015\/11\/PP_392_4042.jpg\",\"datePublished\":\"2015-11-15T22:52:32+00:00\",\"dateModified\":\"2024-07-16T23:36:52+00:00\",\"breadcrumb\":{\"@id\":\"https:\/\/www.erfinde-dein-spiel.de\/spiele\/shop\/spiel-thema\/erdkunde-geographie\/rebuild-christchurch\/#breadcrumb\"},\"inLanguage\":\"de-DE\",\"potentialAction\":[{\"@type\":\"ReadAction\",\"target\":[\"https:\/\/www.erfinde-dein-spiel.de\/spiele\/shop\/spiel-thema\/erdkunde-geographie\/rebuild-christchurch\/\"]}]},{\"@type\":\"ImageObject\",\"inLanguage\":\"de-DE\",\"@id\":\"https:\/\/www.erfinde-dein-spiel.de\/spiele\/shop\/spiel-thema\/erdkunde-geographie\/rebuild-christchurch\/#primaryimage\",\"url\":\"https:\/\/www.erfinde-dein-spiel.de\/spiele\/wp-content\/uploads\/2015\/11\/PP_392_4042.jpg\",\"contentUrl\":\"https:\/\/www.erfinde-dein-spiel.de\/spiele\/wp-content\/uploads\/2015\/11\/PP_392_4042.jpg\",\"width\":500,\"height\":571},{\"@type\":\"BreadcrumbList\",\"@id\":\"https:\/\/www.erfinde-dein-spiel.de\/spiele\/shop\/spiel-thema\/erdkunde-geographie\/rebuild-christchurch\/#breadcrumb\",\"itemListElement\":[{\"@type\":\"ListItem\",\"position\":1,\"name\":\"Home\",\"item\":\"https:\/\/www.erfinde-dein-spiel.de\/spiele\/\"},{\"@type\":\"ListItem\",\"position\":2,\"name\":\"Shop\",\"item\":\"https:\/\/www.erfinde-dein-spiel.de\/spiele\/\"},{\"@type\":\"ListItem\",\"position\":3,\"name\":\"Rebuild Christchurch\"}]},{\"@type\":\"WebSite\",\"@id\":\"https:\/\/www.erfinde-dein-spiel.de\/spiele\/#website\",\"url\":\"https:\/\/www.erfinde-dein-spiel.de\/spiele\/\",\"name\":\"(er-)finde DEIN Spiel\",\"description\":\"Spiele aus der Community. Powered by Spieltz.\",\"potentialAction\":[{\"@type\":\"SearchAction\",\"target\":{\"@type\":\"EntryPoint\",\"urlTemplate\":\"https:\/\/www.erfinde-dein-spiel.de\/spiele\/?s={search_term_string}\"},\"query-input\":\"required name=search_term_string\"}],\"inLanguage\":\"de-DE\"}]}<\/script>\n<!-- \/ Yoast SEO plugin. -->","yoast_head_json":{"title":"Rebuild Christchurch - (er-)finde DEIN Spiel","robots":{"index":"index","follow":"follow","max-snippet":"max-snippet:-1","max-image-preview":"max-image-preview:large","max-video-preview":"max-video-preview:-1"},"canonical":"https:\/\/www.erfinde-dein-spiel.de\/spiele\/shop\/spiel-thema\/erdkunde-geographie\/rebuild-christchurch\/","og_locale":"de_DE","og_type":"article","og_title":"Rebuild Christchurch - (er-)finde DEIN Spiel","og_description":"Shop: KOFFER SPIELE  Die Spielregeln \u00e4hneln dem Spiel GUERILLA GARDENING, nur dass bei REBUILD CHRISTCHURCH der Wiederaufbau der Stadt im Vodergrund steht und die Rekrutierung freiwilliger Helfer und die Organisation von Baumaterial.  Rollbarer Spielplan aus LKW-Plane, Gr\u00f6\u00dfe: DIN 30\u00d730 cm, Spielsteine aus Holz.\u00a0Verpackung: Papprolle wei\u00df, L\u00e4nge 34 cm, Durchmesser 6 cm","og_url":"https:\/\/www.erfinde-dein-spiel.de\/spiele\/shop\/spiel-thema\/erdkunde-geographie\/rebuild-christchurch\/","og_site_name":"(er-)finde DEIN Spiel","article_modified_time":"2024-07-16T23:36:52+00:00","og_image":[{"width":500,"height":571,"url":"http:\/\/www.erfinde-dein-spiel.de\/spiele\/wp-content\/uploads\/2015\/11\/PP_392_4042.jpg","type":"image\/jpeg"}],"twitter_card":"summary_large_image","twitter_misc":{"Gesch\u00e4tzte Lesezeit":"1 Minute"},"schema":{"@context":"https:\/\/schema.org","@graph":[{"@type":"WebPage","@id":"https:\/\/www.erfinde-dein-spiel.de\/spiele\/shop\/spiel-thema\/erdkunde-geographie\/rebuild-christchurch\/","url":"https:\/\/www.erfinde-dein-spiel.de\/spiele\/shop\/spiel-thema\/erdkunde-geographie\/rebuild-christchurch\/","name":"Rebuild Christchurch - (er-)finde DEIN Spiel","isPartOf":{"@id":"https:\/\/www.erfinde-dein-spiel.de\/spiele\/#website"},"primaryImageOfPage":{"@id":"https:\/\/www.erfinde-dein-spiel.de\/spiele\/shop\/spiel-thema\/erdkunde-geographie\/rebuild-christchurch\/#primaryimage"},"image":{"@id":"https:\/\/www.erfinde-dein-spiel.de\/spiele\/shop\/spiel-thema\/erdkunde-geographie\/rebuild-christchurch\/#primaryimage"},"thumbnailUrl":"https:\/\/www.erfinde-dein-spiel.de\/spiele\/wp-content\/uploads\/2015\/11\/PP_392_4042.jpg","datePublished":"2015-11-15T22:52:32+00:00","dateModified":"2024-07-16T23:36:52+00:00","breadcrumb":{"@id":"https:\/\/www.erfinde-dein-spiel.de\/spiele\/shop\/spiel-thema\/erdkunde-geographie\/rebuild-christchurch\/#breadcrumb"},"inLanguage":"de-DE","potentialAction":[{"@type":"ReadAction","target":["https:\/\/www.erfinde-dein-spiel.de\/spiele\/shop\/spiel-thema\/erdkunde-geographie\/rebuild-christchurch\/"]}]},{"@type":"ImageObject","inLanguage":"de-DE","@id":"https:\/\/www.erfinde-dein-spiel.de\/spiele\/shop\/spiel-thema\/erdkunde-geographie\/rebuild-christchurch\/#primaryimage","url":"https:\/\/www.erfinde-dein-spiel.de\/spiele\/wp-content\/uploads\/2015\/11\/PP_392_4042.jpg","contentUrl":"https:\/\/www.erfinde-dein-spiel.de\/spiele\/wp-content\/uploads\/2015\/11\/PP_392_4042.jpg","width":500,"height":571},{"@type":"BreadcrumbList","@id":"https:\/\/www.erfinde-dein-spiel.de\/spiele\/shop\/spiel-thema\/erdkunde-geographie\/rebuild-christchurch\/#breadcrumb","itemListElement":[{"@type":"ListItem","position":1,"name":"Home","item":"https:\/\/www.erfinde-dein-spiel.de\/spiele\/"},{"@type":"ListItem","position":2,"name":"Shop","item":"https:\/\/www.erfinde-dein-spiel.de\/spiele\/"},{"@type":"ListItem","position":3,"name":"Rebuild Christchurch"}]},{"@type":"WebSite","@id":"https:\/\/www.erfinde-dein-spiel.de\/spiele\/#website","url":"https:\/\/www.erfinde-dein-spiel.de\/spiele\/","name":"(er-)finde DEIN Spiel","description":"Spiele aus der Community. Powered by Spieltz.","potentialAction":[{"@type":"SearchAction","target":{"@type":"EntryPoint","urlTemplate":"https:\/\/www.erfinde-dein-spiel.de\/spiele\/?s={search_term_string}"},"query-input":"required name=search_term_string"}],"inLanguage":"de-DE"}]}},"_links":{"self":[{"href":"https:\/\/www.erfinde-dein-spiel.de\/spiele\/wp-json\/wp\/v2\/product\/1401"}],"collection":[{"href":"https:\/\/www.erfinde-dein-spiel.de\/spiele\/wp-json\/wp\/v2\/product"}],"about":[{"href":"https:\/\/www.erfinde-dein-spiel.de\/spiele\/wp-json\/wp\/v2\/types\/product"}],"replies":[{"embeddable":true,"href":"https:\/\/www.erfinde-dein-spiel.de\/spiele\/wp-json\/wp\/v2\/comments?post=1401"}],"wp:featuredmedia":[{"embeddable":true,"href":"https:\/\/www.erfinde-dein-spiel.de\/spiele\/wp-json\/wp\/v2\/media\/1402"}],"wp:attachment":[{"href":"https:\/\/www.erfinde-dein-spiel.de\/spiele\/wp-json\/wp\/v2\/media?parent=1401"}],"wp:term":[{"taxonomy":"product_cat","embeddable":true,"href":"https:\/\/www.erfinde-dein-spiel.de\/spiele\/wp-json\/wp\/v2\/product_cat?post=1401"},{"taxonomy":"product_tag","embeddable":true,"href":"https:\/\/www.erfinde-dein-spiel.de\/spiele\/wp-json\/wp\/v2\/product_tag?post=1401"}],"curies":[{"name":"wp","href":"https:\/\/api.w.org\/{rel}","templated":true}]}}