{"id":1396,"date":"2015-11-15T23:52:28","date_gmt":"2015-11-15T22:52:28","guid":{"rendered":"http:\/\/www.erfinde-dein-spiel.de\/shop\/unkategorisiert\/social-networx-reisespiel\/"},"modified":"2024-07-17T01:36:58","modified_gmt":"2024-07-16T23:36:58","slug":"social-networx-reisespiel","status":"publish","type":"product","link":"https:\/\/www.erfinde-dein-spiel.de\/spiele\/shop\/spiele-kategorie\/reisespiele\/social-networx-reisespiel\/","title":{"rendered":"Social Networx &#8211; Reisespiel"},"content":{"rendered":"<p style=\"text-align: justify;\" class=\"MsoNormalCxSpFirst\"><strong><span style=\"font-size: 10.0pt; line-height: 115%;\">Bist du fit (genug) f\u00fcr das Internet?<\/span><\/strong><span style=\"font-size: 10.0pt; line-height: 115%;\"> Das fragen Marlon Baker (Erfinder des Brettspiels) &#038; Damian Drake (Autor des gleichnamigen Handbuchs f\u00fcr Netzwerker, das bei iBoox Publishing Europe erschienen ist) alle interessierten Spieler und Leser gleicherma\u00dfen, die dieses Spiel auch auf einer Reise nicht missen wollen. Finde es heraus, indem du dich mit deinen Mitspielern in diesem Brettspiel rund um das Thema Social Networking schl\u00e4gst! SOCIAL NETWORX ist an Ludo (Mensch \u00e4rgere dich nicht) angelehnt, und h\u00e4lt weitere Gemeinheiten bereit, als nur das blo\u00dfe herauswerfen von Spielfiguren.<\/span><\/p>\n<p style=\"text-align: justify;\" class=\"MsoNormalCxSpMiddle\"><strong><span style=\"font-size: 10.0pt; line-height: 115%;\">Spielstart:<\/span><\/strong><span style=\"font-size: 10pt; line-height: 115%;\"> Jeder Mitspieler erh\u00e4lt die 4 Figuren seiner Farbe. Lost aus, wer von euch als erster eine Figur ins Spiel bringen darf, denn bei <strong>SOCIAL NETWORX<\/strong> braucht es keine 6 um eine Figur ins Spiel bringen zu k\u00f6nnen. Jeder Spieler startet mit seinen Figuren am gleichfarbigen Startfeld (Eckfeld) des 1. Levels und muss nun versuchen, m\u00f6glichst rasch auf das n\u00e4chste Level zu kommen  denn Ziel des Spiels ist es, als erster in der Mitte anzukommen. Und die M\u00f6glichkeiten der Sozialen Netzwerke helfen dir dabei!<\/span><\/p>\n<p style=\"text-align: justify;\" class=\"MsoNormalCxSpMiddle\"><strong><span style=\"font-size: 10.0pt; line-height: 115%;\">Doch VORSICHT:<\/span><\/strong><span style=\"font-size: 10pt; line-height: 115%;\"> Deine Mitspieler werden sicher nichts unversucht lassen, dich daran zu hindern, die Mitte  und somit das Ziel  zu erreichen! Und hier nun die Regeln, nach denen die Figuren \/ User ins Spiel gebracht werden d\u00fcrfen:<\/span><\/p>\n<p style=\"text-align: justify;\" class=\"MsoNormalCxSpMiddle\"><strong><span style=\"font-size: 10.0pt; line-height: 115%;\">Wann immer du w\u00fcrfelst, stehen dir 3 Optionen zur Wahl:<\/span><\/strong><\/p>\n<p style=\"text-align: justify;\" class=\"MsoNormalCxSpMiddle\"><span style=\"font-size: 10.0pt; line-height: 115%;\">Du bringst eine weitere Figur \/ User ins Spiel, dazu braucht es keine 6  oder<\/span><\/p>\n<p style=\"text-align: justify;\" class=\"MsoNormalCxSpMiddle\"><span style=\"font-size: 10pt; line-height: 115%;\">du ziehst mit einer Figur \/ User weiter, um den n\u00e4chsten Level zu erreichen  oder<\/span><\/p>\n<p style=\"text-align: justify;\" class=\"MsoNormalCxSpMiddle\"><span style=\"font-size: 10.0pt; line-height: 115%;\">du musst einen Mitspieler rauswerfen, wenn dein Wurf dies erm\u00f6glicht!<\/span><\/p>\n<p style=\"text-align: justify;\" class=\"MsoNormalCxSpMiddle\"><strong><span style=\"font-size: 10.0pt; line-height: 115%;\">Dein Wurf hat dabei immer folgende Priorit\u00e4t:<\/span><\/strong><\/p>\n<p style=\"text-align: justify;\" class=\"MsoNormalCxSpMiddle\"><span style=\"font-size: 10.0pt; line-height: 115%;\">Weitere Figur \/ User ins Spiel bringen  wenn dies unm\u00f6glich ist, dann erst<\/span><\/p>\n<p style=\"text-align: justify;\" class=\"MsoNormalCxSpMiddle\"><span style=\"font-size: 10.0pt; line-height: 115%;\">die Figur \/ User eines Mitspielers aus dem Spiel werfen  Rauswurfpflicht beachten!<\/span><\/p>\n<p style=\"text-align: justify;\" class=\"MsoNormalCxSpMiddle\"><span style=\"font-size: 10.0pt; line-height: 115%;\">oder mit einer deiner im Spiel befindlichen Figuren \/ User weiterziehen!<\/span><\/p>\n<p style=\"text-align: justify;\" class=\"MsoNormalCxSpMiddle\"><span style=\"font-size: 10pt; line-height: 115%;\">Eine ausf\u00fchrliche Anleitung \u00fcber 4 Seiten liegt dem Brettspiel bei, das exklusiv bei SPIELTZ.de erh\u00e4ltlich ist. Zum Spiel geh\u00f6ren 16 Spielfiguren (4 x 4), 12 Blocker, 1 W\u00fcrfel und das Spielbrett auf Plane, das zusammengerollt und als Reisespiel-Edition in jeden noch so kleinsten Rucksack passt!<\/span><\/p>\n<p style=\"text-align: justify;\" class=\"MsoNormalCxSpMiddle\"><strong><span style=\"font-size: 10.0pt; line-height: 115%;\">F\u00fcr 2  4 Spieler, ab 8 Jahren<\/span><\/strong><\/p>\n<p style=\"text-align: justify;\" class=\"MsoNormalCxSpMiddle\"><strong><span style=\"font-size: 10.0pt; line-height: 115%;\">Spieldauer: ca. 30 Minuten (1 Figur im Ziel)<\/span><\/strong><\/p>\n<p style=\"text-align: justify;\" class=\"MsoNormalCxSpMiddle\"><span style=\"font-size: 10pt; line-height: 115%;\">Mehr zum Spiel auf: <\/span><a style=\"font-size: 10pt; line-height: 115%;\" href=\"http:\/\/www.networx.KofferSpiele.de\">www.networx.KofferSpiele.de<\/a><\/p>\n<p style=\"text-align: justify;\" class=\"MsoNormalCxSpMiddle\"><strong><span style=\"font-size: 10.0pt; line-height: 115%;\">SOCIAL NETWORX<\/span><\/strong><span style=\"font-size: 10pt; line-height: 115%;\"> ist noch in 2 weiteren Brettspiel-Varianten erh\u00e4ltlich! In der DELUXE-Edition (die es wohl ab April geben wird) dann mit 180 Spielkarten rund um das Thema Social Networking &#038; Media! Das Buch zum Spiel von Damian Drake ist bei <a href=\"http:\/\/www.iBoox.eu\">www.iBoox.eu<\/a> als Taschenbuch &#038; DNL-E-Book erschienen.<\/span><\/p>\n<p class=\"MsoNormalCxSpMiddle\"><span style=\"font-size: 8pt; line-height: 115%;\">Alle Markennamen und Icons sind Eigentum der jeweiligen Copyright-Inhaber! KofferSpiele.de darf diese unter Ber\u00fccksichtigung der Copyrightgesetze in diesem Brettspiel verwenden. Ein Nachdruck des Spielbretts oder der Icons ist nicht gestattet. Alle Icons in diesem Spiel: http:\/\/www.aha-soft.com<\/span><\/p>\n<p class=\"MsoNormalCxSpMiddle\"><span style=\"font-size: 8.0pt; line-height: 115%;\"> 2012 f\u00fcr das Spielkonzept, -Idee und Spielbrett-Gestaltung Marlon Baker<\/span><\/p>\n<p class=\"MsoNormalCxSpMiddle\"><span style=\"font-size: 8.0pt; line-height: 115%; mso-ansi-language: EN-US;\" lang=\"EN-US\"> 2012 www.KofferSpiele.de \/ www.Marlon Baker.com \/ iBoox Publishing Europe &#8211; www.iBoox.eu<\/span><\/p>\n<p class=\"MsoNormalCxSpMiddle\"><span style=\"font-size: 8.0pt; line-height: 115%;\">Copyright f\u00fcr die verwendeten Icons  2000-2012 Aha-Soft. All rights reserved.<\/span><\/p>\n","protected":false},"excerpt":{"rendered":"<p>Mal wieder nur wenig Platz im Reisegep\u00e4ck, aber dennoch Lust, SOCIAL NETWORX im Zug, Auto &#8230; oder auf einer Radtour zu spielen? Das Brettspiel gibt es jetzt auch in klein!<\/p>\n","protected":false},"featured_media":0,"comment_status":"open","ping_status":"closed","template":"","meta":{"_themeisle_gutenberg_block_has_review":false},"product_cat":[261,281,260,274,258,268,253],"product_tag":[],"yoast_head":"<!-- This site is optimized with the Yoast SEO plugin v22.6 - https:\/\/yoast.com\/wordpress\/plugins\/seo\/ -->\n<title>Social Networx - Reisespiel - (er-)finde DEIN Spiel<\/title>\n<meta name=\"robots\" content=\"index, follow, max-snippet:-1, max-image-preview:large, max-video-preview:-1\" \/>\n<link rel=\"canonical\" href=\"https:\/\/www.erfinde-dein-spiel.de\/spiele\/shop\/spiele-kategorie\/reisespiele\/social-networx-reisespiel\/\" \/>\n<meta property=\"og:locale\" content=\"de_DE\" \/>\n<meta property=\"og:type\" content=\"article\" \/>\n<meta property=\"og:title\" content=\"Social Networx - Reisespiel - (er-)finde DEIN Spiel\" \/>\n<meta property=\"og:description\" content=\"Mal wieder nur wenig Platz im Reisegep\u00e4ck, aber dennoch Lust, SOCIAL NETWORX im Zug, Auto ... oder auf einer Radtour zu spielen? Das Brettspiel gibt es jetzt auch in klein!\" \/>\n<meta property=\"og:url\" content=\"https:\/\/www.erfinde-dein-spiel.de\/spiele\/shop\/spiele-kategorie\/reisespiele\/social-networx-reisespiel\/\" \/>\n<meta property=\"og:site_name\" content=\"(er-)finde DEIN Spiel\" \/>\n<meta property=\"article:modified_time\" content=\"2024-07-16T23:36:58+00:00\" \/>\n<meta name=\"twitter:card\" content=\"summary_large_image\" \/>\n<meta name=\"twitter:label1\" content=\"Gesch\u00e4tzte Lesezeit\" \/>\n\t<meta name=\"twitter:data1\" content=\"2 Minuten\" \/>\n<script type=\"application\/ld+json\" class=\"yoast-schema-graph\">{\"@context\":\"https:\/\/schema.org\",\"@graph\":[{\"@type\":\"WebPage\",\"@id\":\"https:\/\/www.erfinde-dein-spiel.de\/spiele\/shop\/spiele-kategorie\/reisespiele\/social-networx-reisespiel\/\",\"url\":\"https:\/\/www.erfinde-dein-spiel.de\/spiele\/shop\/spiele-kategorie\/reisespiele\/social-networx-reisespiel\/\",\"name\":\"Social Networx - Reisespiel - (er-)finde DEIN Spiel\",\"isPartOf\":{\"@id\":\"https:\/\/www.erfinde-dein-spiel.de\/spiele\/#website\"},\"datePublished\":\"2015-11-15T22:52:28+00:00\",\"dateModified\":\"2024-07-16T23:36:58+00:00\",\"breadcrumb\":{\"@id\":\"https:\/\/www.erfinde-dein-spiel.de\/spiele\/shop\/spiele-kategorie\/reisespiele\/social-networx-reisespiel\/#breadcrumb\"},\"inLanguage\":\"de-DE\",\"potentialAction\":[{\"@type\":\"ReadAction\",\"target\":[\"https:\/\/www.erfinde-dein-spiel.de\/spiele\/shop\/spiele-kategorie\/reisespiele\/social-networx-reisespiel\/\"]}]},{\"@type\":\"BreadcrumbList\",\"@id\":\"https:\/\/www.erfinde-dein-spiel.de\/spiele\/shop\/spiele-kategorie\/reisespiele\/social-networx-reisespiel\/#breadcrumb\",\"itemListElement\":[{\"@type\":\"ListItem\",\"position\":1,\"name\":\"Home\",\"item\":\"https:\/\/www.erfinde-dein-spiel.de\/spiele\/\"},{\"@type\":\"ListItem\",\"position\":2,\"name\":\"Shop\",\"item\":\"https:\/\/www.erfinde-dein-spiel.de\/spiele\/\"},{\"@type\":\"ListItem\",\"position\":3,\"name\":\"Social Networx &#8211; Reisespiel\"}]},{\"@type\":\"WebSite\",\"@id\":\"https:\/\/www.erfinde-dein-spiel.de\/spiele\/#website\",\"url\":\"https:\/\/www.erfinde-dein-spiel.de\/spiele\/\",\"name\":\"(er-)finde DEIN Spiel\",\"description\":\"Spiele aus der Community. Powered by Spieltz.\",\"potentialAction\":[{\"@type\":\"SearchAction\",\"target\":{\"@type\":\"EntryPoint\",\"urlTemplate\":\"https:\/\/www.erfinde-dein-spiel.de\/spiele\/?s={search_term_string}\"},\"query-input\":\"required name=search_term_string\"}],\"inLanguage\":\"de-DE\"}]}<\/script>\n<!-- \/ Yoast SEO plugin. -->","yoast_head_json":{"title":"Social Networx - Reisespiel - (er-)finde DEIN Spiel","robots":{"index":"index","follow":"follow","max-snippet":"max-snippet:-1","max-image-preview":"max-image-preview:large","max-video-preview":"max-video-preview:-1"},"canonical":"https:\/\/www.erfinde-dein-spiel.de\/spiele\/shop\/spiele-kategorie\/reisespiele\/social-networx-reisespiel\/","og_locale":"de_DE","og_type":"article","og_title":"Social Networx - Reisespiel - (er-)finde DEIN Spiel","og_description":"Mal wieder nur wenig Platz im Reisegep\u00e4ck, aber dennoch Lust, SOCIAL NETWORX im Zug, Auto ... oder auf einer Radtour zu spielen? Das Brettspiel gibt es jetzt auch in klein!","og_url":"https:\/\/www.erfinde-dein-spiel.de\/spiele\/shop\/spiele-kategorie\/reisespiele\/social-networx-reisespiel\/","og_site_name":"(er-)finde DEIN Spiel","article_modified_time":"2024-07-16T23:36:58+00:00","twitter_card":"summary_large_image","twitter_misc":{"Gesch\u00e4tzte Lesezeit":"2 Minuten"},"schema":{"@context":"https:\/\/schema.org","@graph":[{"@type":"WebPage","@id":"https:\/\/www.erfinde-dein-spiel.de\/spiele\/shop\/spiele-kategorie\/reisespiele\/social-networx-reisespiel\/","url":"https:\/\/www.erfinde-dein-spiel.de\/spiele\/shop\/spiele-kategorie\/reisespiele\/social-networx-reisespiel\/","name":"Social Networx - Reisespiel - (er-)finde DEIN Spiel","isPartOf":{"@id":"https:\/\/www.erfinde-dein-spiel.de\/spiele\/#website"},"datePublished":"2015-11-15T22:52:28+00:00","dateModified":"2024-07-16T23:36:58+00:00","breadcrumb":{"@id":"https:\/\/www.erfinde-dein-spiel.de\/spiele\/shop\/spiele-kategorie\/reisespiele\/social-networx-reisespiel\/#breadcrumb"},"inLanguage":"de-DE","potentialAction":[{"@type":"ReadAction","target":["https:\/\/www.erfinde-dein-spiel.de\/spiele\/shop\/spiele-kategorie\/reisespiele\/social-networx-reisespiel\/"]}]},{"@type":"BreadcrumbList","@id":"https:\/\/www.erfinde-dein-spiel.de\/spiele\/shop\/spiele-kategorie\/reisespiele\/social-networx-reisespiel\/#breadcrumb","itemListElement":[{"@type":"ListItem","position":1,"name":"Home","item":"https:\/\/www.erfinde-dein-spiel.de\/spiele\/"},{"@type":"ListItem","position":2,"name":"Shop","item":"https:\/\/www.erfinde-dein-spiel.de\/spiele\/"},{"@type":"ListItem","position":3,"name":"Social Networx &#8211; Reisespiel"}]},{"@type":"WebSite","@id":"https:\/\/www.erfinde-dein-spiel.de\/spiele\/#website","url":"https:\/\/www.erfinde-dein-spiel.de\/spiele\/","name":"(er-)finde DEIN Spiel","description":"Spiele aus der Community. Powered by Spieltz.","potentialAction":[{"@type":"SearchAction","target":{"@type":"EntryPoint","urlTemplate":"https:\/\/www.erfinde-dein-spiel.de\/spiele\/?s={search_term_string}"},"query-input":"required name=search_term_string"}],"inLanguage":"de-DE"}]}},"_links":{"self":[{"href":"https:\/\/www.erfinde-dein-spiel.de\/spiele\/wp-json\/wp\/v2\/product\/1396"}],"collection":[{"href":"https:\/\/www.erfinde-dein-spiel.de\/spiele\/wp-json\/wp\/v2\/product"}],"about":[{"href":"https:\/\/www.erfinde-dein-spiel.de\/spiele\/wp-json\/wp\/v2\/types\/product"}],"replies":[{"embeddable":true,"href":"https:\/\/www.erfinde-dein-spiel.de\/spiele\/wp-json\/wp\/v2\/comments?post=1396"}],"wp:attachment":[{"href":"https:\/\/www.erfinde-dein-spiel.de\/spiele\/wp-json\/wp\/v2\/media?parent=1396"}],"wp:term":[{"taxonomy":"product_cat","embeddable":true,"href":"https:\/\/www.erfinde-dein-spiel.de\/spiele\/wp-json\/wp\/v2\/product_cat?post=1396"},{"taxonomy":"product_tag","embeddable":true,"href":"https:\/\/www.erfinde-dein-spiel.de\/spiele\/wp-json\/wp\/v2\/product_tag?post=1396"}],"curies":[{"name":"wp","href":"https:\/\/api.w.org\/{rel}","templated":true}]}}