{"id":1393,"date":"2015-11-15T23:52:26","date_gmt":"2015-11-15T22:52:26","guid":{"rendered":"http:\/\/www.erfinde-dein-spiel.de\/shop\/unkategorisiert\/trick-or-treat-beta\/"},"modified":"2024-07-17T01:37:03","modified_gmt":"2024-07-16T23:37:03","slug":"trick-or-treat-beta","status":"publish","type":"product","link":"https:\/\/www.erfinde-dein-spiel.de\/spiele\/shop\/spiele-kategorie\/familienspiele\/trick-or-treat-beta\/","title":{"rendered":"TRICK or TREAT &#8211; BETA"},"content":{"rendered":"<div><span style=\"font-family: Calibri,sans-serif;\"><span style=\"font-size: 15px; line-height: 17px;\"><strong>Beteilige dich am gr\u00f6\u00dften BETA-Test<\/strong>, den es je f\u00fcr ein neues Brett- &#038; Kartenspiel gegeben hat: <strong>TRICK or TREAT &#8211; Das ultimative Halloween Spiel<\/strong> jetzt in einer BETA-Edition testen!<\/span><\/span><\/div>\n<p><span style=\"font-size: 11.0pt; line-height: 115%;\" new=\"New\"><\/p>\n<div><span style=\"font-size: 11.0pt; line-height: 115%;\" new=\"New\"><br \/><\/span><\/div>\n<p>Das ultimative Halloween-Spiel <\/span><strong><span style=\"font-size: 10.0pt; line-height: 115%; font-family: HogwartsWizard; mso-fareast-font-family: Calibri; mso-fareast-theme-font: minor-latin;\" new=\"New\">TRICK or TREAT<\/span><\/strong><span style=\"font-size: 11.0pt; line-height: 115%;\" new=\"New\"> f\u00fcr bis zu 6 Spieler beginnt, nachdem jeder Spieler sich eine Spielfigur ausgesucht und diese auf das Start-\/Bonus-Feld (Schlossportal in der Mitte) gesetzt hat; zudem m\u00fcssen den jeweiligen Halloween-S\u00fc\u00dfigkeiten die entsprechenden Standard-Punkttafeln zugeordnet und die Spielkarten (Halloween Items &#038; TRICK or TREAT) gemischt werden.<\/span><\/p>\n<div><span style=\"font-size: 11.0pt; line-height: 115%;\" new=\"New\"><br \/><\/span><\/div>\n<div><strong style=\"text-align: justify;\">Doch VORSICHT<\/strong><span style=\"text-align: justify;\">: Die Punktzahl f\u00fcr die einzelnen Halloween-S\u00fc\u00dfigkeiten k\u00f6nnen sich im Spielverlauf rasch \u00e4ndern, und zwar sobald ein Mitspieler auf die orangefarbenen Eckfelder (Spukender Geist, Schwarze Katze, Verhexter K\u00fcrbis oder Voodoo Puppe) kommt. Dann werden die Punktetafeln verhext, d.h. sie werden durcheinander gebracht! Somit kannst du dir erst zum Spielende sicher sein, wie viele Punkte du tats\u00e4chlich f\u00fcr deine eingesammelten Halloween-S\u00fc\u00dfigkeiten erh\u00e4ltst!<\/span><\/div>\n<div><strong style=\"text-align: justify;\"><br \/><\/strong><\/div>\n<div><strong style=\"text-align: justify;\">TRICK or TREAT<\/strong><span style=\"text-align: justify;\">: Kommst du auf eines der gelben oder gr\u00fcnen <\/span><strong style=\"text-align: justify;\">Trick-or-Treat-Felder<\/strong><span style=\"text-align: justify;\">, musst du eine TRICK-or-TREAT-Karte ziehen. (Je Aktion sind 5 Stk. zu beschriften.) Mit einer <\/span><strong style=\"text-align: justify;\">TREAT-Karte<\/strong><span style=\"text-align: justify;\"> erh\u00e4ltst du 50 Pluspunkte, die dir gutgeschrieben werden. Mit einer <\/span><strong style=\"text-align: justify;\">TRICK-Karte<\/strong><span style=\"text-align: justify;\"> werden dir 50 Punkte abgezogen; doch du kannst TRICK-Karten wieder loswerden, wenn du eine TREAT-Karte ziehst, und sie somit aufrechnest. Au\u00dferdem gibt es in diesem Kartenstapel noch: <\/span><strong style=\"text-align: justify;\">1 X aussetzen!<\/strong><span style=\"text-align: justify;\">, <\/span><strong style=\"text-align: justify;\">3 Felder vor!<\/strong><span style=\"text-align: justify;\">, <\/span><strong style=\"text-align: justify;\">Gl\u00fcckstag!<\/strong><span style=\"text-align: justify;\"> (jeder Spieler darf 1 Halloween-Karte ziehen), sowie <\/span><strong style=\"text-align: justify;\">freie Auswahl!<\/strong><span style=\"text-align: justify;\"> (ziehe eine weitere Karte).<\/span><\/div>\n<div>\n<p class=\"MsoNormal\" style=\"text-align: justify;\">\n<p class=\"MsoNormal\" style=\"text-align: justify;\">Dem Spiel liegt eine ausf\u00fchrliche Spielanleitung von 6 Seiten bei, in der auch der Fragebogen f\u00fcr die BETA-Testspieler enthalten ist, der an KofferSpiele.de zur\u00fcckgesandt werden sollte, um den Gutschein f\u00fcr das DNL-E-Book &#8222;CHARLY CUTTER und das geheimnisvolle Loona&#8220; als Dankesch\u00f6n f\u00fcr die Beteiligung zu erhalten (im Wert von  9,90).<\/p>\n<p class=\"MsoNormal\" style=\"text-align: justify;\">Weitere Informationen zu diesem Spiel und dem gr\u00f6\u00dften BETA-Test aller Zeiten, der jemals f\u00fcr ein neues Brett- &#038; Kartenspiel veranstaltet wurde, gibt es auf: <strong>www.KofferSpiele.de<\/strong><\/p>\n<\/div>\n<p class=\"MsoNormal\" style=\"text-align: justify;\">\n","protected":false},"excerpt":{"rendered":"<p>Beteilige dich am gr\u00f6\u00dften BETA-Test, den es je f\u00fcr ein neues Brett- &#038; Kartenspiel gegeben hat: TRICK or TREAT &#8211; Das ultimative Halloween Spiel jetzt in einer BETA-Edition testen!<\/p>\n","protected":false},"featured_media":0,"comment_status":"open","ping_status":"closed","template":"","meta":{"_themeisle_gutenberg_block_has_review":false},"product_cat":[248,261,283,260,274,258,267],"product_tag":[],"yoast_head":"<!-- This site is optimized with the Yoast SEO plugin v22.6 - https:\/\/yoast.com\/wordpress\/plugins\/seo\/ -->\n<title>TRICK or TREAT - BETA - (er-)finde DEIN Spiel<\/title>\n<meta name=\"robots\" content=\"index, follow, max-snippet:-1, max-image-preview:large, max-video-preview:-1\" \/>\n<link rel=\"canonical\" href=\"https:\/\/www.erfinde-dein-spiel.de\/spiele\/shop\/spiele-kategorie\/familienspiele\/trick-or-treat-beta\/\" \/>\n<meta property=\"og:locale\" content=\"de_DE\" \/>\n<meta property=\"og:type\" content=\"article\" \/>\n<meta property=\"og:title\" content=\"TRICK or TREAT - BETA - (er-)finde DEIN Spiel\" \/>\n<meta property=\"og:description\" content=\"Beteilige dich am gr\u00f6\u00dften BETA-Test, den es je f\u00fcr ein neues Brett- &amp; Kartenspiel gegeben hat: TRICK or TREAT - Das ultimative Halloween Spiel jetzt in einer BETA-Edition testen!\" \/>\n<meta property=\"og:url\" content=\"https:\/\/www.erfinde-dein-spiel.de\/spiele\/shop\/spiele-kategorie\/familienspiele\/trick-or-treat-beta\/\" \/>\n<meta property=\"og:site_name\" content=\"(er-)finde DEIN Spiel\" \/>\n<meta property=\"article:modified_time\" content=\"2024-07-16T23:37:03+00:00\" \/>\n<meta name=\"twitter:card\" content=\"summary_large_image\" \/>\n<meta name=\"twitter:label1\" content=\"Gesch\u00e4tzte Lesezeit\" \/>\n\t<meta name=\"twitter:data1\" content=\"2 Minuten\" \/>\n<script type=\"application\/ld+json\" class=\"yoast-schema-graph\">{\"@context\":\"https:\/\/schema.org\",\"@graph\":[{\"@type\":\"WebPage\",\"@id\":\"https:\/\/www.erfinde-dein-spiel.de\/spiele\/shop\/spiele-kategorie\/familienspiele\/trick-or-treat-beta\/\",\"url\":\"https:\/\/www.erfinde-dein-spiel.de\/spiele\/shop\/spiele-kategorie\/familienspiele\/trick-or-treat-beta\/\",\"name\":\"TRICK or TREAT - BETA - (er-)finde DEIN Spiel\",\"isPartOf\":{\"@id\":\"https:\/\/www.erfinde-dein-spiel.de\/spiele\/#website\"},\"datePublished\":\"2015-11-15T22:52:26+00:00\",\"dateModified\":\"2024-07-16T23:37:03+00:00\",\"breadcrumb\":{\"@id\":\"https:\/\/www.erfinde-dein-spiel.de\/spiele\/shop\/spiele-kategorie\/familienspiele\/trick-or-treat-beta\/#breadcrumb\"},\"inLanguage\":\"de-DE\",\"potentialAction\":[{\"@type\":\"ReadAction\",\"target\":[\"https:\/\/www.erfinde-dein-spiel.de\/spiele\/shop\/spiele-kategorie\/familienspiele\/trick-or-treat-beta\/\"]}]},{\"@type\":\"BreadcrumbList\",\"@id\":\"https:\/\/www.erfinde-dein-spiel.de\/spiele\/shop\/spiele-kategorie\/familienspiele\/trick-or-treat-beta\/#breadcrumb\",\"itemListElement\":[{\"@type\":\"ListItem\",\"position\":1,\"name\":\"Home\",\"item\":\"https:\/\/www.erfinde-dein-spiel.de\/spiele\/\"},{\"@type\":\"ListItem\",\"position\":2,\"name\":\"Shop\",\"item\":\"https:\/\/www.erfinde-dein-spiel.de\/spiele\/\"},{\"@type\":\"ListItem\",\"position\":3,\"name\":\"TRICK or TREAT &#8211; BETA\"}]},{\"@type\":\"WebSite\",\"@id\":\"https:\/\/www.erfinde-dein-spiel.de\/spiele\/#website\",\"url\":\"https:\/\/www.erfinde-dein-spiel.de\/spiele\/\",\"name\":\"(er-)finde DEIN Spiel\",\"description\":\"Spiele aus der Community. Powered by Spieltz.\",\"potentialAction\":[{\"@type\":\"SearchAction\",\"target\":{\"@type\":\"EntryPoint\",\"urlTemplate\":\"https:\/\/www.erfinde-dein-spiel.de\/spiele\/?s={search_term_string}\"},\"query-input\":\"required name=search_term_string\"}],\"inLanguage\":\"de-DE\"}]}<\/script>\n<!-- \/ Yoast SEO plugin. -->","yoast_head_json":{"title":"TRICK or TREAT - BETA - (er-)finde DEIN Spiel","robots":{"index":"index","follow":"follow","max-snippet":"max-snippet:-1","max-image-preview":"max-image-preview:large","max-video-preview":"max-video-preview:-1"},"canonical":"https:\/\/www.erfinde-dein-spiel.de\/spiele\/shop\/spiele-kategorie\/familienspiele\/trick-or-treat-beta\/","og_locale":"de_DE","og_type":"article","og_title":"TRICK or TREAT - BETA - (er-)finde DEIN Spiel","og_description":"Beteilige dich am gr\u00f6\u00dften BETA-Test, den es je f\u00fcr ein neues Brett- & Kartenspiel gegeben hat: TRICK or TREAT - Das ultimative Halloween Spiel jetzt in einer BETA-Edition testen!","og_url":"https:\/\/www.erfinde-dein-spiel.de\/spiele\/shop\/spiele-kategorie\/familienspiele\/trick-or-treat-beta\/","og_site_name":"(er-)finde DEIN Spiel","article_modified_time":"2024-07-16T23:37:03+00:00","twitter_card":"summary_large_image","twitter_misc":{"Gesch\u00e4tzte Lesezeit":"2 Minuten"},"schema":{"@context":"https:\/\/schema.org","@graph":[{"@type":"WebPage","@id":"https:\/\/www.erfinde-dein-spiel.de\/spiele\/shop\/spiele-kategorie\/familienspiele\/trick-or-treat-beta\/","url":"https:\/\/www.erfinde-dein-spiel.de\/spiele\/shop\/spiele-kategorie\/familienspiele\/trick-or-treat-beta\/","name":"TRICK or TREAT - BETA - (er-)finde DEIN Spiel","isPartOf":{"@id":"https:\/\/www.erfinde-dein-spiel.de\/spiele\/#website"},"datePublished":"2015-11-15T22:52:26+00:00","dateModified":"2024-07-16T23:37:03+00:00","breadcrumb":{"@id":"https:\/\/www.erfinde-dein-spiel.de\/spiele\/shop\/spiele-kategorie\/familienspiele\/trick-or-treat-beta\/#breadcrumb"},"inLanguage":"de-DE","potentialAction":[{"@type":"ReadAction","target":["https:\/\/www.erfinde-dein-spiel.de\/spiele\/shop\/spiele-kategorie\/familienspiele\/trick-or-treat-beta\/"]}]},{"@type":"BreadcrumbList","@id":"https:\/\/www.erfinde-dein-spiel.de\/spiele\/shop\/spiele-kategorie\/familienspiele\/trick-or-treat-beta\/#breadcrumb","itemListElement":[{"@type":"ListItem","position":1,"name":"Home","item":"https:\/\/www.erfinde-dein-spiel.de\/spiele\/"},{"@type":"ListItem","position":2,"name":"Shop","item":"https:\/\/www.erfinde-dein-spiel.de\/spiele\/"},{"@type":"ListItem","position":3,"name":"TRICK or TREAT &#8211; BETA"}]},{"@type":"WebSite","@id":"https:\/\/www.erfinde-dein-spiel.de\/spiele\/#website","url":"https:\/\/www.erfinde-dein-spiel.de\/spiele\/","name":"(er-)finde DEIN Spiel","description":"Spiele aus der Community. Powered by Spieltz.","potentialAction":[{"@type":"SearchAction","target":{"@type":"EntryPoint","urlTemplate":"https:\/\/www.erfinde-dein-spiel.de\/spiele\/?s={search_term_string}"},"query-input":"required name=search_term_string"}],"inLanguage":"de-DE"}]}},"_links":{"self":[{"href":"https:\/\/www.erfinde-dein-spiel.de\/spiele\/wp-json\/wp\/v2\/product\/1393"}],"collection":[{"href":"https:\/\/www.erfinde-dein-spiel.de\/spiele\/wp-json\/wp\/v2\/product"}],"about":[{"href":"https:\/\/www.erfinde-dein-spiel.de\/spiele\/wp-json\/wp\/v2\/types\/product"}],"replies":[{"embeddable":true,"href":"https:\/\/www.erfinde-dein-spiel.de\/spiele\/wp-json\/wp\/v2\/comments?post=1393"}],"wp:attachment":[{"href":"https:\/\/www.erfinde-dein-spiel.de\/spiele\/wp-json\/wp\/v2\/media?parent=1393"}],"wp:term":[{"taxonomy":"product_cat","embeddable":true,"href":"https:\/\/www.erfinde-dein-spiel.de\/spiele\/wp-json\/wp\/v2\/product_cat?post=1393"},{"taxonomy":"product_tag","embeddable":true,"href":"https:\/\/www.erfinde-dein-spiel.de\/spiele\/wp-json\/wp\/v2\/product_tag?post=1393"}],"curies":[{"name":"wp","href":"https:\/\/api.w.org\/{rel}","templated":true}]}}