{"id":1379,"date":"2015-11-15T23:52:18","date_gmt":"2015-11-15T22:52:18","guid":{"rendered":"http:\/\/www.erfinde-dein-spiel.de\/shop\/unkategorisiert\/maxipark\/"},"modified":"2016-01-22T00:29:19","modified_gmt":"2016-01-21T23:29:19","slug":"maxipark","status":"publish","type":"product","link":"https:\/\/www.erfinde-dein-spiel.de\/spiele\/shop\/spiele-kategorie\/familienspiele\/maxipark\/","title":{"rendered":"Maxipark"},"content":{"rendered":"<h3>Das Spiel<\/h3>\n<p>Spielgeschichte<\/p>\n<p>Der Maxipark ist ein beliebter Freizeitpark im Ruhrgebiet. Hier gibt es nicht nur viele Spiellandschaften wie z.B. den Dschungelspielplatz, die Alte Mine oder das Piratenschiff, sondern auch ein Geb\u00e4ude, das aussieht wie ein Elefant. Das ist der Glaselefant, der aus einem alten Zechengeb\u00e4ude entstanden ist. Der Park war n\u00e4mlich fr\u00fcher mal ein Zechengel\u00e4nde. Au\u00dferdem gibt es im Maxipark ganz viele tolle Blumen und das gr\u00f6\u00dfte tropische Schmetterlingshaus in Nordrhein-Westfalen, in dem die bunten Falter frei herumfliegen. Es gibt also jede Menge im Maxipark zu entdecken!<\/p>\n<p>Spielziel<\/p>\n<p>Die Spieler begeben sich mit ihrer Spielfigur auf Entdeckungsreise durch den Maxipark. Was genau sich jeder Spieler hier ansieht, das entscheidet in diesem Fall das W\u00fcrfelgl\u00fcck. Da jeder Spieler sich nat\u00fcrlich m\u00f6glichst alles ansehen m\u00f6chte, gewinnt nicht derjenige, der als erster das Ziel, sondern derjenige, der als letzter das Ziel erreicht.<\/p>\n<h3>SHOP<\/h3>\n<blockquote class=\"wp-embedded-content\" data-secret=\"pW6VzqOhX2\"><p><a href=\"https:\/\/www.erfinde-dein-spiel.de\/spiele\/shops-autoren\/vera-isabelle-blasum\/\">Vera Isabelle Blasum<\/a><\/p><\/blockquote>\n<p><iframe class=\"wp-embedded-content\" sandbox=\"allow-scripts\" security=\"restricted\" style=\"position: absolute; clip: rect(1px, 1px, 1px, 1px);\" title=\"&#8222;Vera Isabelle Blasum&#8220; &#8212; (er-)finde DEIN Spiel\" src=\"https:\/\/www.erfinde-dein-spiel.de\/spiele\/shops-autoren\/vera-isabelle-blasum\/embed\/#?secret=bqmdZ07iJz#?secret=pW6VzqOhX2\" data-secret=\"pW6VzqOhX2\" width=\"500\" height=\"282\" frameborder=\"0\" marginwidth=\"0\" marginheight=\"0\" scrolling=\"no\"><\/iframe><\/p>\n<p>&nbsp;<\/p>\n<p>&nbsp;<\/p>\n<p>&nbsp;<\/p>\n","protected":false},"excerpt":{"rendered":"<p><a href=\"http:\/\/www.erfinde-dein-spiel.de\/spiele\/shops-autoren\/vera-isabelle-blasum\/\" target=\"_blank\">Shop: VERA ISABELLE BLASUM<\/a><\/p>\n<p>Die Spieler begeben sich mit ihrer Spielfigur auf Entdeckungsreise durch den Maxipark. Was genau sich jeder Spieler hier ansieht, das entscheidet in diesem Fall das W\u00fcrfelgl\u00fcck. Da jeder Spieler sich nat\u00fcrlich m\u00f6glichst alles ansehen m\u00f6chte, gewinnt nicht derjenige, der als Erster das Ziel, sondern derjenige, der als Letzter das Ziel erreicht.<\/p>\n","protected":false},"featured_media":1380,"comment_status":"open","ping_status":"closed","template":"","meta":{"_themeisle_gutenberg_block_has_review":false},"product_cat":[248],"product_tag":[],"yoast_head":"<!-- This site is optimized with the Yoast SEO plugin v22.6 - https:\/\/yoast.com\/wordpress\/plugins\/seo\/ -->\n<title>Maxipark - (er-)finde DEIN Spiel<\/title>\n<meta name=\"robots\" content=\"index, follow, max-snippet:-1, max-image-preview:large, max-video-preview:-1\" \/>\n<link rel=\"canonical\" href=\"https:\/\/www.erfinde-dein-spiel.de\/spiele\/shop\/spiele-kategorie\/familienspiele\/maxipark\/\" \/>\n<meta property=\"og:locale\" content=\"de_DE\" \/>\n<meta property=\"og:type\" content=\"article\" \/>\n<meta property=\"og:title\" content=\"Maxipark - (er-)finde DEIN Spiel\" \/>\n<meta property=\"og:description\" content=\"Shop: VERA ISABELLE BLASUM  Die Spieler begeben sich mit ihrer Spielfigur auf Entdeckungsreise durch den Maxipark. Was genau sich jeder Spieler hier ansieht, das entscheidet in diesem Fall das W\u00fcrfelgl\u00fcck. Da jeder Spieler sich nat\u00fcrlich m\u00f6glichst alles ansehen m\u00f6chte, gewinnt nicht derjenige, der als Erster das Ziel, sondern derjenige, der als Letzter das Ziel erreicht.\" \/>\n<meta property=\"og:url\" content=\"https:\/\/www.erfinde-dein-spiel.de\/spiele\/shop\/spiele-kategorie\/familienspiele\/maxipark\/\" \/>\n<meta property=\"og:site_name\" content=\"(er-)finde DEIN Spiel\" \/>\n<meta property=\"article:modified_time\" content=\"2016-01-21T23:29:19+00:00\" \/>\n<meta property=\"og:image\" content=\"https:\/\/www.erfinde-dein-spiel.de\/spiele\/wp-content\/uploads\/2015\/11\/PP_362_3951.jpg\" \/>\n\t<meta property=\"og:image:width\" content=\"500\" \/>\n\t<meta property=\"og:image:height\" content=\"428\" \/>\n\t<meta property=\"og:image:type\" content=\"image\/jpeg\" \/>\n<meta name=\"twitter:card\" content=\"summary_large_image\" \/>\n<meta name=\"twitter:label1\" content=\"Gesch\u00e4tzte Lesezeit\" \/>\n\t<meta name=\"twitter:data1\" content=\"1 Minute\" \/>\n<script type=\"application\/ld+json\" class=\"yoast-schema-graph\">{\"@context\":\"https:\/\/schema.org\",\"@graph\":[{\"@type\":\"WebPage\",\"@id\":\"https:\/\/www.erfinde-dein-spiel.de\/spiele\/shop\/spiele-kategorie\/familienspiele\/maxipark\/\",\"url\":\"https:\/\/www.erfinde-dein-spiel.de\/spiele\/shop\/spiele-kategorie\/familienspiele\/maxipark\/\",\"name\":\"Maxipark - (er-)finde DEIN Spiel\",\"isPartOf\":{\"@id\":\"https:\/\/www.erfinde-dein-spiel.de\/spiele\/#website\"},\"primaryImageOfPage\":{\"@id\":\"https:\/\/www.erfinde-dein-spiel.de\/spiele\/shop\/spiele-kategorie\/familienspiele\/maxipark\/#primaryimage\"},\"image\":{\"@id\":\"https:\/\/www.erfinde-dein-spiel.de\/spiele\/shop\/spiele-kategorie\/familienspiele\/maxipark\/#primaryimage\"},\"thumbnailUrl\":\"https:\/\/www.erfinde-dein-spiel.de\/spiele\/wp-content\/uploads\/2015\/11\/PP_362_3951.jpg\",\"datePublished\":\"2015-11-15T22:52:18+00:00\",\"dateModified\":\"2016-01-21T23:29:19+00:00\",\"breadcrumb\":{\"@id\":\"https:\/\/www.erfinde-dein-spiel.de\/spiele\/shop\/spiele-kategorie\/familienspiele\/maxipark\/#breadcrumb\"},\"inLanguage\":\"de-DE\",\"potentialAction\":[{\"@type\":\"ReadAction\",\"target\":[\"https:\/\/www.erfinde-dein-spiel.de\/spiele\/shop\/spiele-kategorie\/familienspiele\/maxipark\/\"]}]},{\"@type\":\"ImageObject\",\"inLanguage\":\"de-DE\",\"@id\":\"https:\/\/www.erfinde-dein-spiel.de\/spiele\/shop\/spiele-kategorie\/familienspiele\/maxipark\/#primaryimage\",\"url\":\"https:\/\/www.erfinde-dein-spiel.de\/spiele\/wp-content\/uploads\/2015\/11\/PP_362_3951.jpg\",\"contentUrl\":\"https:\/\/www.erfinde-dein-spiel.de\/spiele\/wp-content\/uploads\/2015\/11\/PP_362_3951.jpg\",\"width\":500,\"height\":428},{\"@type\":\"BreadcrumbList\",\"@id\":\"https:\/\/www.erfinde-dein-spiel.de\/spiele\/shop\/spiele-kategorie\/familienspiele\/maxipark\/#breadcrumb\",\"itemListElement\":[{\"@type\":\"ListItem\",\"position\":1,\"name\":\"Home\",\"item\":\"https:\/\/www.erfinde-dein-spiel.de\/spiele\/\"},{\"@type\":\"ListItem\",\"position\":2,\"name\":\"Shop\",\"item\":\"https:\/\/www.erfinde-dein-spiel.de\/spiele\/\"},{\"@type\":\"ListItem\",\"position\":3,\"name\":\"Maxipark\"}]},{\"@type\":\"WebSite\",\"@id\":\"https:\/\/www.erfinde-dein-spiel.de\/spiele\/#website\",\"url\":\"https:\/\/www.erfinde-dein-spiel.de\/spiele\/\",\"name\":\"(er-)finde DEIN Spiel\",\"description\":\"Spiele aus der Community. Powered by Spieltz.\",\"potentialAction\":[{\"@type\":\"SearchAction\",\"target\":{\"@type\":\"EntryPoint\",\"urlTemplate\":\"https:\/\/www.erfinde-dein-spiel.de\/spiele\/?s={search_term_string}\"},\"query-input\":\"required name=search_term_string\"}],\"inLanguage\":\"de-DE\"}]}<\/script>\n<!-- \/ Yoast SEO plugin. -->","yoast_head_json":{"title":"Maxipark - (er-)finde DEIN Spiel","robots":{"index":"index","follow":"follow","max-snippet":"max-snippet:-1","max-image-preview":"max-image-preview:large","max-video-preview":"max-video-preview:-1"},"canonical":"https:\/\/www.erfinde-dein-spiel.de\/spiele\/shop\/spiele-kategorie\/familienspiele\/maxipark\/","og_locale":"de_DE","og_type":"article","og_title":"Maxipark - (er-)finde DEIN Spiel","og_description":"Shop: VERA ISABELLE BLASUM  Die Spieler begeben sich mit ihrer Spielfigur auf Entdeckungsreise durch den Maxipark. Was genau sich jeder Spieler hier ansieht, das entscheidet in diesem Fall das W\u00fcrfelgl\u00fcck. Da jeder Spieler sich nat\u00fcrlich m\u00f6glichst alles ansehen m\u00f6chte, gewinnt nicht derjenige, der als Erster das Ziel, sondern derjenige, der als Letzter das Ziel erreicht.","og_url":"https:\/\/www.erfinde-dein-spiel.de\/spiele\/shop\/spiele-kategorie\/familienspiele\/maxipark\/","og_site_name":"(er-)finde DEIN Spiel","article_modified_time":"2016-01-21T23:29:19+00:00","og_image":[{"width":500,"height":428,"url":"https:\/\/www.erfinde-dein-spiel.de\/spiele\/wp-content\/uploads\/2015\/11\/PP_362_3951.jpg","type":"image\/jpeg"}],"twitter_card":"summary_large_image","twitter_misc":{"Gesch\u00e4tzte Lesezeit":"1 Minute"},"schema":{"@context":"https:\/\/schema.org","@graph":[{"@type":"WebPage","@id":"https:\/\/www.erfinde-dein-spiel.de\/spiele\/shop\/spiele-kategorie\/familienspiele\/maxipark\/","url":"https:\/\/www.erfinde-dein-spiel.de\/spiele\/shop\/spiele-kategorie\/familienspiele\/maxipark\/","name":"Maxipark - (er-)finde DEIN Spiel","isPartOf":{"@id":"https:\/\/www.erfinde-dein-spiel.de\/spiele\/#website"},"primaryImageOfPage":{"@id":"https:\/\/www.erfinde-dein-spiel.de\/spiele\/shop\/spiele-kategorie\/familienspiele\/maxipark\/#primaryimage"},"image":{"@id":"https:\/\/www.erfinde-dein-spiel.de\/spiele\/shop\/spiele-kategorie\/familienspiele\/maxipark\/#primaryimage"},"thumbnailUrl":"https:\/\/www.erfinde-dein-spiel.de\/spiele\/wp-content\/uploads\/2015\/11\/PP_362_3951.jpg","datePublished":"2015-11-15T22:52:18+00:00","dateModified":"2016-01-21T23:29:19+00:00","breadcrumb":{"@id":"https:\/\/www.erfinde-dein-spiel.de\/spiele\/shop\/spiele-kategorie\/familienspiele\/maxipark\/#breadcrumb"},"inLanguage":"de-DE","potentialAction":[{"@type":"ReadAction","target":["https:\/\/www.erfinde-dein-spiel.de\/spiele\/shop\/spiele-kategorie\/familienspiele\/maxipark\/"]}]},{"@type":"ImageObject","inLanguage":"de-DE","@id":"https:\/\/www.erfinde-dein-spiel.de\/spiele\/shop\/spiele-kategorie\/familienspiele\/maxipark\/#primaryimage","url":"https:\/\/www.erfinde-dein-spiel.de\/spiele\/wp-content\/uploads\/2015\/11\/PP_362_3951.jpg","contentUrl":"https:\/\/www.erfinde-dein-spiel.de\/spiele\/wp-content\/uploads\/2015\/11\/PP_362_3951.jpg","width":500,"height":428},{"@type":"BreadcrumbList","@id":"https:\/\/www.erfinde-dein-spiel.de\/spiele\/shop\/spiele-kategorie\/familienspiele\/maxipark\/#breadcrumb","itemListElement":[{"@type":"ListItem","position":1,"name":"Home","item":"https:\/\/www.erfinde-dein-spiel.de\/spiele\/"},{"@type":"ListItem","position":2,"name":"Shop","item":"https:\/\/www.erfinde-dein-spiel.de\/spiele\/"},{"@type":"ListItem","position":3,"name":"Maxipark"}]},{"@type":"WebSite","@id":"https:\/\/www.erfinde-dein-spiel.de\/spiele\/#website","url":"https:\/\/www.erfinde-dein-spiel.de\/spiele\/","name":"(er-)finde DEIN Spiel","description":"Spiele aus der Community. Powered by Spieltz.","potentialAction":[{"@type":"SearchAction","target":{"@type":"EntryPoint","urlTemplate":"https:\/\/www.erfinde-dein-spiel.de\/spiele\/?s={search_term_string}"},"query-input":"required name=search_term_string"}],"inLanguage":"de-DE"}]}},"_links":{"self":[{"href":"https:\/\/www.erfinde-dein-spiel.de\/spiele\/wp-json\/wp\/v2\/product\/1379"}],"collection":[{"href":"https:\/\/www.erfinde-dein-spiel.de\/spiele\/wp-json\/wp\/v2\/product"}],"about":[{"href":"https:\/\/www.erfinde-dein-spiel.de\/spiele\/wp-json\/wp\/v2\/types\/product"}],"replies":[{"embeddable":true,"href":"https:\/\/www.erfinde-dein-spiel.de\/spiele\/wp-json\/wp\/v2\/comments?post=1379"}],"wp:featuredmedia":[{"embeddable":true,"href":"https:\/\/www.erfinde-dein-spiel.de\/spiele\/wp-json\/wp\/v2\/media\/1380"}],"wp:attachment":[{"href":"https:\/\/www.erfinde-dein-spiel.de\/spiele\/wp-json\/wp\/v2\/media?parent=1379"}],"wp:term":[{"taxonomy":"product_cat","embeddable":true,"href":"https:\/\/www.erfinde-dein-spiel.de\/spiele\/wp-json\/wp\/v2\/product_cat?post=1379"},{"taxonomy":"product_tag","embeddable":true,"href":"https:\/\/www.erfinde-dein-spiel.de\/spiele\/wp-json\/wp\/v2\/product_tag?post=1379"}],"curies":[{"name":"wp","href":"https:\/\/api.w.org\/{rel}","templated":true}]}}