{"id":1375,"date":"2015-11-15T23:52:14","date_gmt":"2015-11-15T22:52:14","guid":{"rendered":"http:\/\/www.erfinde-dein-spiel.de\/shop\/unkategorisiert\/desiree\/"},"modified":"2016-01-18T03:18:51","modified_gmt":"2016-01-18T02:18:51","slug":"desiree","status":"publish","type":"product","link":"https:\/\/www.erfinde-dein-spiel.de\/spiele\/shop\/spiele-kategorie\/strategiespiele\/desiree\/","title":{"rendered":"D\u00e9sir\u00e9e"},"content":{"rendered":"<h3>Das Spiel<\/h3>\n<p>Autor \/ Grafik:\u00a0G\u00e9rard Pierson<\/p>\n<p>D\u00e9sir\u00e9e ist ein abstraktes Strategiespiel f\u00fcr 2 Spieler, das auf einem 10 x 10 Spielfeldern grossen Spielbrett mit 2 x 12 W\u00fcrfeln gespielt wird.<\/p>\n<p>Beim \u00dcberspringen gegnerischer W\u00fcrfel \u00e4ndert ein W\u00fcrfel seine Augenzahl, so dass er entweder die Summe oder die Differenz beider Augenzahlen anzeigt.<\/p>\n<p>Gewonnen hat der Spieler,<\/p>\n<p>&#8211; der als erster eine ununterbrochene orthogonale oder diagonale Reihe von 1 bis 6 mit seinen eignen (und gegnerischen) W\u00fcrfeln gebildet hat; die Reihe darf ausserdem einen Knick enthalten<\/p>\n<p>&#8211; oder der als erster 2 Serien von 1 bis 6 mit seinen eignen W\u00fcrfel gebildet hat; die W\u00fcrfel m\u00fcssen in diesem Fall nicht miteinander verbunden sein und d\u00fcrfen sich verstreut auf dem Spielbrett befinden.<\/p>\n<h3>Spielmaterial<\/h3>\n<ul>\n<li>1 Spielplan (LKW-Plane), Gr\u00f6\u00dfe 30 x 30 cm<\/li>\n<li>2 x 12\u00a0W\u00fcrfel aus bunt lackiertem Holz<\/li>\n<li>ausf\u00fchrliche Anleitung auf Deutsch<\/li>\n<li>Verpackung: Papprolle, wei\u00df gl\u00e4nzend, mit Aufkleber, L\u00e4nge 34 mm, Durchmesser 6 cm.<\/li>\n<\/ul>\n<h3>Das Wichtigste in K\u00fcrze<\/h3>\n<ul>\n<li>Art des Spiels:\u00a0Strategiespiel<\/li>\n<li>Ausf\u00fchrung: Spielplan auf LKW-Plane \u2013 rollbar und robust, verpackt in eine Papprolle<\/li>\n<li>Zubeh\u00f6r: W\u00fcrfel aus bunt lackiertem Holz<\/li>\n<li>Anzahl Spieler: 2<\/li>\n<li>Empfohlenes Alter: ab 12\u00a0Jahren<\/li>\n<li>Spieldauer: etwa 20 &#8211; 30\u00a0Minuten<\/li>\n<\/ul>\n<h3>SHOP<\/h3>\n<blockquote class=\"wp-embedded-content\" data-secret=\"W7mowxhKpl\"><p><a href=\"https:\/\/www.erfinde-dein-spiel.de\/spiele\/shop\/spiele-kategorie\/strategiespiele\/desiree\/\">D\u00e9sir\u00e9e<\/a><\/p><\/blockquote>\n<p><iframe class=\"wp-embedded-content\" sandbox=\"allow-scripts\" security=\"restricted\" style=\"position: absolute; clip: rect(1px, 1px, 1px, 1px);\" title=\"&#8222;D\u00e9sir\u00e9e&#8220; &#8212; (er-)finde DEIN Spiel\" src=\"https:\/\/www.erfinde-dein-spiel.de\/spiele\/shop\/spiele-kategorie\/strategiespiele\/desiree\/embed\/#?secret=RPMGr1aQLs#?secret=W7mowxhKpl\" data-secret=\"W7mowxhKpl\" width=\"500\" height=\"282\" frameborder=\"0\" marginwidth=\"0\" marginheight=\"0\" scrolling=\"no\"><\/iframe><\/p>\n<p>&nbsp;<\/p>\n","protected":false},"excerpt":{"rendered":"<p><a href=\"http:\/\/www.erfinde-dein-spiel.de\/spiele\/shops-autoren\/gerard-pierson\/\" target=\"_blank\">Shop: G\u00e9rard Pierson<\/a><\/p>\n<p>D\u00e9sir\u00e9e ist ein abstraktes Strategiespiel f\u00fcr 2 Spieler, das auf einem 10 x 10 Spielfeldern grossen Spielbrett mit 2 x 12 W\u00fcrfeln gespielt wird.<\/p>\n<p>Rollbarer Spielplan aus LKW-Plane, Gr\u00f6\u00dfe: 30\u00a0x 30\u00a0cm; \u00a0W\u00fcrfel aus bunt lackiertem Holz;\u00a0Verpackung: Papprolle wei\u00df, L\u00e4nge 34 cm, Durchmesser 6 cm<\/p>\n<p>&nbsp;<\/p>\n","protected":false},"featured_media":1710,"comment_status":"open","ping_status":"closed","template":"","meta":{"_themeisle_gutenberg_block_has_review":false},"product_cat":[302,313,258,270,250],"product_tag":[],"yoast_head":"<!-- This site is optimized with the Yoast SEO plugin v22.6 - https:\/\/yoast.com\/wordpress\/plugins\/seo\/ -->\n<title>D\u00e9sir\u00e9e - (er-)finde DEIN Spiel<\/title>\n<meta name=\"robots\" content=\"index, follow, max-snippet:-1, max-image-preview:large, max-video-preview:-1\" \/>\n<link rel=\"canonical\" href=\"https:\/\/www.erfinde-dein-spiel.de\/spiele\/shop\/spiele-kategorie\/strategiespiele\/desiree\/\" \/>\n<meta property=\"og:locale\" content=\"de_DE\" \/>\n<meta property=\"og:type\" content=\"article\" \/>\n<meta property=\"og:title\" content=\"D\u00e9sir\u00e9e - (er-)finde DEIN Spiel\" \/>\n<meta property=\"og:description\" content=\"Shop: G\u00e9rard Pierson  D\u00e9sir\u00e9e ist ein abstraktes Strategiespiel f\u00fcr 2 Spieler, das auf einem 10 x 10 Spielfeldern grossen Spielbrett mit 2 x 12 W\u00fcrfeln gespielt wird.  Rollbarer Spielplan aus LKW-Plane, Gr\u00f6\u00dfe: 30\u00a0x 30\u00a0cm; \u00a0W\u00fcrfel aus bunt lackiertem Holz;\u00a0Verpackung: Papprolle wei\u00df, L\u00e4nge 34 cm, Durchmesser 6 cm  &nbsp;\" \/>\n<meta property=\"og:url\" content=\"https:\/\/www.erfinde-dein-spiel.de\/spiele\/shop\/spiele-kategorie\/strategiespiele\/desiree\/\" \/>\n<meta property=\"og:site_name\" content=\"(er-)finde DEIN Spiel\" \/>\n<meta property=\"article:modified_time\" content=\"2016-01-18T02:18:51+00:00\" \/>\n<meta property=\"og:image\" content=\"https:\/\/www.erfinde-dein-spiel.de\/spiele\/wp-content\/uploads\/2015\/11\/De\u0301sire\u0301eSpielbrettJPG-CMYK-1024x1024.jpg\" \/>\n\t<meta property=\"og:image:width\" content=\"1024\" \/>\n\t<meta property=\"og:image:height\" content=\"1024\" \/>\n\t<meta property=\"og:image:type\" content=\"image\/jpeg\" \/>\n<meta name=\"twitter:card\" content=\"summary_large_image\" \/>\n<meta name=\"twitter:label1\" content=\"Gesch\u00e4tzte Lesezeit\" \/>\n\t<meta name=\"twitter:data1\" content=\"1 Minute\" \/>\n<script type=\"application\/ld+json\" class=\"yoast-schema-graph\">{\"@context\":\"https:\/\/schema.org\",\"@graph\":[{\"@type\":\"WebPage\",\"@id\":\"https:\/\/www.erfinde-dein-spiel.de\/spiele\/shop\/spiele-kategorie\/strategiespiele\/desiree\/\",\"url\":\"https:\/\/www.erfinde-dein-spiel.de\/spiele\/shop\/spiele-kategorie\/strategiespiele\/desiree\/\",\"name\":\"D\u00e9sir\u00e9e - (er-)finde DEIN Spiel\",\"isPartOf\":{\"@id\":\"https:\/\/www.erfinde-dein-spiel.de\/spiele\/#website\"},\"primaryImageOfPage\":{\"@id\":\"https:\/\/www.erfinde-dein-spiel.de\/spiele\/shop\/spiele-kategorie\/strategiespiele\/desiree\/#primaryimage\"},\"image\":{\"@id\":\"https:\/\/www.erfinde-dein-spiel.de\/spiele\/shop\/spiele-kategorie\/strategiespiele\/desiree\/#primaryimage\"},\"thumbnailUrl\":\"https:\/\/www.erfinde-dein-spiel.de\/spiele\/wp-content\/uploads\/2015\/11\/De\u0301sire\u0301eSpielbrettJPG-CMYK-scaled.jpg\",\"datePublished\":\"2015-11-15T22:52:14+00:00\",\"dateModified\":\"2016-01-18T02:18:51+00:00\",\"breadcrumb\":{\"@id\":\"https:\/\/www.erfinde-dein-spiel.de\/spiele\/shop\/spiele-kategorie\/strategiespiele\/desiree\/#breadcrumb\"},\"inLanguage\":\"de-DE\",\"potentialAction\":[{\"@type\":\"ReadAction\",\"target\":[\"https:\/\/www.erfinde-dein-spiel.de\/spiele\/shop\/spiele-kategorie\/strategiespiele\/desiree\/\"]}]},{\"@type\":\"ImageObject\",\"inLanguage\":\"de-DE\",\"@id\":\"https:\/\/www.erfinde-dein-spiel.de\/spiele\/shop\/spiele-kategorie\/strategiespiele\/desiree\/#primaryimage\",\"url\":\"https:\/\/www.erfinde-dein-spiel.de\/spiele\/wp-content\/uploads\/2015\/11\/De\u0301sire\u0301eSpielbrettJPG-CMYK-scaled.jpg\",\"contentUrl\":\"https:\/\/www.erfinde-dein-spiel.de\/spiele\/wp-content\/uploads\/2015\/11\/De\u0301sire\u0301eSpielbrettJPG-CMYK-scaled.jpg\",\"width\":2560,\"height\":2560,\"caption\":\"De\u0301sire\u0301eSpielbrettJPG CMYK\"},{\"@type\":\"BreadcrumbList\",\"@id\":\"https:\/\/www.erfinde-dein-spiel.de\/spiele\/shop\/spiele-kategorie\/strategiespiele\/desiree\/#breadcrumb\",\"itemListElement\":[{\"@type\":\"ListItem\",\"position\":1,\"name\":\"Home\",\"item\":\"https:\/\/www.erfinde-dein-spiel.de\/spiele\/\"},{\"@type\":\"ListItem\",\"position\":2,\"name\":\"Shop\",\"item\":\"https:\/\/www.erfinde-dein-spiel.de\/spiele\/\"},{\"@type\":\"ListItem\",\"position\":3,\"name\":\"D\u00e9sir\u00e9e\"}]},{\"@type\":\"WebSite\",\"@id\":\"https:\/\/www.erfinde-dein-spiel.de\/spiele\/#website\",\"url\":\"https:\/\/www.erfinde-dein-spiel.de\/spiele\/\",\"name\":\"(er-)finde DEIN Spiel\",\"description\":\"Spiele aus der Community. Powered by Spieltz.\",\"potentialAction\":[{\"@type\":\"SearchAction\",\"target\":{\"@type\":\"EntryPoint\",\"urlTemplate\":\"https:\/\/www.erfinde-dein-spiel.de\/spiele\/?s={search_term_string}\"},\"query-input\":\"required name=search_term_string\"}],\"inLanguage\":\"de-DE\"}]}<\/script>\n<!-- \/ Yoast SEO plugin. -->","yoast_head_json":{"title":"D\u00e9sir\u00e9e - (er-)finde DEIN Spiel","robots":{"index":"index","follow":"follow","max-snippet":"max-snippet:-1","max-image-preview":"max-image-preview:large","max-video-preview":"max-video-preview:-1"},"canonical":"https:\/\/www.erfinde-dein-spiel.de\/spiele\/shop\/spiele-kategorie\/strategiespiele\/desiree\/","og_locale":"de_DE","og_type":"article","og_title":"D\u00e9sir\u00e9e - (er-)finde DEIN Spiel","og_description":"Shop: G\u00e9rard Pierson  D\u00e9sir\u00e9e ist ein abstraktes Strategiespiel f\u00fcr 2 Spieler, das auf einem 10 x 10 Spielfeldern grossen Spielbrett mit 2 x 12 W\u00fcrfeln gespielt wird.  Rollbarer Spielplan aus LKW-Plane, Gr\u00f6\u00dfe: 30\u00a0x 30\u00a0cm; \u00a0W\u00fcrfel aus bunt lackiertem Holz;\u00a0Verpackung: Papprolle wei\u00df, L\u00e4nge 34 cm, Durchmesser 6 cm  &nbsp;","og_url":"https:\/\/www.erfinde-dein-spiel.de\/spiele\/shop\/spiele-kategorie\/strategiespiele\/desiree\/","og_site_name":"(er-)finde DEIN Spiel","article_modified_time":"2016-01-18T02:18:51+00:00","og_image":[{"width":1024,"height":1024,"url":"https:\/\/www.erfinde-dein-spiel.de\/spiele\/wp-content\/uploads\/2015\/11\/De\u0301sire\u0301eSpielbrettJPG-CMYK-1024x1024.jpg","type":"image\/jpeg"}],"twitter_card":"summary_large_image","twitter_misc":{"Gesch\u00e4tzte Lesezeit":"1 Minute"},"schema":{"@context":"https:\/\/schema.org","@graph":[{"@type":"WebPage","@id":"https:\/\/www.erfinde-dein-spiel.de\/spiele\/shop\/spiele-kategorie\/strategiespiele\/desiree\/","url":"https:\/\/www.erfinde-dein-spiel.de\/spiele\/shop\/spiele-kategorie\/strategiespiele\/desiree\/","name":"D\u00e9sir\u00e9e - (er-)finde DEIN Spiel","isPartOf":{"@id":"https:\/\/www.erfinde-dein-spiel.de\/spiele\/#website"},"primaryImageOfPage":{"@id":"https:\/\/www.erfinde-dein-spiel.de\/spiele\/shop\/spiele-kategorie\/strategiespiele\/desiree\/#primaryimage"},"image":{"@id":"https:\/\/www.erfinde-dein-spiel.de\/spiele\/shop\/spiele-kategorie\/strategiespiele\/desiree\/#primaryimage"},"thumbnailUrl":"https:\/\/www.erfinde-dein-spiel.de\/spiele\/wp-content\/uploads\/2015\/11\/De\u0301sire\u0301eSpielbrettJPG-CMYK-scaled.jpg","datePublished":"2015-11-15T22:52:14+00:00","dateModified":"2016-01-18T02:18:51+00:00","breadcrumb":{"@id":"https:\/\/www.erfinde-dein-spiel.de\/spiele\/shop\/spiele-kategorie\/strategiespiele\/desiree\/#breadcrumb"},"inLanguage":"de-DE","potentialAction":[{"@type":"ReadAction","target":["https:\/\/www.erfinde-dein-spiel.de\/spiele\/shop\/spiele-kategorie\/strategiespiele\/desiree\/"]}]},{"@type":"ImageObject","inLanguage":"de-DE","@id":"https:\/\/www.erfinde-dein-spiel.de\/spiele\/shop\/spiele-kategorie\/strategiespiele\/desiree\/#primaryimage","url":"https:\/\/www.erfinde-dein-spiel.de\/spiele\/wp-content\/uploads\/2015\/11\/De\u0301sire\u0301eSpielbrettJPG-CMYK-scaled.jpg","contentUrl":"https:\/\/www.erfinde-dein-spiel.de\/spiele\/wp-content\/uploads\/2015\/11\/De\u0301sire\u0301eSpielbrettJPG-CMYK-scaled.jpg","width":2560,"height":2560,"caption":"De\u0301sire\u0301eSpielbrettJPG CMYK"},{"@type":"BreadcrumbList","@id":"https:\/\/www.erfinde-dein-spiel.de\/spiele\/shop\/spiele-kategorie\/strategiespiele\/desiree\/#breadcrumb","itemListElement":[{"@type":"ListItem","position":1,"name":"Home","item":"https:\/\/www.erfinde-dein-spiel.de\/spiele\/"},{"@type":"ListItem","position":2,"name":"Shop","item":"https:\/\/www.erfinde-dein-spiel.de\/spiele\/"},{"@type":"ListItem","position":3,"name":"D\u00e9sir\u00e9e"}]},{"@type":"WebSite","@id":"https:\/\/www.erfinde-dein-spiel.de\/spiele\/#website","url":"https:\/\/www.erfinde-dein-spiel.de\/spiele\/","name":"(er-)finde DEIN Spiel","description":"Spiele aus der Community. Powered by Spieltz.","potentialAction":[{"@type":"SearchAction","target":{"@type":"EntryPoint","urlTemplate":"https:\/\/www.erfinde-dein-spiel.de\/spiele\/?s={search_term_string}"},"query-input":"required name=search_term_string"}],"inLanguage":"de-DE"}]}},"_links":{"self":[{"href":"https:\/\/www.erfinde-dein-spiel.de\/spiele\/wp-json\/wp\/v2\/product\/1375"}],"collection":[{"href":"https:\/\/www.erfinde-dein-spiel.de\/spiele\/wp-json\/wp\/v2\/product"}],"about":[{"href":"https:\/\/www.erfinde-dein-spiel.de\/spiele\/wp-json\/wp\/v2\/types\/product"}],"replies":[{"embeddable":true,"href":"https:\/\/www.erfinde-dein-spiel.de\/spiele\/wp-json\/wp\/v2\/comments?post=1375"}],"wp:featuredmedia":[{"embeddable":true,"href":"https:\/\/www.erfinde-dein-spiel.de\/spiele\/wp-json\/wp\/v2\/media\/1710"}],"wp:attachment":[{"href":"https:\/\/www.erfinde-dein-spiel.de\/spiele\/wp-json\/wp\/v2\/media?parent=1375"}],"wp:term":[{"taxonomy":"product_cat","embeddable":true,"href":"https:\/\/www.erfinde-dein-spiel.de\/spiele\/wp-json\/wp\/v2\/product_cat?post=1375"},{"taxonomy":"product_tag","embeddable":true,"href":"https:\/\/www.erfinde-dein-spiel.de\/spiele\/wp-json\/wp\/v2\/product_tag?post=1375"}],"curies":[{"name":"wp","href":"https:\/\/api.w.org\/{rel}","templated":true}]}}