{"id":1373,"date":"2015-11-15T23:52:13","date_gmt":"2015-11-15T22:52:13","guid":{"rendered":"http:\/\/www.erfinde-dein-spiel.de\/shop\/unkategorisiert\/fuchs-du-hast-die-gans-gestohlen\/"},"modified":"2016-01-24T01:59:50","modified_gmt":"2016-01-24T00:59:50","slug":"fuchs-du-hast-die-gans-gestohlen","status":"publish","type":"product","link":"https:\/\/www.erfinde-dein-spiel.de\/spiele\/shop\/spiel-thema\/natur-pflanzen-tiere\/fuchs-du-hast-die-gans-gestohlen\/","title":{"rendered":"Fuchs, du hast die Gans gestohlen!"},"content":{"rendered":"<h3>Das Spiel<\/h3>\n<p>Alarm auf dem Bauernhof!<br \/>\nReineke der Fuchs hat eigentlich nur das getan, was er seit alters her berufsm\u00e4\u00dfig macht: Er hat dem Bauern eine Gans geklaut! Dumm nur, dass er ausgerechnet Kunigunde erwischt hat. Denn Kunigunde hat Freunde. Gute Freunde sogar. Als da w\u00e4ren: Rosalinde, die das Ganze f\u00fcr eine Riesen-Sauerei h\u00e4lt; Bertha, die meint, dass sowas auf keine Kuhhaut geht; Henning, der die Tat sehr haneb\u00fcchen findet und Hotte, der vor Wut mit den Hufen scharrt.<br \/>\nSie machen sich sogleich auf die Jagd, denn sie wissen: Hat Reineke erst mal den Fuchsbau erreicht, ist es um Kunigunde geschehen. Alsbald beginnt eine wilde Jagd durch das Gel\u00e4nde, denn jeder m\u00f6chte sich r\u00fchmen, Kunigunde gerettet zu haben. Aber wird es \u00fcberhaupt jemand schaffen?<\/p>\n<p><em>Fuchs, du hast die Gans gestohlen<\/em> ist ein Spiel, das\u00a0<a href=\"http:\/\/www.erfinde-dein-spiel.de\/spiele\/shops-autoren\/remotions\/\" target=\"_blank\">ReMotions<\/a> zuerst f\u00fcr die Arbeit mit dementiell erkrankten Senioren entwickelt und erfolgreich getestet hat. Allerdings wird es im gerontopsychatrischen Einsatz ohne die Wahlm\u00f6glichkeit einer Abk\u00fcrzung gespielt. Die vorliegende Version eignet sich gut als unterhaltsames Spiel f\u00fcr Kinder und Eltern und\/oder Gro\u00dfeltern.<\/p>\n<h3>SHOP<\/h3>\n<p><iframe class=\"wp-embedded-content\" title=\"Eingebetteter WordPress Beitrag\" src=\"http:\/\/www.erfinde-dein-spiel.de\/spiele\/shops-autoren\/remotions\/embed\/#?secret=ZGeSq8tfff\" width=\"600\" height=\"213\" frameborder=\"0\" marginwidth=\"0\" marginheight=\"0\" scrolling=\"no\" sandbox=\"allow-scripts\" data-secret=\"ZGeSq8tfff\"><\/iframe><\/p>\n","protected":false},"excerpt":{"rendered":"<p><a href=\"http:\/\/www.erfinde-dein-spiel.de\/spiele\/shops-autoren\/remotions\/\" target=\"_blank\">Shop: ReMotions<\/a><\/p>\n<p>Alarm auf dem Bauernhof. Der Fuchs hat die Gans Kunigunde gestohlen! Sofort eilen ihre Freunde zu Hilfe. Schaffen sie es rechtzeitig, Kunigunde zu befreien, bevor der Fuchs mit ihr im Bau verschwindet? Eine wilde Jagd durch das Gel\u00e4nde beginnt!<\/p>\n","protected":false},"featured_media":1374,"comment_status":"open","ping_status":"closed","template":"","meta":{"_themeisle_gutenberg_block_has_review":false},"product_cat":[286,339,248,247,261,282,260,274,258],"product_tag":[],"yoast_head":"<!-- This site is optimized with the Yoast SEO plugin v22.6 - https:\/\/yoast.com\/wordpress\/plugins\/seo\/ -->\n<title>Fuchs, du hast die Gans gestohlen! - (er-)finde DEIN Spiel<\/title>\n<meta name=\"robots\" content=\"index, follow, max-snippet:-1, max-image-preview:large, max-video-preview:-1\" \/>\n<link rel=\"canonical\" href=\"https:\/\/www.erfinde-dein-spiel.de\/spiele\/shop\/spiel-thema\/natur-pflanzen-tiere\/fuchs-du-hast-die-gans-gestohlen\/\" \/>\n<meta property=\"og:locale\" content=\"de_DE\" \/>\n<meta property=\"og:type\" content=\"article\" \/>\n<meta property=\"og:title\" content=\"Fuchs, du hast die Gans gestohlen! - (er-)finde DEIN Spiel\" \/>\n<meta property=\"og:description\" content=\"Shop: ReMotions  Alarm auf dem Bauernhof. Der Fuchs hat die Gans Kunigunde gestohlen! Sofort eilen ihre Freunde zu Hilfe. Schaffen sie es rechtzeitig, Kunigunde zu befreien, bevor der Fuchs mit ihr im Bau verschwindet? Eine wilde Jagd durch das Gel\u00e4nde beginnt!\" \/>\n<meta property=\"og:url\" content=\"https:\/\/www.erfinde-dein-spiel.de\/spiele\/shop\/spiel-thema\/natur-pflanzen-tiere\/fuchs-du-hast-die-gans-gestohlen\/\" \/>\n<meta property=\"og:site_name\" content=\"(er-)finde DEIN Spiel\" \/>\n<meta property=\"article:modified_time\" content=\"2016-01-24T00:59:50+00:00\" \/>\n<meta property=\"og:image\" content=\"https:\/\/www.erfinde-dein-spiel.de\/spiele\/wp-content\/uploads\/2015\/11\/PP_355_1641.jpg\" \/>\n\t<meta property=\"og:image:width\" content=\"500\" \/>\n\t<meta property=\"og:image:height\" content=\"403\" \/>\n\t<meta property=\"og:image:type\" content=\"image\/jpeg\" \/>\n<meta name=\"twitter:card\" content=\"summary_large_image\" \/>\n<meta name=\"twitter:label1\" content=\"Gesch\u00e4tzte Lesezeit\" \/>\n\t<meta name=\"twitter:data1\" content=\"1 Minute\" \/>\n<script type=\"application\/ld+json\" class=\"yoast-schema-graph\">{\"@context\":\"https:\/\/schema.org\",\"@graph\":[{\"@type\":\"WebPage\",\"@id\":\"https:\/\/www.erfinde-dein-spiel.de\/spiele\/shop\/spiel-thema\/natur-pflanzen-tiere\/fuchs-du-hast-die-gans-gestohlen\/\",\"url\":\"https:\/\/www.erfinde-dein-spiel.de\/spiele\/shop\/spiel-thema\/natur-pflanzen-tiere\/fuchs-du-hast-die-gans-gestohlen\/\",\"name\":\"Fuchs, du hast die Gans gestohlen! - (er-)finde DEIN Spiel\",\"isPartOf\":{\"@id\":\"https:\/\/www.erfinde-dein-spiel.de\/spiele\/#website\"},\"primaryImageOfPage\":{\"@id\":\"https:\/\/www.erfinde-dein-spiel.de\/spiele\/shop\/spiel-thema\/natur-pflanzen-tiere\/fuchs-du-hast-die-gans-gestohlen\/#primaryimage\"},\"image\":{\"@id\":\"https:\/\/www.erfinde-dein-spiel.de\/spiele\/shop\/spiel-thema\/natur-pflanzen-tiere\/fuchs-du-hast-die-gans-gestohlen\/#primaryimage\"},\"thumbnailUrl\":\"https:\/\/www.erfinde-dein-spiel.de\/spiele\/wp-content\/uploads\/2015\/11\/PP_355_1641.jpg\",\"datePublished\":\"2015-11-15T22:52:13+00:00\",\"dateModified\":\"2016-01-24T00:59:50+00:00\",\"breadcrumb\":{\"@id\":\"https:\/\/www.erfinde-dein-spiel.de\/spiele\/shop\/spiel-thema\/natur-pflanzen-tiere\/fuchs-du-hast-die-gans-gestohlen\/#breadcrumb\"},\"inLanguage\":\"de-DE\",\"potentialAction\":[{\"@type\":\"ReadAction\",\"target\":[\"https:\/\/www.erfinde-dein-spiel.de\/spiele\/shop\/spiel-thema\/natur-pflanzen-tiere\/fuchs-du-hast-die-gans-gestohlen\/\"]}]},{\"@type\":\"ImageObject\",\"inLanguage\":\"de-DE\",\"@id\":\"https:\/\/www.erfinde-dein-spiel.de\/spiele\/shop\/spiel-thema\/natur-pflanzen-tiere\/fuchs-du-hast-die-gans-gestohlen\/#primaryimage\",\"url\":\"https:\/\/www.erfinde-dein-spiel.de\/spiele\/wp-content\/uploads\/2015\/11\/PP_355_1641.jpg\",\"contentUrl\":\"https:\/\/www.erfinde-dein-spiel.de\/spiele\/wp-content\/uploads\/2015\/11\/PP_355_1641.jpg\",\"width\":500,\"height\":403,\"caption\":\"Spiel Fuchs Du hast die Gans gestohlen\"},{\"@type\":\"BreadcrumbList\",\"@id\":\"https:\/\/www.erfinde-dein-spiel.de\/spiele\/shop\/spiel-thema\/natur-pflanzen-tiere\/fuchs-du-hast-die-gans-gestohlen\/#breadcrumb\",\"itemListElement\":[{\"@type\":\"ListItem\",\"position\":1,\"name\":\"Home\",\"item\":\"https:\/\/www.erfinde-dein-spiel.de\/spiele\/\"},{\"@type\":\"ListItem\",\"position\":2,\"name\":\"Shop\",\"item\":\"https:\/\/www.erfinde-dein-spiel.de\/spiele\/\"},{\"@type\":\"ListItem\",\"position\":3,\"name\":\"Fuchs, du hast die Gans gestohlen!\"}]},{\"@type\":\"WebSite\",\"@id\":\"https:\/\/www.erfinde-dein-spiel.de\/spiele\/#website\",\"url\":\"https:\/\/www.erfinde-dein-spiel.de\/spiele\/\",\"name\":\"(er-)finde DEIN Spiel\",\"description\":\"Spiele aus der Community. Powered by Spieltz.\",\"potentialAction\":[{\"@type\":\"SearchAction\",\"target\":{\"@type\":\"EntryPoint\",\"urlTemplate\":\"https:\/\/www.erfinde-dein-spiel.de\/spiele\/?s={search_term_string}\"},\"query-input\":\"required name=search_term_string\"}],\"inLanguage\":\"de-DE\"}]}<\/script>\n<!-- \/ Yoast SEO plugin. -->","yoast_head_json":{"title":"Fuchs, du hast die Gans gestohlen! - (er-)finde DEIN Spiel","robots":{"index":"index","follow":"follow","max-snippet":"max-snippet:-1","max-image-preview":"max-image-preview:large","max-video-preview":"max-video-preview:-1"},"canonical":"https:\/\/www.erfinde-dein-spiel.de\/spiele\/shop\/spiel-thema\/natur-pflanzen-tiere\/fuchs-du-hast-die-gans-gestohlen\/","og_locale":"de_DE","og_type":"article","og_title":"Fuchs, du hast die Gans gestohlen! - (er-)finde DEIN Spiel","og_description":"Shop: ReMotions  Alarm auf dem Bauernhof. Der Fuchs hat die Gans Kunigunde gestohlen! Sofort eilen ihre Freunde zu Hilfe. Schaffen sie es rechtzeitig, Kunigunde zu befreien, bevor der Fuchs mit ihr im Bau verschwindet? Eine wilde Jagd durch das Gel\u00e4nde beginnt!","og_url":"https:\/\/www.erfinde-dein-spiel.de\/spiele\/shop\/spiel-thema\/natur-pflanzen-tiere\/fuchs-du-hast-die-gans-gestohlen\/","og_site_name":"(er-)finde DEIN Spiel","article_modified_time":"2016-01-24T00:59:50+00:00","og_image":[{"width":500,"height":403,"url":"https:\/\/www.erfinde-dein-spiel.de\/spiele\/wp-content\/uploads\/2015\/11\/PP_355_1641.jpg","type":"image\/jpeg"}],"twitter_card":"summary_large_image","twitter_misc":{"Gesch\u00e4tzte Lesezeit":"1 Minute"},"schema":{"@context":"https:\/\/schema.org","@graph":[{"@type":"WebPage","@id":"https:\/\/www.erfinde-dein-spiel.de\/spiele\/shop\/spiel-thema\/natur-pflanzen-tiere\/fuchs-du-hast-die-gans-gestohlen\/","url":"https:\/\/www.erfinde-dein-spiel.de\/spiele\/shop\/spiel-thema\/natur-pflanzen-tiere\/fuchs-du-hast-die-gans-gestohlen\/","name":"Fuchs, du hast die Gans gestohlen! - (er-)finde DEIN Spiel","isPartOf":{"@id":"https:\/\/www.erfinde-dein-spiel.de\/spiele\/#website"},"primaryImageOfPage":{"@id":"https:\/\/www.erfinde-dein-spiel.de\/spiele\/shop\/spiel-thema\/natur-pflanzen-tiere\/fuchs-du-hast-die-gans-gestohlen\/#primaryimage"},"image":{"@id":"https:\/\/www.erfinde-dein-spiel.de\/spiele\/shop\/spiel-thema\/natur-pflanzen-tiere\/fuchs-du-hast-die-gans-gestohlen\/#primaryimage"},"thumbnailUrl":"https:\/\/www.erfinde-dein-spiel.de\/spiele\/wp-content\/uploads\/2015\/11\/PP_355_1641.jpg","datePublished":"2015-11-15T22:52:13+00:00","dateModified":"2016-01-24T00:59:50+00:00","breadcrumb":{"@id":"https:\/\/www.erfinde-dein-spiel.de\/spiele\/shop\/spiel-thema\/natur-pflanzen-tiere\/fuchs-du-hast-die-gans-gestohlen\/#breadcrumb"},"inLanguage":"de-DE","potentialAction":[{"@type":"ReadAction","target":["https:\/\/www.erfinde-dein-spiel.de\/spiele\/shop\/spiel-thema\/natur-pflanzen-tiere\/fuchs-du-hast-die-gans-gestohlen\/"]}]},{"@type":"ImageObject","inLanguage":"de-DE","@id":"https:\/\/www.erfinde-dein-spiel.de\/spiele\/shop\/spiel-thema\/natur-pflanzen-tiere\/fuchs-du-hast-die-gans-gestohlen\/#primaryimage","url":"https:\/\/www.erfinde-dein-spiel.de\/spiele\/wp-content\/uploads\/2015\/11\/PP_355_1641.jpg","contentUrl":"https:\/\/www.erfinde-dein-spiel.de\/spiele\/wp-content\/uploads\/2015\/11\/PP_355_1641.jpg","width":500,"height":403,"caption":"Spiel Fuchs Du hast die Gans gestohlen"},{"@type":"BreadcrumbList","@id":"https:\/\/www.erfinde-dein-spiel.de\/spiele\/shop\/spiel-thema\/natur-pflanzen-tiere\/fuchs-du-hast-die-gans-gestohlen\/#breadcrumb","itemListElement":[{"@type":"ListItem","position":1,"name":"Home","item":"https:\/\/www.erfinde-dein-spiel.de\/spiele\/"},{"@type":"ListItem","position":2,"name":"Shop","item":"https:\/\/www.erfinde-dein-spiel.de\/spiele\/"},{"@type":"ListItem","position":3,"name":"Fuchs, du hast die Gans gestohlen!"}]},{"@type":"WebSite","@id":"https:\/\/www.erfinde-dein-spiel.de\/spiele\/#website","url":"https:\/\/www.erfinde-dein-spiel.de\/spiele\/","name":"(er-)finde DEIN Spiel","description":"Spiele aus der Community. Powered by Spieltz.","potentialAction":[{"@type":"SearchAction","target":{"@type":"EntryPoint","urlTemplate":"https:\/\/www.erfinde-dein-spiel.de\/spiele\/?s={search_term_string}"},"query-input":"required name=search_term_string"}],"inLanguage":"de-DE"}]}},"_links":{"self":[{"href":"https:\/\/www.erfinde-dein-spiel.de\/spiele\/wp-json\/wp\/v2\/product\/1373"}],"collection":[{"href":"https:\/\/www.erfinde-dein-spiel.de\/spiele\/wp-json\/wp\/v2\/product"}],"about":[{"href":"https:\/\/www.erfinde-dein-spiel.de\/spiele\/wp-json\/wp\/v2\/types\/product"}],"replies":[{"embeddable":true,"href":"https:\/\/www.erfinde-dein-spiel.de\/spiele\/wp-json\/wp\/v2\/comments?post=1373"}],"wp:featuredmedia":[{"embeddable":true,"href":"https:\/\/www.erfinde-dein-spiel.de\/spiele\/wp-json\/wp\/v2\/media\/1374"}],"wp:attachment":[{"href":"https:\/\/www.erfinde-dein-spiel.de\/spiele\/wp-json\/wp\/v2\/media?parent=1373"}],"wp:term":[{"taxonomy":"product_cat","embeddable":true,"href":"https:\/\/www.erfinde-dein-spiel.de\/spiele\/wp-json\/wp\/v2\/product_cat?post=1373"},{"taxonomy":"product_tag","embeddable":true,"href":"https:\/\/www.erfinde-dein-spiel.de\/spiele\/wp-json\/wp\/v2\/product_tag?post=1373"}],"curies":[{"name":"wp","href":"https:\/\/api.w.org\/{rel}","templated":true}]}}