{"id":1361,"date":"2015-11-15T23:52:00","date_gmt":"2015-11-15T22:52:00","guid":{"rendered":"http:\/\/www.erfinde-dein-spiel.de\/shop\/unkategorisiert\/generationsgame\/"},"modified":"2016-01-20T00:43:50","modified_gmt":"2016-01-19T23:43:50","slug":"generationsgame","status":"publish","type":"product","link":"https:\/\/www.erfinde-dein-spiel.de\/spiele\/shop\/spiele-kategorie\/wissensspiele-denkspiele-quizspiele\/generationsgame\/","title":{"rendered":"Generationsgame"},"content":{"rendered":"<h3>Das Spiel<\/h3>\n<p>Beim <em>Spiel der Generationen<\/em> handelt es sich um ein abstraktes Spiel der Philosophie. Es unterliegt keinerlei Regeln im herk\u00f6mmlichen Sinne und fordert die Spieler auf sich physikalisch-philosophischen Gedankenspielen hinzugeben. Einmal begonnen, l\u00e4sst sich das Spiel nicht mehr beenden, sondern nur noch pausieren. So f\u00f6rdert es das kreative und freie Denken genauso wie eine tiefsinnige Auseinandersetzung mit der Natur der Dinge. Die Spielsteine und der W\u00fcrfel werden nur im \u00e4sthetischen Sinne verwandt. Sobald ein Spieler einen philosophischen Gedankengang abgeschlossen hat nimmt er einen der Spielsteine, W\u00fcrfel eingeschlossen, und positioniert diesen auf dem Spielfeld m\u00f6glichst so, dass die neue Spielsteinformation einen Bezug zu seinem Gedankengang hat. Dieses neue Arrangement sollte in sich geschlossen sein und Sch\u00f6nheit ausstrahlen. So ist jeder Spielzug neben dem Zug selbst auch ein Gesamtkunstwerk f\u00fcr sich, welches betrachtet werden kann und wieder inspirieren soll.<\/p>\n<p>Das Spiel kennt keinen Gewinner und keinen Verlierer, es ist zeitlos und richtet sich nach der Unendlichkeit als letzter Konstante aus. So kann es sein, dass ein Spielzug \u00fcber Tage oder Wochen hinweg dauern kann. Stellt ein Mitspieler eine Ver\u00e4nderung der Spielsteinformation fest, ist es die Aufgabe der Spieler, herauszufinden, wer den Zug get\u00e4tigt hat. Der aktive Spieler wird dann seinen physikalisch-philsophischen Gedankengang mit den anderen teilen. Das Brettspiel ist eng gekoppelt mit der Onlinevariante des Generatiosgame [<a href=\"http:\/\/generationsgame.com\/\" target=\"_blank\">generationsgame.com<\/a>]. Hier finden sich auch passende Themen zum drauf rumdenken. In diesem Sinne &#8211; das Spiel der Generationen hat begonnen.<\/p>\n<p>powered by KN-P<\/p>\n<h3>SHOP<\/h3>\n<blockquote class=\"wp-embedded-content\" data-secret=\"QOpiIRJUKk\"><p><a href=\"https:\/\/www.erfinde-dein-spiel.de\/spiele\/shops-autoren\/kn-games\/\">KN-Games<\/a><\/p><\/blockquote>\n<p><iframe class=\"wp-embedded-content\" sandbox=\"allow-scripts\" security=\"restricted\" style=\"position: absolute; clip: rect(1px, 1px, 1px, 1px);\" title=\"&#8222;KN-Games&#8220; &#8212; (er-)finde DEIN Spiel\" src=\"https:\/\/www.erfinde-dein-spiel.de\/spiele\/shops-autoren\/kn-games\/embed\/#?secret=dzGcmQ7ZNB#?secret=QOpiIRJUKk\" data-secret=\"QOpiIRJUKk\" width=\"500\" height=\"282\" frameborder=\"0\" marginwidth=\"0\" marginheight=\"0\" scrolling=\"no\"><\/iframe><\/p>\n<p>&nbsp;<\/p>\n<p>&nbsp;<\/p>\n","protected":false},"excerpt":{"rendered":"<p><a href=\"http:\/\/www.erfinde-dein-spiel.de\/spiele\/shops-autoren\/kn-games\/\" target=\"_blank\">Shop: KN_GAMES<\/a><\/p>\n<p>physikalisch-philosophische Gedankenspiele<\/p>\n","protected":false},"featured_media":1362,"comment_status":"open","ping_status":"closed","template":"","meta":{"_themeisle_gutenberg_block_has_review":false},"product_cat":[261,278,260,273,258,266,251],"product_tag":[],"yoast_head":"<!-- This site is optimized with the Yoast SEO plugin v22.6 - https:\/\/yoast.com\/wordpress\/plugins\/seo\/ -->\n<title>Generationsgame - (er-)finde DEIN Spiel<\/title>\n<meta name=\"robots\" content=\"index, follow, max-snippet:-1, max-image-preview:large, max-video-preview:-1\" \/>\n<link rel=\"canonical\" href=\"https:\/\/www.erfinde-dein-spiel.de\/spiele\/shop\/spiele-kategorie\/wissensspiele-denkspiele-quizspiele\/generationsgame\/\" \/>\n<meta property=\"og:locale\" content=\"de_DE\" \/>\n<meta property=\"og:type\" content=\"article\" \/>\n<meta property=\"og:title\" content=\"Generationsgame - (er-)finde DEIN Spiel\" \/>\n<meta property=\"og:description\" content=\"Shop: KN_GAMES  physikalisch-philosophische Gedankenspiele\" \/>\n<meta property=\"og:url\" content=\"https:\/\/www.erfinde-dein-spiel.de\/spiele\/shop\/spiele-kategorie\/wissensspiele-denkspiele-quizspiele\/generationsgame\/\" \/>\n<meta property=\"og:site_name\" content=\"(er-)finde DEIN Spiel\" \/>\n<meta property=\"article:modified_time\" content=\"2016-01-19T23:43:50+00:00\" \/>\n<meta property=\"og:image\" content=\"https:\/\/www.erfinde-dein-spiel.de\/spiele\/wp-content\/uploads\/2015\/11\/PP_348_2521.jpg\" \/>\n\t<meta property=\"og:image:width\" content=\"500\" \/>\n\t<meta property=\"og:image:height\" content=\"351\" \/>\n\t<meta property=\"og:image:type\" content=\"image\/jpeg\" \/>\n<meta name=\"twitter:card\" content=\"summary_large_image\" \/>\n<meta name=\"twitter:label1\" content=\"Gesch\u00e4tzte Lesezeit\" \/>\n\t<meta name=\"twitter:data1\" content=\"1 Minute\" \/>\n<script type=\"application\/ld+json\" class=\"yoast-schema-graph\">{\"@context\":\"https:\/\/schema.org\",\"@graph\":[{\"@type\":\"WebPage\",\"@id\":\"https:\/\/www.erfinde-dein-spiel.de\/spiele\/shop\/spiele-kategorie\/wissensspiele-denkspiele-quizspiele\/generationsgame\/\",\"url\":\"https:\/\/www.erfinde-dein-spiel.de\/spiele\/shop\/spiele-kategorie\/wissensspiele-denkspiele-quizspiele\/generationsgame\/\",\"name\":\"Generationsgame - (er-)finde DEIN Spiel\",\"isPartOf\":{\"@id\":\"https:\/\/www.erfinde-dein-spiel.de\/spiele\/#website\"},\"primaryImageOfPage\":{\"@id\":\"https:\/\/www.erfinde-dein-spiel.de\/spiele\/shop\/spiele-kategorie\/wissensspiele-denkspiele-quizspiele\/generationsgame\/#primaryimage\"},\"image\":{\"@id\":\"https:\/\/www.erfinde-dein-spiel.de\/spiele\/shop\/spiele-kategorie\/wissensspiele-denkspiele-quizspiele\/generationsgame\/#primaryimage\"},\"thumbnailUrl\":\"https:\/\/www.erfinde-dein-spiel.de\/spiele\/wp-content\/uploads\/2015\/11\/PP_348_2521.jpg\",\"datePublished\":\"2015-11-15T22:52:00+00:00\",\"dateModified\":\"2016-01-19T23:43:50+00:00\",\"breadcrumb\":{\"@id\":\"https:\/\/www.erfinde-dein-spiel.de\/spiele\/shop\/spiele-kategorie\/wissensspiele-denkspiele-quizspiele\/generationsgame\/#breadcrumb\"},\"inLanguage\":\"de-DE\",\"potentialAction\":[{\"@type\":\"ReadAction\",\"target\":[\"https:\/\/www.erfinde-dein-spiel.de\/spiele\/shop\/spiele-kategorie\/wissensspiele-denkspiele-quizspiele\/generationsgame\/\"]}]},{\"@type\":\"ImageObject\",\"inLanguage\":\"de-DE\",\"@id\":\"https:\/\/www.erfinde-dein-spiel.de\/spiele\/shop\/spiele-kategorie\/wissensspiele-denkspiele-quizspiele\/generationsgame\/#primaryimage\",\"url\":\"https:\/\/www.erfinde-dein-spiel.de\/spiele\/wp-content\/uploads\/2015\/11\/PP_348_2521.jpg\",\"contentUrl\":\"https:\/\/www.erfinde-dein-spiel.de\/spiele\/wp-content\/uploads\/2015\/11\/PP_348_2521.jpg\",\"width\":500,\"height\":351,\"caption\":\"Generation Game - Spiel der Generationen\"},{\"@type\":\"BreadcrumbList\",\"@id\":\"https:\/\/www.erfinde-dein-spiel.de\/spiele\/shop\/spiele-kategorie\/wissensspiele-denkspiele-quizspiele\/generationsgame\/#breadcrumb\",\"itemListElement\":[{\"@type\":\"ListItem\",\"position\":1,\"name\":\"Home\",\"item\":\"https:\/\/www.erfinde-dein-spiel.de\/spiele\/\"},{\"@type\":\"ListItem\",\"position\":2,\"name\":\"Shop\",\"item\":\"https:\/\/www.erfinde-dein-spiel.de\/spiele\/\"},{\"@type\":\"ListItem\",\"position\":3,\"name\":\"Generationsgame\"}]},{\"@type\":\"WebSite\",\"@id\":\"https:\/\/www.erfinde-dein-spiel.de\/spiele\/#website\",\"url\":\"https:\/\/www.erfinde-dein-spiel.de\/spiele\/\",\"name\":\"(er-)finde DEIN Spiel\",\"description\":\"Spiele aus der Community. Powered by Spieltz.\",\"potentialAction\":[{\"@type\":\"SearchAction\",\"target\":{\"@type\":\"EntryPoint\",\"urlTemplate\":\"https:\/\/www.erfinde-dein-spiel.de\/spiele\/?s={search_term_string}\"},\"query-input\":\"required name=search_term_string\"}],\"inLanguage\":\"de-DE\"}]}<\/script>\n<!-- \/ Yoast SEO plugin. -->","yoast_head_json":{"title":"Generationsgame - (er-)finde DEIN Spiel","robots":{"index":"index","follow":"follow","max-snippet":"max-snippet:-1","max-image-preview":"max-image-preview:large","max-video-preview":"max-video-preview:-1"},"canonical":"https:\/\/www.erfinde-dein-spiel.de\/spiele\/shop\/spiele-kategorie\/wissensspiele-denkspiele-quizspiele\/generationsgame\/","og_locale":"de_DE","og_type":"article","og_title":"Generationsgame - (er-)finde DEIN Spiel","og_description":"Shop: KN_GAMES  physikalisch-philosophische Gedankenspiele","og_url":"https:\/\/www.erfinde-dein-spiel.de\/spiele\/shop\/spiele-kategorie\/wissensspiele-denkspiele-quizspiele\/generationsgame\/","og_site_name":"(er-)finde DEIN Spiel","article_modified_time":"2016-01-19T23:43:50+00:00","og_image":[{"width":500,"height":351,"url":"https:\/\/www.erfinde-dein-spiel.de\/spiele\/wp-content\/uploads\/2015\/11\/PP_348_2521.jpg","type":"image\/jpeg"}],"twitter_card":"summary_large_image","twitter_misc":{"Gesch\u00e4tzte Lesezeit":"1 Minute"},"schema":{"@context":"https:\/\/schema.org","@graph":[{"@type":"WebPage","@id":"https:\/\/www.erfinde-dein-spiel.de\/spiele\/shop\/spiele-kategorie\/wissensspiele-denkspiele-quizspiele\/generationsgame\/","url":"https:\/\/www.erfinde-dein-spiel.de\/spiele\/shop\/spiele-kategorie\/wissensspiele-denkspiele-quizspiele\/generationsgame\/","name":"Generationsgame - (er-)finde DEIN Spiel","isPartOf":{"@id":"https:\/\/www.erfinde-dein-spiel.de\/spiele\/#website"},"primaryImageOfPage":{"@id":"https:\/\/www.erfinde-dein-spiel.de\/spiele\/shop\/spiele-kategorie\/wissensspiele-denkspiele-quizspiele\/generationsgame\/#primaryimage"},"image":{"@id":"https:\/\/www.erfinde-dein-spiel.de\/spiele\/shop\/spiele-kategorie\/wissensspiele-denkspiele-quizspiele\/generationsgame\/#primaryimage"},"thumbnailUrl":"https:\/\/www.erfinde-dein-spiel.de\/spiele\/wp-content\/uploads\/2015\/11\/PP_348_2521.jpg","datePublished":"2015-11-15T22:52:00+00:00","dateModified":"2016-01-19T23:43:50+00:00","breadcrumb":{"@id":"https:\/\/www.erfinde-dein-spiel.de\/spiele\/shop\/spiele-kategorie\/wissensspiele-denkspiele-quizspiele\/generationsgame\/#breadcrumb"},"inLanguage":"de-DE","potentialAction":[{"@type":"ReadAction","target":["https:\/\/www.erfinde-dein-spiel.de\/spiele\/shop\/spiele-kategorie\/wissensspiele-denkspiele-quizspiele\/generationsgame\/"]}]},{"@type":"ImageObject","inLanguage":"de-DE","@id":"https:\/\/www.erfinde-dein-spiel.de\/spiele\/shop\/spiele-kategorie\/wissensspiele-denkspiele-quizspiele\/generationsgame\/#primaryimage","url":"https:\/\/www.erfinde-dein-spiel.de\/spiele\/wp-content\/uploads\/2015\/11\/PP_348_2521.jpg","contentUrl":"https:\/\/www.erfinde-dein-spiel.de\/spiele\/wp-content\/uploads\/2015\/11\/PP_348_2521.jpg","width":500,"height":351,"caption":"Generation Game - Spiel der Generationen"},{"@type":"BreadcrumbList","@id":"https:\/\/www.erfinde-dein-spiel.de\/spiele\/shop\/spiele-kategorie\/wissensspiele-denkspiele-quizspiele\/generationsgame\/#breadcrumb","itemListElement":[{"@type":"ListItem","position":1,"name":"Home","item":"https:\/\/www.erfinde-dein-spiel.de\/spiele\/"},{"@type":"ListItem","position":2,"name":"Shop","item":"https:\/\/www.erfinde-dein-spiel.de\/spiele\/"},{"@type":"ListItem","position":3,"name":"Generationsgame"}]},{"@type":"WebSite","@id":"https:\/\/www.erfinde-dein-spiel.de\/spiele\/#website","url":"https:\/\/www.erfinde-dein-spiel.de\/spiele\/","name":"(er-)finde DEIN Spiel","description":"Spiele aus der Community. Powered by Spieltz.","potentialAction":[{"@type":"SearchAction","target":{"@type":"EntryPoint","urlTemplate":"https:\/\/www.erfinde-dein-spiel.de\/spiele\/?s={search_term_string}"},"query-input":"required name=search_term_string"}],"inLanguage":"de-DE"}]}},"_links":{"self":[{"href":"https:\/\/www.erfinde-dein-spiel.de\/spiele\/wp-json\/wp\/v2\/product\/1361"}],"collection":[{"href":"https:\/\/www.erfinde-dein-spiel.de\/spiele\/wp-json\/wp\/v2\/product"}],"about":[{"href":"https:\/\/www.erfinde-dein-spiel.de\/spiele\/wp-json\/wp\/v2\/types\/product"}],"replies":[{"embeddable":true,"href":"https:\/\/www.erfinde-dein-spiel.de\/spiele\/wp-json\/wp\/v2\/comments?post=1361"}],"wp:featuredmedia":[{"embeddable":true,"href":"https:\/\/www.erfinde-dein-spiel.de\/spiele\/wp-json\/wp\/v2\/media\/1362"}],"wp:attachment":[{"href":"https:\/\/www.erfinde-dein-spiel.de\/spiele\/wp-json\/wp\/v2\/media?parent=1361"}],"wp:term":[{"taxonomy":"product_cat","embeddable":true,"href":"https:\/\/www.erfinde-dein-spiel.de\/spiele\/wp-json\/wp\/v2\/product_cat?post=1361"},{"taxonomy":"product_tag","embeddable":true,"href":"https:\/\/www.erfinde-dein-spiel.de\/spiele\/wp-json\/wp\/v2\/product_tag?post=1361"}],"curies":[{"name":"wp","href":"https:\/\/api.w.org\/{rel}","templated":true}]}}