{"id":1344,"date":"2015-11-15T23:51:43","date_gmt":"2015-11-15T22:51:43","guid":{"rendered":"http:\/\/www.erfinde-dein-spiel.de\/shop\/unkategorisiert\/pfui-spinne\/"},"modified":"2024-07-17T01:37:55","modified_gmt":"2024-07-16T23:37:55","slug":"pfui-spinne-armenische-muehle-spiel","status":"publish","type":"product","link":"https:\/\/www.erfinde-dein-spiel.de\/spiele\/shop\/spiel-thema\/natur-pflanzen-tiere\/pfui-spinne-armenische-muehle-spiel\/","title":{"rendered":"Pfui-Spinne &#8211; das ganz besondere &#8222;Armenische M\u00fchle&#8220; Spiel"},"content":{"rendered":"<p><em>tags: m\u00fchle, armenische m\u00fchle, strategie-spiel, brettspiel-klassiker<\/em><\/p>\n<h3>Das Spiel: &#8222;Armenische M\u00fchle&#8220; im Spinnennetz<\/h3>\n<p>Der M\u00fchle-Klassiker mal anders. Auf dem Spinnennetz ist ein unerbitterlicher Kampf um die Vorherrschaft entbrannt. Erobere mit deinen Spinnen-Steinchen das Spinnennetz und vertreibe die feindlichen Spinnen des Gegners.<\/p>\n<p>Drei Spinnen eines Spielers in einer Reihe bilden eine Spinnenkette. Jedes Mal wenn Du eine Kette schlie\u00dft, darfst Du eine gegnerische Spinne aus dem Netz schubsen. Dieser Krabbler scheidet aus dem Spiel aus und darf nicht mehr ins Netz zur\u00fcckkehren. Solange sich noch nicht alle gegnerischen Spinnen zu Ketten vereint haben, musst Du vorerst jeweils einen der Einzelk\u00e4mpfer vertreiben. Sind nur noch gegnerische Spinnenketten vorhanden, kannst Du auch einen dieser Achtbeiner fortjagen.<\/p>\n<p>Zu Beginn werden an den Knotenpunkten abwechselnd Spinnen ins Netz gesetzt. Erst wenn alle neun Spinnen im Netz verteilt sind, beginnt das Krabbeln. Spinnen k\u00f6nnen den Spinnf\u00e4den entlang bis zum n\u00e4chsten Netzknoten vordringen. Hat ein Spieler am Ende nur noch drei Spinnen \u00fcbrig, so d\u00fcrfen diese beim Zug auf jeden freien Knotenpunkt springen. Verloren hat, wer nur noch im Besitz von zwei Spinnen ist oder sich nicht mehr bewegen kann.<\/p>\n<p>Wer die meisten Teile von Spiderman gesehen hat, darf beginnen.<\/p>\n<h3>Spielmaterial<\/h3>\n<ul>\n<li>1 Spielplan (LKW-Plane), Gr\u00f6\u00dfe\u00a030 x 30 cm<\/li>\n<li>Spielsteine aus\u00a0lackiertem Holz<\/li>\n<li>Anleitung auf Deutsch<\/li>\n<li>Verpackung: Papprolle, wei\u00df bezogen, L\u00e4nge 34 cm, Durchmesser 6 cm.<\/li>\n<\/ul>\n<h3>Das Wichtigste in K\u00fcrze<\/h3>\n<ul>\n<li>Art des Spiels:\u00a0Brettspiel-Klassiker, Strategie-Spiel f\u00fcr Zwei<\/li>\n<li>Ausf\u00fchrung: Spielplan auf LKW-Plane \u2013 rollbar und robust, verpackt in eine Papprolle<\/li>\n<li>Zubeh\u00f6r: Spielsteine aus lackiertem Holz<\/li>\n<li>Anzahl Spieler: 2 Spieler<\/li>\n<li>Empfohlenes Alter: ab 6\u00a0Jahren<\/li>\n<li>Spieldauer: etwa 15 &#8211; 20 Minuten<\/li>\n<\/ul>\n<h3>SHOP<\/h3>\n<blockquote class=\"wp-embedded-content\" data-secret=\"Pu8e6FHKBW\"><p><a href=\"https:\/\/www.erfinde-dein-spiel.de\/spiele\/shop-spielbetrieb\/\">Shop: Spiel(be)trieb<\/a><\/p><\/blockquote>\n<p><iframe class=\"wp-embedded-content\" sandbox=\"allow-scripts\" security=\"restricted\" style=\"position: absolute; clip: rect(1px, 1px, 1px, 1px);\" title=\"&#8222;Shop: Spiel(be)trieb&#8220; &#8212; (er-)finde DEIN Spiel\" src=\"https:\/\/www.erfinde-dein-spiel.de\/spiele\/shop-spielbetrieb\/embed\/#?secret=CENj9l08t8#?secret=Pu8e6FHKBW\" data-secret=\"Pu8e6FHKBW\" width=\"500\" height=\"282\" frameborder=\"0\" marginwidth=\"0\" marginheight=\"0\" scrolling=\"no\"><\/iframe><\/p>\n","protected":false},"excerpt":{"rendered":"<p><a href=\"http:\/\/www.erfinde-dein-spiel.de\/spiele\/shop-spielbetrieb\/\">Shop: SPIEL(BE)TRIEB<\/a><\/p>\n<p>Der M\u00fchle-Klassiker im erfrischend neuen Look.<\/p>\n<p>Rollbarer Spielplan aus LKW-Plane, Gr\u00f6\u00dfe: DIN 30&#215;30 cm, Spielsteine aus Holz.\u00a0Verpackung: Papprolle wei\u00df, L\u00e4nge 34 cm, Durchmesser 6 cm<\/p>\n","protected":false},"featured_media":1345,"comment_status":"open","ping_status":"closed","template":"","meta":{"_themeisle_gutenberg_block_has_review":false},"product_cat":[312,302,339,245,263,258,267],"product_tag":[400,397,399],"yoast_head":"<!-- This site is optimized with the Yoast SEO plugin v22.6 - https:\/\/yoast.com\/wordpress\/plugins\/seo\/ -->\n<title>Pfui-Spinne - das ganz besondere &quot;Armenische M\u00fchle&quot; Spiel - (er-)finde DEIN Spiel<\/title>\n<meta name=\"description\" content=\"&quot;Armenische M\u00fchle&quot; ist eine knifflige Variation des beliebten Brettspiel-Klassikers &quot;M\u00fchle&quot;. Bei Spieltz wird auf dem Spinnennetz gespielt!\" \/>\n<meta name=\"robots\" content=\"index, follow, max-snippet:-1, max-image-preview:large, max-video-preview:-1\" \/>\n<link rel=\"canonical\" href=\"https:\/\/www.erfinde-dein-spiel.de\/spiele\/shop\/spiel-thema\/natur-pflanzen-tiere\/pfui-spinne-armenische-muehle-spiel\/\" \/>\n<meta property=\"og:locale\" content=\"de_DE\" \/>\n<meta property=\"og:type\" content=\"article\" \/>\n<meta property=\"og:title\" content=\"Pfui-Spinne - das ganz besondere &quot;Armenische M\u00fchle&quot; Spiel - (er-)finde DEIN Spiel\" \/>\n<meta property=\"og:description\" content=\"&quot;Armenische M\u00fchle&quot; ist eine knifflige Variation des beliebten Brettspiel-Klassikers &quot;M\u00fchle&quot;. Bei Spieltz wird auf dem Spinnennetz gespielt!\" \/>\n<meta property=\"og:url\" content=\"https:\/\/www.erfinde-dein-spiel.de\/spiele\/shop\/spiel-thema\/natur-pflanzen-tiere\/pfui-spinne-armenische-muehle-spiel\/\" \/>\n<meta property=\"og:site_name\" content=\"(er-)finde DEIN Spiel\" \/>\n<meta property=\"article:modified_time\" content=\"2024-07-16T23:37:55+00:00\" \/>\n<meta property=\"og:image\" content=\"http:\/\/www.erfinde-dein-spiel.de\/spiele\/wp-content\/uploads\/2015\/11\/PP_319_1462.jpg\" \/>\n\t<meta property=\"og:image:width\" content=\"500\" \/>\n\t<meta property=\"og:image:height\" content=\"500\" \/>\n\t<meta property=\"og:image:type\" content=\"image\/jpeg\" \/>\n<meta name=\"twitter:card\" content=\"summary_large_image\" \/>\n<meta name=\"twitter:label1\" content=\"Gesch\u00e4tzte Lesezeit\" \/>\n\t<meta name=\"twitter:data1\" content=\"1 Minute\" \/>\n<script type=\"application\/ld+json\" class=\"yoast-schema-graph\">{\"@context\":\"https:\/\/schema.org\",\"@graph\":[{\"@type\":\"WebPage\",\"@id\":\"https:\/\/www.erfinde-dein-spiel.de\/spiele\/shop\/spiel-thema\/natur-pflanzen-tiere\/pfui-spinne-armenische-muehle-spiel\/\",\"url\":\"https:\/\/www.erfinde-dein-spiel.de\/spiele\/shop\/spiel-thema\/natur-pflanzen-tiere\/pfui-spinne-armenische-muehle-spiel\/\",\"name\":\"Pfui-Spinne - das ganz besondere \\\"Armenische M\u00fchle\\\" Spiel - (er-)finde DEIN Spiel\",\"isPartOf\":{\"@id\":\"https:\/\/www.erfinde-dein-spiel.de\/spiele\/#website\"},\"primaryImageOfPage\":{\"@id\":\"https:\/\/www.erfinde-dein-spiel.de\/spiele\/shop\/spiel-thema\/natur-pflanzen-tiere\/pfui-spinne-armenische-muehle-spiel\/#primaryimage\"},\"image\":{\"@id\":\"https:\/\/www.erfinde-dein-spiel.de\/spiele\/shop\/spiel-thema\/natur-pflanzen-tiere\/pfui-spinne-armenische-muehle-spiel\/#primaryimage\"},\"thumbnailUrl\":\"https:\/\/www.erfinde-dein-spiel.de\/spiele\/wp-content\/uploads\/2015\/11\/PP_319_1462.jpg\",\"datePublished\":\"2015-11-15T22:51:43+00:00\",\"dateModified\":\"2024-07-16T23:37:55+00:00\",\"description\":\"\\\"Armenische M\u00fchle\\\" ist eine knifflige Variation des beliebten Brettspiel-Klassikers \\\"M\u00fchle\\\". Bei Spieltz wird auf dem Spinnennetz gespielt!\",\"breadcrumb\":{\"@id\":\"https:\/\/www.erfinde-dein-spiel.de\/spiele\/shop\/spiel-thema\/natur-pflanzen-tiere\/pfui-spinne-armenische-muehle-spiel\/#breadcrumb\"},\"inLanguage\":\"de-DE\",\"potentialAction\":[{\"@type\":\"ReadAction\",\"target\":[\"https:\/\/www.erfinde-dein-spiel.de\/spiele\/shop\/spiel-thema\/natur-pflanzen-tiere\/pfui-spinne-armenische-muehle-spiel\/\"]}]},{\"@type\":\"ImageObject\",\"inLanguage\":\"de-DE\",\"@id\":\"https:\/\/www.erfinde-dein-spiel.de\/spiele\/shop\/spiel-thema\/natur-pflanzen-tiere\/pfui-spinne-armenische-muehle-spiel\/#primaryimage\",\"url\":\"https:\/\/www.erfinde-dein-spiel.de\/spiele\/wp-content\/uploads\/2015\/11\/PP_319_1462.jpg\",\"contentUrl\":\"https:\/\/www.erfinde-dein-spiel.de\/spiele\/wp-content\/uploads\/2015\/11\/PP_319_1462.jpg\",\"width\":500,\"height\":500,\"caption\":\"Das Armenische M\u00fchle Spiel \\\"Pfui Spinne\\\"\"},{\"@type\":\"BreadcrumbList\",\"@id\":\"https:\/\/www.erfinde-dein-spiel.de\/spiele\/shop\/spiel-thema\/natur-pflanzen-tiere\/pfui-spinne-armenische-muehle-spiel\/#breadcrumb\",\"itemListElement\":[{\"@type\":\"ListItem\",\"position\":1,\"name\":\"Home\",\"item\":\"https:\/\/www.erfinde-dein-spiel.de\/spiele\/\"},{\"@type\":\"ListItem\",\"position\":2,\"name\":\"Shop\",\"item\":\"https:\/\/www.erfinde-dein-spiel.de\/spiele\/\"},{\"@type\":\"ListItem\",\"position\":3,\"name\":\"Pfui-Spinne &#8211; das ganz besondere &#8222;Armenische M\u00fchle&#8220; Spiel\"}]},{\"@type\":\"WebSite\",\"@id\":\"https:\/\/www.erfinde-dein-spiel.de\/spiele\/#website\",\"url\":\"https:\/\/www.erfinde-dein-spiel.de\/spiele\/\",\"name\":\"(er-)finde DEIN Spiel\",\"description\":\"Spiele aus der Community. Powered by Spieltz.\",\"potentialAction\":[{\"@type\":\"SearchAction\",\"target\":{\"@type\":\"EntryPoint\",\"urlTemplate\":\"https:\/\/www.erfinde-dein-spiel.de\/spiele\/?s={search_term_string}\"},\"query-input\":\"required name=search_term_string\"}],\"inLanguage\":\"de-DE\"}]}<\/script>\n<!-- \/ Yoast SEO plugin. -->","yoast_head_json":{"title":"Pfui-Spinne - das ganz besondere \"Armenische M\u00fchle\" Spiel - (er-)finde DEIN Spiel","description":"\"Armenische M\u00fchle\" ist eine knifflige Variation des beliebten Brettspiel-Klassikers \"M\u00fchle\". Bei Spieltz wird auf dem Spinnennetz gespielt!","robots":{"index":"index","follow":"follow","max-snippet":"max-snippet:-1","max-image-preview":"max-image-preview:large","max-video-preview":"max-video-preview:-1"},"canonical":"https:\/\/www.erfinde-dein-spiel.de\/spiele\/shop\/spiel-thema\/natur-pflanzen-tiere\/pfui-spinne-armenische-muehle-spiel\/","og_locale":"de_DE","og_type":"article","og_title":"Pfui-Spinne - das ganz besondere \"Armenische M\u00fchle\" Spiel - (er-)finde DEIN Spiel","og_description":"\"Armenische M\u00fchle\" ist eine knifflige Variation des beliebten Brettspiel-Klassikers \"M\u00fchle\". Bei Spieltz wird auf dem Spinnennetz gespielt!","og_url":"https:\/\/www.erfinde-dein-spiel.de\/spiele\/shop\/spiel-thema\/natur-pflanzen-tiere\/pfui-spinne-armenische-muehle-spiel\/","og_site_name":"(er-)finde DEIN Spiel","article_modified_time":"2024-07-16T23:37:55+00:00","og_image":[{"width":500,"height":500,"url":"http:\/\/www.erfinde-dein-spiel.de\/spiele\/wp-content\/uploads\/2015\/11\/PP_319_1462.jpg","type":"image\/jpeg"}],"twitter_card":"summary_large_image","twitter_misc":{"Gesch\u00e4tzte Lesezeit":"1 Minute"},"schema":{"@context":"https:\/\/schema.org","@graph":[{"@type":"WebPage","@id":"https:\/\/www.erfinde-dein-spiel.de\/spiele\/shop\/spiel-thema\/natur-pflanzen-tiere\/pfui-spinne-armenische-muehle-spiel\/","url":"https:\/\/www.erfinde-dein-spiel.de\/spiele\/shop\/spiel-thema\/natur-pflanzen-tiere\/pfui-spinne-armenische-muehle-spiel\/","name":"Pfui-Spinne - das ganz besondere \"Armenische M\u00fchle\" Spiel - (er-)finde DEIN Spiel","isPartOf":{"@id":"https:\/\/www.erfinde-dein-spiel.de\/spiele\/#website"},"primaryImageOfPage":{"@id":"https:\/\/www.erfinde-dein-spiel.de\/spiele\/shop\/spiel-thema\/natur-pflanzen-tiere\/pfui-spinne-armenische-muehle-spiel\/#primaryimage"},"image":{"@id":"https:\/\/www.erfinde-dein-spiel.de\/spiele\/shop\/spiel-thema\/natur-pflanzen-tiere\/pfui-spinne-armenische-muehle-spiel\/#primaryimage"},"thumbnailUrl":"https:\/\/www.erfinde-dein-spiel.de\/spiele\/wp-content\/uploads\/2015\/11\/PP_319_1462.jpg","datePublished":"2015-11-15T22:51:43+00:00","dateModified":"2024-07-16T23:37:55+00:00","description":"\"Armenische M\u00fchle\" ist eine knifflige Variation des beliebten Brettspiel-Klassikers \"M\u00fchle\". Bei Spieltz wird auf dem Spinnennetz gespielt!","breadcrumb":{"@id":"https:\/\/www.erfinde-dein-spiel.de\/spiele\/shop\/spiel-thema\/natur-pflanzen-tiere\/pfui-spinne-armenische-muehle-spiel\/#breadcrumb"},"inLanguage":"de-DE","potentialAction":[{"@type":"ReadAction","target":["https:\/\/www.erfinde-dein-spiel.de\/spiele\/shop\/spiel-thema\/natur-pflanzen-tiere\/pfui-spinne-armenische-muehle-spiel\/"]}]},{"@type":"ImageObject","inLanguage":"de-DE","@id":"https:\/\/www.erfinde-dein-spiel.de\/spiele\/shop\/spiel-thema\/natur-pflanzen-tiere\/pfui-spinne-armenische-muehle-spiel\/#primaryimage","url":"https:\/\/www.erfinde-dein-spiel.de\/spiele\/wp-content\/uploads\/2015\/11\/PP_319_1462.jpg","contentUrl":"https:\/\/www.erfinde-dein-spiel.de\/spiele\/wp-content\/uploads\/2015\/11\/PP_319_1462.jpg","width":500,"height":500,"caption":"Das Armenische M\u00fchle Spiel \"Pfui Spinne\""},{"@type":"BreadcrumbList","@id":"https:\/\/www.erfinde-dein-spiel.de\/spiele\/shop\/spiel-thema\/natur-pflanzen-tiere\/pfui-spinne-armenische-muehle-spiel\/#breadcrumb","itemListElement":[{"@type":"ListItem","position":1,"name":"Home","item":"https:\/\/www.erfinde-dein-spiel.de\/spiele\/"},{"@type":"ListItem","position":2,"name":"Shop","item":"https:\/\/www.erfinde-dein-spiel.de\/spiele\/"},{"@type":"ListItem","position":3,"name":"Pfui-Spinne &#8211; das ganz besondere &#8222;Armenische M\u00fchle&#8220; Spiel"}]},{"@type":"WebSite","@id":"https:\/\/www.erfinde-dein-spiel.de\/spiele\/#website","url":"https:\/\/www.erfinde-dein-spiel.de\/spiele\/","name":"(er-)finde DEIN Spiel","description":"Spiele aus der Community. Powered by Spieltz.","potentialAction":[{"@type":"SearchAction","target":{"@type":"EntryPoint","urlTemplate":"https:\/\/www.erfinde-dein-spiel.de\/spiele\/?s={search_term_string}"},"query-input":"required name=search_term_string"}],"inLanguage":"de-DE"}]}},"_links":{"self":[{"href":"https:\/\/www.erfinde-dein-spiel.de\/spiele\/wp-json\/wp\/v2\/product\/1344"}],"collection":[{"href":"https:\/\/www.erfinde-dein-spiel.de\/spiele\/wp-json\/wp\/v2\/product"}],"about":[{"href":"https:\/\/www.erfinde-dein-spiel.de\/spiele\/wp-json\/wp\/v2\/types\/product"}],"replies":[{"embeddable":true,"href":"https:\/\/www.erfinde-dein-spiel.de\/spiele\/wp-json\/wp\/v2\/comments?post=1344"}],"wp:featuredmedia":[{"embeddable":true,"href":"https:\/\/www.erfinde-dein-spiel.de\/spiele\/wp-json\/wp\/v2\/media\/1345"}],"wp:attachment":[{"href":"https:\/\/www.erfinde-dein-spiel.de\/spiele\/wp-json\/wp\/v2\/media?parent=1344"}],"wp:term":[{"taxonomy":"product_cat","embeddable":true,"href":"https:\/\/www.erfinde-dein-spiel.de\/spiele\/wp-json\/wp\/v2\/product_cat?post=1344"},{"taxonomy":"product_tag","embeddable":true,"href":"https:\/\/www.erfinde-dein-spiel.de\/spiele\/wp-json\/wp\/v2\/product_tag?post=1344"}],"curies":[{"name":"wp","href":"https:\/\/api.w.org\/{rel}","templated":true}]}}