{"id":1337,"date":"2015-11-15T23:51:30","date_gmt":"2015-11-15T22:51:30","guid":{"rendered":"http:\/\/www.erfinde-dein-spiel.de\/shop\/unkategorisiert\/teddy-im-theater\/"},"modified":"2024-07-17T01:38:07","modified_gmt":"2024-07-16T23:38:07","slug":"teddy-im-theater","status":"publish","type":"product","link":"https:\/\/www.erfinde-dein-spiel.de\/spiele\/shop\/spiele-kategorie\/kinderspiele\/teddy-im-theater\/","title":{"rendered":"Teddy im Theater"},"content":{"rendered":"<p><strong>TEDDY IM THEATER<\/strong><\/p>\n<p class=\"MsoNormal\" style=\"text-align: justify;\">Teddy muss zu seiner \u00dcberraschung feststellen, dass sein neues Zuhause kein Kinderzimmer, sondern das Theater ist. Damit allerdings nicht genug  Teddy soll doch tats\u00e4chlich in einer Oper mitspielen, und das, obwohl er gar nicht singen kann! Zum Gl\u00fcck ist Teddy aber nicht allein, sondern hat Goliath an seiner Seite. Goliath ist ein Pl\u00fcschgorilla und kennt die Bretter, die die Welt bedeuten wie seine Westentasche.<\/p>\n<p><strong>Das Spiel:<\/strong><br \/>Teddy bereitet sich auf seinen Auftritt vor: Nachdem er sein Kost\u00fcm angezogen, die Maske besucht und seine Stimme aufgew\u00e4rmt hat, proben er und Goliath noch einmal ihre gemeinsame Szene. Damit auf der B\u00fchne auch wirklich alles klappt, w\u00fcnschen sich beide gegenseitig TOI, TOI, TOI!, bevor es dann mit den richtigen Requisiten in den pl\u00fcschigen Pfoten auch schon Vorhang auf f\u00fcr Teddy! hei\u00dft.<\/p>\n","protected":false},"excerpt":{"rendered":"<p>Die Spieler begleiten Teddy bei den Vorbereitungen zu seinem Theaterauftritt. Ziel des Spiels ist es, als erster auf der B\u00fchne zu stehen. Hierf\u00fcr ist die richtige Mischung aus W\u00fcrfelgl\u00fcck, Wissen rund um das Theater und Kreativit\u00e4t gefragt.<\/p>\n","protected":false},"featured_media":0,"comment_status":"open","ping_status":"closed","template":"","meta":{"_themeisle_gutenberg_block_has_review":false},"product_cat":[247,261,281,260,274,258,268],"product_tag":[],"yoast_head":"<!-- This site is optimized with the Yoast SEO plugin v22.6 - https:\/\/yoast.com\/wordpress\/plugins\/seo\/ -->\n<title>Teddy im Theater - (er-)finde DEIN Spiel<\/title>\n<meta name=\"robots\" content=\"index, follow, max-snippet:-1, max-image-preview:large, max-video-preview:-1\" \/>\n<link rel=\"canonical\" href=\"https:\/\/www.erfinde-dein-spiel.de\/spiele\/shop\/spiele-kategorie\/kinderspiele\/teddy-im-theater\/\" \/>\n<meta property=\"og:locale\" content=\"de_DE\" \/>\n<meta property=\"og:type\" content=\"article\" \/>\n<meta property=\"og:title\" content=\"Teddy im Theater - (er-)finde DEIN Spiel\" \/>\n<meta property=\"og:description\" content=\"Die Spieler begleiten Teddy bei den Vorbereitungen zu seinem Theaterauftritt. Ziel des Spiels ist es, als erster auf der B\u00fchne zu stehen. Hierf\u00fcr ist die richtige Mischung aus W\u00fcrfelgl\u00fcck, Wissen rund um das Theater und Kreativit\u00e4t gefragt.\" \/>\n<meta property=\"og:url\" content=\"https:\/\/www.erfinde-dein-spiel.de\/spiele\/shop\/spiele-kategorie\/kinderspiele\/teddy-im-theater\/\" \/>\n<meta property=\"og:site_name\" content=\"(er-)finde DEIN Spiel\" \/>\n<meta property=\"article:modified_time\" content=\"2024-07-16T23:38:07+00:00\" \/>\n<meta name=\"twitter:card\" content=\"summary_large_image\" \/>\n<meta name=\"twitter:label1\" content=\"Gesch\u00e4tzte Lesezeit\" \/>\n\t<meta name=\"twitter:data1\" content=\"1 Minute\" \/>\n<script type=\"application\/ld+json\" class=\"yoast-schema-graph\">{\"@context\":\"https:\/\/schema.org\",\"@graph\":[{\"@type\":\"WebPage\",\"@id\":\"https:\/\/www.erfinde-dein-spiel.de\/spiele\/shop\/spiele-kategorie\/kinderspiele\/teddy-im-theater\/\",\"url\":\"https:\/\/www.erfinde-dein-spiel.de\/spiele\/shop\/spiele-kategorie\/kinderspiele\/teddy-im-theater\/\",\"name\":\"Teddy im Theater - (er-)finde DEIN Spiel\",\"isPartOf\":{\"@id\":\"https:\/\/www.erfinde-dein-spiel.de\/spiele\/#website\"},\"datePublished\":\"2015-11-15T22:51:30+00:00\",\"dateModified\":\"2024-07-16T23:38:07+00:00\",\"breadcrumb\":{\"@id\":\"https:\/\/www.erfinde-dein-spiel.de\/spiele\/shop\/spiele-kategorie\/kinderspiele\/teddy-im-theater\/#breadcrumb\"},\"inLanguage\":\"de-DE\",\"potentialAction\":[{\"@type\":\"ReadAction\",\"target\":[\"https:\/\/www.erfinde-dein-spiel.de\/spiele\/shop\/spiele-kategorie\/kinderspiele\/teddy-im-theater\/\"]}]},{\"@type\":\"BreadcrumbList\",\"@id\":\"https:\/\/www.erfinde-dein-spiel.de\/spiele\/shop\/spiele-kategorie\/kinderspiele\/teddy-im-theater\/#breadcrumb\",\"itemListElement\":[{\"@type\":\"ListItem\",\"position\":1,\"name\":\"Home\",\"item\":\"https:\/\/www.erfinde-dein-spiel.de\/spiele\/\"},{\"@type\":\"ListItem\",\"position\":2,\"name\":\"Shop\",\"item\":\"https:\/\/www.erfinde-dein-spiel.de\/spiele\/\"},{\"@type\":\"ListItem\",\"position\":3,\"name\":\"Teddy im Theater\"}]},{\"@type\":\"WebSite\",\"@id\":\"https:\/\/www.erfinde-dein-spiel.de\/spiele\/#website\",\"url\":\"https:\/\/www.erfinde-dein-spiel.de\/spiele\/\",\"name\":\"(er-)finde DEIN Spiel\",\"description\":\"Spiele aus der Community. Powered by Spieltz.\",\"potentialAction\":[{\"@type\":\"SearchAction\",\"target\":{\"@type\":\"EntryPoint\",\"urlTemplate\":\"https:\/\/www.erfinde-dein-spiel.de\/spiele\/?s={search_term_string}\"},\"query-input\":\"required name=search_term_string\"}],\"inLanguage\":\"de-DE\"}]}<\/script>\n<!-- \/ Yoast SEO plugin. -->","yoast_head_json":{"title":"Teddy im Theater - (er-)finde DEIN Spiel","robots":{"index":"index","follow":"follow","max-snippet":"max-snippet:-1","max-image-preview":"max-image-preview:large","max-video-preview":"max-video-preview:-1"},"canonical":"https:\/\/www.erfinde-dein-spiel.de\/spiele\/shop\/spiele-kategorie\/kinderspiele\/teddy-im-theater\/","og_locale":"de_DE","og_type":"article","og_title":"Teddy im Theater - (er-)finde DEIN Spiel","og_description":"Die Spieler begleiten Teddy bei den Vorbereitungen zu seinem Theaterauftritt. Ziel des Spiels ist es, als erster auf der B\u00fchne zu stehen. Hierf\u00fcr ist die richtige Mischung aus W\u00fcrfelgl\u00fcck, Wissen rund um das Theater und Kreativit\u00e4t gefragt.","og_url":"https:\/\/www.erfinde-dein-spiel.de\/spiele\/shop\/spiele-kategorie\/kinderspiele\/teddy-im-theater\/","og_site_name":"(er-)finde DEIN Spiel","article_modified_time":"2024-07-16T23:38:07+00:00","twitter_card":"summary_large_image","twitter_misc":{"Gesch\u00e4tzte Lesezeit":"1 Minute"},"schema":{"@context":"https:\/\/schema.org","@graph":[{"@type":"WebPage","@id":"https:\/\/www.erfinde-dein-spiel.de\/spiele\/shop\/spiele-kategorie\/kinderspiele\/teddy-im-theater\/","url":"https:\/\/www.erfinde-dein-spiel.de\/spiele\/shop\/spiele-kategorie\/kinderspiele\/teddy-im-theater\/","name":"Teddy im Theater - (er-)finde DEIN Spiel","isPartOf":{"@id":"https:\/\/www.erfinde-dein-spiel.de\/spiele\/#website"},"datePublished":"2015-11-15T22:51:30+00:00","dateModified":"2024-07-16T23:38:07+00:00","breadcrumb":{"@id":"https:\/\/www.erfinde-dein-spiel.de\/spiele\/shop\/spiele-kategorie\/kinderspiele\/teddy-im-theater\/#breadcrumb"},"inLanguage":"de-DE","potentialAction":[{"@type":"ReadAction","target":["https:\/\/www.erfinde-dein-spiel.de\/spiele\/shop\/spiele-kategorie\/kinderspiele\/teddy-im-theater\/"]}]},{"@type":"BreadcrumbList","@id":"https:\/\/www.erfinde-dein-spiel.de\/spiele\/shop\/spiele-kategorie\/kinderspiele\/teddy-im-theater\/#breadcrumb","itemListElement":[{"@type":"ListItem","position":1,"name":"Home","item":"https:\/\/www.erfinde-dein-spiel.de\/spiele\/"},{"@type":"ListItem","position":2,"name":"Shop","item":"https:\/\/www.erfinde-dein-spiel.de\/spiele\/"},{"@type":"ListItem","position":3,"name":"Teddy im Theater"}]},{"@type":"WebSite","@id":"https:\/\/www.erfinde-dein-spiel.de\/spiele\/#website","url":"https:\/\/www.erfinde-dein-spiel.de\/spiele\/","name":"(er-)finde DEIN Spiel","description":"Spiele aus der Community. Powered by Spieltz.","potentialAction":[{"@type":"SearchAction","target":{"@type":"EntryPoint","urlTemplate":"https:\/\/www.erfinde-dein-spiel.de\/spiele\/?s={search_term_string}"},"query-input":"required name=search_term_string"}],"inLanguage":"de-DE"}]}},"_links":{"self":[{"href":"https:\/\/www.erfinde-dein-spiel.de\/spiele\/wp-json\/wp\/v2\/product\/1337"}],"collection":[{"href":"https:\/\/www.erfinde-dein-spiel.de\/spiele\/wp-json\/wp\/v2\/product"}],"about":[{"href":"https:\/\/www.erfinde-dein-spiel.de\/spiele\/wp-json\/wp\/v2\/types\/product"}],"replies":[{"embeddable":true,"href":"https:\/\/www.erfinde-dein-spiel.de\/spiele\/wp-json\/wp\/v2\/comments?post=1337"}],"wp:attachment":[{"href":"https:\/\/www.erfinde-dein-spiel.de\/spiele\/wp-json\/wp\/v2\/media?parent=1337"}],"wp:term":[{"taxonomy":"product_cat","embeddable":true,"href":"https:\/\/www.erfinde-dein-spiel.de\/spiele\/wp-json\/wp\/v2\/product_cat?post=1337"},{"taxonomy":"product_tag","embeddable":true,"href":"https:\/\/www.erfinde-dein-spiel.de\/spiele\/wp-json\/wp\/v2\/product_tag?post=1337"}],"curies":[{"name":"wp","href":"https:\/\/api.w.org\/{rel}","templated":true}]}}