{"id":1328,"date":"2015-11-15T23:51:23","date_gmt":"2015-11-15T22:51:23","guid":{"rendered":"http:\/\/www.erfinde-dein-spiel.de\/shop\/unkategorisiert\/crazy-hold-em-sit-n-go\/"},"modified":"2016-01-24T02:29:16","modified_gmt":"2016-01-24T01:29:16","slug":"crazy-hold-em-sit-n-go","status":"publish","type":"product","link":"https:\/\/www.erfinde-dein-spiel.de\/spiele\/shop\/spiele-kategorie\/erwachsenenspiele\/crazy-hold-em-sit-n-go\/","title":{"rendered":"Crazy Hold Em &#8211; Sit &#8217;n Go"},"content":{"rendered":"<h3>Das Spiel<\/h3>\n<p>ACHTUNG: wenn in deiner Runde eher Cashgame gespielt wird, schau dir bitte Crazy Hold Em &#8211; Cashgame an.<\/p>\n<p>Pokerst du gerne? Crazy Hold Em &#8211; Sit &#8217;n Go wird w\u00e4hrend einer Sit &#8217;n Go Partie Texas Hold Em gespielt und sorgt durch seine Ereignisfelder f\u00fcr immer neue Situationen und Abwechslung in den einzelnen H\u00e4nden.<br \/>\nOb auf einmal alle ein Ante bezahlen m\u00fcssen, Limit gespielt wird oder ein Spieler mit drei Karten spielen darf, immer ist f\u00fcr Jubel oder entsetzte Aufschreie gesorgt. Sogar die Blinds werden unvorhersehbar steigen (und vielleicht auch fallen!).<br \/>\nDabei eignet sich das Spiel sowohl f\u00fcr das erste Turnier des Abends, als Dauerbrenner aber auch als Absacker f\u00fcr die Abschlussrunde.<\/p>\n<h3>Spielmaterial<\/h3>\n<ul>\n<li>1 Spielplan (LKW-Plane), Gr\u00f6\u00dfe 30\u00a0x 30\u00a0cm<\/li>\n<li>Spielfiguren und W\u00fcrfel aus bunt lackiertem Holz:<br \/>\nHalmakegel 12\/24 (1 x wei\u00df, 1\u00a0x schwarz, 1\u00a0x rot, 1\u00a0x gelb, 1\u00a0x gr\u00fcn, 1\u00a0x blau), 1\u00a0W\u00fcrfel<\/li>\n<li>Anleitung auf Deutsch<\/li>\n<li>Verpackung: Papprolle, wei\u00df gl\u00e4nzend, mit Aufkleber, L\u00e4nge 34 mm, Durchmesser 6 cm.<\/li>\n<\/ul>\n<h3>Das Wichtigste in K\u00fcrze<\/h3>\n<ul>\n<li>Art des Spiels:\u00a0Erwachsenenspiel, Partyspiel<\/li>\n<li>Ausf\u00fchrung: Spielplan auf LKW-Plane \u2013 rollbar und robust, verpackt in eine Papprolle<\/li>\n<li>Zubeh\u00f6r: Spielfiguren und W\u00fcrfel aus bunt lackiertem Holz<\/li>\n<li>Spielthema:\u00a0Poker-Erg\u00e4nzung<\/li>\n<li>Anzahl Spieler: 2\u00a0\u2013 8\u00a0Spieler<\/li>\n<li>Empfohlenes Alter: ab 16\u00a0Jahren<\/li>\n<li>Spieldauer:\u00a0so lange man m\u00f6chte<\/li>\n<\/ul>\n<h3>SHOP<\/h3>\n<blockquote class=\"wp-embedded-content\" data-secret=\"xreskj7Bt9\"><p><a href=\"https:\/\/www.erfinde-dein-spiel.de\/spiele\/shop\/spiele-kategorie\/erwachsenenspiele\/crazy-hold-em-cashgame\/\">Crazy Hold Em &#8211; Cashgame<\/a><\/p><\/blockquote>\n<p><iframe class=\"wp-embedded-content\" sandbox=\"allow-scripts\" security=\"restricted\" style=\"position: absolute; clip: rect(1px, 1px, 1px, 1px);\" title=\"&#8222;Crazy Hold Em &#8211; Cashgame&#8220; &#8212; (er-)finde DEIN Spiel\" src=\"https:\/\/www.erfinde-dein-spiel.de\/spiele\/shop\/spiele-kategorie\/erwachsenenspiele\/crazy-hold-em-cashgame\/embed\/#?secret=JASWWKyjbe#?secret=xreskj7Bt9\" data-secret=\"xreskj7Bt9\" width=\"500\" height=\"282\" frameborder=\"0\" marginwidth=\"0\" marginheight=\"0\" scrolling=\"no\"><\/iframe><\/p>\n<p>&nbsp;<\/p>\n","protected":false},"excerpt":{"rendered":"<p><a href=\"http:\/\/www.erfinde-dein-spiel.de\/spiele\/shops-autoren\/tischspiele\/\" target=\"_blank\">Shop: TISCHSPIELE<\/a><\/p>\n<p>Spielst du gerne Poker? Crazy Hold Em &#8211; Sit &#8217;n Go wird w\u00e4hrend einer Sit &#8217;n Go Partie Texas Hold Em gespielt und sorgt durch seine Ereignisfelder f\u00fcr immer neue Situationen und Abwechslung in den einzelnen H\u00e4nden.<\/p>\n<p>Rollbarer Spielplan aus LKW-Plane, Gr\u00f6\u00dfe 30\u00a0x 30\u00a0cm.<br \/>\nVerpackung: Papprolle wei\u00df, L\u00e4nge 34 cm, Durchmesser 6 cm<\/p>\n","protected":false},"featured_media":1329,"comment_status":"open","ping_status":"closed","template":"","meta":{"_themeisle_gutenberg_block_has_review":false},"product_cat":[305,317,249,261,284,260,274,258,272,254],"product_tag":[],"yoast_head":"<!-- This site is optimized with the Yoast SEO plugin v22.6 - https:\/\/yoast.com\/wordpress\/plugins\/seo\/ -->\n<title>Crazy Hold Em - Sit &#039;n Go - (er-)finde DEIN Spiel<\/title>\n<meta name=\"robots\" content=\"index, follow, max-snippet:-1, max-image-preview:large, max-video-preview:-1\" \/>\n<link rel=\"canonical\" href=\"https:\/\/www.erfinde-dein-spiel.de\/spiele\/shop\/spiele-kategorie\/erwachsenenspiele\/crazy-hold-em-sit-n-go\/\" \/>\n<meta property=\"og:locale\" content=\"de_DE\" \/>\n<meta property=\"og:type\" content=\"article\" \/>\n<meta property=\"og:title\" content=\"Crazy Hold Em - Sit &#039;n Go - (er-)finde DEIN Spiel\" \/>\n<meta property=\"og:description\" content=\"Shop: TISCHSPIELE  Spielst du gerne Poker? Crazy Hold Em - Sit &#039;n Go wird w\u00e4hrend einer Sit &#039;n Go Partie Texas Hold Em gespielt und sorgt durch seine Ereignisfelder f\u00fcr immer neue Situationen und Abwechslung in den einzelnen H\u00e4nden.  Rollbarer Spielplan aus LKW-Plane, Gr\u00f6\u00dfe 30\u00a0x 30\u00a0cm. Verpackung: Papprolle wei\u00df, L\u00e4nge 34 cm, Durchmesser 6 cm\" \/>\n<meta property=\"og:url\" content=\"https:\/\/www.erfinde-dein-spiel.de\/spiele\/shop\/spiele-kategorie\/erwachsenenspiele\/crazy-hold-em-sit-n-go\/\" \/>\n<meta property=\"og:site_name\" content=\"(er-)finde DEIN Spiel\" \/>\n<meta property=\"article:modified_time\" content=\"2016-01-24T01:29:16+00:00\" \/>\n<meta property=\"og:image\" content=\"https:\/\/www.erfinde-dein-spiel.de\/spiele\/wp-content\/uploads\/2015\/11\/PP_2931.jpg\" \/>\n\t<meta property=\"og:image:width\" content=\"500\" \/>\n\t<meta property=\"og:image:height\" content=\"500\" \/>\n\t<meta property=\"og:image:type\" content=\"image\/jpeg\" \/>\n<meta name=\"twitter:card\" content=\"summary_large_image\" \/>\n<meta name=\"twitter:label1\" content=\"Gesch\u00e4tzte Lesezeit\" \/>\n\t<meta name=\"twitter:data1\" content=\"1 Minute\" \/>\n<script type=\"application\/ld+json\" class=\"yoast-schema-graph\">{\"@context\":\"https:\/\/schema.org\",\"@graph\":[{\"@type\":\"WebPage\",\"@id\":\"https:\/\/www.erfinde-dein-spiel.de\/spiele\/shop\/spiele-kategorie\/erwachsenenspiele\/crazy-hold-em-sit-n-go\/\",\"url\":\"https:\/\/www.erfinde-dein-spiel.de\/spiele\/shop\/spiele-kategorie\/erwachsenenspiele\/crazy-hold-em-sit-n-go\/\",\"name\":\"Crazy Hold Em - Sit 'n Go - (er-)finde DEIN Spiel\",\"isPartOf\":{\"@id\":\"https:\/\/www.erfinde-dein-spiel.de\/spiele\/#website\"},\"primaryImageOfPage\":{\"@id\":\"https:\/\/www.erfinde-dein-spiel.de\/spiele\/shop\/spiele-kategorie\/erwachsenenspiele\/crazy-hold-em-sit-n-go\/#primaryimage\"},\"image\":{\"@id\":\"https:\/\/www.erfinde-dein-spiel.de\/spiele\/shop\/spiele-kategorie\/erwachsenenspiele\/crazy-hold-em-sit-n-go\/#primaryimage\"},\"thumbnailUrl\":\"https:\/\/www.erfinde-dein-spiel.de\/spiele\/wp-content\/uploads\/2015\/11\/PP_2931.jpg\",\"datePublished\":\"2015-11-15T22:51:23+00:00\",\"dateModified\":\"2016-01-24T01:29:16+00:00\",\"breadcrumb\":{\"@id\":\"https:\/\/www.erfinde-dein-spiel.de\/spiele\/shop\/spiele-kategorie\/erwachsenenspiele\/crazy-hold-em-sit-n-go\/#breadcrumb\"},\"inLanguage\":\"de-DE\",\"potentialAction\":[{\"@type\":\"ReadAction\",\"target\":[\"https:\/\/www.erfinde-dein-spiel.de\/spiele\/shop\/spiele-kategorie\/erwachsenenspiele\/crazy-hold-em-sit-n-go\/\"]}]},{\"@type\":\"ImageObject\",\"inLanguage\":\"de-DE\",\"@id\":\"https:\/\/www.erfinde-dein-spiel.de\/spiele\/shop\/spiele-kategorie\/erwachsenenspiele\/crazy-hold-em-sit-n-go\/#primaryimage\",\"url\":\"https:\/\/www.erfinde-dein-spiel.de\/spiele\/wp-content\/uploads\/2015\/11\/PP_2931.jpg\",\"contentUrl\":\"https:\/\/www.erfinde-dein-spiel.de\/spiele\/wp-content\/uploads\/2015\/11\/PP_2931.jpg\",\"width\":500,\"height\":500,\"caption\":\"brettspiel crazy hold em sit`n go\"},{\"@type\":\"BreadcrumbList\",\"@id\":\"https:\/\/www.erfinde-dein-spiel.de\/spiele\/shop\/spiele-kategorie\/erwachsenenspiele\/crazy-hold-em-sit-n-go\/#breadcrumb\",\"itemListElement\":[{\"@type\":\"ListItem\",\"position\":1,\"name\":\"Home\",\"item\":\"https:\/\/www.erfinde-dein-spiel.de\/spiele\/\"},{\"@type\":\"ListItem\",\"position\":2,\"name\":\"Shop\",\"item\":\"https:\/\/www.erfinde-dein-spiel.de\/spiele\/\"},{\"@type\":\"ListItem\",\"position\":3,\"name\":\"Crazy Hold Em &#8211; Sit &#8217;n Go\"}]},{\"@type\":\"WebSite\",\"@id\":\"https:\/\/www.erfinde-dein-spiel.de\/spiele\/#website\",\"url\":\"https:\/\/www.erfinde-dein-spiel.de\/spiele\/\",\"name\":\"(er-)finde DEIN Spiel\",\"description\":\"Spiele aus der Community. Powered by Spieltz.\",\"potentialAction\":[{\"@type\":\"SearchAction\",\"target\":{\"@type\":\"EntryPoint\",\"urlTemplate\":\"https:\/\/www.erfinde-dein-spiel.de\/spiele\/?s={search_term_string}\"},\"query-input\":\"required name=search_term_string\"}],\"inLanguage\":\"de-DE\"}]}<\/script>\n<!-- \/ Yoast SEO plugin. -->","yoast_head_json":{"title":"Crazy Hold Em - Sit 'n Go - (er-)finde DEIN Spiel","robots":{"index":"index","follow":"follow","max-snippet":"max-snippet:-1","max-image-preview":"max-image-preview:large","max-video-preview":"max-video-preview:-1"},"canonical":"https:\/\/www.erfinde-dein-spiel.de\/spiele\/shop\/spiele-kategorie\/erwachsenenspiele\/crazy-hold-em-sit-n-go\/","og_locale":"de_DE","og_type":"article","og_title":"Crazy Hold Em - Sit 'n Go - (er-)finde DEIN Spiel","og_description":"Shop: TISCHSPIELE  Spielst du gerne Poker? Crazy Hold Em - Sit 'n Go wird w\u00e4hrend einer Sit 'n Go Partie Texas Hold Em gespielt und sorgt durch seine Ereignisfelder f\u00fcr immer neue Situationen und Abwechslung in den einzelnen H\u00e4nden.  Rollbarer Spielplan aus LKW-Plane, Gr\u00f6\u00dfe 30\u00a0x 30\u00a0cm. Verpackung: Papprolle wei\u00df, L\u00e4nge 34 cm, Durchmesser 6 cm","og_url":"https:\/\/www.erfinde-dein-spiel.de\/spiele\/shop\/spiele-kategorie\/erwachsenenspiele\/crazy-hold-em-sit-n-go\/","og_site_name":"(er-)finde DEIN Spiel","article_modified_time":"2016-01-24T01:29:16+00:00","og_image":[{"width":500,"height":500,"url":"https:\/\/www.erfinde-dein-spiel.de\/spiele\/wp-content\/uploads\/2015\/11\/PP_2931.jpg","type":"image\/jpeg"}],"twitter_card":"summary_large_image","twitter_misc":{"Gesch\u00e4tzte Lesezeit":"1 Minute"},"schema":{"@context":"https:\/\/schema.org","@graph":[{"@type":"WebPage","@id":"https:\/\/www.erfinde-dein-spiel.de\/spiele\/shop\/spiele-kategorie\/erwachsenenspiele\/crazy-hold-em-sit-n-go\/","url":"https:\/\/www.erfinde-dein-spiel.de\/spiele\/shop\/spiele-kategorie\/erwachsenenspiele\/crazy-hold-em-sit-n-go\/","name":"Crazy Hold Em - Sit 'n Go - (er-)finde DEIN Spiel","isPartOf":{"@id":"https:\/\/www.erfinde-dein-spiel.de\/spiele\/#website"},"primaryImageOfPage":{"@id":"https:\/\/www.erfinde-dein-spiel.de\/spiele\/shop\/spiele-kategorie\/erwachsenenspiele\/crazy-hold-em-sit-n-go\/#primaryimage"},"image":{"@id":"https:\/\/www.erfinde-dein-spiel.de\/spiele\/shop\/spiele-kategorie\/erwachsenenspiele\/crazy-hold-em-sit-n-go\/#primaryimage"},"thumbnailUrl":"https:\/\/www.erfinde-dein-spiel.de\/spiele\/wp-content\/uploads\/2015\/11\/PP_2931.jpg","datePublished":"2015-11-15T22:51:23+00:00","dateModified":"2016-01-24T01:29:16+00:00","breadcrumb":{"@id":"https:\/\/www.erfinde-dein-spiel.de\/spiele\/shop\/spiele-kategorie\/erwachsenenspiele\/crazy-hold-em-sit-n-go\/#breadcrumb"},"inLanguage":"de-DE","potentialAction":[{"@type":"ReadAction","target":["https:\/\/www.erfinde-dein-spiel.de\/spiele\/shop\/spiele-kategorie\/erwachsenenspiele\/crazy-hold-em-sit-n-go\/"]}]},{"@type":"ImageObject","inLanguage":"de-DE","@id":"https:\/\/www.erfinde-dein-spiel.de\/spiele\/shop\/spiele-kategorie\/erwachsenenspiele\/crazy-hold-em-sit-n-go\/#primaryimage","url":"https:\/\/www.erfinde-dein-spiel.de\/spiele\/wp-content\/uploads\/2015\/11\/PP_2931.jpg","contentUrl":"https:\/\/www.erfinde-dein-spiel.de\/spiele\/wp-content\/uploads\/2015\/11\/PP_2931.jpg","width":500,"height":500,"caption":"brettspiel crazy hold em sit`n go"},{"@type":"BreadcrumbList","@id":"https:\/\/www.erfinde-dein-spiel.de\/spiele\/shop\/spiele-kategorie\/erwachsenenspiele\/crazy-hold-em-sit-n-go\/#breadcrumb","itemListElement":[{"@type":"ListItem","position":1,"name":"Home","item":"https:\/\/www.erfinde-dein-spiel.de\/spiele\/"},{"@type":"ListItem","position":2,"name":"Shop","item":"https:\/\/www.erfinde-dein-spiel.de\/spiele\/"},{"@type":"ListItem","position":3,"name":"Crazy Hold Em &#8211; Sit &#8217;n Go"}]},{"@type":"WebSite","@id":"https:\/\/www.erfinde-dein-spiel.de\/spiele\/#website","url":"https:\/\/www.erfinde-dein-spiel.de\/spiele\/","name":"(er-)finde DEIN Spiel","description":"Spiele aus der Community. Powered by Spieltz.","potentialAction":[{"@type":"SearchAction","target":{"@type":"EntryPoint","urlTemplate":"https:\/\/www.erfinde-dein-spiel.de\/spiele\/?s={search_term_string}"},"query-input":"required name=search_term_string"}],"inLanguage":"de-DE"}]}},"_links":{"self":[{"href":"https:\/\/www.erfinde-dein-spiel.de\/spiele\/wp-json\/wp\/v2\/product\/1328"}],"collection":[{"href":"https:\/\/www.erfinde-dein-spiel.de\/spiele\/wp-json\/wp\/v2\/product"}],"about":[{"href":"https:\/\/www.erfinde-dein-spiel.de\/spiele\/wp-json\/wp\/v2\/types\/product"}],"replies":[{"embeddable":true,"href":"https:\/\/www.erfinde-dein-spiel.de\/spiele\/wp-json\/wp\/v2\/comments?post=1328"}],"wp:featuredmedia":[{"embeddable":true,"href":"https:\/\/www.erfinde-dein-spiel.de\/spiele\/wp-json\/wp\/v2\/media\/1329"}],"wp:attachment":[{"href":"https:\/\/www.erfinde-dein-spiel.de\/spiele\/wp-json\/wp\/v2\/media?parent=1328"}],"wp:term":[{"taxonomy":"product_cat","embeddable":true,"href":"https:\/\/www.erfinde-dein-spiel.de\/spiele\/wp-json\/wp\/v2\/product_cat?post=1328"},{"taxonomy":"product_tag","embeddable":true,"href":"https:\/\/www.erfinde-dein-spiel.de\/spiele\/wp-json\/wp\/v2\/product_tag?post=1328"}],"curies":[{"name":"wp","href":"https:\/\/api.w.org\/{rel}","templated":true}]}}