{"id":1306,"date":"2015-11-15T23:50:58","date_gmt":"2015-11-15T22:50:58","guid":{"rendered":"http:\/\/www.erfinde-dein-spiel.de\/shop\/unkategorisiert\/barockschloss-das-spiel\/"},"modified":"2024-07-17T01:38:30","modified_gmt":"2024-07-16T23:38:30","slug":"barockschloss-das-spiel","status":"publish","type":"product","link":"https:\/\/www.erfinde-dein-spiel.de\/spiele\/shop\/spiel-thema\/schloesser-und-burgen\/barockschloss-das-spiel\/","title":{"rendered":"Barockschloss: Das Spiel"},"content":{"rendered":"<h3>Das Spiel<\/h3>\n<p><em>Barockschloss<\/em> ist ein unterhaltsames Spiel f\u00fcr 2-4 Personen fast jeden Alters basierend auf dem klassischen Leiterspiel: Die Spieler bieten sich ein &#8222;Rennen&#8220; zum Ziel. Doch Achtung: Leitern und Rutschen werfen einen mal vor und wieder zur\u00fcck. Zahlreiche Fotos des barocken Landschlosses Zeilitzheim in Weinfranken erfreuen dabei das Auge. Wer m\u00f6chte, lernt nebenbei etwas \u00fcber die Geschichte des Schlosses und seiner bisherigen Bewohner.<\/p>\n<h3>Spielanleitung<\/h3>\n<p>Jeder Spieler erh\u00e4lt eine Spielfigur der Farbe seiner Wahl (oder zieht eine Spielfigur blind, zum Beispiel aus einem Stoffbeutel). Es beginnt der Spieler, der die h\u00f6chste Zahl w\u00fcrfelt. Danach geht es im Uhrzeigersinn weiter. Die Spielfiguren ziehen so viele Felder vorw\u00e4rts, wie Augen auf dem W\u00fcrfel angezeigt sind. Gezogen wird in der Reihenfolge der Ziffern auf den Spielfeldern im Zickzack von 1 (Start) bis 100 (Ziel). Endet der Zug auf dem Anfangsfeld einer Leiter, darf die Spielfigur die Leiter &#8222;hoch klettern&#8220;, n\u00e4her ans Ziel. Endet der Spielzug auf einer Rutsche, rutscht die Spielfigur nach unten, weiter zur\u00fcck in Richtung Startpunkt. Es k\u00f6nnen mehr als ein Spieler auf einem Spielfeld landen. Ziel des Spiels ist es, als Erste\/r auf dem Feld Nummer 100 (im Freskensaal des Schlosses) zu landen. Auf diesem muss man mit der\u00a0exakten W\u00fcrfelzahl landen, oder aussetzen.<\/p>\n<h3>Optionales Spielelement<\/h3>\n<p>Die Spielfiguren sind farblich Pers\u00f6nlichkeiten des Schlosses zugeordnet. Landet der Spieler auf seinem eigenen Feld, darf er\/sie 6 Felder weiter ziehen. Bei dieser Gelegenheit k\u00f6nnen bei Interesse die Hintergrundinformationen zu dieser Pers\u00f6nlichkeit im Beiheft des Spiels nachgelesen werden.<\/p>\n<p>Die Spielfiguren:<br \/>\nBlau: Familie von Halem<br \/>\nRot: Damian Hugo von Sch\u00f6nborn<br \/>\nGr\u00fcn: Argula von Grumbach<br \/>\nGelb: Philipp Gaston Wolf von Wolfsthal<\/p>\n<h3>Ziele und Lerneffekte:<\/h3>\n<p>Das Spiel basiert auf dem Zufallsprinzip. Zuallererst soll es einfach Spa\u00df machen. Kleine Kinder lernen dabei jedoch die Zahlen des W\u00fcrfels und gr\u00f6\u00dfere Kinder lernen die Zahlen bis 100. Noch gr\u00f6\u00dfere Kinder und Kindsk\u00f6pfe lernen nebenbei etwas \u00fcber die Geschichte wichtiger historischer Schlossbewohner. Die Bildmotive des Spielbretts geben Einblick in das Schloss Zeilitzheim in Unterfranken und seinen Park. Vorheriges Hintergrundwissen ist zum Spielen des Spiels nicht erforderlich.<\/p>\n<h3>Spielmaterial<\/h3>\n<ul>\n<li>Spielplan aus LKW-Plane, rollbar, robust und abwaschbar (Gr\u00f6\u00dfe 30 x 30 cm)<\/li>\n<li>4\u00a0Spielfiguren aus bunt lackiertem Holz<\/li>\n<li>Bebilderte Anleitung auf Deutsch<\/li>\n<li>Verpackung: Papprolle, wei\u00df, mit Aufkleber, L\u00e4nge 34 cm, Durchmesser 6 cm<\/li>\n<\/ul>\n<h3>Das Wichtigste in K\u00fcrze<\/h3>\n<ul>\n<li>Autor:\u00a0traditionelles Brettspiel, angepasst von Alexander von Halem<\/li>\n<li>Grafik:\u00a0Alexander von Halem<\/li>\n<li>Kategorie: Brettspiel, Familienspiel, Kinderspiel, Gesellschaftsspiel<\/li>\n<li>Thema: Schl\u00f6sser und Burgen \/\u00a0Schlo\u00df Zeilitzheim in Unterfranken<\/li>\n<li>Ausf\u00fchrung: Spielplan LKW-Plane 30 x 30 cm \u2013 rollbar und robust, verpackt in eine Papprolle\u00a0wei\u00df, L\u00e4nge 34 cm, Durchmesser 6 cm<\/li>\n<li>Zubeh\u00f6r: Spielfiguren + W\u00fcrfel aus bunt lackiertem Holz<\/li>\n<li>Anzahl Spieler: 2\u00a0\u2013 4\u00a0Spieler<\/li>\n<li>Empfohlenes Spielalter: ab 4\u00a0Jahren<\/li>\n<li>Spieldauer: 20 \u2013 30\u00a0Minuten<\/li>\n<\/ul>\n<h3>Andere Spiele von Alexander von Halem<\/h3>\n<p>http:\/\/www.erfinde-dein-spiel.de\/shops-autoren\/alexander-von-halem\/<\/p>\n","protected":false},"excerpt":{"rendered":"<p><strong><a href=\"http:\/\/www.erfinde-dein-spiel.de\/shops-autoren\/alexander-von-halem\/\" target=\"_blank\" rel=\"noopener\">Shop:\u00a0ALEXANDER VON HALEM<\/a><\/strong><\/p>\n<p>Unterhaltsames Spiel f\u00fcr 2-4 Personen jeden Alters basierend auf dem Leiterspiel: Die Spieler bieten sich ein Rennen. Doch Achtung: Leitern und Rutschen werfen einen mal vor und wieder zur\u00fcck. Zahlreiche Fotos des Landschlosses Zeilitzheim.<\/p>\n<p>Rollbarer Spielplan aus LKW-Plane, Gr\u00f6\u00dfe: 30 x 30 cm<br \/>\nVerpackung: Papprolle wei\u00df, L\u00e4nge 34 cm, Durchmesser 6 cm<\/p>\n","protected":false},"featured_media":1307,"comment_status":"open","ping_status":"closed","template":"","meta":{"_themeisle_gutenberg_block_has_review":false},"product_cat":[303,313,286,334,333,335,248,247,245,261,281,260,274,258],"product_tag":[293,336,288,337,330],"yoast_head":"<!-- This site is optimized with the Yoast SEO plugin v22.6 - https:\/\/yoast.com\/wordpress\/plugins\/seo\/ -->\n<title>Barockschloss: Das Spiel - (er-)finde DEIN Spiel<\/title>\n<meta name=\"robots\" content=\"index, follow, max-snippet:-1, max-image-preview:large, max-video-preview:-1\" \/>\n<link rel=\"canonical\" href=\"https:\/\/www.erfinde-dein-spiel.de\/spiele\/shop\/spiel-thema\/schloesser-und-burgen\/barockschloss-das-spiel\/\" \/>\n<meta property=\"og:locale\" content=\"de_DE\" \/>\n<meta property=\"og:type\" content=\"article\" \/>\n<meta property=\"og:title\" content=\"Barockschloss: Das Spiel - (er-)finde DEIN Spiel\" \/>\n<meta property=\"og:description\" content=\"Shop:\u00a0ALEXANDER VON HALEM  Unterhaltsames Spiel f\u00fcr 2-4 Personen jeden Alters basierend auf dem Leiterspiel: Die Spieler bieten sich ein Rennen. Doch Achtung: Leitern und Rutschen werfen einen mal vor und wieder zur\u00fcck. Zahlreiche Fotos des Landschlosses Zeilitzheim.  Rollbarer Spielplan aus LKW-Plane, Gr\u00f6\u00dfe: 30 x 30 cm Verpackung: Papprolle wei\u00df, L\u00e4nge 34 cm, Durchmesser 6 cm\" \/>\n<meta property=\"og:url\" content=\"https:\/\/www.erfinde-dein-spiel.de\/spiele\/shop\/spiel-thema\/schloesser-und-burgen\/barockschloss-das-spiel\/\" \/>\n<meta property=\"og:site_name\" content=\"(er-)finde DEIN Spiel\" \/>\n<meta property=\"article:modified_time\" content=\"2024-07-16T23:38:30+00:00\" \/>\n<meta property=\"og:image\" content=\"http:\/\/www.erfinde-dein-spiel.de\/spiele\/wp-content\/uploads\/2015\/11\/PP_2751.jpg\" \/>\n\t<meta property=\"og:image:width\" content=\"500\" \/>\n\t<meta property=\"og:image:height\" content=\"500\" \/>\n\t<meta property=\"og:image:type\" content=\"image\/jpeg\" \/>\n<meta name=\"twitter:card\" content=\"summary_large_image\" \/>\n<meta name=\"twitter:label1\" content=\"Gesch\u00e4tzte Lesezeit\" \/>\n\t<meta name=\"twitter:data1\" content=\"2 Minuten\" \/>\n<script type=\"application\/ld+json\" class=\"yoast-schema-graph\">{\"@context\":\"https:\/\/schema.org\",\"@graph\":[{\"@type\":\"WebPage\",\"@id\":\"https:\/\/www.erfinde-dein-spiel.de\/spiele\/shop\/spiel-thema\/schloesser-und-burgen\/barockschloss-das-spiel\/\",\"url\":\"https:\/\/www.erfinde-dein-spiel.de\/spiele\/shop\/spiel-thema\/schloesser-und-burgen\/barockschloss-das-spiel\/\",\"name\":\"Barockschloss: Das Spiel - (er-)finde DEIN Spiel\",\"isPartOf\":{\"@id\":\"https:\/\/www.erfinde-dein-spiel.de\/spiele\/#website\"},\"primaryImageOfPage\":{\"@id\":\"https:\/\/www.erfinde-dein-spiel.de\/spiele\/shop\/spiel-thema\/schloesser-und-burgen\/barockschloss-das-spiel\/#primaryimage\"},\"image\":{\"@id\":\"https:\/\/www.erfinde-dein-spiel.de\/spiele\/shop\/spiel-thema\/schloesser-und-burgen\/barockschloss-das-spiel\/#primaryimage\"},\"thumbnailUrl\":\"https:\/\/www.erfinde-dein-spiel.de\/spiele\/wp-content\/uploads\/2015\/11\/PP_2751.jpg\",\"datePublished\":\"2015-11-15T22:50:58+00:00\",\"dateModified\":\"2024-07-16T23:38:30+00:00\",\"breadcrumb\":{\"@id\":\"https:\/\/www.erfinde-dein-spiel.de\/spiele\/shop\/spiel-thema\/schloesser-und-burgen\/barockschloss-das-spiel\/#breadcrumb\"},\"inLanguage\":\"de-DE\",\"potentialAction\":[{\"@type\":\"ReadAction\",\"target\":[\"https:\/\/www.erfinde-dein-spiel.de\/spiele\/shop\/spiel-thema\/schloesser-und-burgen\/barockschloss-das-spiel\/\"]}]},{\"@type\":\"ImageObject\",\"inLanguage\":\"de-DE\",\"@id\":\"https:\/\/www.erfinde-dein-spiel.de\/spiele\/shop\/spiel-thema\/schloesser-und-burgen\/barockschloss-das-spiel\/#primaryimage\",\"url\":\"https:\/\/www.erfinde-dein-spiel.de\/spiele\/wp-content\/uploads\/2015\/11\/PP_2751.jpg\",\"contentUrl\":\"https:\/\/www.erfinde-dein-spiel.de\/spiele\/wp-content\/uploads\/2015\/11\/PP_2751.jpg\",\"width\":500,\"height\":500,\"caption\":\"Leiterspiel mit Motiven aus Schloss Zeilitzheim in Unterfranken\"},{\"@type\":\"BreadcrumbList\",\"@id\":\"https:\/\/www.erfinde-dein-spiel.de\/spiele\/shop\/spiel-thema\/schloesser-und-burgen\/barockschloss-das-spiel\/#breadcrumb\",\"itemListElement\":[{\"@type\":\"ListItem\",\"position\":1,\"name\":\"Home\",\"item\":\"https:\/\/www.erfinde-dein-spiel.de\/spiele\/\"},{\"@type\":\"ListItem\",\"position\":2,\"name\":\"Shop\",\"item\":\"https:\/\/www.erfinde-dein-spiel.de\/spiele\/\"},{\"@type\":\"ListItem\",\"position\":3,\"name\":\"Barockschloss: Das Spiel\"}]},{\"@type\":\"WebSite\",\"@id\":\"https:\/\/www.erfinde-dein-spiel.de\/spiele\/#website\",\"url\":\"https:\/\/www.erfinde-dein-spiel.de\/spiele\/\",\"name\":\"(er-)finde DEIN Spiel\",\"description\":\"Spiele aus der Community. Powered by Spieltz.\",\"potentialAction\":[{\"@type\":\"SearchAction\",\"target\":{\"@type\":\"EntryPoint\",\"urlTemplate\":\"https:\/\/www.erfinde-dein-spiel.de\/spiele\/?s={search_term_string}\"},\"query-input\":\"required name=search_term_string\"}],\"inLanguage\":\"de-DE\"}]}<\/script>\n<!-- \/ Yoast SEO plugin. -->","yoast_head_json":{"title":"Barockschloss: Das Spiel - (er-)finde DEIN Spiel","robots":{"index":"index","follow":"follow","max-snippet":"max-snippet:-1","max-image-preview":"max-image-preview:large","max-video-preview":"max-video-preview:-1"},"canonical":"https:\/\/www.erfinde-dein-spiel.de\/spiele\/shop\/spiel-thema\/schloesser-und-burgen\/barockschloss-das-spiel\/","og_locale":"de_DE","og_type":"article","og_title":"Barockschloss: Das Spiel - (er-)finde DEIN Spiel","og_description":"Shop:\u00a0ALEXANDER VON HALEM  Unterhaltsames Spiel f\u00fcr 2-4 Personen jeden Alters basierend auf dem Leiterspiel: Die Spieler bieten sich ein Rennen. Doch Achtung: Leitern und Rutschen werfen einen mal vor und wieder zur\u00fcck. Zahlreiche Fotos des Landschlosses Zeilitzheim.  Rollbarer Spielplan aus LKW-Plane, Gr\u00f6\u00dfe: 30 x 30 cm Verpackung: Papprolle wei\u00df, L\u00e4nge 34 cm, Durchmesser 6 cm","og_url":"https:\/\/www.erfinde-dein-spiel.de\/spiele\/shop\/spiel-thema\/schloesser-und-burgen\/barockschloss-das-spiel\/","og_site_name":"(er-)finde DEIN Spiel","article_modified_time":"2024-07-16T23:38:30+00:00","og_image":[{"width":500,"height":500,"url":"http:\/\/www.erfinde-dein-spiel.de\/spiele\/wp-content\/uploads\/2015\/11\/PP_2751.jpg","type":"image\/jpeg"}],"twitter_card":"summary_large_image","twitter_misc":{"Gesch\u00e4tzte Lesezeit":"2 Minuten"},"schema":{"@context":"https:\/\/schema.org","@graph":[{"@type":"WebPage","@id":"https:\/\/www.erfinde-dein-spiel.de\/spiele\/shop\/spiel-thema\/schloesser-und-burgen\/barockschloss-das-spiel\/","url":"https:\/\/www.erfinde-dein-spiel.de\/spiele\/shop\/spiel-thema\/schloesser-und-burgen\/barockschloss-das-spiel\/","name":"Barockschloss: Das Spiel - (er-)finde DEIN Spiel","isPartOf":{"@id":"https:\/\/www.erfinde-dein-spiel.de\/spiele\/#website"},"primaryImageOfPage":{"@id":"https:\/\/www.erfinde-dein-spiel.de\/spiele\/shop\/spiel-thema\/schloesser-und-burgen\/barockschloss-das-spiel\/#primaryimage"},"image":{"@id":"https:\/\/www.erfinde-dein-spiel.de\/spiele\/shop\/spiel-thema\/schloesser-und-burgen\/barockschloss-das-spiel\/#primaryimage"},"thumbnailUrl":"https:\/\/www.erfinde-dein-spiel.de\/spiele\/wp-content\/uploads\/2015\/11\/PP_2751.jpg","datePublished":"2015-11-15T22:50:58+00:00","dateModified":"2024-07-16T23:38:30+00:00","breadcrumb":{"@id":"https:\/\/www.erfinde-dein-spiel.de\/spiele\/shop\/spiel-thema\/schloesser-und-burgen\/barockschloss-das-spiel\/#breadcrumb"},"inLanguage":"de-DE","potentialAction":[{"@type":"ReadAction","target":["https:\/\/www.erfinde-dein-spiel.de\/spiele\/shop\/spiel-thema\/schloesser-und-burgen\/barockschloss-das-spiel\/"]}]},{"@type":"ImageObject","inLanguage":"de-DE","@id":"https:\/\/www.erfinde-dein-spiel.de\/spiele\/shop\/spiel-thema\/schloesser-und-burgen\/barockschloss-das-spiel\/#primaryimage","url":"https:\/\/www.erfinde-dein-spiel.de\/spiele\/wp-content\/uploads\/2015\/11\/PP_2751.jpg","contentUrl":"https:\/\/www.erfinde-dein-spiel.de\/spiele\/wp-content\/uploads\/2015\/11\/PP_2751.jpg","width":500,"height":500,"caption":"Leiterspiel mit Motiven aus Schloss Zeilitzheim in Unterfranken"},{"@type":"BreadcrumbList","@id":"https:\/\/www.erfinde-dein-spiel.de\/spiele\/shop\/spiel-thema\/schloesser-und-burgen\/barockschloss-das-spiel\/#breadcrumb","itemListElement":[{"@type":"ListItem","position":1,"name":"Home","item":"https:\/\/www.erfinde-dein-spiel.de\/spiele\/"},{"@type":"ListItem","position":2,"name":"Shop","item":"https:\/\/www.erfinde-dein-spiel.de\/spiele\/"},{"@type":"ListItem","position":3,"name":"Barockschloss: Das Spiel"}]},{"@type":"WebSite","@id":"https:\/\/www.erfinde-dein-spiel.de\/spiele\/#website","url":"https:\/\/www.erfinde-dein-spiel.de\/spiele\/","name":"(er-)finde DEIN Spiel","description":"Spiele aus der Community. Powered by Spieltz.","potentialAction":[{"@type":"SearchAction","target":{"@type":"EntryPoint","urlTemplate":"https:\/\/www.erfinde-dein-spiel.de\/spiele\/?s={search_term_string}"},"query-input":"required name=search_term_string"}],"inLanguage":"de-DE"}]}},"_links":{"self":[{"href":"https:\/\/www.erfinde-dein-spiel.de\/spiele\/wp-json\/wp\/v2\/product\/1306"}],"collection":[{"href":"https:\/\/www.erfinde-dein-spiel.de\/spiele\/wp-json\/wp\/v2\/product"}],"about":[{"href":"https:\/\/www.erfinde-dein-spiel.de\/spiele\/wp-json\/wp\/v2\/types\/product"}],"replies":[{"embeddable":true,"href":"https:\/\/www.erfinde-dein-spiel.de\/spiele\/wp-json\/wp\/v2\/comments?post=1306"}],"wp:featuredmedia":[{"embeddable":true,"href":"https:\/\/www.erfinde-dein-spiel.de\/spiele\/wp-json\/wp\/v2\/media\/1307"}],"wp:attachment":[{"href":"https:\/\/www.erfinde-dein-spiel.de\/spiele\/wp-json\/wp\/v2\/media?parent=1306"}],"wp:term":[{"taxonomy":"product_cat","embeddable":true,"href":"https:\/\/www.erfinde-dein-spiel.de\/spiele\/wp-json\/wp\/v2\/product_cat?post=1306"},{"taxonomy":"product_tag","embeddable":true,"href":"https:\/\/www.erfinde-dein-spiel.de\/spiele\/wp-json\/wp\/v2\/product_tag?post=1306"}],"curies":[{"name":"wp","href":"https:\/\/api.w.org\/{rel}","templated":true}]}}