{"id":1287,"date":"2015-11-15T23:50:44","date_gmt":"2015-11-15T22:50:44","guid":{"rendered":"http:\/\/www.erfinde-dein-spiel.de\/shop\/unkategorisiert\/ich-seh-ich-seh-was-du-nicht-siehst\/"},"modified":"2016-01-24T01:52:42","modified_gmt":"2016-01-24T00:52:42","slug":"ich-seh-ich-seh-was-du-nicht-siehst","status":"publish","type":"product","link":"https:\/\/www.erfinde-dein-spiel.de\/spiele\/shop\/spiele-kategorie\/kinderspiele\/ich-seh-ich-seh-was-du-nicht-siehst\/","title":{"rendered":"Ich seh, ich seh, was du nicht siehst &#8230;"},"content":{"rendered":"<h3>Das Spiel<\/h3>\n<p>Das Spiel funktioniert wie das altbekannte Kinderspiel des selbigen Namens &#8211; nur diesmal mit Spielbrett.<\/p>\n<p>Der oder die j\u00fcngste SpielerIn beginnt. Er\/Sie sucht sich ein Tier auf dem Spielbrett aus, ohne darauf zu deuten. Dann beginnt das Kind mit der Aussage: &#8222;Ich seh, ich seh, was du nicht siehst und das ist &#8230;&#8220; und nennt die Farbe und eine Eigenschaft des ausgew\u00e4hlten Tieres.<\/p>\n<p>zB: &#8222;Ich seh, ich seh, was du nicht siehst und das ist ROT und STACHELIG.&#8220;<\/p>\n<p>Danach suchen die andern Kinder auf dem Spielfeld das rote und stachelige Tier. Nun ist Schnelligkeit gefragt, denn wer als erstes auf das richtige Tier zeigt, der hat die Runde gewonnen. Der Gewinner darf das n\u00e4chste Tier abfragen. usw.<\/p>\n<p>Die Eigenschaften sollten m\u00f6glichst eindeutig gew\u00e4hlt werden. Sollte die Beschreibung dennoch auf zwei oder mehrere Tiere zutreffen und es zu einem Unentschieden kommt, kann der Sieger mit einer neuen Entscheidungssuchrunde ermittelt werden.<\/p>\n<p>Um es noch ein bisschen schwieriger zu machen, kann das Spielbrett nach jeder Runde um eine oder zwei Ecken weitergedreht werden. Das Spiel ist vor allem aufregend und spannend, wenn mehrere Kinder mitspielen.<\/p>\n<p>Das Spiel f\u00f6rdert Farb- und Formerkennung und trainiert die Reflexe. Kleinere Kinder \u00fcben die W\u00f6rter f\u00fcr die verschiedenen Farben und Tiere. Sie lernen die Tiere anhand ihrer Merkmale zu erkennen und zu beschreiben.<\/p>\n<p>Viel Spass beim Suchen und Finden!<\/p>\n<h3>SHOP<\/h3>\n<blockquote class=\"wp-embedded-content\" data-secret=\"K6eY3l6PvX\"><p><a href=\"https:\/\/www.erfinde-dein-spiel.de\/spiele\/shops-autoren\/stahlente\/\">stahlente<\/a><\/p><\/blockquote>\n<p><iframe class=\"wp-embedded-content\" sandbox=\"allow-scripts\" security=\"restricted\" style=\"position: absolute; clip: rect(1px, 1px, 1px, 1px);\" title=\"&#8222;stahlente&#8220; &#8212; (er-)finde DEIN Spiel\" src=\"https:\/\/www.erfinde-dein-spiel.de\/spiele\/shops-autoren\/stahlente\/embed\/#?secret=2Sh2hTivuR#?secret=K6eY3l6PvX\" data-secret=\"K6eY3l6PvX\" width=\"500\" height=\"282\" frameborder=\"0\" marginwidth=\"0\" marginheight=\"0\" scrolling=\"no\"><\/iframe><\/p>\n<p>&nbsp;<\/p>\n<p>&nbsp;<\/p>\n","protected":false},"excerpt":{"rendered":"<p><a href=\"http:\/\/www.erfinde-dein-spiel.de\/spiele\/shops-autoren\/stahlente\/\" target=\"_blank\">Shop: STAHLENTE<\/a><\/p>\n<p>&#8230; und das ist ROT und STACHELIG. Nun geht es um das schnelle finden des roten, stacheligen Tieres. Wer als erstes drauf zeigt, hat gewonnen und darf das n\u00e4chste Tier abfragen.<\/p>\n","protected":false},"featured_media":1288,"comment_status":"open","ping_status":"closed","template":"","meta":{"_themeisle_gutenberg_block_has_review":false},"product_cat":[304,382,247,258,266,251],"product_tag":[],"yoast_head":"<!-- This site is optimized with the Yoast SEO plugin v22.6 - https:\/\/yoast.com\/wordpress\/plugins\/seo\/ -->\n<title>Ich seh, ich seh, was du nicht siehst ... - (er-)finde DEIN Spiel<\/title>\n<meta name=\"robots\" content=\"index, follow, max-snippet:-1, max-image-preview:large, max-video-preview:-1\" \/>\n<link rel=\"canonical\" href=\"https:\/\/www.erfinde-dein-spiel.de\/spiele\/shop\/spiele-kategorie\/kinderspiele\/ich-seh-ich-seh-was-du-nicht-siehst\/\" \/>\n<meta property=\"og:locale\" content=\"de_DE\" \/>\n<meta property=\"og:type\" content=\"article\" \/>\n<meta property=\"og:title\" content=\"Ich seh, ich seh, was du nicht siehst ... - (er-)finde DEIN Spiel\" \/>\n<meta property=\"og:description\" content=\"Shop: STAHLENTE  ... und das ist ROT und STACHELIG. Nun geht es um das schnelle finden des roten, stacheligen Tieres. Wer als erstes drauf zeigt, hat gewonnen und darf das n\u00e4chste Tier abfragen.\" \/>\n<meta property=\"og:url\" content=\"https:\/\/www.erfinde-dein-spiel.de\/spiele\/shop\/spiele-kategorie\/kinderspiele\/ich-seh-ich-seh-was-du-nicht-siehst\/\" \/>\n<meta property=\"og:site_name\" content=\"(er-)finde DEIN Spiel\" \/>\n<meta property=\"article:modified_time\" content=\"2016-01-24T00:52:42+00:00\" \/>\n<meta property=\"og:image\" content=\"https:\/\/www.erfinde-dein-spiel.de\/spiele\/wp-content\/uploads\/2015\/11\/PP_2661.jpg\" \/>\n\t<meta property=\"og:image:width\" content=\"500\" \/>\n\t<meta property=\"og:image:height\" content=\"500\" \/>\n\t<meta property=\"og:image:type\" content=\"image\/jpeg\" \/>\n<meta name=\"twitter:card\" content=\"summary_large_image\" \/>\n<meta name=\"twitter:label1\" content=\"Gesch\u00e4tzte Lesezeit\" \/>\n\t<meta name=\"twitter:data1\" content=\"1 Minute\" \/>\n<script type=\"application\/ld+json\" class=\"yoast-schema-graph\">{\"@context\":\"https:\/\/schema.org\",\"@graph\":[{\"@type\":\"WebPage\",\"@id\":\"https:\/\/www.erfinde-dein-spiel.de\/spiele\/shop\/spiele-kategorie\/kinderspiele\/ich-seh-ich-seh-was-du-nicht-siehst\/\",\"url\":\"https:\/\/www.erfinde-dein-spiel.de\/spiele\/shop\/spiele-kategorie\/kinderspiele\/ich-seh-ich-seh-was-du-nicht-siehst\/\",\"name\":\"Ich seh, ich seh, was du nicht siehst ... - (er-)finde DEIN Spiel\",\"isPartOf\":{\"@id\":\"https:\/\/www.erfinde-dein-spiel.de\/spiele\/#website\"},\"primaryImageOfPage\":{\"@id\":\"https:\/\/www.erfinde-dein-spiel.de\/spiele\/shop\/spiele-kategorie\/kinderspiele\/ich-seh-ich-seh-was-du-nicht-siehst\/#primaryimage\"},\"image\":{\"@id\":\"https:\/\/www.erfinde-dein-spiel.de\/spiele\/shop\/spiele-kategorie\/kinderspiele\/ich-seh-ich-seh-was-du-nicht-siehst\/#primaryimage\"},\"thumbnailUrl\":\"https:\/\/www.erfinde-dein-spiel.de\/spiele\/wp-content\/uploads\/2015\/11\/PP_2661.jpg\",\"datePublished\":\"2015-11-15T22:50:44+00:00\",\"dateModified\":\"2016-01-24T00:52:42+00:00\",\"breadcrumb\":{\"@id\":\"https:\/\/www.erfinde-dein-spiel.de\/spiele\/shop\/spiele-kategorie\/kinderspiele\/ich-seh-ich-seh-was-du-nicht-siehst\/#breadcrumb\"},\"inLanguage\":\"de-DE\",\"potentialAction\":[{\"@type\":\"ReadAction\",\"target\":[\"https:\/\/www.erfinde-dein-spiel.de\/spiele\/shop\/spiele-kategorie\/kinderspiele\/ich-seh-ich-seh-was-du-nicht-siehst\/\"]}]},{\"@type\":\"ImageObject\",\"inLanguage\":\"de-DE\",\"@id\":\"https:\/\/www.erfinde-dein-spiel.de\/spiele\/shop\/spiele-kategorie\/kinderspiele\/ich-seh-ich-seh-was-du-nicht-siehst\/#primaryimage\",\"url\":\"https:\/\/www.erfinde-dein-spiel.de\/spiele\/wp-content\/uploads\/2015\/11\/PP_2661.jpg\",\"contentUrl\":\"https:\/\/www.erfinde-dein-spiel.de\/spiele\/wp-content\/uploads\/2015\/11\/PP_2661.jpg\",\"width\":500,\"height\":500},{\"@type\":\"BreadcrumbList\",\"@id\":\"https:\/\/www.erfinde-dein-spiel.de\/spiele\/shop\/spiele-kategorie\/kinderspiele\/ich-seh-ich-seh-was-du-nicht-siehst\/#breadcrumb\",\"itemListElement\":[{\"@type\":\"ListItem\",\"position\":1,\"name\":\"Home\",\"item\":\"https:\/\/www.erfinde-dein-spiel.de\/spiele\/\"},{\"@type\":\"ListItem\",\"position\":2,\"name\":\"Shop\",\"item\":\"https:\/\/www.erfinde-dein-spiel.de\/spiele\/\"},{\"@type\":\"ListItem\",\"position\":3,\"name\":\"Ich seh, ich seh, was du nicht siehst &#8230;\"}]},{\"@type\":\"WebSite\",\"@id\":\"https:\/\/www.erfinde-dein-spiel.de\/spiele\/#website\",\"url\":\"https:\/\/www.erfinde-dein-spiel.de\/spiele\/\",\"name\":\"(er-)finde DEIN Spiel\",\"description\":\"Spiele aus der Community. Powered by Spieltz.\",\"potentialAction\":[{\"@type\":\"SearchAction\",\"target\":{\"@type\":\"EntryPoint\",\"urlTemplate\":\"https:\/\/www.erfinde-dein-spiel.de\/spiele\/?s={search_term_string}\"},\"query-input\":\"required name=search_term_string\"}],\"inLanguage\":\"de-DE\"}]}<\/script>\n<!-- \/ Yoast SEO plugin. -->","yoast_head_json":{"title":"Ich seh, ich seh, was du nicht siehst ... - (er-)finde DEIN Spiel","robots":{"index":"index","follow":"follow","max-snippet":"max-snippet:-1","max-image-preview":"max-image-preview:large","max-video-preview":"max-video-preview:-1"},"canonical":"https:\/\/www.erfinde-dein-spiel.de\/spiele\/shop\/spiele-kategorie\/kinderspiele\/ich-seh-ich-seh-was-du-nicht-siehst\/","og_locale":"de_DE","og_type":"article","og_title":"Ich seh, ich seh, was du nicht siehst ... - (er-)finde DEIN Spiel","og_description":"Shop: STAHLENTE  ... und das ist ROT und STACHELIG. Nun geht es um das schnelle finden des roten, stacheligen Tieres. Wer als erstes drauf zeigt, hat gewonnen und darf das n\u00e4chste Tier abfragen.","og_url":"https:\/\/www.erfinde-dein-spiel.de\/spiele\/shop\/spiele-kategorie\/kinderspiele\/ich-seh-ich-seh-was-du-nicht-siehst\/","og_site_name":"(er-)finde DEIN Spiel","article_modified_time":"2016-01-24T00:52:42+00:00","og_image":[{"width":500,"height":500,"url":"https:\/\/www.erfinde-dein-spiel.de\/spiele\/wp-content\/uploads\/2015\/11\/PP_2661.jpg","type":"image\/jpeg"}],"twitter_card":"summary_large_image","twitter_misc":{"Gesch\u00e4tzte Lesezeit":"1 Minute"},"schema":{"@context":"https:\/\/schema.org","@graph":[{"@type":"WebPage","@id":"https:\/\/www.erfinde-dein-spiel.de\/spiele\/shop\/spiele-kategorie\/kinderspiele\/ich-seh-ich-seh-was-du-nicht-siehst\/","url":"https:\/\/www.erfinde-dein-spiel.de\/spiele\/shop\/spiele-kategorie\/kinderspiele\/ich-seh-ich-seh-was-du-nicht-siehst\/","name":"Ich seh, ich seh, was du nicht siehst ... - (er-)finde DEIN Spiel","isPartOf":{"@id":"https:\/\/www.erfinde-dein-spiel.de\/spiele\/#website"},"primaryImageOfPage":{"@id":"https:\/\/www.erfinde-dein-spiel.de\/spiele\/shop\/spiele-kategorie\/kinderspiele\/ich-seh-ich-seh-was-du-nicht-siehst\/#primaryimage"},"image":{"@id":"https:\/\/www.erfinde-dein-spiel.de\/spiele\/shop\/spiele-kategorie\/kinderspiele\/ich-seh-ich-seh-was-du-nicht-siehst\/#primaryimage"},"thumbnailUrl":"https:\/\/www.erfinde-dein-spiel.de\/spiele\/wp-content\/uploads\/2015\/11\/PP_2661.jpg","datePublished":"2015-11-15T22:50:44+00:00","dateModified":"2016-01-24T00:52:42+00:00","breadcrumb":{"@id":"https:\/\/www.erfinde-dein-spiel.de\/spiele\/shop\/spiele-kategorie\/kinderspiele\/ich-seh-ich-seh-was-du-nicht-siehst\/#breadcrumb"},"inLanguage":"de-DE","potentialAction":[{"@type":"ReadAction","target":["https:\/\/www.erfinde-dein-spiel.de\/spiele\/shop\/spiele-kategorie\/kinderspiele\/ich-seh-ich-seh-was-du-nicht-siehst\/"]}]},{"@type":"ImageObject","inLanguage":"de-DE","@id":"https:\/\/www.erfinde-dein-spiel.de\/spiele\/shop\/spiele-kategorie\/kinderspiele\/ich-seh-ich-seh-was-du-nicht-siehst\/#primaryimage","url":"https:\/\/www.erfinde-dein-spiel.de\/spiele\/wp-content\/uploads\/2015\/11\/PP_2661.jpg","contentUrl":"https:\/\/www.erfinde-dein-spiel.de\/spiele\/wp-content\/uploads\/2015\/11\/PP_2661.jpg","width":500,"height":500},{"@type":"BreadcrumbList","@id":"https:\/\/www.erfinde-dein-spiel.de\/spiele\/shop\/spiele-kategorie\/kinderspiele\/ich-seh-ich-seh-was-du-nicht-siehst\/#breadcrumb","itemListElement":[{"@type":"ListItem","position":1,"name":"Home","item":"https:\/\/www.erfinde-dein-spiel.de\/spiele\/"},{"@type":"ListItem","position":2,"name":"Shop","item":"https:\/\/www.erfinde-dein-spiel.de\/spiele\/"},{"@type":"ListItem","position":3,"name":"Ich seh, ich seh, was du nicht siehst &#8230;"}]},{"@type":"WebSite","@id":"https:\/\/www.erfinde-dein-spiel.de\/spiele\/#website","url":"https:\/\/www.erfinde-dein-spiel.de\/spiele\/","name":"(er-)finde DEIN Spiel","description":"Spiele aus der Community. Powered by Spieltz.","potentialAction":[{"@type":"SearchAction","target":{"@type":"EntryPoint","urlTemplate":"https:\/\/www.erfinde-dein-spiel.de\/spiele\/?s={search_term_string}"},"query-input":"required name=search_term_string"}],"inLanguage":"de-DE"}]}},"_links":{"self":[{"href":"https:\/\/www.erfinde-dein-spiel.de\/spiele\/wp-json\/wp\/v2\/product\/1287"}],"collection":[{"href":"https:\/\/www.erfinde-dein-spiel.de\/spiele\/wp-json\/wp\/v2\/product"}],"about":[{"href":"https:\/\/www.erfinde-dein-spiel.de\/spiele\/wp-json\/wp\/v2\/types\/product"}],"replies":[{"embeddable":true,"href":"https:\/\/www.erfinde-dein-spiel.de\/spiele\/wp-json\/wp\/v2\/comments?post=1287"}],"wp:featuredmedia":[{"embeddable":true,"href":"https:\/\/www.erfinde-dein-spiel.de\/spiele\/wp-json\/wp\/v2\/media\/1288"}],"wp:attachment":[{"href":"https:\/\/www.erfinde-dein-spiel.de\/spiele\/wp-json\/wp\/v2\/media?parent=1287"}],"wp:term":[{"taxonomy":"product_cat","embeddable":true,"href":"https:\/\/www.erfinde-dein-spiel.de\/spiele\/wp-json\/wp\/v2\/product_cat?post=1287"},{"taxonomy":"product_tag","embeddable":true,"href":"https:\/\/www.erfinde-dein-spiel.de\/spiele\/wp-json\/wp\/v2\/product_tag?post=1287"}],"curies":[{"name":"wp","href":"https:\/\/api.w.org\/{rel}","templated":true}]}}