{"id":1285,"date":"2015-11-15T23:50:43","date_gmt":"2015-11-15T22:50:43","guid":{"rendered":"http:\/\/www.erfinde-dein-spiel.de\/shop\/unkategorisiert\/go-9x9\/"},"modified":"2025-06-29T17:02:17","modified_gmt":"2025-06-29T15:02:17","slug":"go-9x9","status":"publish","type":"product","link":"https:\/\/www.erfinde-dein-spiel.de\/spiele\/shop\/spiele-kategorie\/weltspiele\/go-9x9\/","title":{"rendered":"Go 9&#215;9"},"content":{"rendered":"<h3>Das Spiel<\/h3>\n<p>Go hat &#8211; unter dem Namen &#8218;Wei-qi&#8216; &#8211; seinen Ursprung im alten China des zweiten vorchristlichen Jahrtausends und ist damit mehr als 4000 Jahre alt.<br \/>\nGo fasziniert durch Einfachheit und Komplexit\u00e4t gleicherma\u00dfen. W\u00e4hrend die Regeln jedem Interessierten in f\u00fcnf Minuten erkl\u00e4rt werden k\u00f6nnen, wird das Spiel niemals langweilig: selbst die professionellen Go-Spieler in Fernost spielen niemals in ihrem Leben zweimal die gleiche Partie. Die Zahl aller m\u00f6glichen Z\u00fcge ist nicht nur ungleich h\u00f6her als beim Schach, sondern \u00fcbersteigt sogar die von Einstein errechnete Anzahl der Atome im Universum.<br \/>\nGespielt wird Go mit schwarzen und wei\u00dfen Steinen auf einem Brett mit 19&#215;19 Linien. Es wird abwechselnd auf die Schnittpunkte der Linien gesetzt. Ziel ist das Abgrenzen von Gebiet &#8211; freien Schnittpunkten auf dem Brett -, wobei allerdings auch gegnerische Steine gefangen werden k\u00f6nnen. Gewonnen hat, wer am Ende mehr Gebiet abgegrenzt hat.<\/p>\n<p>K\u00e4mpfen ist nicht der Schl\u00fcssel zum Go, es dient allein als letzter Ausweg.&#8220; (Zhong-Pu Liu, 1078 v. Chr.)<\/p>\n<h3>Shop<\/h3>\n<blockquote class=\"wp-embedded-content\" data-secret=\"3L67UGeKDc\"><p><a href=\"https:\/\/www.erfinde-dein-spiel.de\/spiele\/shops-autoren\/stahlente\/\">stahlente<\/a><\/p><\/blockquote>\n<p><iframe class=\"wp-embedded-content\" sandbox=\"allow-scripts\" security=\"restricted\" style=\"position: absolute; clip: rect(1px, 1px, 1px, 1px);\" title=\"&#8222;stahlente&#8220; &#8212; (er-)finde DEIN Spiel\" src=\"https:\/\/www.erfinde-dein-spiel.de\/spiele\/shops-autoren\/stahlente\/embed\/#?secret=UWHIAUsBMn#?secret=3L67UGeKDc\" data-secret=\"3L67UGeKDc\" width=\"500\" height=\"282\" frameborder=\"0\" marginwidth=\"0\" marginheight=\"0\" scrolling=\"no\"><\/iframe><\/p>\n<p><a href=\"http:\/\/www.erfinde-dein-spiel.de\/spiele\/shops-autoren\/stahlente\/\" target=\"_blank\">http:\/\/www.erfinde-dein-spiel.de\/spiele\/shops-autoren\/stahlente\/<\/a><\/p>\n","protected":false},"excerpt":{"rendered":"<p><a href=\"http:\/\/www.erfinde-dein-spiel.de\/spiele\/shops-autoren\/stahlente\/\" target=\"_blank\">Shop: STAHLENTE<\/a><\/p>\n<p>Go hat seinen Ursprung im alten China und ist \u00fcber 4000 Jahre alt. So einfach die Spielregeln sind, so vielseitig und einzigartig ist jedes einzelne Spiel.<\/p>\n","protected":false},"featured_media":1286,"comment_status":"open","ping_status":"closed","template":"","meta":{"_themeisle_gutenberg_block_has_review":false},"product_cat":[302,261,279,260,274,258,270,250,246],"product_tag":[],"yoast_head":"<!-- This site is optimized with the Yoast SEO plugin v22.6 - https:\/\/yoast.com\/wordpress\/plugins\/seo\/ -->\n<title>Go 9x9 - (er-)finde DEIN Spiel<\/title>\n<meta name=\"robots\" content=\"index, follow, max-snippet:-1, max-image-preview:large, max-video-preview:-1\" \/>\n<link rel=\"canonical\" href=\"https:\/\/www.erfinde-dein-spiel.de\/spiele\/shop\/spiele-kategorie\/weltspiele\/go-9x9\/\" \/>\n<meta property=\"og:locale\" content=\"de_DE\" \/>\n<meta property=\"og:type\" content=\"article\" \/>\n<meta property=\"og:title\" content=\"Go 9x9 - (er-)finde DEIN Spiel\" \/>\n<meta property=\"og:description\" content=\"Shop: STAHLENTE  Go hat seinen Ursprung im alten China und ist \u00fcber 4000 Jahre alt. So einfach die Spielregeln sind, so vielseitig und einzigartig ist jedes einzelne Spiel.\" \/>\n<meta property=\"og:url\" content=\"https:\/\/www.erfinde-dein-spiel.de\/spiele\/shop\/spiele-kategorie\/weltspiele\/go-9x9\/\" \/>\n<meta property=\"og:site_name\" content=\"(er-)finde DEIN Spiel\" \/>\n<meta property=\"article:modified_time\" content=\"2025-06-29T15:02:17+00:00\" \/>\n<meta property=\"og:image\" content=\"https:\/\/www.erfinde-dein-spiel.de\/spiele\/wp-content\/uploads\/2015\/11\/PP_2651.jpg\" \/>\n\t<meta property=\"og:image:width\" content=\"500\" \/>\n\t<meta property=\"og:image:height\" content=\"500\" \/>\n\t<meta property=\"og:image:type\" content=\"image\/jpeg\" \/>\n<meta name=\"twitter:card\" content=\"summary_large_image\" \/>\n<meta name=\"twitter:label1\" content=\"Gesch\u00e4tzte Lesezeit\" \/>\n\t<meta name=\"twitter:data1\" content=\"1 Minute\" \/>\n<script type=\"application\/ld+json\" class=\"yoast-schema-graph\">{\"@context\":\"https:\/\/schema.org\",\"@graph\":[{\"@type\":\"WebPage\",\"@id\":\"https:\/\/www.erfinde-dein-spiel.de\/spiele\/shop\/spiele-kategorie\/weltspiele\/go-9x9\/\",\"url\":\"https:\/\/www.erfinde-dein-spiel.de\/spiele\/shop\/spiele-kategorie\/weltspiele\/go-9x9\/\",\"name\":\"Go 9x9 - (er-)finde DEIN Spiel\",\"isPartOf\":{\"@id\":\"https:\/\/www.erfinde-dein-spiel.de\/spiele\/#website\"},\"primaryImageOfPage\":{\"@id\":\"https:\/\/www.erfinde-dein-spiel.de\/spiele\/shop\/spiele-kategorie\/weltspiele\/go-9x9\/#primaryimage\"},\"image\":{\"@id\":\"https:\/\/www.erfinde-dein-spiel.de\/spiele\/shop\/spiele-kategorie\/weltspiele\/go-9x9\/#primaryimage\"},\"thumbnailUrl\":\"https:\/\/www.erfinde-dein-spiel.de\/spiele\/wp-content\/uploads\/2015\/11\/PP_2651.jpg\",\"datePublished\":\"2015-11-15T22:50:43+00:00\",\"dateModified\":\"2025-06-29T15:02:17+00:00\",\"breadcrumb\":{\"@id\":\"https:\/\/www.erfinde-dein-spiel.de\/spiele\/shop\/spiele-kategorie\/weltspiele\/go-9x9\/#breadcrumb\"},\"inLanguage\":\"de-DE\",\"potentialAction\":[{\"@type\":\"ReadAction\",\"target\":[\"https:\/\/www.erfinde-dein-spiel.de\/spiele\/shop\/spiele-kategorie\/weltspiele\/go-9x9\/\"]}]},{\"@type\":\"ImageObject\",\"inLanguage\":\"de-DE\",\"@id\":\"https:\/\/www.erfinde-dein-spiel.de\/spiele\/shop\/spiele-kategorie\/weltspiele\/go-9x9\/#primaryimage\",\"url\":\"https:\/\/www.erfinde-dein-spiel.de\/spiele\/wp-content\/uploads\/2015\/11\/PP_2651.jpg\",\"contentUrl\":\"https:\/\/www.erfinde-dein-spiel.de\/spiele\/wp-content\/uploads\/2015\/11\/PP_2651.jpg\",\"width\":500,\"height\":500,\"caption\":\"Go Spielbrett\"},{\"@type\":\"BreadcrumbList\",\"@id\":\"https:\/\/www.erfinde-dein-spiel.de\/spiele\/shop\/spiele-kategorie\/weltspiele\/go-9x9\/#breadcrumb\",\"itemListElement\":[{\"@type\":\"ListItem\",\"position\":1,\"name\":\"Home\",\"item\":\"https:\/\/www.erfinde-dein-spiel.de\/spiele\/\"},{\"@type\":\"ListItem\",\"position\":2,\"name\":\"Shop\",\"item\":\"https:\/\/www.erfinde-dein-spiel.de\/spiele\/\"},{\"@type\":\"ListItem\",\"position\":3,\"name\":\"Go 9&#215;9\"}]},{\"@type\":\"WebSite\",\"@id\":\"https:\/\/www.erfinde-dein-spiel.de\/spiele\/#website\",\"url\":\"https:\/\/www.erfinde-dein-spiel.de\/spiele\/\",\"name\":\"(er-)finde DEIN Spiel\",\"description\":\"Spiele aus der Community. Powered by Spieltz.\",\"potentialAction\":[{\"@type\":\"SearchAction\",\"target\":{\"@type\":\"EntryPoint\",\"urlTemplate\":\"https:\/\/www.erfinde-dein-spiel.de\/spiele\/?s={search_term_string}\"},\"query-input\":\"required name=search_term_string\"}],\"inLanguage\":\"de-DE\"}]}<\/script>\n<!-- \/ Yoast SEO plugin. -->","yoast_head_json":{"title":"Go 9x9 - (er-)finde DEIN Spiel","robots":{"index":"index","follow":"follow","max-snippet":"max-snippet:-1","max-image-preview":"max-image-preview:large","max-video-preview":"max-video-preview:-1"},"canonical":"https:\/\/www.erfinde-dein-spiel.de\/spiele\/shop\/spiele-kategorie\/weltspiele\/go-9x9\/","og_locale":"de_DE","og_type":"article","og_title":"Go 9x9 - (er-)finde DEIN Spiel","og_description":"Shop: STAHLENTE  Go hat seinen Ursprung im alten China und ist \u00fcber 4000 Jahre alt. So einfach die Spielregeln sind, so vielseitig und einzigartig ist jedes einzelne Spiel.","og_url":"https:\/\/www.erfinde-dein-spiel.de\/spiele\/shop\/spiele-kategorie\/weltspiele\/go-9x9\/","og_site_name":"(er-)finde DEIN Spiel","article_modified_time":"2025-06-29T15:02:17+00:00","og_image":[{"width":500,"height":500,"url":"https:\/\/www.erfinde-dein-spiel.de\/spiele\/wp-content\/uploads\/2015\/11\/PP_2651.jpg","type":"image\/jpeg"}],"twitter_card":"summary_large_image","twitter_misc":{"Gesch\u00e4tzte Lesezeit":"1 Minute"},"schema":{"@context":"https:\/\/schema.org","@graph":[{"@type":"WebPage","@id":"https:\/\/www.erfinde-dein-spiel.de\/spiele\/shop\/spiele-kategorie\/weltspiele\/go-9x9\/","url":"https:\/\/www.erfinde-dein-spiel.de\/spiele\/shop\/spiele-kategorie\/weltspiele\/go-9x9\/","name":"Go 9x9 - (er-)finde DEIN Spiel","isPartOf":{"@id":"https:\/\/www.erfinde-dein-spiel.de\/spiele\/#website"},"primaryImageOfPage":{"@id":"https:\/\/www.erfinde-dein-spiel.de\/spiele\/shop\/spiele-kategorie\/weltspiele\/go-9x9\/#primaryimage"},"image":{"@id":"https:\/\/www.erfinde-dein-spiel.de\/spiele\/shop\/spiele-kategorie\/weltspiele\/go-9x9\/#primaryimage"},"thumbnailUrl":"https:\/\/www.erfinde-dein-spiel.de\/spiele\/wp-content\/uploads\/2015\/11\/PP_2651.jpg","datePublished":"2015-11-15T22:50:43+00:00","dateModified":"2025-06-29T15:02:17+00:00","breadcrumb":{"@id":"https:\/\/www.erfinde-dein-spiel.de\/spiele\/shop\/spiele-kategorie\/weltspiele\/go-9x9\/#breadcrumb"},"inLanguage":"de-DE","potentialAction":[{"@type":"ReadAction","target":["https:\/\/www.erfinde-dein-spiel.de\/spiele\/shop\/spiele-kategorie\/weltspiele\/go-9x9\/"]}]},{"@type":"ImageObject","inLanguage":"de-DE","@id":"https:\/\/www.erfinde-dein-spiel.de\/spiele\/shop\/spiele-kategorie\/weltspiele\/go-9x9\/#primaryimage","url":"https:\/\/www.erfinde-dein-spiel.de\/spiele\/wp-content\/uploads\/2015\/11\/PP_2651.jpg","contentUrl":"https:\/\/www.erfinde-dein-spiel.de\/spiele\/wp-content\/uploads\/2015\/11\/PP_2651.jpg","width":500,"height":500,"caption":"Go Spielbrett"},{"@type":"BreadcrumbList","@id":"https:\/\/www.erfinde-dein-spiel.de\/spiele\/shop\/spiele-kategorie\/weltspiele\/go-9x9\/#breadcrumb","itemListElement":[{"@type":"ListItem","position":1,"name":"Home","item":"https:\/\/www.erfinde-dein-spiel.de\/spiele\/"},{"@type":"ListItem","position":2,"name":"Shop","item":"https:\/\/www.erfinde-dein-spiel.de\/spiele\/"},{"@type":"ListItem","position":3,"name":"Go 9&#215;9"}]},{"@type":"WebSite","@id":"https:\/\/www.erfinde-dein-spiel.de\/spiele\/#website","url":"https:\/\/www.erfinde-dein-spiel.de\/spiele\/","name":"(er-)finde DEIN Spiel","description":"Spiele aus der Community. Powered by Spieltz.","potentialAction":[{"@type":"SearchAction","target":{"@type":"EntryPoint","urlTemplate":"https:\/\/www.erfinde-dein-spiel.de\/spiele\/?s={search_term_string}"},"query-input":"required name=search_term_string"}],"inLanguage":"de-DE"}]}},"_links":{"self":[{"href":"https:\/\/www.erfinde-dein-spiel.de\/spiele\/wp-json\/wp\/v2\/product\/1285"}],"collection":[{"href":"https:\/\/www.erfinde-dein-spiel.de\/spiele\/wp-json\/wp\/v2\/product"}],"about":[{"href":"https:\/\/www.erfinde-dein-spiel.de\/spiele\/wp-json\/wp\/v2\/types\/product"}],"replies":[{"embeddable":true,"href":"https:\/\/www.erfinde-dein-spiel.de\/spiele\/wp-json\/wp\/v2\/comments?post=1285"}],"wp:featuredmedia":[{"embeddable":true,"href":"https:\/\/www.erfinde-dein-spiel.de\/spiele\/wp-json\/wp\/v2\/media\/1286"}],"wp:attachment":[{"href":"https:\/\/www.erfinde-dein-spiel.de\/spiele\/wp-json\/wp\/v2\/media?parent=1285"}],"wp:term":[{"taxonomy":"product_cat","embeddable":true,"href":"https:\/\/www.erfinde-dein-spiel.de\/spiele\/wp-json\/wp\/v2\/product_cat?post=1285"},{"taxonomy":"product_tag","embeddable":true,"href":"https:\/\/www.erfinde-dein-spiel.de\/spiele\/wp-json\/wp\/v2\/product_tag?post=1285"}],"curies":[{"name":"wp","href":"https:\/\/api.w.org\/{rel}","templated":true}]}}