{"id":1281,"date":"2015-11-15T23:50:39","date_gmt":"2015-11-15T22:50:39","guid":{"rendered":"http:\/\/www.erfinde-dein-spiel.de\/shop\/unkategorisiert\/das-spiel-mit-dem-horn\/"},"modified":"2024-12-01T16:32:42","modified_gmt":"2024-12-01T15:32:42","slug":"das-spiel-mit-dem-horn","status":"publish","type":"product","link":"https:\/\/www.erfinde-dein-spiel.de\/spiele\/shop\/spiel-thema\/musik-instrumente-harmonielehre\/das-spiel-mit-dem-horn\/","title":{"rendered":"Das Spiel mit dem Horn"},"content":{"rendered":"<h3>Das Spiel<\/h3>\n<p>Autorin \/ Design: Birgit Schmidt-Hurtienne<\/p>\n<p>Wer erreicht als Erster das Ziel? D\u00fcrfen die anderen vorspringen, w\u00e4hrend du aussetzen musst? Bringt dir das n\u00e4chste Feld Gl\u00fcck oder Pech? Musst du gar kurz vor dem Ziel wieder zur\u00fcck zum Anfang?<\/p>\n<p>&#8222;Das Spiel mit dem Horn&#8220; bleibt spannend bis zum Schluss! Es gilt, das 63. Spielfeld in der Mitte der Waldhorn-Spirale als Erster zu erreichen. Ob und in welchem Tempo das geschafft wird, bestimmen die W\u00fcrfel und markierte Spezialfelder, auf denen musikalische Zeichen Pausen oder Wiederholungen angeben. Allein die Felder mit rotem Horn bringen immer Gl\u00fcck. Kurz vor dem Ziel lauert die Gefahr, noch einmal ganz von vorne beginne zu m\u00fcssen und wer nicht die exakte Zahl zum Erreichen des Zielfeldes w\u00fcrfelt, muss wieder umkehren. Deshalb k\u00f6nnen auch weit zur\u00fcckliegende Spieler mit W\u00fcrfelgl\u00fcck und den passenden Spezialfeldern noch \u00fcberraschend gewinnen.<\/p>\n<p>&#8222;Das Spiel mit dem Horn&#8220; macht genauso viel Spa\u00df und ist \u00e4hnlich trickreich wie das Hornspielen selbst!<br \/>\nEin spannender W\u00fcrfelspa\u00df f\u00fcr Jung und Alt, nicht nur f\u00fcr (angehende) Hornistinnen und Hornisten, sondern auch f\u00fcr Kenner und Liebhaber des &#8222;G\u00e4nsespiels&#8220;.<\/p>\n<h3>Spielmaterial<\/h3>\n<ul>\n<li>1 Spielplan (LKW-Plane), Gr\u00f6\u00dfe 30 x 30 cm<\/li>\n<li>6 verschiedenfarbige\u00a0Spielfiguren + 1\u00a0W\u00fcrfel aus bunt lackiertem Holzen<\/li>\n<li>ausf\u00fchrliche Anleitung auf Deutsch\u00a0(inklusive kurzer Erl\u00e4uterung der musikalischen Symbole)<\/li>\n<li>Verpackung: Papprolle, wei\u00df gl\u00e4nzend, mit Aufkleber, L\u00e4nge 34 mm, Durchmesser 6 cm.<\/li>\n<\/ul>\n<h3>Das Wichtigste in K\u00fcrze<\/h3>\n<ul>\n<li>Art des Spiels: Brettspiel, Familienspiel, Gesellschaftsspiel<\/li>\n<li>Ausf\u00fchrung: Spielplan auf LKW-Plane \u2013 rollbar und robust, verpackt in eine Papprolle<\/li>\n<li>Zubeh\u00f6r: Spielfiguren und W\u00fcrfel aus bunt lackiertem Holz<\/li>\n<li>Spielthema:\u00a0Musik, Instrumente, Horn, hornspielen<\/li>\n<li>Anzahl Spieler: 2\u00a0\u2013 6\u00a0Spieler<\/li>\n<li>Empfohlenes Alter: ab 8\u00a0Jahren<\/li>\n<li>Spieldauer: etwa 30 \u2013 45 Minuten<\/li>\n<\/ul>\n<h3>SHOP<\/h3>\n<blockquote class=\"wp-embedded-content\" data-secret=\"sQURTs6apV\"><p><a href=\"https:\/\/www.erfinde-dein-spiel.de\/spiele\/shop\/spiel-thema\/musik-instrumente-harmonielehre\/das-spiel-mit-dem-horn\/\">Das Spiel mit dem Horn<\/a><\/p><\/blockquote>\n<p><iframe class=\"wp-embedded-content\" sandbox=\"allow-scripts\" security=\"restricted\" style=\"position: absolute; clip: rect(1px, 1px, 1px, 1px);\" title=\"&#8222;Das Spiel mit dem Horn&#8220; &#8212; (er-)finde DEIN Spiel\" src=\"https:\/\/www.erfinde-dein-spiel.de\/spiele\/shop\/spiel-thema\/musik-instrumente-harmonielehre\/das-spiel-mit-dem-horn\/embed\/#?secret=cscFhfiRPT#?secret=sQURTs6apV\" data-secret=\"sQURTs6apV\" width=\"500\" height=\"282\" frameborder=\"0\" marginwidth=\"0\" marginheight=\"0\" scrolling=\"no\"><\/iframe><\/p>\n<p>&nbsp;<\/p>\n","protected":false},"excerpt":{"rendered":"<p><a href=\"http:\/\/www.erfinde-dein-spiel.de\/spiele\/shops-autoren\/beesha-spiele\/\" target=\"_blank\">Shop: BE_ES_HA SPIELE<\/a><\/p>\n<p>Lustiger und spannender W\u00fcrfelspa\u00df f\u00fcr 2-6 Spieler. Auf dem spiralf\u00f6rmigen Spielfeld beginnt die wilde Jagd zum Ziel. W\u00fcrfelgl\u00fcck und Spezialfelder mit musikalischen Symbolen (Pausen, Wiederholungen, da capo) bestimmen das rasante Tempo des Spiels.<\/p>\n<p>Rollbarer Spielplan aus LKW-Plane, Gr\u00f6\u00dfe: 30\u00a0x 30\u00a0cm; Spielfiguren + W\u00fcrfel aus bunt lackiertem Holz;\u00a0Verpackung: Papprolle wei\u00df, L\u00e4nge 34 cm, Durchmesser 6 cm<\/p>\n","protected":false},"featured_media":1685,"comment_status":"open","ping_status":"closed","template":"","meta":{"_themeisle_gutenberg_block_has_review":false},"product_cat":[304,358,361,248,252,268],"product_tag":[],"yoast_head":"<!-- This site is optimized with the Yoast SEO plugin v22.6 - https:\/\/yoast.com\/wordpress\/plugins\/seo\/ -->\n<title>Das Spiel mit dem Horn - (er-)finde DEIN Spiel<\/title>\n<meta name=\"robots\" content=\"index, follow, max-snippet:-1, max-image-preview:large, max-video-preview:-1\" \/>\n<link rel=\"canonical\" href=\"https:\/\/www.erfinde-dein-spiel.de\/spiele\/shop\/spiel-thema\/musik-instrumente-harmonielehre\/das-spiel-mit-dem-horn\/\" \/>\n<meta property=\"og:locale\" content=\"de_DE\" \/>\n<meta property=\"og:type\" content=\"article\" \/>\n<meta property=\"og:title\" content=\"Das Spiel mit dem Horn - (er-)finde DEIN Spiel\" \/>\n<meta property=\"og:description\" content=\"Shop: BE_ES_HA SPIELE  Lustiger und spannender W\u00fcrfelspa\u00df f\u00fcr 2-6 Spieler. Auf dem spiralf\u00f6rmigen Spielfeld beginnt die wilde Jagd zum Ziel. W\u00fcrfelgl\u00fcck und Spezialfelder mit musikalischen Symbolen (Pausen, Wiederholungen, da capo) bestimmen das rasante Tempo des Spiels.  Rollbarer Spielplan aus LKW-Plane, Gr\u00f6\u00dfe: 30\u00a0x 30\u00a0cm; Spielfiguren + W\u00fcrfel aus bunt lackiertem Holz;\u00a0Verpackung: Papprolle wei\u00df, L\u00e4nge 34 cm, Durchmesser 6 cm\" \/>\n<meta property=\"og:url\" content=\"https:\/\/www.erfinde-dein-spiel.de\/spiele\/shop\/spiel-thema\/musik-instrumente-harmonielehre\/das-spiel-mit-dem-horn\/\" \/>\n<meta property=\"og:site_name\" content=\"(er-)finde DEIN Spiel\" \/>\n<meta property=\"article:modified_time\" content=\"2024-12-01T15:32:42+00:00\" \/>\n<meta property=\"og:image\" content=\"https:\/\/www.erfinde-dein-spiel.de\/spiele\/wp-content\/uploads\/2015\/11\/Das_Spiel_mit_dem_horn.jpg\" \/>\n\t<meta property=\"og:image:width\" content=\"650\" \/>\n\t<meta property=\"og:image:height\" content=\"650\" \/>\n\t<meta property=\"og:image:type\" content=\"image\/jpeg\" \/>\n<meta name=\"twitter:card\" content=\"summary_large_image\" \/>\n<meta name=\"twitter:label1\" content=\"Gesch\u00e4tzte Lesezeit\" \/>\n\t<meta name=\"twitter:data1\" content=\"1 Minute\" \/>\n<script type=\"application\/ld+json\" class=\"yoast-schema-graph\">{\"@context\":\"https:\/\/schema.org\",\"@graph\":[{\"@type\":\"WebPage\",\"@id\":\"https:\/\/www.erfinde-dein-spiel.de\/spiele\/shop\/spiel-thema\/musik-instrumente-harmonielehre\/das-spiel-mit-dem-horn\/\",\"url\":\"https:\/\/www.erfinde-dein-spiel.de\/spiele\/shop\/spiel-thema\/musik-instrumente-harmonielehre\/das-spiel-mit-dem-horn\/\",\"name\":\"Das Spiel mit dem Horn - (er-)finde DEIN Spiel\",\"isPartOf\":{\"@id\":\"https:\/\/www.erfinde-dein-spiel.de\/spiele\/#website\"},\"primaryImageOfPage\":{\"@id\":\"https:\/\/www.erfinde-dein-spiel.de\/spiele\/shop\/spiel-thema\/musik-instrumente-harmonielehre\/das-spiel-mit-dem-horn\/#primaryimage\"},\"image\":{\"@id\":\"https:\/\/www.erfinde-dein-spiel.de\/spiele\/shop\/spiel-thema\/musik-instrumente-harmonielehre\/das-spiel-mit-dem-horn\/#primaryimage\"},\"thumbnailUrl\":\"https:\/\/www.erfinde-dein-spiel.de\/spiele\/wp-content\/uploads\/2015\/11\/Das_Spiel_mit_dem_horn.jpg\",\"datePublished\":\"2015-11-15T22:50:39+00:00\",\"dateModified\":\"2024-12-01T15:32:42+00:00\",\"breadcrumb\":{\"@id\":\"https:\/\/www.erfinde-dein-spiel.de\/spiele\/shop\/spiel-thema\/musik-instrumente-harmonielehre\/das-spiel-mit-dem-horn\/#breadcrumb\"},\"inLanguage\":\"de-DE\",\"potentialAction\":[{\"@type\":\"ReadAction\",\"target\":[\"https:\/\/www.erfinde-dein-spiel.de\/spiele\/shop\/spiel-thema\/musik-instrumente-harmonielehre\/das-spiel-mit-dem-horn\/\"]}]},{\"@type\":\"ImageObject\",\"inLanguage\":\"de-DE\",\"@id\":\"https:\/\/www.erfinde-dein-spiel.de\/spiele\/shop\/spiel-thema\/musik-instrumente-harmonielehre\/das-spiel-mit-dem-horn\/#primaryimage\",\"url\":\"https:\/\/www.erfinde-dein-spiel.de\/spiele\/wp-content\/uploads\/2015\/11\/Das_Spiel_mit_dem_horn.jpg\",\"contentUrl\":\"https:\/\/www.erfinde-dein-spiel.de\/spiele\/wp-content\/uploads\/2015\/11\/Das_Spiel_mit_dem_horn.jpg\",\"width\":650,\"height\":650,\"caption\":\"Das Spiel mit dem Horn, Musik-Brettspiel\"},{\"@type\":\"BreadcrumbList\",\"@id\":\"https:\/\/www.erfinde-dein-spiel.de\/spiele\/shop\/spiel-thema\/musik-instrumente-harmonielehre\/das-spiel-mit-dem-horn\/#breadcrumb\",\"itemListElement\":[{\"@type\":\"ListItem\",\"position\":1,\"name\":\"Home\",\"item\":\"https:\/\/www.erfinde-dein-spiel.de\/spiele\/\"},{\"@type\":\"ListItem\",\"position\":2,\"name\":\"Shop\",\"item\":\"https:\/\/www.erfinde-dein-spiel.de\/spiele\/\"},{\"@type\":\"ListItem\",\"position\":3,\"name\":\"Das Spiel mit dem Horn\"}]},{\"@type\":\"WebSite\",\"@id\":\"https:\/\/www.erfinde-dein-spiel.de\/spiele\/#website\",\"url\":\"https:\/\/www.erfinde-dein-spiel.de\/spiele\/\",\"name\":\"(er-)finde DEIN Spiel\",\"description\":\"Spiele aus der Community. Powered by Spieltz.\",\"potentialAction\":[{\"@type\":\"SearchAction\",\"target\":{\"@type\":\"EntryPoint\",\"urlTemplate\":\"https:\/\/www.erfinde-dein-spiel.de\/spiele\/?s={search_term_string}\"},\"query-input\":\"required name=search_term_string\"}],\"inLanguage\":\"de-DE\"}]}<\/script>\n<!-- \/ Yoast SEO plugin. -->","yoast_head_json":{"title":"Das Spiel mit dem Horn - (er-)finde DEIN Spiel","robots":{"index":"index","follow":"follow","max-snippet":"max-snippet:-1","max-image-preview":"max-image-preview:large","max-video-preview":"max-video-preview:-1"},"canonical":"https:\/\/www.erfinde-dein-spiel.de\/spiele\/shop\/spiel-thema\/musik-instrumente-harmonielehre\/das-spiel-mit-dem-horn\/","og_locale":"de_DE","og_type":"article","og_title":"Das Spiel mit dem Horn - (er-)finde DEIN Spiel","og_description":"Shop: BE_ES_HA SPIELE  Lustiger und spannender W\u00fcrfelspa\u00df f\u00fcr 2-6 Spieler. Auf dem spiralf\u00f6rmigen Spielfeld beginnt die wilde Jagd zum Ziel. W\u00fcrfelgl\u00fcck und Spezialfelder mit musikalischen Symbolen (Pausen, Wiederholungen, da capo) bestimmen das rasante Tempo des Spiels.  Rollbarer Spielplan aus LKW-Plane, Gr\u00f6\u00dfe: 30\u00a0x 30\u00a0cm; Spielfiguren + W\u00fcrfel aus bunt lackiertem Holz;\u00a0Verpackung: Papprolle wei\u00df, L\u00e4nge 34 cm, Durchmesser 6 cm","og_url":"https:\/\/www.erfinde-dein-spiel.de\/spiele\/shop\/spiel-thema\/musik-instrumente-harmonielehre\/das-spiel-mit-dem-horn\/","og_site_name":"(er-)finde DEIN Spiel","article_modified_time":"2024-12-01T15:32:42+00:00","og_image":[{"width":650,"height":650,"url":"https:\/\/www.erfinde-dein-spiel.de\/spiele\/wp-content\/uploads\/2015\/11\/Das_Spiel_mit_dem_horn.jpg","type":"image\/jpeg"}],"twitter_card":"summary_large_image","twitter_misc":{"Gesch\u00e4tzte Lesezeit":"1 Minute"},"schema":{"@context":"https:\/\/schema.org","@graph":[{"@type":"WebPage","@id":"https:\/\/www.erfinde-dein-spiel.de\/spiele\/shop\/spiel-thema\/musik-instrumente-harmonielehre\/das-spiel-mit-dem-horn\/","url":"https:\/\/www.erfinde-dein-spiel.de\/spiele\/shop\/spiel-thema\/musik-instrumente-harmonielehre\/das-spiel-mit-dem-horn\/","name":"Das Spiel mit dem Horn - (er-)finde DEIN Spiel","isPartOf":{"@id":"https:\/\/www.erfinde-dein-spiel.de\/spiele\/#website"},"primaryImageOfPage":{"@id":"https:\/\/www.erfinde-dein-spiel.de\/spiele\/shop\/spiel-thema\/musik-instrumente-harmonielehre\/das-spiel-mit-dem-horn\/#primaryimage"},"image":{"@id":"https:\/\/www.erfinde-dein-spiel.de\/spiele\/shop\/spiel-thema\/musik-instrumente-harmonielehre\/das-spiel-mit-dem-horn\/#primaryimage"},"thumbnailUrl":"https:\/\/www.erfinde-dein-spiel.de\/spiele\/wp-content\/uploads\/2015\/11\/Das_Spiel_mit_dem_horn.jpg","datePublished":"2015-11-15T22:50:39+00:00","dateModified":"2024-12-01T15:32:42+00:00","breadcrumb":{"@id":"https:\/\/www.erfinde-dein-spiel.de\/spiele\/shop\/spiel-thema\/musik-instrumente-harmonielehre\/das-spiel-mit-dem-horn\/#breadcrumb"},"inLanguage":"de-DE","potentialAction":[{"@type":"ReadAction","target":["https:\/\/www.erfinde-dein-spiel.de\/spiele\/shop\/spiel-thema\/musik-instrumente-harmonielehre\/das-spiel-mit-dem-horn\/"]}]},{"@type":"ImageObject","inLanguage":"de-DE","@id":"https:\/\/www.erfinde-dein-spiel.de\/spiele\/shop\/spiel-thema\/musik-instrumente-harmonielehre\/das-spiel-mit-dem-horn\/#primaryimage","url":"https:\/\/www.erfinde-dein-spiel.de\/spiele\/wp-content\/uploads\/2015\/11\/Das_Spiel_mit_dem_horn.jpg","contentUrl":"https:\/\/www.erfinde-dein-spiel.de\/spiele\/wp-content\/uploads\/2015\/11\/Das_Spiel_mit_dem_horn.jpg","width":650,"height":650,"caption":"Das Spiel mit dem Horn, Musik-Brettspiel"},{"@type":"BreadcrumbList","@id":"https:\/\/www.erfinde-dein-spiel.de\/spiele\/shop\/spiel-thema\/musik-instrumente-harmonielehre\/das-spiel-mit-dem-horn\/#breadcrumb","itemListElement":[{"@type":"ListItem","position":1,"name":"Home","item":"https:\/\/www.erfinde-dein-spiel.de\/spiele\/"},{"@type":"ListItem","position":2,"name":"Shop","item":"https:\/\/www.erfinde-dein-spiel.de\/spiele\/"},{"@type":"ListItem","position":3,"name":"Das Spiel mit dem Horn"}]},{"@type":"WebSite","@id":"https:\/\/www.erfinde-dein-spiel.de\/spiele\/#website","url":"https:\/\/www.erfinde-dein-spiel.de\/spiele\/","name":"(er-)finde DEIN Spiel","description":"Spiele aus der Community. Powered by Spieltz.","potentialAction":[{"@type":"SearchAction","target":{"@type":"EntryPoint","urlTemplate":"https:\/\/www.erfinde-dein-spiel.de\/spiele\/?s={search_term_string}"},"query-input":"required name=search_term_string"}],"inLanguage":"de-DE"}]}},"_links":{"self":[{"href":"https:\/\/www.erfinde-dein-spiel.de\/spiele\/wp-json\/wp\/v2\/product\/1281"}],"collection":[{"href":"https:\/\/www.erfinde-dein-spiel.de\/spiele\/wp-json\/wp\/v2\/product"}],"about":[{"href":"https:\/\/www.erfinde-dein-spiel.de\/spiele\/wp-json\/wp\/v2\/types\/product"}],"replies":[{"embeddable":true,"href":"https:\/\/www.erfinde-dein-spiel.de\/spiele\/wp-json\/wp\/v2\/comments?post=1281"}],"wp:featuredmedia":[{"embeddable":true,"href":"https:\/\/www.erfinde-dein-spiel.de\/spiele\/wp-json\/wp\/v2\/media\/1685"}],"wp:attachment":[{"href":"https:\/\/www.erfinde-dein-spiel.de\/spiele\/wp-json\/wp\/v2\/media?parent=1281"}],"wp:term":[{"taxonomy":"product_cat","embeddable":true,"href":"https:\/\/www.erfinde-dein-spiel.de\/spiele\/wp-json\/wp\/v2\/product_cat?post=1281"},{"taxonomy":"product_tag","embeddable":true,"href":"https:\/\/www.erfinde-dein-spiel.de\/spiele\/wp-json\/wp\/v2\/product_tag?post=1281"}],"curies":[{"name":"wp","href":"https:\/\/api.w.org\/{rel}","templated":true}]}}