{"id":264,"date":"2015-10-03T03:31:40","date_gmt":"2015-10-03T01:31:40","guid":{"rendered":"http:\/\/www.spieltz.de\/werbespiele\/?page_id=264"},"modified":"2016-01-24T02:38:37","modified_gmt":"2016-01-24T01:38:37","slug":"ueber-uns","status":"publish","type":"page","link":"https:\/\/www.erfinde-dein-spiel.de\/spiele\/ueber-uns\/","title":{"rendered":"\u00dcber uns"},"content":{"rendered":"<p><em>Erfinde DEIN Spiel<\/em> ist Autorencommunity, Shop und Verkaufsplattform f\u00fcr Spieleautoren. Ins Leben gerufen haben wir sie\u00a02010, seitdem w\u00e4chst sie st\u00e4ndig.<\/p>\n<p><strong>Powered by Spieltz &#8211; die Spielemacher.<\/strong><\/p>\n<p>Wir sind Spielemacher: Wir entwickeln, gestalten, produzieren, vermarkten und\u00a0vertreiben Brett-, Karten- und Legespiele. Zu unserem Team geh\u00f6ren<\/p>\n<ul>\n<li>erfahrene Spielentwickler, Redakteure, Grafiker, Illustratoren, Texter und \u00dcbersetzer, die unsere eigenen Ideen und die Ideen unserer Kunden in eine spielbare Form bringen sowie<\/li>\n<li>Projektmanager, Produktionsleiter und Mitarbeiter mit vielen flinken Fingern, die f\u00fcr Produktion und Konfektionierung\u00a0der Spiele zust\u00e4ndig sind.<\/li>\n<\/ul>\n<p><a href=\"http:\/\/spieltz.de\/werbespiele\/ueber-uns\/spieltz-team\/\">HIER<\/a> erfahrt Ihr mehr zu den Menschen, die in unserem Team arbeiten, und <a href=\"http:\/\/spieltz.de\/blog\/category\/spieltz-team\" target=\"_blank\">in unserem Blog<\/a>\u00a0wollen wir das Team nach und nach vorstellen.<\/p>\n<p>SPIELTZ\u00a0wurde 2010 vorerst als &#8222;UG haftungsbeschr\u00e4nkt&#8220; gegr\u00fcndet und 2014 in eine GmbH \u00fcbergef\u00fchrt: Die Ideenfeld GmbH. Seit der Gr\u00fcndung haben wir zahlreiche Spieleprojekte f\u00fcr Unternehmen, Institutionen und Vereine\u00a0umgesetzt: Werbespiele, Messespiele, Spiele f\u00fcr interne Unternehmens-Schulungen, Lernspiele f\u00fcr Kinder und Jugendliche &#8211; hier unsere <a href=\"http:\/\/spieltz.de\/agentur\/referenzen\/\" target=\"_blank\">Referenzliste<\/a>.<br \/>\nEtliche\u00a0Spiele entwickeln\u00a0wir selbst, andere werden von unseren Kunden konzipiert und wir \u00fcbernehmen nur die Produktion.<\/p>\n<p>Daneben haben wir ein eigenes Verlagsprogramm aufgebaut.<\/p>\n<p>Da wir feststellten, dass Unternehmen, die ihr eigenes individuelles Spiel entwickeln m\u00f6chten, oft an der Komplexizit\u00e4t dieser Aufgabe scheitern, dass aber das Budget f\u00fcr das Spieleprojekt nicht immer\u00a0gro\u00df genug ist, um eine Agentur f\u00fcr die Konzeption eines eigenen Spiels beauftragen zu k\u00f6nnen, haben wir Standardspiele zu verschiedensten Themen und \u00a0in unterschiedlichen Designs entwickelt, die wir f\u00fcr Sie branden k\u00f6nnen.\u00a0Alle Spiele aus unserem Werbespiele-Shop k\u00f6nnen wir dar\u00fcber hinaus individuell f\u00fcr Sie ver\u00e4ndern und an Ihre Themen \/ an Ihr Corporate Design\u00a0anpassen.<\/p>\n<p>Wir werden unser Programm laufend erweitern &#8211; und nat\u00fcrlich k\u00f6nnen Sie uns auch weiterhin f\u00fcr die Entwicklung und Produktion Ihres ganz individuellen Spiels beauftragen &#8211; hier geht es zu unserer <a href=\"http:\/\/spieltz.de\/agentur\/\" target=\"_blank\">Agentur-Website.<\/a><\/p>\n<p>&nbsp;<\/p>\n","protected":false},"excerpt":{"rendered":"<p>Erfinde DEIN Spiel ist Autorencommunity, Shop und Verkaufsplattform f\u00fcr Spieleautoren. Ins Leben gerufen haben wir sie\u00a02010, seitdem w\u00e4chst sie st\u00e4ndig. Powered by Spieltz &#8211; die Spielemacher. Wir sind Spielemacher: Wir entwickeln, gestalten, produzieren, vermarkten und\u00a0vertreiben Brett-, Karten- und Legespiele. Zu unserem Team geh\u00f6ren erfahrene Spielentwickler, Redakteure, Grafiker, Illustratoren, Texter und \u00dcbersetzer, die unsere eigenen Ideen [&hellip;]<\/p>\n","protected":false},"author":2,"featured_media":0,"parent":0,"menu_order":0,"comment_status":"closed","ping_status":"closed","template":"page-fullwidth.php","meta":{"_themeisle_gutenberg_block_has_review":false,"footnotes":""},"yoast_head":"<!-- This site is optimized with the Yoast SEO plugin v22.6 - https:\/\/yoast.com\/wordpress\/plugins\/seo\/ -->\n<title>\u00dcber uns - (er-)finde DEIN Spiel<\/title>\n<meta name=\"robots\" content=\"index, follow, max-snippet:-1, max-image-preview:large, max-video-preview:-1\" \/>\n<link rel=\"canonical\" href=\"https:\/\/www.erfinde-dein-spiel.de\/spiele\/ueber-uns\/\" \/>\n<meta property=\"og:locale\" content=\"de_DE\" \/>\n<meta property=\"og:type\" content=\"article\" \/>\n<meta property=\"og:title\" content=\"\u00dcber uns - (er-)finde DEIN Spiel\" \/>\n<meta property=\"og:description\" content=\"Erfinde DEIN Spiel ist Autorencommunity, Shop und Verkaufsplattform f\u00fcr Spieleautoren. Ins Leben gerufen haben wir sie\u00a02010, seitdem w\u00e4chst sie st\u00e4ndig. Powered by Spieltz &#8211; die Spielemacher. Wir sind Spielemacher: Wir entwickeln, gestalten, produzieren, vermarkten und\u00a0vertreiben Brett-, Karten- und Legespiele. Zu unserem Team geh\u00f6ren erfahrene Spielentwickler, Redakteure, Grafiker, Illustratoren, Texter und \u00dcbersetzer, die unsere eigenen Ideen [&hellip;]\" \/>\n<meta property=\"og:url\" content=\"https:\/\/www.erfinde-dein-spiel.de\/spiele\/ueber-uns\/\" \/>\n<meta property=\"og:site_name\" content=\"(er-)finde DEIN Spiel\" \/>\n<meta property=\"article:modified_time\" content=\"2016-01-24T01:38:37+00:00\" \/>\n<meta name=\"twitter:card\" content=\"summary_large_image\" \/>\n<meta name=\"twitter:label1\" content=\"Gesch\u00e4tzte Lesezeit\" \/>\n\t<meta name=\"twitter:data1\" content=\"2 Minuten\" \/>\n<script type=\"application\/ld+json\" class=\"yoast-schema-graph\">{\"@context\":\"https:\/\/schema.org\",\"@graph\":[{\"@type\":\"WebPage\",\"@id\":\"https:\/\/www.erfinde-dein-spiel.de\/spiele\/ueber-uns\/\",\"url\":\"https:\/\/www.erfinde-dein-spiel.de\/spiele\/ueber-uns\/\",\"name\":\"\u00dcber uns - (er-)finde DEIN Spiel\",\"isPartOf\":{\"@id\":\"https:\/\/www.erfinde-dein-spiel.de\/spiele\/#website\"},\"datePublished\":\"2015-10-03T01:31:40+00:00\",\"dateModified\":\"2016-01-24T01:38:37+00:00\",\"breadcrumb\":{\"@id\":\"https:\/\/www.erfinde-dein-spiel.de\/spiele\/ueber-uns\/#breadcrumb\"},\"inLanguage\":\"de-DE\",\"potentialAction\":[{\"@type\":\"ReadAction\",\"target\":[\"https:\/\/www.erfinde-dein-spiel.de\/spiele\/ueber-uns\/\"]}]},{\"@type\":\"BreadcrumbList\",\"@id\":\"https:\/\/www.erfinde-dein-spiel.de\/spiele\/ueber-uns\/#breadcrumb\",\"itemListElement\":[{\"@type\":\"ListItem\",\"position\":1,\"name\":\"Home\",\"item\":\"https:\/\/www.erfinde-dein-spiel.de\/spiele\/\"},{\"@type\":\"ListItem\",\"position\":2,\"name\":\"\u00dcber uns\"}]},{\"@type\":\"WebSite\",\"@id\":\"https:\/\/www.erfinde-dein-spiel.de\/spiele\/#website\",\"url\":\"https:\/\/www.erfinde-dein-spiel.de\/spiele\/\",\"name\":\"(er-)finde DEIN Spiel\",\"description\":\"Spiele aus der Community. Powered by Spieltz.\",\"potentialAction\":[{\"@type\":\"SearchAction\",\"target\":{\"@type\":\"EntryPoint\",\"urlTemplate\":\"https:\/\/www.erfinde-dein-spiel.de\/spiele\/?s={search_term_string}\"},\"query-input\":\"required name=search_term_string\"}],\"inLanguage\":\"de-DE\"}]}<\/script>\n<!-- \/ Yoast SEO plugin. -->","yoast_head_json":{"title":"\u00dcber uns - (er-)finde DEIN Spiel","robots":{"index":"index","follow":"follow","max-snippet":"max-snippet:-1","max-image-preview":"max-image-preview:large","max-video-preview":"max-video-preview:-1"},"canonical":"https:\/\/www.erfinde-dein-spiel.de\/spiele\/ueber-uns\/","og_locale":"de_DE","og_type":"article","og_title":"\u00dcber uns - (er-)finde DEIN Spiel","og_description":"Erfinde DEIN Spiel ist Autorencommunity, Shop und Verkaufsplattform f\u00fcr Spieleautoren. Ins Leben gerufen haben wir sie\u00a02010, seitdem w\u00e4chst sie st\u00e4ndig. Powered by Spieltz &#8211; die Spielemacher. Wir sind Spielemacher: Wir entwickeln, gestalten, produzieren, vermarkten und\u00a0vertreiben Brett-, Karten- und Legespiele. Zu unserem Team geh\u00f6ren erfahrene Spielentwickler, Redakteure, Grafiker, Illustratoren, Texter und \u00dcbersetzer, die unsere eigenen Ideen [&hellip;]","og_url":"https:\/\/www.erfinde-dein-spiel.de\/spiele\/ueber-uns\/","og_site_name":"(er-)finde DEIN Spiel","article_modified_time":"2016-01-24T01:38:37+00:00","twitter_card":"summary_large_image","twitter_misc":{"Gesch\u00e4tzte Lesezeit":"2 Minuten"},"schema":{"@context":"https:\/\/schema.org","@graph":[{"@type":"WebPage","@id":"https:\/\/www.erfinde-dein-spiel.de\/spiele\/ueber-uns\/","url":"https:\/\/www.erfinde-dein-spiel.de\/spiele\/ueber-uns\/","name":"\u00dcber uns - (er-)finde DEIN Spiel","isPartOf":{"@id":"https:\/\/www.erfinde-dein-spiel.de\/spiele\/#website"},"datePublished":"2015-10-03T01:31:40+00:00","dateModified":"2016-01-24T01:38:37+00:00","breadcrumb":{"@id":"https:\/\/www.erfinde-dein-spiel.de\/spiele\/ueber-uns\/#breadcrumb"},"inLanguage":"de-DE","potentialAction":[{"@type":"ReadAction","target":["https:\/\/www.erfinde-dein-spiel.de\/spiele\/ueber-uns\/"]}]},{"@type":"BreadcrumbList","@id":"https:\/\/www.erfinde-dein-spiel.de\/spiele\/ueber-uns\/#breadcrumb","itemListElement":[{"@type":"ListItem","position":1,"name":"Home","item":"https:\/\/www.erfinde-dein-spiel.de\/spiele\/"},{"@type":"ListItem","position":2,"name":"\u00dcber uns"}]},{"@type":"WebSite","@id":"https:\/\/www.erfinde-dein-spiel.de\/spiele\/#website","url":"https:\/\/www.erfinde-dein-spiel.de\/spiele\/","name":"(er-)finde DEIN Spiel","description":"Spiele aus der Community. Powered by Spieltz.","potentialAction":[{"@type":"SearchAction","target":{"@type":"EntryPoint","urlTemplate":"https:\/\/www.erfinde-dein-spiel.de\/spiele\/?s={search_term_string}"},"query-input":"required name=search_term_string"}],"inLanguage":"de-DE"}]}},"_links":{"self":[{"href":"https:\/\/www.erfinde-dein-spiel.de\/spiele\/wp-json\/wp\/v2\/pages\/264"}],"collection":[{"href":"https:\/\/www.erfinde-dein-spiel.de\/spiele\/wp-json\/wp\/v2\/pages"}],"about":[{"href":"https:\/\/www.erfinde-dein-spiel.de\/spiele\/wp-json\/wp\/v2\/types\/page"}],"author":[{"embeddable":true,"href":"https:\/\/www.erfinde-dein-spiel.de\/spiele\/wp-json\/wp\/v2\/users\/2"}],"replies":[{"embeddable":true,"href":"https:\/\/www.erfinde-dein-spiel.de\/spiele\/wp-json\/wp\/v2\/comments?post=264"}],"version-history":[{"count":7,"href":"https:\/\/www.erfinde-dein-spiel.de\/spiele\/wp-json\/wp\/v2\/pages\/264\/revisions"}],"predecessor-version":[{"id":1903,"href":"https:\/\/www.erfinde-dein-spiel.de\/spiele\/wp-json\/wp\/v2\/pages\/264\/revisions\/1903"}],"wp:attachment":[{"href":"https:\/\/www.erfinde-dein-spiel.de\/spiele\/wp-json\/wp\/v2\/media?parent=264"}],"curies":[{"name":"wp","href":"https:\/\/api.w.org\/{rel}","templated":true}]}}