{"id":1823,"date":"2016-01-20T02:54:37","date_gmt":"2016-01-20T01:54:37","guid":{"rendered":"http:\/\/www.erfinde-dein-spiel.de\/spiele\/?page_id=1823"},"modified":"2016-01-20T02:56:13","modified_gmt":"2016-01-20T01:56:13","slug":"zeit-fuer-spiele","status":"publish","type":"page","link":"https:\/\/www.erfinde-dein-spiel.de\/spiele\/shops-autoren\/zeit-fuer-spiele\/","title":{"rendered":"Zeit f\u00fcr Spiele"},"content":{"rendered":"<p>Hinter <em>Zeit-fuer-Spiele<\/em> steckt eine Gruppe junger Leute, die selbst gern spielen und diese Freude gern an andere weitergeben m\u00f6chten. Spiele geh\u00f6ren zu den \u00e4ltesten Kulturg\u00fctern, sie f\u00f6rdern die Interaktion, schulen Strategie und Kommunikationsf\u00e4higkeit, vermitteln Wissen &#8211; und machen vor allem richtig gute Laune und das unabh\u00e4ngig vom Alter. Nehmt euch Zeit zum Spielen &#8211; der Alltag ist schon ernst genug. \ud83d\ude42<\/p>\n<p>Bei Fragen, Anregungen, Kritik oder Ideen zur Zusammenarbeit erreicht ihr mich unter: r.hild@zeit-fuer-spiele.de<\/p>\n<p>Viele Gr\u00fc\u00dfe, Ron<\/p>\n","protected":false},"excerpt":{"rendered":"<p>Hinter Zeit-fuer-Spiele steckt eine Gruppe junger Leute, die selbst gern spielen und diese Freude gern an andere weitergeben m\u00f6chten. Spiele geh\u00f6ren zu den \u00e4ltesten Kulturg\u00fctern, sie f\u00f6rdern die Interaktion, schulen Strategie und Kommunikationsf\u00e4higkeit, vermitteln Wissen &#8211; und machen vor allem richtig gute Laune und das unabh\u00e4ngig vom Alter. Nehmt euch Zeit zum Spielen &#8211; der [&hellip;]<\/p>\n","protected":false},"author":2,"featured_media":1825,"parent":1616,"menu_order":0,"comment_status":"closed","ping_status":"closed","template":"","meta":{"_themeisle_gutenberg_block_has_review":false,"footnotes":""},"yoast_head":"<!-- This site is optimized with the Yoast SEO plugin v22.6 - https:\/\/yoast.com\/wordpress\/plugins\/seo\/ -->\n<title>Zeit f\u00fcr Spiele - (er-)finde DEIN Spiel<\/title>\n<meta name=\"robots\" content=\"index, follow, max-snippet:-1, max-image-preview:large, max-video-preview:-1\" \/>\n<link rel=\"canonical\" href=\"https:\/\/www.erfinde-dein-spiel.de\/spiele\/shops-autoren\/zeit-fuer-spiele\/\" \/>\n<meta property=\"og:locale\" content=\"de_DE\" \/>\n<meta property=\"og:type\" content=\"article\" \/>\n<meta property=\"og:title\" content=\"Zeit f\u00fcr Spiele - (er-)finde DEIN Spiel\" \/>\n<meta property=\"og:description\" content=\"Hinter Zeit-fuer-Spiele steckt eine Gruppe junger Leute, die selbst gern spielen und diese Freude gern an andere weitergeben m\u00f6chten. Spiele geh\u00f6ren zu den \u00e4ltesten Kulturg\u00fctern, sie f\u00f6rdern die Interaktion, schulen Strategie und Kommunikationsf\u00e4higkeit, vermitteln Wissen &#8211; und machen vor allem richtig gute Laune und das unabh\u00e4ngig vom Alter. Nehmt euch Zeit zum Spielen &#8211; der [&hellip;]\" \/>\n<meta property=\"og:url\" content=\"https:\/\/www.erfinde-dein-spiel.de\/spiele\/shops-autoren\/zeit-fuer-spiele\/\" \/>\n<meta property=\"og:site_name\" content=\"(er-)finde DEIN Spiel\" \/>\n<meta property=\"article:modified_time\" content=\"2016-01-20T01:56:13+00:00\" \/>\n<meta property=\"og:image\" content=\"https:\/\/www.erfinde-dein-spiel.de\/spiele\/wp-content\/uploads\/2016\/01\/Ron-Hild-Ronald-Hild-Zeit-fu\u0308r-Spiele.jpg\" \/>\n\t<meta property=\"og:image:width\" content=\"150\" \/>\n\t<meta property=\"og:image:height\" content=\"173\" \/>\n\t<meta property=\"og:image:type\" content=\"image\/jpeg\" \/>\n<meta name=\"twitter:card\" content=\"summary_large_image\" \/>\n<script type=\"application\/ld+json\" class=\"yoast-schema-graph\">{\"@context\":\"https:\/\/schema.org\",\"@graph\":[{\"@type\":\"WebPage\",\"@id\":\"https:\/\/www.erfinde-dein-spiel.de\/spiele\/shops-autoren\/zeit-fuer-spiele\/\",\"url\":\"https:\/\/www.erfinde-dein-spiel.de\/spiele\/shops-autoren\/zeit-fuer-spiele\/\",\"name\":\"Zeit f\u00fcr Spiele - (er-)finde DEIN Spiel\",\"isPartOf\":{\"@id\":\"https:\/\/www.erfinde-dein-spiel.de\/spiele\/#website\"},\"primaryImageOfPage\":{\"@id\":\"https:\/\/www.erfinde-dein-spiel.de\/spiele\/shops-autoren\/zeit-fuer-spiele\/#primaryimage\"},\"image\":{\"@id\":\"https:\/\/www.erfinde-dein-spiel.de\/spiele\/shops-autoren\/zeit-fuer-spiele\/#primaryimage\"},\"thumbnailUrl\":\"https:\/\/www.erfinde-dein-spiel.de\/spiele\/wp-content\/uploads\/2016\/01\/Ron-Hild-Ronald-Hild-Zeit-fu\u0308r-Spiele.jpg\",\"datePublished\":\"2016-01-20T01:54:37+00:00\",\"dateModified\":\"2016-01-20T01:56:13+00:00\",\"breadcrumb\":{\"@id\":\"https:\/\/www.erfinde-dein-spiel.de\/spiele\/shops-autoren\/zeit-fuer-spiele\/#breadcrumb\"},\"inLanguage\":\"de-DE\",\"potentialAction\":[{\"@type\":\"ReadAction\",\"target\":[\"https:\/\/www.erfinde-dein-spiel.de\/spiele\/shops-autoren\/zeit-fuer-spiele\/\"]}]},{\"@type\":\"ImageObject\",\"inLanguage\":\"de-DE\",\"@id\":\"https:\/\/www.erfinde-dein-spiel.de\/spiele\/shops-autoren\/zeit-fuer-spiele\/#primaryimage\",\"url\":\"https:\/\/www.erfinde-dein-spiel.de\/spiele\/wp-content\/uploads\/2016\/01\/Ron-Hild-Ronald-Hild-Zeit-fu\u0308r-Spiele.jpg\",\"contentUrl\":\"https:\/\/www.erfinde-dein-spiel.de\/spiele\/wp-content\/uploads\/2016\/01\/Ron-Hild-Ronald-Hild-Zeit-fu\u0308r-Spiele.jpg\",\"width\":150,\"height\":173,\"caption\":\"Ron Hild (Ronald Hild) - Zeit fu\u0308r Spiele\"},{\"@type\":\"BreadcrumbList\",\"@id\":\"https:\/\/www.erfinde-dein-spiel.de\/spiele\/shops-autoren\/zeit-fuer-spiele\/#breadcrumb\",\"itemListElement\":[{\"@type\":\"ListItem\",\"position\":1,\"name\":\"Home\",\"item\":\"https:\/\/www.erfinde-dein-spiel.de\/spiele\/\"},{\"@type\":\"ListItem\",\"position\":2,\"name\":\"Shops \/ Autoren\",\"item\":\"https:\/\/www.erfinde-dein-spiel.de\/spiele\/shops-autoren\/\"},{\"@type\":\"ListItem\",\"position\":3,\"name\":\"Zeit f\u00fcr Spiele\"}]},{\"@type\":\"WebSite\",\"@id\":\"https:\/\/www.erfinde-dein-spiel.de\/spiele\/#website\",\"url\":\"https:\/\/www.erfinde-dein-spiel.de\/spiele\/\",\"name\":\"(er-)finde DEIN Spiel\",\"description\":\"Spiele aus der Community. Powered by Spieltz.\",\"potentialAction\":[{\"@type\":\"SearchAction\",\"target\":{\"@type\":\"EntryPoint\",\"urlTemplate\":\"https:\/\/www.erfinde-dein-spiel.de\/spiele\/?s={search_term_string}\"},\"query-input\":\"required name=search_term_string\"}],\"inLanguage\":\"de-DE\"}]}<\/script>\n<!-- \/ Yoast SEO plugin. -->","yoast_head_json":{"title":"Zeit f\u00fcr Spiele - (er-)finde DEIN Spiel","robots":{"index":"index","follow":"follow","max-snippet":"max-snippet:-1","max-image-preview":"max-image-preview:large","max-video-preview":"max-video-preview:-1"},"canonical":"https:\/\/www.erfinde-dein-spiel.de\/spiele\/shops-autoren\/zeit-fuer-spiele\/","og_locale":"de_DE","og_type":"article","og_title":"Zeit f\u00fcr Spiele - (er-)finde DEIN Spiel","og_description":"Hinter Zeit-fuer-Spiele steckt eine Gruppe junger Leute, die selbst gern spielen und diese Freude gern an andere weitergeben m\u00f6chten. Spiele geh\u00f6ren zu den \u00e4ltesten Kulturg\u00fctern, sie f\u00f6rdern die Interaktion, schulen Strategie und Kommunikationsf\u00e4higkeit, vermitteln Wissen &#8211; und machen vor allem richtig gute Laune und das unabh\u00e4ngig vom Alter. Nehmt euch Zeit zum Spielen &#8211; der [&hellip;]","og_url":"https:\/\/www.erfinde-dein-spiel.de\/spiele\/shops-autoren\/zeit-fuer-spiele\/","og_site_name":"(er-)finde DEIN Spiel","article_modified_time":"2016-01-20T01:56:13+00:00","og_image":[{"width":150,"height":173,"url":"https:\/\/www.erfinde-dein-spiel.de\/spiele\/wp-content\/uploads\/2016\/01\/Ron-Hild-Ronald-Hild-Zeit-fu\u0308r-Spiele.jpg","type":"image\/jpeg"}],"twitter_card":"summary_large_image","schema":{"@context":"https:\/\/schema.org","@graph":[{"@type":"WebPage","@id":"https:\/\/www.erfinde-dein-spiel.de\/spiele\/shops-autoren\/zeit-fuer-spiele\/","url":"https:\/\/www.erfinde-dein-spiel.de\/spiele\/shops-autoren\/zeit-fuer-spiele\/","name":"Zeit f\u00fcr Spiele - (er-)finde DEIN Spiel","isPartOf":{"@id":"https:\/\/www.erfinde-dein-spiel.de\/spiele\/#website"},"primaryImageOfPage":{"@id":"https:\/\/www.erfinde-dein-spiel.de\/spiele\/shops-autoren\/zeit-fuer-spiele\/#primaryimage"},"image":{"@id":"https:\/\/www.erfinde-dein-spiel.de\/spiele\/shops-autoren\/zeit-fuer-spiele\/#primaryimage"},"thumbnailUrl":"https:\/\/www.erfinde-dein-spiel.de\/spiele\/wp-content\/uploads\/2016\/01\/Ron-Hild-Ronald-Hild-Zeit-fu\u0308r-Spiele.jpg","datePublished":"2016-01-20T01:54:37+00:00","dateModified":"2016-01-20T01:56:13+00:00","breadcrumb":{"@id":"https:\/\/www.erfinde-dein-spiel.de\/spiele\/shops-autoren\/zeit-fuer-spiele\/#breadcrumb"},"inLanguage":"de-DE","potentialAction":[{"@type":"ReadAction","target":["https:\/\/www.erfinde-dein-spiel.de\/spiele\/shops-autoren\/zeit-fuer-spiele\/"]}]},{"@type":"ImageObject","inLanguage":"de-DE","@id":"https:\/\/www.erfinde-dein-spiel.de\/spiele\/shops-autoren\/zeit-fuer-spiele\/#primaryimage","url":"https:\/\/www.erfinde-dein-spiel.de\/spiele\/wp-content\/uploads\/2016\/01\/Ron-Hild-Ronald-Hild-Zeit-fu\u0308r-Spiele.jpg","contentUrl":"https:\/\/www.erfinde-dein-spiel.de\/spiele\/wp-content\/uploads\/2016\/01\/Ron-Hild-Ronald-Hild-Zeit-fu\u0308r-Spiele.jpg","width":150,"height":173,"caption":"Ron Hild (Ronald Hild) - Zeit fu\u0308r Spiele"},{"@type":"BreadcrumbList","@id":"https:\/\/www.erfinde-dein-spiel.de\/spiele\/shops-autoren\/zeit-fuer-spiele\/#breadcrumb","itemListElement":[{"@type":"ListItem","position":1,"name":"Home","item":"https:\/\/www.erfinde-dein-spiel.de\/spiele\/"},{"@type":"ListItem","position":2,"name":"Shops \/ Autoren","item":"https:\/\/www.erfinde-dein-spiel.de\/spiele\/shops-autoren\/"},{"@type":"ListItem","position":3,"name":"Zeit f\u00fcr Spiele"}]},{"@type":"WebSite","@id":"https:\/\/www.erfinde-dein-spiel.de\/spiele\/#website","url":"https:\/\/www.erfinde-dein-spiel.de\/spiele\/","name":"(er-)finde DEIN Spiel","description":"Spiele aus der Community. Powered by Spieltz.","potentialAction":[{"@type":"SearchAction","target":{"@type":"EntryPoint","urlTemplate":"https:\/\/www.erfinde-dein-spiel.de\/spiele\/?s={search_term_string}"},"query-input":"required name=search_term_string"}],"inLanguage":"de-DE"}]}},"_links":{"self":[{"href":"https:\/\/www.erfinde-dein-spiel.de\/spiele\/wp-json\/wp\/v2\/pages\/1823"}],"collection":[{"href":"https:\/\/www.erfinde-dein-spiel.de\/spiele\/wp-json\/wp\/v2\/pages"}],"about":[{"href":"https:\/\/www.erfinde-dein-spiel.de\/spiele\/wp-json\/wp\/v2\/types\/page"}],"author":[{"embeddable":true,"href":"https:\/\/www.erfinde-dein-spiel.de\/spiele\/wp-json\/wp\/v2\/users\/2"}],"replies":[{"embeddable":true,"href":"https:\/\/www.erfinde-dein-spiel.de\/spiele\/wp-json\/wp\/v2\/comments?post=1823"}],"version-history":[{"count":2,"href":"https:\/\/www.erfinde-dein-spiel.de\/spiele\/wp-json\/wp\/v2\/pages\/1823\/revisions"}],"predecessor-version":[{"id":1826,"href":"https:\/\/www.erfinde-dein-spiel.de\/spiele\/wp-json\/wp\/v2\/pages\/1823\/revisions\/1826"}],"up":[{"embeddable":true,"href":"https:\/\/www.erfinde-dein-spiel.de\/spiele\/wp-json\/wp\/v2\/pages\/1616"}],"wp:featuredmedia":[{"embeddable":true,"href":"https:\/\/www.erfinde-dein-spiel.de\/spiele\/wp-json\/wp\/v2\/media\/1825"}],"wp:attachment":[{"href":"https:\/\/www.erfinde-dein-spiel.de\/spiele\/wp-json\/wp\/v2\/media?parent=1823"}],"curies":[{"name":"wp","href":"https:\/\/api.w.org\/{rel}","templated":true}]}}