{"id":1717,"date":"2016-01-18T22:54:40","date_gmt":"2016-01-18T21:54:40","guid":{"rendered":"http:\/\/www.erfinde-dein-spiel.de\/spiele\/?page_id=1717"},"modified":"2016-01-18T22:56:46","modified_gmt":"2016-01-18T21:56:46","slug":"milchreispiraten-brettspiele-thomas-ryf","status":"publish","type":"page","link":"https:\/\/www.erfinde-dein-spiel.de\/spiele\/shops-autoren\/milchreispiraten-brettspiele-thomas-ryf\/","title":{"rendered":"Milchreispiraten BRETTSPIELE Thomas RYF"},"content":{"rendered":"<p>Meine Kinder inspirieren mich jedesmal aufs Neue, aus allen m\u00f6glichen Sachen Spiele zu erschaffen. Angefangen hat dieses Interesse aber schon viel eher, mit 11 Jahren habe ich mein erstes Spiel entworfen, bis heute habe ich so \u00fcber 650 Ideen zu Brettspielen werden lassen und ein ganz gro\u00dfer Teil davon wurde auch von Freunden, Bekannten, Familie&#8230; getestet &#8211; nichts sehe ich lieber, als diese Ideen reifen zu sehen und in Familie oder mit Freunden bei diesem Spielchen einen sch\u00f6nen gemeinsamen Abend zu haben. Aber warum nur wir &#8211; Dank Spieltz, hat hier nun jeder die M\u00f6glichkeit daran teilzuhaben. Nach und nach werde ich versuchen diese Spiele nun allen zug\u00e4nglich zu machen und w\u00fcnsche\u00a0allen viel Spa\u00df! Viellecht wollt Ihr ja auch einer besonderen Person etwas Gutes tun und ein spezielles Spiel nur f\u00fcr diese Person haben, dann schaue ich gern nach, was von meinen Spielen da passen w\u00fcrde&#8230;. \ud83d\ude09 Euer Thomas<\/p>\n","protected":false},"excerpt":{"rendered":"<p>Meine Kinder inspirieren mich jedesmal aufs Neue, aus allen m\u00f6glichen Sachen Spiele zu erschaffen. Angefangen hat dieses Interesse aber schon viel eher, mit 11 Jahren habe ich mein erstes Spiel entworfen, bis heute habe ich so \u00fcber 650 Ideen zu Brettspielen werden lassen und ein ganz gro\u00dfer Teil davon wurde auch von Freunden, Bekannten, Familie&#8230; [&hellip;]<\/p>\n","protected":false},"author":2,"featured_media":1719,"parent":1616,"menu_order":0,"comment_status":"closed","ping_status":"closed","template":"","meta":{"_themeisle_gutenberg_block_has_review":false,"footnotes":""},"yoast_head":"<!-- This site is optimized with the Yoast SEO plugin v22.6 - https:\/\/yoast.com\/wordpress\/plugins\/seo\/ -->\n<title>Milchreispiraten BRETTSPIELE Thomas RYF - (er-)finde DEIN Spiel<\/title>\n<meta name=\"robots\" content=\"index, follow, max-snippet:-1, max-image-preview:large, max-video-preview:-1\" \/>\n<link rel=\"canonical\" href=\"https:\/\/www.erfinde-dein-spiel.de\/spiele\/shops-autoren\/milchreispiraten-brettspiele-thomas-ryf\/\" \/>\n<meta property=\"og:locale\" content=\"de_DE\" \/>\n<meta property=\"og:type\" content=\"article\" \/>\n<meta property=\"og:title\" content=\"Milchreispiraten BRETTSPIELE Thomas RYF - (er-)finde DEIN Spiel\" \/>\n<meta property=\"og:description\" content=\"Meine Kinder inspirieren mich jedesmal aufs Neue, aus allen m\u00f6glichen Sachen Spiele zu erschaffen. Angefangen hat dieses Interesse aber schon viel eher, mit 11 Jahren habe ich mein erstes Spiel entworfen, bis heute habe ich so \u00fcber 650 Ideen zu Brettspielen werden lassen und ein ganz gro\u00dfer Teil davon wurde auch von Freunden, Bekannten, Familie&#8230; [&hellip;]\" \/>\n<meta property=\"og:url\" content=\"https:\/\/www.erfinde-dein-spiel.de\/spiele\/shops-autoren\/milchreispiraten-brettspiele-thomas-ryf\/\" \/>\n<meta property=\"og:site_name\" content=\"(er-)finde DEIN Spiel\" \/>\n<meta property=\"article:modified_time\" content=\"2016-01-18T21:56:46+00:00\" \/>\n<meta property=\"og:image\" content=\"https:\/\/www.erfinde-dein-spiel.de\/spiele\/wp-content\/uploads\/2016\/01\/milchreis-piraten.jpg\" \/>\n\t<meta property=\"og:image:width\" content=\"150\" \/>\n\t<meta property=\"og:image:height\" content=\"180\" \/>\n\t<meta property=\"og:image:type\" content=\"image\/jpeg\" \/>\n<meta name=\"twitter:card\" content=\"summary_large_image\" \/>\n<meta name=\"twitter:label1\" content=\"Gesch\u00e4tzte Lesezeit\" \/>\n\t<meta name=\"twitter:data1\" content=\"1 Minute\" \/>\n<script type=\"application\/ld+json\" class=\"yoast-schema-graph\">{\"@context\":\"https:\/\/schema.org\",\"@graph\":[{\"@type\":\"WebPage\",\"@id\":\"https:\/\/www.erfinde-dein-spiel.de\/spiele\/shops-autoren\/milchreispiraten-brettspiele-thomas-ryf\/\",\"url\":\"https:\/\/www.erfinde-dein-spiel.de\/spiele\/shops-autoren\/milchreispiraten-brettspiele-thomas-ryf\/\",\"name\":\"Milchreispiraten BRETTSPIELE Thomas RYF - (er-)finde DEIN Spiel\",\"isPartOf\":{\"@id\":\"https:\/\/www.erfinde-dein-spiel.de\/spiele\/#website\"},\"primaryImageOfPage\":{\"@id\":\"https:\/\/www.erfinde-dein-spiel.de\/spiele\/shops-autoren\/milchreispiraten-brettspiele-thomas-ryf\/#primaryimage\"},\"image\":{\"@id\":\"https:\/\/www.erfinde-dein-spiel.de\/spiele\/shops-autoren\/milchreispiraten-brettspiele-thomas-ryf\/#primaryimage\"},\"thumbnailUrl\":\"https:\/\/www.erfinde-dein-spiel.de\/spiele\/wp-content\/uploads\/2016\/01\/milchreis-piraten.jpg\",\"datePublished\":\"2016-01-18T21:54:40+00:00\",\"dateModified\":\"2016-01-18T21:56:46+00:00\",\"breadcrumb\":{\"@id\":\"https:\/\/www.erfinde-dein-spiel.de\/spiele\/shops-autoren\/milchreispiraten-brettspiele-thomas-ryf\/#breadcrumb\"},\"inLanguage\":\"de-DE\",\"potentialAction\":[{\"@type\":\"ReadAction\",\"target\":[\"https:\/\/www.erfinde-dein-spiel.de\/spiele\/shops-autoren\/milchreispiraten-brettspiele-thomas-ryf\/\"]}]},{\"@type\":\"ImageObject\",\"inLanguage\":\"de-DE\",\"@id\":\"https:\/\/www.erfinde-dein-spiel.de\/spiele\/shops-autoren\/milchreispiraten-brettspiele-thomas-ryf\/#primaryimage\",\"url\":\"https:\/\/www.erfinde-dein-spiel.de\/spiele\/wp-content\/uploads\/2016\/01\/milchreis-piraten.jpg\",\"contentUrl\":\"https:\/\/www.erfinde-dein-spiel.de\/spiele\/wp-content\/uploads\/2016\/01\/milchreis-piraten.jpg\",\"width\":150,\"height\":180,\"caption\":\"\\\"der milchreis pirat\\\" thommy grosch-pf\u00fctze\"},{\"@type\":\"BreadcrumbList\",\"@id\":\"https:\/\/www.erfinde-dein-spiel.de\/spiele\/shops-autoren\/milchreispiraten-brettspiele-thomas-ryf\/#breadcrumb\",\"itemListElement\":[{\"@type\":\"ListItem\",\"position\":1,\"name\":\"Home\",\"item\":\"https:\/\/www.erfinde-dein-spiel.de\/spiele\/\"},{\"@type\":\"ListItem\",\"position\":2,\"name\":\"Shops \/ Autoren\",\"item\":\"https:\/\/www.erfinde-dein-spiel.de\/spiele\/shops-autoren\/\"},{\"@type\":\"ListItem\",\"position\":3,\"name\":\"Milchreispiraten BRETTSPIELE Thomas RYF\"}]},{\"@type\":\"WebSite\",\"@id\":\"https:\/\/www.erfinde-dein-spiel.de\/spiele\/#website\",\"url\":\"https:\/\/www.erfinde-dein-spiel.de\/spiele\/\",\"name\":\"(er-)finde DEIN Spiel\",\"description\":\"Spiele aus der Community. Powered by Spieltz.\",\"potentialAction\":[{\"@type\":\"SearchAction\",\"target\":{\"@type\":\"EntryPoint\",\"urlTemplate\":\"https:\/\/www.erfinde-dein-spiel.de\/spiele\/?s={search_term_string}\"},\"query-input\":\"required name=search_term_string\"}],\"inLanguage\":\"de-DE\"}]}<\/script>\n<!-- \/ Yoast SEO plugin. -->","yoast_head_json":{"title":"Milchreispiraten BRETTSPIELE Thomas RYF - (er-)finde DEIN Spiel","robots":{"index":"index","follow":"follow","max-snippet":"max-snippet:-1","max-image-preview":"max-image-preview:large","max-video-preview":"max-video-preview:-1"},"canonical":"https:\/\/www.erfinde-dein-spiel.de\/spiele\/shops-autoren\/milchreispiraten-brettspiele-thomas-ryf\/","og_locale":"de_DE","og_type":"article","og_title":"Milchreispiraten BRETTSPIELE Thomas RYF - (er-)finde DEIN Spiel","og_description":"Meine Kinder inspirieren mich jedesmal aufs Neue, aus allen m\u00f6glichen Sachen Spiele zu erschaffen. Angefangen hat dieses Interesse aber schon viel eher, mit 11 Jahren habe ich mein erstes Spiel entworfen, bis heute habe ich so \u00fcber 650 Ideen zu Brettspielen werden lassen und ein ganz gro\u00dfer Teil davon wurde auch von Freunden, Bekannten, Familie&#8230; [&hellip;]","og_url":"https:\/\/www.erfinde-dein-spiel.de\/spiele\/shops-autoren\/milchreispiraten-brettspiele-thomas-ryf\/","og_site_name":"(er-)finde DEIN Spiel","article_modified_time":"2016-01-18T21:56:46+00:00","og_image":[{"width":150,"height":180,"url":"https:\/\/www.erfinde-dein-spiel.de\/spiele\/wp-content\/uploads\/2016\/01\/milchreis-piraten.jpg","type":"image\/jpeg"}],"twitter_card":"summary_large_image","twitter_misc":{"Gesch\u00e4tzte Lesezeit":"1 Minute"},"schema":{"@context":"https:\/\/schema.org","@graph":[{"@type":"WebPage","@id":"https:\/\/www.erfinde-dein-spiel.de\/spiele\/shops-autoren\/milchreispiraten-brettspiele-thomas-ryf\/","url":"https:\/\/www.erfinde-dein-spiel.de\/spiele\/shops-autoren\/milchreispiraten-brettspiele-thomas-ryf\/","name":"Milchreispiraten BRETTSPIELE Thomas RYF - (er-)finde DEIN Spiel","isPartOf":{"@id":"https:\/\/www.erfinde-dein-spiel.de\/spiele\/#website"},"primaryImageOfPage":{"@id":"https:\/\/www.erfinde-dein-spiel.de\/spiele\/shops-autoren\/milchreispiraten-brettspiele-thomas-ryf\/#primaryimage"},"image":{"@id":"https:\/\/www.erfinde-dein-spiel.de\/spiele\/shops-autoren\/milchreispiraten-brettspiele-thomas-ryf\/#primaryimage"},"thumbnailUrl":"https:\/\/www.erfinde-dein-spiel.de\/spiele\/wp-content\/uploads\/2016\/01\/milchreis-piraten.jpg","datePublished":"2016-01-18T21:54:40+00:00","dateModified":"2016-01-18T21:56:46+00:00","breadcrumb":{"@id":"https:\/\/www.erfinde-dein-spiel.de\/spiele\/shops-autoren\/milchreispiraten-brettspiele-thomas-ryf\/#breadcrumb"},"inLanguage":"de-DE","potentialAction":[{"@type":"ReadAction","target":["https:\/\/www.erfinde-dein-spiel.de\/spiele\/shops-autoren\/milchreispiraten-brettspiele-thomas-ryf\/"]}]},{"@type":"ImageObject","inLanguage":"de-DE","@id":"https:\/\/www.erfinde-dein-spiel.de\/spiele\/shops-autoren\/milchreispiraten-brettspiele-thomas-ryf\/#primaryimage","url":"https:\/\/www.erfinde-dein-spiel.de\/spiele\/wp-content\/uploads\/2016\/01\/milchreis-piraten.jpg","contentUrl":"https:\/\/www.erfinde-dein-spiel.de\/spiele\/wp-content\/uploads\/2016\/01\/milchreis-piraten.jpg","width":150,"height":180,"caption":"\"der milchreis pirat\" thommy grosch-pf\u00fctze"},{"@type":"BreadcrumbList","@id":"https:\/\/www.erfinde-dein-spiel.de\/spiele\/shops-autoren\/milchreispiraten-brettspiele-thomas-ryf\/#breadcrumb","itemListElement":[{"@type":"ListItem","position":1,"name":"Home","item":"https:\/\/www.erfinde-dein-spiel.de\/spiele\/"},{"@type":"ListItem","position":2,"name":"Shops \/ Autoren","item":"https:\/\/www.erfinde-dein-spiel.de\/spiele\/shops-autoren\/"},{"@type":"ListItem","position":3,"name":"Milchreispiraten BRETTSPIELE Thomas RYF"}]},{"@type":"WebSite","@id":"https:\/\/www.erfinde-dein-spiel.de\/spiele\/#website","url":"https:\/\/www.erfinde-dein-spiel.de\/spiele\/","name":"(er-)finde DEIN Spiel","description":"Spiele aus der Community. Powered by Spieltz.","potentialAction":[{"@type":"SearchAction","target":{"@type":"EntryPoint","urlTemplate":"https:\/\/www.erfinde-dein-spiel.de\/spiele\/?s={search_term_string}"},"query-input":"required name=search_term_string"}],"inLanguage":"de-DE"}]}},"_links":{"self":[{"href":"https:\/\/www.erfinde-dein-spiel.de\/spiele\/wp-json\/wp\/v2\/pages\/1717"}],"collection":[{"href":"https:\/\/www.erfinde-dein-spiel.de\/spiele\/wp-json\/wp\/v2\/pages"}],"about":[{"href":"https:\/\/www.erfinde-dein-spiel.de\/spiele\/wp-json\/wp\/v2\/types\/page"}],"author":[{"embeddable":true,"href":"https:\/\/www.erfinde-dein-spiel.de\/spiele\/wp-json\/wp\/v2\/users\/2"}],"replies":[{"embeddable":true,"href":"https:\/\/www.erfinde-dein-spiel.de\/spiele\/wp-json\/wp\/v2\/comments?post=1717"}],"version-history":[{"count":3,"href":"https:\/\/www.erfinde-dein-spiel.de\/spiele\/wp-json\/wp\/v2\/pages\/1717\/revisions"}],"predecessor-version":[{"id":1721,"href":"https:\/\/www.erfinde-dein-spiel.de\/spiele\/wp-json\/wp\/v2\/pages\/1717\/revisions\/1721"}],"up":[{"embeddable":true,"href":"https:\/\/www.erfinde-dein-spiel.de\/spiele\/wp-json\/wp\/v2\/pages\/1616"}],"wp:featuredmedia":[{"embeddable":true,"href":"https:\/\/www.erfinde-dein-spiel.de\/spiele\/wp-json\/wp\/v2\/media\/1719"}],"wp:attachment":[{"href":"https:\/\/www.erfinde-dein-spiel.de\/spiele\/wp-json\/wp\/v2\/media?parent=1717"}],"curies":[{"name":"wp","href":"https:\/\/api.w.org\/{rel}","templated":true}]}}