{"id":1712,"date":"2016-01-18T03:32:59","date_gmt":"2016-01-18T02:32:59","guid":{"rendered":"http:\/\/www.erfinde-dein-spiel.de\/spiele\/?page_id=1712"},"modified":"2016-01-18T03:35:21","modified_gmt":"2016-01-18T02:35:21","slug":"r-n-kent-spiele","status":"publish","type":"page","link":"https:\/\/www.erfinde-dein-spiel.de\/spiele\/shops-autoren\/r-n-kent-spiele\/","title":{"rendered":"R. N. Kent Spiele"},"content":{"rendered":"<p><img decoding=\"async\" src=\"http:\/\/spieltz.de\/\" alt=\"\" \/><br \/>\nDerzeit befinden sich vier Spiele in meinem Shop. Darunter zwei Lernspiele &#8222;Deutschland-Trip&#8220; und &#8222;Europa-Trip&#8220;, die anderen beiden Spiele sind eine Variation des allseits bekannten Mensch-\u00c4rgere-Dich-Nicht. Bei The Black 12 einmal f\u00fcr bis zu acht Spieler und einmal f\u00fcr bis zu 6 Spielern, wird immer in Gruppen gegeneinander gespielt, dabei k\u00f6nnen Figuren getauscht, vor- und r\u00fcckw\u00e4rts gesetzt und nat\u00fcrlich gegnerische Figuren rausgeworfen werden. Alle weiteren Infos findest du unter den Spielen. Schau dich einfach um&#8230;<\/p>\n<h3>Spiele von R.N. Kent Spiele<\/h3>\n<blockquote class=\"wp-embedded-content\" data-secret=\"NWNtrGh3rY\"><p><a href=\"https:\/\/www.erfinde-dein-spiel.de\/spiele\/shop\/spiel-thema\/erdkunde-geographie\/deutschland-trip\/\">Deutschland Trip<\/a><\/p><\/blockquote>\n<p><iframe class=\"wp-embedded-content\" sandbox=\"allow-scripts\" security=\"restricted\" style=\"position: absolute; clip: rect(1px, 1px, 1px, 1px);\" title=\"&#8222;Deutschland Trip&#8220; &#8212; (er-)finde DEIN Spiel\" src=\"https:\/\/www.erfinde-dein-spiel.de\/spiele\/shop\/spiel-thema\/erdkunde-geographie\/deutschland-trip\/embed\/#?secret=zlqM9vn3o0#?secret=NWNtrGh3rY\" data-secret=\"NWNtrGh3rY\" width=\"500\" height=\"282\" frameborder=\"0\" marginwidth=\"0\" marginheight=\"0\" scrolling=\"no\"><\/iframe><\/p>\n<p>&nbsp;<\/p>\n<p>&nbsp;<\/p>\n","protected":false},"excerpt":{"rendered":"<p>Derzeit befinden sich vier Spiele in meinem Shop. Darunter zwei Lernspiele &#8222;Deutschland-Trip&#8220; und &#8222;Europa-Trip&#8220;, die anderen beiden Spiele sind eine Variation des allseits bekannten Mensch-\u00c4rgere-Dich-Nicht. Bei The Black 12 einmal f\u00fcr bis zu acht Spieler und einmal f\u00fcr bis zu 6 Spielern, wird immer in Gruppen gegeneinander gespielt, dabei k\u00f6nnen Figuren getauscht, vor- und r\u00fcckw\u00e4rts [&hellip;]<\/p>\n","protected":false},"author":2,"featured_media":0,"parent":1616,"menu_order":0,"comment_status":"closed","ping_status":"closed","template":"","meta":{"_themeisle_gutenberg_block_has_review":false,"footnotes":""},"yoast_head":"<!-- This site is optimized with the Yoast SEO plugin v22.6 - https:\/\/yoast.com\/wordpress\/plugins\/seo\/ -->\n<title>R. N. Kent Spiele - (er-)finde DEIN Spiel<\/title>\n<meta name=\"robots\" content=\"index, follow, max-snippet:-1, max-image-preview:large, max-video-preview:-1\" \/>\n<link rel=\"canonical\" href=\"https:\/\/www.erfinde-dein-spiel.de\/spiele\/shops-autoren\/r-n-kent-spiele\/\" \/>\n<meta property=\"og:locale\" content=\"de_DE\" \/>\n<meta property=\"og:type\" content=\"article\" \/>\n<meta property=\"og:title\" content=\"R. N. Kent Spiele - (er-)finde DEIN Spiel\" \/>\n<meta property=\"og:description\" content=\"Derzeit befinden sich vier Spiele in meinem Shop. Darunter zwei Lernspiele &#8222;Deutschland-Trip&#8220; und &#8222;Europa-Trip&#8220;, die anderen beiden Spiele sind eine Variation des allseits bekannten Mensch-\u00c4rgere-Dich-Nicht. Bei The Black 12 einmal f\u00fcr bis zu acht Spieler und einmal f\u00fcr bis zu 6 Spielern, wird immer in Gruppen gegeneinander gespielt, dabei k\u00f6nnen Figuren getauscht, vor- und r\u00fcckw\u00e4rts [&hellip;]\" \/>\n<meta property=\"og:url\" content=\"https:\/\/www.erfinde-dein-spiel.de\/spiele\/shops-autoren\/r-n-kent-spiele\/\" \/>\n<meta property=\"og:site_name\" content=\"(er-)finde DEIN Spiel\" \/>\n<meta property=\"article:modified_time\" content=\"2016-01-18T02:35:21+00:00\" \/>\n<meta property=\"og:image\" content=\"http:\/\/spieltz.de\/\" \/>\n<meta name=\"twitter:card\" content=\"summary_large_image\" \/>\n<script type=\"application\/ld+json\" class=\"yoast-schema-graph\">{\"@context\":\"https:\/\/schema.org\",\"@graph\":[{\"@type\":\"WebPage\",\"@id\":\"https:\/\/www.erfinde-dein-spiel.de\/spiele\/shops-autoren\/r-n-kent-spiele\/\",\"url\":\"https:\/\/www.erfinde-dein-spiel.de\/spiele\/shops-autoren\/r-n-kent-spiele\/\",\"name\":\"R. N. Kent Spiele - (er-)finde DEIN Spiel\",\"isPartOf\":{\"@id\":\"https:\/\/www.erfinde-dein-spiel.de\/spiele\/#website\"},\"primaryImageOfPage\":{\"@id\":\"https:\/\/www.erfinde-dein-spiel.de\/spiele\/shops-autoren\/r-n-kent-spiele\/#primaryimage\"},\"image\":{\"@id\":\"https:\/\/www.erfinde-dein-spiel.de\/spiele\/shops-autoren\/r-n-kent-spiele\/#primaryimage\"},\"thumbnailUrl\":\"http:\/\/spieltz.de\/\",\"datePublished\":\"2016-01-18T02:32:59+00:00\",\"dateModified\":\"2016-01-18T02:35:21+00:00\",\"breadcrumb\":{\"@id\":\"https:\/\/www.erfinde-dein-spiel.de\/spiele\/shops-autoren\/r-n-kent-spiele\/#breadcrumb\"},\"inLanguage\":\"de-DE\",\"potentialAction\":[{\"@type\":\"ReadAction\",\"target\":[\"https:\/\/www.erfinde-dein-spiel.de\/spiele\/shops-autoren\/r-n-kent-spiele\/\"]}]},{\"@type\":\"ImageObject\",\"inLanguage\":\"de-DE\",\"@id\":\"https:\/\/www.erfinde-dein-spiel.de\/spiele\/shops-autoren\/r-n-kent-spiele\/#primaryimage\",\"url\":\"http:\/\/spieltz.de\/\",\"contentUrl\":\"http:\/\/spieltz.de\/\"},{\"@type\":\"BreadcrumbList\",\"@id\":\"https:\/\/www.erfinde-dein-spiel.de\/spiele\/shops-autoren\/r-n-kent-spiele\/#breadcrumb\",\"itemListElement\":[{\"@type\":\"ListItem\",\"position\":1,\"name\":\"Home\",\"item\":\"https:\/\/www.erfinde-dein-spiel.de\/spiele\/\"},{\"@type\":\"ListItem\",\"position\":2,\"name\":\"Shops \/ Autoren\",\"item\":\"https:\/\/www.erfinde-dein-spiel.de\/spiele\/shops-autoren\/\"},{\"@type\":\"ListItem\",\"position\":3,\"name\":\"R. N. Kent Spiele\"}]},{\"@type\":\"WebSite\",\"@id\":\"https:\/\/www.erfinde-dein-spiel.de\/spiele\/#website\",\"url\":\"https:\/\/www.erfinde-dein-spiel.de\/spiele\/\",\"name\":\"(er-)finde DEIN Spiel\",\"description\":\"Spiele aus der Community. Powered by Spieltz.\",\"potentialAction\":[{\"@type\":\"SearchAction\",\"target\":{\"@type\":\"EntryPoint\",\"urlTemplate\":\"https:\/\/www.erfinde-dein-spiel.de\/spiele\/?s={search_term_string}\"},\"query-input\":\"required name=search_term_string\"}],\"inLanguage\":\"de-DE\"}]}<\/script>\n<!-- \/ Yoast SEO plugin. -->","yoast_head_json":{"title":"R. N. Kent Spiele - (er-)finde DEIN Spiel","robots":{"index":"index","follow":"follow","max-snippet":"max-snippet:-1","max-image-preview":"max-image-preview:large","max-video-preview":"max-video-preview:-1"},"canonical":"https:\/\/www.erfinde-dein-spiel.de\/spiele\/shops-autoren\/r-n-kent-spiele\/","og_locale":"de_DE","og_type":"article","og_title":"R. N. Kent Spiele - (er-)finde DEIN Spiel","og_description":"Derzeit befinden sich vier Spiele in meinem Shop. Darunter zwei Lernspiele &#8222;Deutschland-Trip&#8220; und &#8222;Europa-Trip&#8220;, die anderen beiden Spiele sind eine Variation des allseits bekannten Mensch-\u00c4rgere-Dich-Nicht. Bei The Black 12 einmal f\u00fcr bis zu acht Spieler und einmal f\u00fcr bis zu 6 Spielern, wird immer in Gruppen gegeneinander gespielt, dabei k\u00f6nnen Figuren getauscht, vor- und r\u00fcckw\u00e4rts [&hellip;]","og_url":"https:\/\/www.erfinde-dein-spiel.de\/spiele\/shops-autoren\/r-n-kent-spiele\/","og_site_name":"(er-)finde DEIN Spiel","article_modified_time":"2016-01-18T02:35:21+00:00","og_image":[{"url":"http:\/\/spieltz.de\/"}],"twitter_card":"summary_large_image","schema":{"@context":"https:\/\/schema.org","@graph":[{"@type":"WebPage","@id":"https:\/\/www.erfinde-dein-spiel.de\/spiele\/shops-autoren\/r-n-kent-spiele\/","url":"https:\/\/www.erfinde-dein-spiel.de\/spiele\/shops-autoren\/r-n-kent-spiele\/","name":"R. N. Kent Spiele - (er-)finde DEIN Spiel","isPartOf":{"@id":"https:\/\/www.erfinde-dein-spiel.de\/spiele\/#website"},"primaryImageOfPage":{"@id":"https:\/\/www.erfinde-dein-spiel.de\/spiele\/shops-autoren\/r-n-kent-spiele\/#primaryimage"},"image":{"@id":"https:\/\/www.erfinde-dein-spiel.de\/spiele\/shops-autoren\/r-n-kent-spiele\/#primaryimage"},"thumbnailUrl":"http:\/\/spieltz.de\/","datePublished":"2016-01-18T02:32:59+00:00","dateModified":"2016-01-18T02:35:21+00:00","breadcrumb":{"@id":"https:\/\/www.erfinde-dein-spiel.de\/spiele\/shops-autoren\/r-n-kent-spiele\/#breadcrumb"},"inLanguage":"de-DE","potentialAction":[{"@type":"ReadAction","target":["https:\/\/www.erfinde-dein-spiel.de\/spiele\/shops-autoren\/r-n-kent-spiele\/"]}]},{"@type":"ImageObject","inLanguage":"de-DE","@id":"https:\/\/www.erfinde-dein-spiel.de\/spiele\/shops-autoren\/r-n-kent-spiele\/#primaryimage","url":"http:\/\/spieltz.de\/","contentUrl":"http:\/\/spieltz.de\/"},{"@type":"BreadcrumbList","@id":"https:\/\/www.erfinde-dein-spiel.de\/spiele\/shops-autoren\/r-n-kent-spiele\/#breadcrumb","itemListElement":[{"@type":"ListItem","position":1,"name":"Home","item":"https:\/\/www.erfinde-dein-spiel.de\/spiele\/"},{"@type":"ListItem","position":2,"name":"Shops \/ Autoren","item":"https:\/\/www.erfinde-dein-spiel.de\/spiele\/shops-autoren\/"},{"@type":"ListItem","position":3,"name":"R. N. Kent Spiele"}]},{"@type":"WebSite","@id":"https:\/\/www.erfinde-dein-spiel.de\/spiele\/#website","url":"https:\/\/www.erfinde-dein-spiel.de\/spiele\/","name":"(er-)finde DEIN Spiel","description":"Spiele aus der Community. Powered by Spieltz.","potentialAction":[{"@type":"SearchAction","target":{"@type":"EntryPoint","urlTemplate":"https:\/\/www.erfinde-dein-spiel.de\/spiele\/?s={search_term_string}"},"query-input":"required name=search_term_string"}],"inLanguage":"de-DE"}]}},"_links":{"self":[{"href":"https:\/\/www.erfinde-dein-spiel.de\/spiele\/wp-json\/wp\/v2\/pages\/1712"}],"collection":[{"href":"https:\/\/www.erfinde-dein-spiel.de\/spiele\/wp-json\/wp\/v2\/pages"}],"about":[{"href":"https:\/\/www.erfinde-dein-spiel.de\/spiele\/wp-json\/wp\/v2\/types\/page"}],"author":[{"embeddable":true,"href":"https:\/\/www.erfinde-dein-spiel.de\/spiele\/wp-json\/wp\/v2\/users\/2"}],"replies":[{"embeddable":true,"href":"https:\/\/www.erfinde-dein-spiel.de\/spiele\/wp-json\/wp\/v2\/comments?post=1712"}],"version-history":[{"count":2,"href":"https:\/\/www.erfinde-dein-spiel.de\/spiele\/wp-json\/wp\/v2\/pages\/1712\/revisions"}],"predecessor-version":[{"id":1714,"href":"https:\/\/www.erfinde-dein-spiel.de\/spiele\/wp-json\/wp\/v2\/pages\/1712\/revisions\/1714"}],"up":[{"embeddable":true,"href":"https:\/\/www.erfinde-dein-spiel.de\/spiele\/wp-json\/wp\/v2\/pages\/1616"}],"wp:attachment":[{"href":"https:\/\/www.erfinde-dein-spiel.de\/spiele\/wp-json\/wp\/v2\/media?parent=1712"}],"curies":[{"name":"wp","href":"https:\/\/api.w.org\/{rel}","templated":true}]}}