{"id":1663,"date":"2016-01-14T23:55:22","date_gmt":"2016-01-14T22:55:22","guid":{"rendered":"http:\/\/www.erfinde-dein-spiel.de\/spiele\/?page_id=1663"},"modified":"2016-01-15T00:02:32","modified_gmt":"2016-01-14T23:02:32","slug":"tischspiele","status":"publish","type":"page","link":"https:\/\/www.erfinde-dein-spiel.de\/spiele\/shops-autoren\/tischspiele\/","title":{"rendered":"tischspiele"},"content":{"rendered":"<p>Bei tischspiele gibt es bisher zwei Spieltze, die parallel zu einer Runde Poker gespielt werden.\u00a0Dabei sorgen sie f\u00fcr viel Abwechslung und unvorhersehbare Ereignisse.\u00a0Weitere Spiele werden in unregelm\u00e4\u00dfigen Abst\u00e4nden folgen.\u00a0Schwestershop f\u00fcr tischspiele ist <a href=\"http:\/\/www.tischkrimi.de\/\" target=\"_blank\">www.tischkrimi.de<\/a>, wo es Krimispiele f\u00fcr 8-9 Personen gibt.<\/p>\n<p>Viel Spa\u00df!<\/p>\n<h3><strong>Spiele von tischspiele<\/strong><\/h3>\n<blockquote class=\"wp-embedded-content\" data-secret=\"Cv4ySBH3Pa\"><p><a href=\"https:\/\/www.erfinde-dein-spiel.de\/spiele\/shop\/spiele-kategorie\/erwachsenenspiele\/crazy-hold-em-cashgame\/\">Crazy Hold Em &#8211; Cashgame<\/a><\/p><\/blockquote>\n<p><iframe class=\"wp-embedded-content\" sandbox=\"allow-scripts\" security=\"restricted\" style=\"position: absolute; clip: rect(1px, 1px, 1px, 1px);\" title=\"&#8222;Crazy Hold Em &#8211; Cashgame&#8220; &#8212; (er-)finde DEIN Spiel\" src=\"https:\/\/www.erfinde-dein-spiel.de\/spiele\/shop\/spiele-kategorie\/erwachsenenspiele\/crazy-hold-em-cashgame\/embed\/#?secret=8IocwrSVKV#?secret=Cv4ySBH3Pa\" data-secret=\"Cv4ySBH3Pa\" width=\"500\" height=\"282\" frameborder=\"0\" marginwidth=\"0\" marginheight=\"0\" scrolling=\"no\"><\/iframe><\/p>\n<p>&nbsp;<\/p>\n<p>&nbsp;<\/p>\n","protected":false},"excerpt":{"rendered":"<p>Bei tischspiele gibt es bisher zwei Spieltze, die parallel zu einer Runde Poker gespielt werden.\u00a0Dabei sorgen sie f\u00fcr viel Abwechslung und unvorhersehbare Ereignisse.\u00a0Weitere Spiele werden in unregelm\u00e4\u00dfigen Abst\u00e4nden folgen.\u00a0Schwestershop f\u00fcr tischspiele ist www.tischkrimi.de, wo es Krimispiele f\u00fcr 8-9 Personen gibt. Viel Spa\u00df! Spiele von tischspiele Crazy Hold Em &#8211; Cashgame &nbsp; &nbsp;<\/p>\n","protected":false},"author":2,"featured_media":1666,"parent":1616,"menu_order":0,"comment_status":"closed","ping_status":"closed","template":"","meta":{"_themeisle_gutenberg_block_has_review":false,"footnotes":""},"yoast_head":"<!-- This site is optimized with the Yoast SEO plugin v22.6 - https:\/\/yoast.com\/wordpress\/plugins\/seo\/ -->\n<title>tischspiele - (er-)finde DEIN Spiel<\/title>\n<meta name=\"robots\" content=\"index, follow, max-snippet:-1, max-image-preview:large, max-video-preview:-1\" \/>\n<link rel=\"canonical\" href=\"https:\/\/www.erfinde-dein-spiel.de\/spiele\/shops-autoren\/tischspiele\/\" \/>\n<meta property=\"og:locale\" content=\"de_DE\" \/>\n<meta property=\"og:type\" content=\"article\" \/>\n<meta property=\"og:title\" content=\"tischspiele - (er-)finde DEIN Spiel\" \/>\n<meta property=\"og:description\" content=\"Bei tischspiele gibt es bisher zwei Spieltze, die parallel zu einer Runde Poker gespielt werden.\u00a0Dabei sorgen sie f\u00fcr viel Abwechslung und unvorhersehbare Ereignisse.\u00a0Weitere Spiele werden in unregelm\u00e4\u00dfigen Abst\u00e4nden folgen.\u00a0Schwestershop f\u00fcr tischspiele ist www.tischkrimi.de, wo es Krimispiele f\u00fcr 8-9 Personen gibt. Viel Spa\u00df! Spiele von tischspiele Crazy Hold Em &#8211; Cashgame &nbsp; &nbsp;\" \/>\n<meta property=\"og:url\" content=\"https:\/\/www.erfinde-dein-spiel.de\/spiele\/shops-autoren\/tischspiele\/\" \/>\n<meta property=\"og:site_name\" content=\"(er-)finde DEIN Spiel\" \/>\n<meta property=\"article:modified_time\" content=\"2016-01-14T23:02:32+00:00\" \/>\n<meta property=\"og:image\" content=\"https:\/\/www.erfinde-dein-spiel.de\/spiele\/wp-content\/uploads\/2016\/01\/tischspiele.jpg\" \/>\n\t<meta property=\"og:image:width\" content=\"150\" \/>\n\t<meta property=\"og:image:height\" content=\"225\" \/>\n\t<meta property=\"og:image:type\" content=\"image\/jpeg\" \/>\n<meta name=\"twitter:card\" content=\"summary_large_image\" \/>\n<script type=\"application\/ld+json\" class=\"yoast-schema-graph\">{\"@context\":\"https:\/\/schema.org\",\"@graph\":[{\"@type\":\"WebPage\",\"@id\":\"https:\/\/www.erfinde-dein-spiel.de\/spiele\/shops-autoren\/tischspiele\/\",\"url\":\"https:\/\/www.erfinde-dein-spiel.de\/spiele\/shops-autoren\/tischspiele\/\",\"name\":\"tischspiele - (er-)finde DEIN Spiel\",\"isPartOf\":{\"@id\":\"https:\/\/www.erfinde-dein-spiel.de\/spiele\/#website\"},\"primaryImageOfPage\":{\"@id\":\"https:\/\/www.erfinde-dein-spiel.de\/spiele\/shops-autoren\/tischspiele\/#primaryimage\"},\"image\":{\"@id\":\"https:\/\/www.erfinde-dein-spiel.de\/spiele\/shops-autoren\/tischspiele\/#primaryimage\"},\"thumbnailUrl\":\"https:\/\/www.erfinde-dein-spiel.de\/spiele\/wp-content\/uploads\/2016\/01\/tischspiele.jpg\",\"datePublished\":\"2016-01-14T22:55:22+00:00\",\"dateModified\":\"2016-01-14T23:02:32+00:00\",\"breadcrumb\":{\"@id\":\"https:\/\/www.erfinde-dein-spiel.de\/spiele\/shops-autoren\/tischspiele\/#breadcrumb\"},\"inLanguage\":\"de-DE\",\"potentialAction\":[{\"@type\":\"ReadAction\",\"target\":[\"https:\/\/www.erfinde-dein-spiel.de\/spiele\/shops-autoren\/tischspiele\/\"]}]},{\"@type\":\"ImageObject\",\"inLanguage\":\"de-DE\",\"@id\":\"https:\/\/www.erfinde-dein-spiel.de\/spiele\/shops-autoren\/tischspiele\/#primaryimage\",\"url\":\"https:\/\/www.erfinde-dein-spiel.de\/spiele\/wp-content\/uploads\/2016\/01\/tischspiele.jpg\",\"contentUrl\":\"https:\/\/www.erfinde-dein-spiel.de\/spiele\/wp-content\/uploads\/2016\/01\/tischspiele.jpg\",\"width\":150,\"height\":225,\"caption\":\"tischspiele\"},{\"@type\":\"BreadcrumbList\",\"@id\":\"https:\/\/www.erfinde-dein-spiel.de\/spiele\/shops-autoren\/tischspiele\/#breadcrumb\",\"itemListElement\":[{\"@type\":\"ListItem\",\"position\":1,\"name\":\"Home\",\"item\":\"https:\/\/www.erfinde-dein-spiel.de\/spiele\/\"},{\"@type\":\"ListItem\",\"position\":2,\"name\":\"Shops \/ Autoren\",\"item\":\"https:\/\/www.erfinde-dein-spiel.de\/spiele\/shops-autoren\/\"},{\"@type\":\"ListItem\",\"position\":3,\"name\":\"tischspiele\"}]},{\"@type\":\"WebSite\",\"@id\":\"https:\/\/www.erfinde-dein-spiel.de\/spiele\/#website\",\"url\":\"https:\/\/www.erfinde-dein-spiel.de\/spiele\/\",\"name\":\"(er-)finde DEIN Spiel\",\"description\":\"Spiele aus der Community. Powered by Spieltz.\",\"potentialAction\":[{\"@type\":\"SearchAction\",\"target\":{\"@type\":\"EntryPoint\",\"urlTemplate\":\"https:\/\/www.erfinde-dein-spiel.de\/spiele\/?s={search_term_string}\"},\"query-input\":\"required name=search_term_string\"}],\"inLanguage\":\"de-DE\"}]}<\/script>\n<!-- \/ Yoast SEO plugin. -->","yoast_head_json":{"title":"tischspiele - (er-)finde DEIN Spiel","robots":{"index":"index","follow":"follow","max-snippet":"max-snippet:-1","max-image-preview":"max-image-preview:large","max-video-preview":"max-video-preview:-1"},"canonical":"https:\/\/www.erfinde-dein-spiel.de\/spiele\/shops-autoren\/tischspiele\/","og_locale":"de_DE","og_type":"article","og_title":"tischspiele - (er-)finde DEIN Spiel","og_description":"Bei tischspiele gibt es bisher zwei Spieltze, die parallel zu einer Runde Poker gespielt werden.\u00a0Dabei sorgen sie f\u00fcr viel Abwechslung und unvorhersehbare Ereignisse.\u00a0Weitere Spiele werden in unregelm\u00e4\u00dfigen Abst\u00e4nden folgen.\u00a0Schwestershop f\u00fcr tischspiele ist www.tischkrimi.de, wo es Krimispiele f\u00fcr 8-9 Personen gibt. Viel Spa\u00df! Spiele von tischspiele Crazy Hold Em &#8211; Cashgame &nbsp; &nbsp;","og_url":"https:\/\/www.erfinde-dein-spiel.de\/spiele\/shops-autoren\/tischspiele\/","og_site_name":"(er-)finde DEIN Spiel","article_modified_time":"2016-01-14T23:02:32+00:00","og_image":[{"width":150,"height":225,"url":"https:\/\/www.erfinde-dein-spiel.de\/spiele\/wp-content\/uploads\/2016\/01\/tischspiele.jpg","type":"image\/jpeg"}],"twitter_card":"summary_large_image","schema":{"@context":"https:\/\/schema.org","@graph":[{"@type":"WebPage","@id":"https:\/\/www.erfinde-dein-spiel.de\/spiele\/shops-autoren\/tischspiele\/","url":"https:\/\/www.erfinde-dein-spiel.de\/spiele\/shops-autoren\/tischspiele\/","name":"tischspiele - (er-)finde DEIN Spiel","isPartOf":{"@id":"https:\/\/www.erfinde-dein-spiel.de\/spiele\/#website"},"primaryImageOfPage":{"@id":"https:\/\/www.erfinde-dein-spiel.de\/spiele\/shops-autoren\/tischspiele\/#primaryimage"},"image":{"@id":"https:\/\/www.erfinde-dein-spiel.de\/spiele\/shops-autoren\/tischspiele\/#primaryimage"},"thumbnailUrl":"https:\/\/www.erfinde-dein-spiel.de\/spiele\/wp-content\/uploads\/2016\/01\/tischspiele.jpg","datePublished":"2016-01-14T22:55:22+00:00","dateModified":"2016-01-14T23:02:32+00:00","breadcrumb":{"@id":"https:\/\/www.erfinde-dein-spiel.de\/spiele\/shops-autoren\/tischspiele\/#breadcrumb"},"inLanguage":"de-DE","potentialAction":[{"@type":"ReadAction","target":["https:\/\/www.erfinde-dein-spiel.de\/spiele\/shops-autoren\/tischspiele\/"]}]},{"@type":"ImageObject","inLanguage":"de-DE","@id":"https:\/\/www.erfinde-dein-spiel.de\/spiele\/shops-autoren\/tischspiele\/#primaryimage","url":"https:\/\/www.erfinde-dein-spiel.de\/spiele\/wp-content\/uploads\/2016\/01\/tischspiele.jpg","contentUrl":"https:\/\/www.erfinde-dein-spiel.de\/spiele\/wp-content\/uploads\/2016\/01\/tischspiele.jpg","width":150,"height":225,"caption":"tischspiele"},{"@type":"BreadcrumbList","@id":"https:\/\/www.erfinde-dein-spiel.de\/spiele\/shops-autoren\/tischspiele\/#breadcrumb","itemListElement":[{"@type":"ListItem","position":1,"name":"Home","item":"https:\/\/www.erfinde-dein-spiel.de\/spiele\/"},{"@type":"ListItem","position":2,"name":"Shops \/ Autoren","item":"https:\/\/www.erfinde-dein-spiel.de\/spiele\/shops-autoren\/"},{"@type":"ListItem","position":3,"name":"tischspiele"}]},{"@type":"WebSite","@id":"https:\/\/www.erfinde-dein-spiel.de\/spiele\/#website","url":"https:\/\/www.erfinde-dein-spiel.de\/spiele\/","name":"(er-)finde DEIN Spiel","description":"Spiele aus der Community. Powered by Spieltz.","potentialAction":[{"@type":"SearchAction","target":{"@type":"EntryPoint","urlTemplate":"https:\/\/www.erfinde-dein-spiel.de\/spiele\/?s={search_term_string}"},"query-input":"required name=search_term_string"}],"inLanguage":"de-DE"}]}},"_links":{"self":[{"href":"https:\/\/www.erfinde-dein-spiel.de\/spiele\/wp-json\/wp\/v2\/pages\/1663"}],"collection":[{"href":"https:\/\/www.erfinde-dein-spiel.de\/spiele\/wp-json\/wp\/v2\/pages"}],"about":[{"href":"https:\/\/www.erfinde-dein-spiel.de\/spiele\/wp-json\/wp\/v2\/types\/page"}],"author":[{"embeddable":true,"href":"https:\/\/www.erfinde-dein-spiel.de\/spiele\/wp-json\/wp\/v2\/users\/2"}],"replies":[{"embeddable":true,"href":"https:\/\/www.erfinde-dein-spiel.de\/spiele\/wp-json\/wp\/v2\/comments?post=1663"}],"version-history":[{"count":4,"href":"https:\/\/www.erfinde-dein-spiel.de\/spiele\/wp-json\/wp\/v2\/pages\/1663\/revisions"}],"predecessor-version":[{"id":1668,"href":"https:\/\/www.erfinde-dein-spiel.de\/spiele\/wp-json\/wp\/v2\/pages\/1663\/revisions\/1668"}],"up":[{"embeddable":true,"href":"https:\/\/www.erfinde-dein-spiel.de\/spiele\/wp-json\/wp\/v2\/pages\/1616"}],"wp:featuredmedia":[{"embeddable":true,"href":"https:\/\/www.erfinde-dein-spiel.de\/spiele\/wp-json\/wp\/v2\/media\/1666"}],"wp:attachment":[{"href":"https:\/\/www.erfinde-dein-spiel.de\/spiele\/wp-json\/wp\/v2\/media?parent=1663"}],"curies":[{"name":"wp","href":"https:\/\/api.w.org\/{rel}","templated":true}]}}