{"id":16,"date":"2015-07-30T08:19:52","date_gmt":"2015-07-30T06:19:52","guid":{"rendered":"http:\/\/www.spieltz.de\/werbespiele\/?page_id=16"},"modified":"2019-01-30T23:51:00","modified_gmt":"2019-01-30T22:51:00","slug":"datenschutz","status":"publish","type":"page","link":"https:\/\/www.erfinde-dein-spiel.de\/spiele\/datenschutz\/","title":{"rendered":"Datenschutz"},"content":{"rendered":"<p>&nbsp;<\/p>\n<p><strong>Datenschutzerkl\u00e4rung<\/strong><\/p>\n<ol>\n<li>\n<p><strong> Allgemeines<\/strong><\/p>\n<p><strong>1.1 Was sind personenbezogene Daten<\/strong><br \/>\nPersonenbezogene Daten sind Angaben, die die Identit\u00e4t des Nutzers offenlegen oder offenlegen k\u00f6nnen. Wir halten uns an den Grundsatz der Datenvermeidung. Es wird soweit wie m\u00f6glich auf die Erhebung von personenbezogenen Daten verzichtet.<\/p>\n<p><strong>1.2 Umgang mit personenbezogenen Daten<\/strong><br \/>\nPersonenbezogene Daten dienen ausschlie\u00dflich der Vertragsbegr\u00fcndung, inhaltlichen Ausgestaltung, Durchf\u00fchrung oder Abwicklung des Vertragsverh\u00e4ltnisses (Art. 6 I S. 1 b DSGVO). Dar\u00fcber hinaus werden personenbezogene Daten nur verarbeitet, soweit wir hierzu Ihre Einwilligung erhalten haben (Art. 6 I S. 1 a DSGVO). Sie werden grunds\u00e4tzlich nicht an Dritte weitergegeben. Lediglich zur Vertragserf\u00fcllung werden die Daten an das mit der Lieferung beauftragte Versandunternehmen weitergegeben, soweit dies zur Lieferung bestellter Waren erforderlich ist. Zur Abwicklung von Zahlungen werden die hierf\u00fcr erforderlichen Zahlungsdaten an das mit der Zahlung beauftragte Kreditinstitut und ggf. den beauftragten und gew\u00e4hlten Zahlungsdienstleister weitergegeben. Die Verarbeitung Ihrer personenbezogenen Daten erfolgt ausschlie\u00dflich innerhalb der EU, soweit nachfolgend nicht etwas Abweichendes dargelegt ist.<\/p>\n<p><strong>1.3 Nutzungsdaten<\/strong><br \/>\nBeim Besuch der Webseite werden allgemeine technische Informationen erhoben. Dies sind die verwendete IP-Adresse, Uhrzeit, Dauer des Besuchs, Browsertyp und ggf. die Herkunftsseite. Diese Nutzungsdaten werden technisch bedingt in einem Logfile registriert und k\u00f6nnen zum Zwecke der Statistikauswertung dieser Webseite benutzt und gespeichert werden. Eine Verkn\u00fcpfung dieser Nutzungsdaten mit Ihren weiteren personenbezogenen Daten findet nicht statt.<\/p>\n<p><strong>1.4 Registrierungsdaten<\/strong><br \/>\nF\u00fcr die umfassende Nutzung der Funktionen unserer Webseite ist eine Registrierung erforderlich. Die Registrierungsdaten werden durch Ihre entsprechenden Eingaben erhoben und f\u00fcr den konkret angegebenen Zweck gem\u00e4\u00df Ihrer Einwilligung verwendet (Art. 6 I S. 1 a DSGVO).<\/p>\n<p><strong>1.5 Dauer der Speicherung<\/strong><br \/>\nWir speichern Ihre personenbezogenen Daten nach der Beendigung des Zwecks, f\u00fcr welchen die Daten erhoben wurden, nur solange, wie dies auf Grund der gesetzlichen (insbesondere steuerrechtlichen) Vorschriften erforderlich ist.<\/p>\n<p><strong>2. Ihre Rechte<\/strong><\/p>\n<p><strong>2.1 Auskunft<\/strong><br \/>\nSie k\u00f6nnen von uns eine Auskunft dar\u00fcber verlangen, ob wir personenbezogene Daten von Ihnen verarbeiten und soweit dies der Fall ist haben Sie ein Recht auf Auskunft \u00fcber diese personenbezogenen Daten und auf die in Art. 15 DSGVO genannten weiteren Informationen.<\/p>\n<p><strong>2.2 Recht auf Berichtigung<\/strong><br \/>\nSie haben das Recht auf Berichtigung der Sie betreffenden unrichtigen personenbezogenen Daten und k\u00f6nnen gem\u00e4\u00df Art. 16 DSGVO die Vervollst\u00e4ndigung unvollst\u00e4ndiger personenbezogener Daten verlangen.<\/p>\n<p><strong>2.3 Recht auf L\u00f6schung<\/strong><br \/>\nSie haben das Recht von uns zu verlangen, dass die Sie betreffenden personenbezogenen Daten unverz\u00fcglich gel\u00f6scht werden. Wir sind verpflichtet diese unverz\u00fcglich zu l\u00f6schen, insbesondere sofern einer der folgenden Gr\u00fcnde zutrifft:<\/li>\n<\/ol>\n<ul>\n<li>Ihre personenbezogenen Daten sind f\u00fcr die Zwecke, f\u00fcr die sie erhoben oder auf sonstige Weise verarbeitet wurden, nicht mehr notwendig.<\/li>\n<li>Sie widerrufen ihre Einwilligung, auf die sich die Verarbeitung Ihrer Daten st\u00fctzte, und es fehlt an einer anderweitigen Rechtsgrundlage f\u00fcr die Verarbeitung.<\/li>\n<li>Ihre Daten wurden unrechtm\u00e4\u00dfig verarbeitet.<\/li>\n<\/ul>\n<p>Das Recht auf L\u00f6schung besteht nicht, soweit Ihre personenbezogenen Daten zur Geltendmachung, Aus\u00fcbung oder Verteidigung unserer Rechtsanspr\u00fcche erforderlich sind.<\/p>\n<p><strong>2.4 Recht auf Einschr\u00e4nkung der Verarbeitung<\/strong><br \/>\nSie haben das Recht von uns die Einschr\u00e4nkung der Verarbeitung Ihrer personenbezogenen Daten zu verlangen, wenn<\/p>\n<ul>\n<li>Sie die Richtigkeit der Daten bestreiten und wir daher die Richtigkeit \u00fcberpr\u00fcfen,<\/li>\n<li>die Verarbeitung unrechtm\u00e4\u00dfig ist und Sie die L\u00f6schung ablehnen und stattdessen die Einschr\u00e4nkung der Nutzung verlangen<\/li>\n<li>wir die Daten nicht l\u00e4nger ben\u00f6tigen, Sie diese jedoch zur Geltendmachung, Aus\u00fcbung oder Verteidigung von Rechtsanspr\u00fcchen ben\u00f6tigen,<\/li>\n<li>Sie Widerspruch gegen die Verarbeitung Ihrer Daten eingelegt haben, und noch nicht feststeht, ob unsere berechtigten Gr\u00fcnde gegen\u00fcber Ihren Gr\u00fcnden \u00fcberwiegen.<\/li>\n<\/ul>\n<p><strong>2.5 Recht auf Daten\u00fcbertragbarkeit<\/strong><br \/>\nSie haben das Recht die Sie betreffenden personenbezogenen Daten, die Sie uns bereitgestellt haben, in einem strukturierten, g\u00e4ngigen und maschinenlesbaren Format zu erhalten und Sie haben das Recht, diese Daten einem anderen Verantwortlichen ohne Behinderung durch uns zu \u00fcbermitteln, sofern die Verarbeitung auf einer Einwilligung oder einem Vertrag beruht und die Verarbeitung bei uns mithilfe automatisierter Verfahren erfolgt.<\/p>\n<p><strong>2.6 Widerrufsrecht<\/strong><br \/>\nSoweit die Verarbeitung Ihrer personenbezogenen Daten auf einer Einwilligung beruht, haben Sie das Recht diese Einwilligung jederzeit zu widerrufen.<\/p>\n<p><strong>2.7 Allgemeines und Beschwerderecht<\/strong><br \/>\nDie Aus\u00fcbung Ihrer vorstehenden Rechte ist f\u00fcr Sie grunds\u00e4tzlich kostenlos. Sie haben das Recht sich bei Beschwerden direkt an die f\u00fcr uns zust\u00e4ndige Aufsichtsbeh\u00f6rde, den Landesdatenschutzbeauftragen, zu wenden.<\/p>\n<p><strong>3. Datensicherheit<\/strong><\/p>\n<p><strong>3.1 Datensicherheit<\/strong><br \/>\nS\u00e4mtliche Daten auf unserer Website werden durch technische und organisatorische Ma\u00dfnahmen gegen Verlust, Zerst\u00f6rung, Zugriff, Ver\u00e4nderung und Verbreitung gesichert.<\/p>\n<p><strong>3.2 Sessions und Cookies<\/strong><br \/>\nZur Bedienung des Internetauftritts k\u00f6nnen wir Cookies oder serverseitige Sessions einsetzen, in denen Daten gespeichert werden k\u00f6nnen. Cookies sind Dateien, die von einer Webseite auf Ihrer Festplatte abgelegt werden, um diesen Computer beim n\u00e4chsten Webseitenbesuch automatisch wieder zu erkennen und damit die Nutzung der Webseite an Sie anpassen zu k\u00f6nnen. Einige der verwendeten Cookies werden nach dem Ende der Browser-Sitzung wieder gel\u00f6scht. Dabei handelt es sich um sogenannte Sitzungs-Cookies. Andere Cookies verbleiben auf Ihrem Endger\u00e4t und erm\u00f6glichen die Wiedererkennung des Browsers bei einem sp\u00e4teren Besuch unserer Website (dauerhafte Cookies). Sie k\u00f6nnen Ihren Browser so einstellen, dass Sie \u00fcber das Setzen von Cookies informiert werden und einzeln \u00fcber deren Annahme entscheiden oder die Annahme von Cookies f\u00fcr bestimmte F\u00e4lle oder generell ausschlie\u00dfen. Bitte beachten Sie dabei, dass Sie m\u00f6glicherweise einige Funktionen dieser Website nicht nutzen k\u00f6nnen, wenn die Cookies deaktiviert sind. Wir stellen sicher, dass keine personenbezogenen Daten aus Sessions oder durch Cookies \u00fcbernommen werden und Cookies nur eingesetzt werden, sofern dies f\u00fcr die Website technisch erforderlich ist. Somit ergibt die Abw\u00e4gung, dass keine \u00fcberwiegenden Interessen Ihrerseits entgegenstehen (Art. 6 I S. 1 f DSGVO).<\/p>\n<p><strong>4. Newsletter<\/strong><\/p>\n<p>Wenn Sie sich zu unserem Newsletter anmelden, verwenden wir die hierf\u00fcr erforderlichen oder gesondert von Ihnen mitgeteilten Daten, um Ihnen regelm\u00e4\u00dfig unseren E-Mail-Newsletter zuzusenden. Die Abmeldung vom Newsletter ist jederzeit m\u00f6glich und kann entweder durch eine Nachricht an uns \u00fcber die im Impressum angegebenen Kontaktm\u00f6glichkeiten oder \u00fcber den daf\u00fcr vorgesehenen Link im Newsletter erfolgen.<\/p>\n<p><strong>5. Kommentare<\/strong><\/p>\n<p>Soweit Sie auf unserer Website die Kommentarfunktion nutzen, werden neben diesen Kommentaren auch der Zeitpunkt der Erstellung, Ihr gew\u00e4hltes Pseudonym und vor\u00fcbergehend auch Ihre IP-Adresse gespeichert. Dies geschieht, damit wir bei widerrechtlichen Inhalten unsere Rechte wahren k\u00f6nnen.<\/p>\n<ol start=\"6\">\n<li>\n<strong> Pr\u00e4senz auf Social Media Plattformen<\/strong><\/li>\n<\/ol>\n<p>Wir nutzen nachfolgenden Social Media Plattformen zur Unternehmensdarstellung und Kommunikation (auf die nachfolgend verlinkten Datenschutzerkl\u00e4rungen und OptOut-M\u00f6glichkeiten wird ausdr\u00fccklich Bezug genommen).<\/p>\n<p><em>Facebook (Facebook Ireland Ltd., 4 Grand Canal Square, Grand Canal Harbour, Dublin 2, Irland)<br \/>\nDatenschutzerkl\u00e4rung: https:\/\/www.facebook.com\/about\/privacy\/<br \/>\nOpt-Out: https:\/\/www.facebook.com\/settings?tab=ads alternativ http:\/\/www.youronlinechoices.com<\/p>\n<p>Twitter (Twitter Inc., 1355 Market Street, Suite 900, San Francisco, CA 94103, USA)<br \/>\nDatenschutzerkl\u00e4rung: <\/em><a href=\"https:\/\/twitter.com\/de\/privacy\"><em>https:\/\/twitter.com\/de\/privacy<\/em><\/a><em><br \/>\nOpt-Out: <\/em><a href=\"https:\/\/twitter.com\/personalization\"><em>https:\/\/twitter.com\/personalization<\/em><\/a><em><\/p>\n<p>Google+ (Google LLC, 1600 Amphitheatre Parkway, Mountain View, CA 94043, USA)<br \/>\nDatenschutzerkl\u00e4rung: <\/em><a href=\"https:\/\/policies.google.com\/privacy\"><em>https:\/\/policies.google.com\/privacy<\/em><\/a><em><br \/>\nOpt-Out: <\/em><a href=\"https:\/\/adssettings.google.com\/authenticated\"><em>https:\/\/adssettings.google.com\/authenticated<\/em><\/a><em><\/p>\n<p>Instagram (Instagram Inc., 1601 Willow Road, Menlo Park, CA, 94025, USA)<br \/>\nDatenschutzerkl\u00e4rung und Opt-Out: <\/em><a href=\"http:\/\/instagram.com\/about\/legal\/privacy\/\"><em>http:\/\/instagram.com\/about\/legal\/privacy\/<\/em><\/a><\/p>\n<p><em> YouTube (Google LLC, 1600 Amphitheatre Parkway, Mountain View, CA 94043, USA)<br \/>\nDatenschutzerkl\u00e4rung: <\/em><a href=\"http:\/\/www.youtube.com\/t\/privacy\/\"><em>http:\/\/www.youtube.com\/t\/privacy\/<\/em><\/a><\/p>\n<p><em>Tumblr (Tumblr, Inc., 35 East 21st Street, 9th Floor, New York, NY 10010, USA)<\/em><\/p>\n<p><em>Datenschutzerkl\u00e4rung: <\/em><a href=\"http:\/\/www.tumblr.com\/policy\/en\/privacy\"><em>http:\/\/www.tumblr.com\/policy\/en\/privacy<\/em><\/a><\/p>\n<p>Diese Social-Media-Plattformen k\u00f6nnen ggf. personenbezogene Daten au\u00dferhalb der EU verarbeiten, wir verweisen insoweit auf die vorstehenden Datenschutzerkl\u00e4rungen der Social Media Plattformen.<br \/>\nDie jeweiligen Social-Media-Plattformen k\u00f6nnen ggf. aus Ihrem Nutzungsverhalten und den sich hieraus ergebenden Interessen uns Aktionen Ihrerseits Nutzungsprofile erstellen und Cookies auf Ihrem Rechner speichern, in denen Ihr Nutzungsverhalten gespeichert ist. Wenn Sie auf der jeweiligen Social-Media-Plattform einen Account besitzen und eingeloggt sind, kann Ihr Nutzungsverhalten sogar ger\u00e4teunabh\u00e4ngig gespeichert werden. Ihr Nutzungsprofil kann verwendet werden, um z.B. Werbeanzeigen zu platzieren, die mutma\u00dflich Ihren Interessen entsprechen.<\/p>\n<p>Wir verarbeiten die personenbezogenen Daten ausschlie\u00dflich zur Kommunikation mit Ihnen \u00fcber die von Ihnen gew\u00e4hlte Social-Media-Plattform sowie die Optimierung unserer und achten darauf, dass hier keine Interessen Ihrerseits betroffen sind, welche dieses berechtigte Interesse unsererseits \u00fcberwiegen (Art. 6 I S. 1 f DSGVO). Soweit Sie bereits dem jeweiligen Betreiber der Social-Media-Plattform eine wirksame Einwilligung zur entsprechenden Datenverarbeitung gegeben haben, erfolgt die Verarbeitung Ihrer personenbezogenen Daten auch auf Basis dieser Einwilligung (Art. 6 I S. 1 a DSGVO).<\/p>\n<p><strong>7. Dienste von Drittanbietern<\/strong><\/p>\n<p><strong>7.1 Google Analytics<\/strong><br \/>\nDiese Website benutzt Google Analytics, einen Webanalysedienst von Google, betrieben von der Google LLC,1600 Amphitheatre Parkway, Mountain View, CA 94043, USA (\u201eGoogle\u201c) und erhebt und speichert \u00fcber diesen Webanalysedienst Daten, aus denen unter Verwendung von Pseudonymen Nutzungsprofile erstellt werden. Die so erstellten Nutzungsprofile dienen der Auswertung des Besucherverhaltens um das auf dieser Website dargestellte Angebot bedarfsgerecht zu gestalten und zu verbessern. Google Analytics verwendet sog. \u201eCookies\u201c, kleine Textdateien, die auf Ihrem Computer gespeichert werden und die eine Analyse der Benutzung der Website durch Sie erm\u00f6glichen. Die durch den Cookie erzeugten Informationen \u00fcber Ihre Benutzung dieser Website werden in der Regel an einen Server von Google in den USA \u00fcbertragen und dort gespeichert. Im Falle der Aktivierung der IP-Anonymisierung auf dieser Webseite, wird Ihre IP-Adresse von Google jedoch innerhalb von Mitgliedstaaten der Europ\u00e4ischen Union oder in anderen Vertragsstaaten des Abkommens \u00fcber den Europ\u00e4ischen Wirtschaftsraum zuvor gek\u00fcrzt. Nur in Ausnahmef\u00e4llen wird die volle IP-Adresse an einen Server von Google in den USA \u00fcbertragen und dort gek\u00fcrzt. Im Auftrag des Betreibers dieser Website wird Google diese Informationen benutzen, um Ihre Nutzung der Website auszuwerten, um Reports \u00fcber die Websiteaktivit\u00e4ten zusammenzustellen und um weitere mit der Websitenutzung und der Internetnutzung verbundene Dienstleistungen gegen\u00fcber dem Websitebetreiber zu erbringen. Die im Rahmen von Google Analytics von Ihrem Browser \u00fcbermittelte IP-Adresse wird nicht mit anderen Daten von Google zusammengef\u00fchrt. Auch die unter einem Pseudonym gef\u00fchrten Nutzungsprofile werden ohne ausdr\u00fcckliche und gesondert erkl\u00e4rte Einwilligung des Nutzers nicht mit den personenbezogenen Daten \u00fcber den Nutzer zusammengef\u00fchrt. Somit ergibt die Abw\u00e4gung, dass keine \u00fcberwiegenden Interessen Ihrerseits entgegenstehen (Art. 6 I S. 1 f DSGVO). Sie k\u00f6nnen die Speicherung der Cookies durch eine entsprechende Einstellung Ihrer Browser-Software verhindern; wir weisen Sie jedoch darauf hin, dass Sie in diesem Fall gegebenenfalls nicht s\u00e4mtliche Funktionen dieser Website vollumf\u00e4nglich werden nutzen k\u00f6nnen. Sie k\u00f6nnen dar\u00fcber hinaus die Erfassung der durch das Cookie erzeugten und auf Ihre Nutzung der Website bezogenen Daten (inkl. Ihrer IP-Adresse) an Google sowie die Verarbeitung dieser Daten durch Google verhindern, indem sie das unter dem folgenden Link (http:\/\/tools.google.com\/dlpage\/gaoptout?hl=de) verf\u00fcgbare Browser-Plugin herunterladen und installieren.<br \/>\nDie Datenschutzhinweise von Google k\u00f6nnen Sie auf http:\/\/www.google.de\/intl\/de\/policies\/privacy\/ einsehen. N\u00e4here Informationen zu Nutzungsbedingungen und Datenschutz finden Sie unter http:\/\/www.google.com\/analytics\/terms\/de.html bzw. unter http:\/\/www.google.com\/intl\/de\/analytics\/privacyoverview.html. Wir weisen Sie darauf hin, dass auf dieser Webseite Google Analytics um den Code \u201eanonymizeIp\u201c erweitert wurde, um eine anonymisierte Erfassung von IP-Adressen (sog. IP-Masking) zu gew\u00e4hrleisten.<\/p>\n<p><strong>7.2 Social-Media-Links<\/strong><br \/>\nWir haben bei den \u00fcber Links von dieser Website zu erreichenden Drittanbietern eigene Social-Media-Seiten. Durch die Nutzung der Links gelangen Sie auf die jeweiligen Internetseiten der Drittanbieter (z.B. Facebook, Twitter, Google+). Sobald Sie die Seite der Drittanbieter aufgerufen haben, befinden Sie sich im Verantwortungsbereich des jeweiligen Drittanbieters, so dass auch deren Datenschutzerkl\u00e4rung bzw. deren Erkl\u00e4rungen zur Datenverwendung gelten. Wir haben hierauf keinen Einfluss, wir empfehlen jedoch zur Vermeidung einer unn\u00f6tigen Datenweitergabe vor der Nutzung eines entsprechenden Links sich selbst bei dem jeweiligen Drittanbieter auszuloggen, damit nicht schon durch die Verwendung des Links u.U. Nutzungsprofile durch den Drittanbieter erstellt werden k\u00f6nnen.<\/p>\n<p><strong>7.3 Verwendung von Youtube<\/strong><br \/>\nDiese Webseite und die integrierten Angebote enthalten sogenannte Einbettungen von Videos auf YouTube. Diese erm\u00f6glichen die Verbindung zu YouTube und den dort hinterlegten Videos. YouTube ist ein Angebot der Google LLC, 1600 Amphitheatre Parkway, Mountain View, CA 94043, USA (\u201cGoogle\u201d). Hier sind keine Interessen der Nutzer betroffen, welche diese technische Notwendigkeit der Einbindung der Videos \u00fcberwiegen (Art. 6 I S. 1 f DSGVO). Zweck und Umfang der Datenerhebung und Datennutzung durch Google sowie Ihre Rechte und Einstellungsm\u00f6glichkeiten zum Schutz als Kunde von YouTube entnehmen Sie bitte den Datenschutzhinweisen von YouTube. Diese finden Sie unter: http:\/\/www.youtube.com\/t\/privacy\/.<\/p>\n<p><strong>7.4 Google Web Fonts<\/strong><br \/>\nWir nutzen sogenannte Web Fonts von Google, um Ihnen eine einheitliche Schriftart auf unserer Website anzeigen zu k\u00f6nnen. Diese werden beim Aufruf einer unserer Seiten automatisch in Ihrem Browsercache gespeichert, um die gew\u00fcnschte Darstellung zu erm\u00f6glichen. Sollte Ihr Browser die genutzten Web Fonts nicht unterst\u00fctzen, wird ggf. eine Standartschrift Ihres Computers verwendet. Hier sind keine Interessen der Nutzer betroffen, welche diese technische Notwendigkeit \u00fcberwiegen (Art. 6 I S. 1 f DSGVO). Die Datenschutzerkl\u00e4rung von Google k\u00f6nnen Sie hier einsehen: https:\/\/www.google.com\/policies\/privacy\/ Weitere Informationen zu Google Web Fonts finden Sie unter https:\/\/developers.google.com\/fonts\/faq<\/p>\n<p><strong>8. Kontaktaufnahme<\/strong><\/p>\n<p>Zur Kontaktaufnahme bez\u00fcglich des Datenschutzes k\u00f6nnen Sie sich gern an uns unter Verwendung der nachfolgenden Kontaktm\u00f6glichkeiten wenden. Verantwortlicher im Sinne der DSGVO:<\/p>\n<p>Ideenfeld GmbH<br \/>\nGubener Stra\u00dfe 44<br \/>\n10243 Berlin<br \/>\nE-Mail: info@spieltz.de<br \/>\nTelefon: 030 \u2013 39 82 14 40<\/p>\n","protected":false},"excerpt":{"rendered":"<p>&nbsp; Datenschutzerkl\u00e4rung Allgemeines 1.1 Was sind personenbezogene Daten Personenbezogene Daten sind Angaben, die die Identit\u00e4t des Nutzers offenlegen oder offenlegen k\u00f6nnen. Wir halten uns an den Grundsatz der Datenvermeidung. Es wird soweit wie m\u00f6glich auf die Erhebung von personenbezogenen Daten verzichtet. 1.2 Umgang mit personenbezogenen Daten Personenbezogene Daten dienen ausschlie\u00dflich der Vertragsbegr\u00fcndung, inhaltlichen Ausgestaltung, Durchf\u00fchrung [&hellip;]<\/p>\n","protected":false},"author":1,"featured_media":0,"parent":0,"menu_order":0,"comment_status":"closed","ping_status":"open","template":"page-fullwidth.php","meta":{"_themeisle_gutenberg_block_has_review":false,"footnotes":""},"yoast_head":"<!-- This site is optimized with the Yoast SEO plugin v22.6 - https:\/\/yoast.com\/wordpress\/plugins\/seo\/ -->\n<title>Datenschutz - (er-)finde DEIN Spiel<\/title>\n<meta name=\"robots\" content=\"index, follow, max-snippet:-1, max-image-preview:large, max-video-preview:-1\" \/>\n<link rel=\"canonical\" href=\"https:\/\/www.erfinde-dein-spiel.de\/spiele\/datenschutz\/\" \/>\n<meta property=\"og:locale\" content=\"de_DE\" \/>\n<meta property=\"og:type\" content=\"article\" \/>\n<meta property=\"og:title\" content=\"Datenschutz - (er-)finde DEIN Spiel\" \/>\n<meta property=\"og:description\" content=\"&nbsp; Datenschutzerkl\u00e4rung Allgemeines 1.1 Was sind personenbezogene Daten Personenbezogene Daten sind Angaben, die die Identit\u00e4t des Nutzers offenlegen oder offenlegen k\u00f6nnen. Wir halten uns an den Grundsatz der Datenvermeidung. Es wird soweit wie m\u00f6glich auf die Erhebung von personenbezogenen Daten verzichtet. 1.2 Umgang mit personenbezogenen Daten Personenbezogene Daten dienen ausschlie\u00dflich der Vertragsbegr\u00fcndung, inhaltlichen Ausgestaltung, Durchf\u00fchrung [&hellip;]\" \/>\n<meta property=\"og:url\" content=\"https:\/\/www.erfinde-dein-spiel.de\/spiele\/datenschutz\/\" \/>\n<meta property=\"og:site_name\" content=\"(er-)finde DEIN Spiel\" \/>\n<meta property=\"article:modified_time\" content=\"2019-01-30T22:51:00+00:00\" \/>\n<meta name=\"twitter:card\" content=\"summary_large_image\" \/>\n<meta name=\"twitter:label1\" content=\"Gesch\u00e4tzte Lesezeit\" \/>\n\t<meta name=\"twitter:data1\" content=\"11 Minuten\" \/>\n<script type=\"application\/ld+json\" class=\"yoast-schema-graph\">{\"@context\":\"https:\/\/schema.org\",\"@graph\":[{\"@type\":\"WebPage\",\"@id\":\"https:\/\/www.erfinde-dein-spiel.de\/spiele\/datenschutz\/\",\"url\":\"https:\/\/www.erfinde-dein-spiel.de\/spiele\/datenschutz\/\",\"name\":\"Datenschutz - (er-)finde DEIN Spiel\",\"isPartOf\":{\"@id\":\"https:\/\/www.erfinde-dein-spiel.de\/spiele\/#website\"},\"datePublished\":\"2015-07-30T06:19:52+00:00\",\"dateModified\":\"2019-01-30T22:51:00+00:00\",\"breadcrumb\":{\"@id\":\"https:\/\/www.erfinde-dein-spiel.de\/spiele\/datenschutz\/#breadcrumb\"},\"inLanguage\":\"de-DE\",\"potentialAction\":[{\"@type\":\"ReadAction\",\"target\":[\"https:\/\/www.erfinde-dein-spiel.de\/spiele\/datenschutz\/\"]}]},{\"@type\":\"BreadcrumbList\",\"@id\":\"https:\/\/www.erfinde-dein-spiel.de\/spiele\/datenschutz\/#breadcrumb\",\"itemListElement\":[{\"@type\":\"ListItem\",\"position\":1,\"name\":\"Home\",\"item\":\"https:\/\/www.erfinde-dein-spiel.de\/spiele\/\"},{\"@type\":\"ListItem\",\"position\":2,\"name\":\"Datenschutz\"}]},{\"@type\":\"WebSite\",\"@id\":\"https:\/\/www.erfinde-dein-spiel.de\/spiele\/#website\",\"url\":\"https:\/\/www.erfinde-dein-spiel.de\/spiele\/\",\"name\":\"(er-)finde DEIN Spiel\",\"description\":\"Spiele aus der Community. Powered by Spieltz.\",\"potentialAction\":[{\"@type\":\"SearchAction\",\"target\":{\"@type\":\"EntryPoint\",\"urlTemplate\":\"https:\/\/www.erfinde-dein-spiel.de\/spiele\/?s={search_term_string}\"},\"query-input\":\"required name=search_term_string\"}],\"inLanguage\":\"de-DE\"}]}<\/script>\n<!-- \/ Yoast SEO plugin. -->","yoast_head_json":{"title":"Datenschutz - (er-)finde DEIN Spiel","robots":{"index":"index","follow":"follow","max-snippet":"max-snippet:-1","max-image-preview":"max-image-preview:large","max-video-preview":"max-video-preview:-1"},"canonical":"https:\/\/www.erfinde-dein-spiel.de\/spiele\/datenschutz\/","og_locale":"de_DE","og_type":"article","og_title":"Datenschutz - (er-)finde DEIN Spiel","og_description":"&nbsp; Datenschutzerkl\u00e4rung Allgemeines 1.1 Was sind personenbezogene Daten Personenbezogene Daten sind Angaben, die die Identit\u00e4t des Nutzers offenlegen oder offenlegen k\u00f6nnen. Wir halten uns an den Grundsatz der Datenvermeidung. Es wird soweit wie m\u00f6glich auf die Erhebung von personenbezogenen Daten verzichtet. 1.2 Umgang mit personenbezogenen Daten Personenbezogene Daten dienen ausschlie\u00dflich der Vertragsbegr\u00fcndung, inhaltlichen Ausgestaltung, Durchf\u00fchrung [&hellip;]","og_url":"https:\/\/www.erfinde-dein-spiel.de\/spiele\/datenschutz\/","og_site_name":"(er-)finde DEIN Spiel","article_modified_time":"2019-01-30T22:51:00+00:00","twitter_card":"summary_large_image","twitter_misc":{"Gesch\u00e4tzte Lesezeit":"11 Minuten"},"schema":{"@context":"https:\/\/schema.org","@graph":[{"@type":"WebPage","@id":"https:\/\/www.erfinde-dein-spiel.de\/spiele\/datenschutz\/","url":"https:\/\/www.erfinde-dein-spiel.de\/spiele\/datenschutz\/","name":"Datenschutz - (er-)finde DEIN Spiel","isPartOf":{"@id":"https:\/\/www.erfinde-dein-spiel.de\/spiele\/#website"},"datePublished":"2015-07-30T06:19:52+00:00","dateModified":"2019-01-30T22:51:00+00:00","breadcrumb":{"@id":"https:\/\/www.erfinde-dein-spiel.de\/spiele\/datenschutz\/#breadcrumb"},"inLanguage":"de-DE","potentialAction":[{"@type":"ReadAction","target":["https:\/\/www.erfinde-dein-spiel.de\/spiele\/datenschutz\/"]}]},{"@type":"BreadcrumbList","@id":"https:\/\/www.erfinde-dein-spiel.de\/spiele\/datenschutz\/#breadcrumb","itemListElement":[{"@type":"ListItem","position":1,"name":"Home","item":"https:\/\/www.erfinde-dein-spiel.de\/spiele\/"},{"@type":"ListItem","position":2,"name":"Datenschutz"}]},{"@type":"WebSite","@id":"https:\/\/www.erfinde-dein-spiel.de\/spiele\/#website","url":"https:\/\/www.erfinde-dein-spiel.de\/spiele\/","name":"(er-)finde DEIN Spiel","description":"Spiele aus der Community. Powered by Spieltz.","potentialAction":[{"@type":"SearchAction","target":{"@type":"EntryPoint","urlTemplate":"https:\/\/www.erfinde-dein-spiel.de\/spiele\/?s={search_term_string}"},"query-input":"required name=search_term_string"}],"inLanguage":"de-DE"}]}},"_links":{"self":[{"href":"https:\/\/www.erfinde-dein-spiel.de\/spiele\/wp-json\/wp\/v2\/pages\/16"}],"collection":[{"href":"https:\/\/www.erfinde-dein-spiel.de\/spiele\/wp-json\/wp\/v2\/pages"}],"about":[{"href":"https:\/\/www.erfinde-dein-spiel.de\/spiele\/wp-json\/wp\/v2\/types\/page"}],"author":[{"embeddable":true,"href":"https:\/\/www.erfinde-dein-spiel.de\/spiele\/wp-json\/wp\/v2\/users\/1"}],"replies":[{"embeddable":true,"href":"https:\/\/www.erfinde-dein-spiel.de\/spiele\/wp-json\/wp\/v2\/comments?post=16"}],"version-history":[{"count":9,"href":"https:\/\/www.erfinde-dein-spiel.de\/spiele\/wp-json\/wp\/v2\/pages\/16\/revisions"}],"predecessor-version":[{"id":1997,"href":"https:\/\/www.erfinde-dein-spiel.de\/spiele\/wp-json\/wp\/v2\/pages\/16\/revisions\/1997"}],"wp:attachment":[{"href":"https:\/\/www.erfinde-dein-spiel.de\/spiele\/wp-json\/wp\/v2\/media?parent=16"}],"curies":[{"name":"wp","href":"https:\/\/api.w.org\/{rel}","templated":true}]}}