{"id":12,"date":"2015-07-30T08:19:52","date_gmt":"2015-07-30T06:19:52","guid":{"rendered":"http:\/\/www.spieltz.de\/werbespiele\/?page_id=12"},"modified":"2016-05-12T00:23:46","modified_gmt":"2016-05-11T22:23:46","slug":"versand__lieferung","status":"publish","type":"page","link":"https:\/\/www.erfinde-dein-spiel.de\/spiele\/versand__lieferung\/","title":{"rendered":"Versand &#038; Lieferung"},"content":{"rendered":"<h3>Lieferung \/ Versandkosten<\/h3>\n<p>Wir liefern nur innerhalb\u00a0der EU und in die Schweiz.<\/p>\n<p>Zus\u00e4tzlich zu den angegebenen Produkt-Preisen berechnen wir f\u00fcr die Lieferung Versandkosten. Die Versandkosten werden Dir\u00a0im Bestellprozess\u00a0mitgeteilt, sobald Du Deine Lieferadresse angegeben hast.<\/p>\n<p>Die Versandkosten werden <i>pauschal pro Bestellung<\/i> in Rechnung gestellt &#8211; unabh\u00e4ngig vom Bestellwert und von der Anzahl der bestellten Artikel.<\/p>\n<p><b>Versandkostenpauschalen<\/b><\/p>\n<table>\n<tbody>\n<tr>\n<td>Deutschland<\/td>\n<td>4,90 EURO<\/td>\n<td><\/td>\n<\/tr>\n<tr>\n<td>EU<\/p>\n<p>Schweiz*<\/td>\n<td>8,90 EURO<\/p>\n<p>15,90 EURO<\/td>\n<td><\/td>\n<\/tr>\n<\/tbody>\n<\/table>\n<p><i>Alle Preise verstehen sich inklusive gesetzlicher Mehrwertsteuer.<\/i><\/p>\n<p>* F\u00fcr die Schweiz k\u00f6nnen zus\u00e4tzliche Kosten durch Einfuhrz\u00f6lle, Steuern und Geb\u00fchren entstehen.<\/p>\n<p>&nbsp;<\/p>\n<h3>Lieferzeiten<\/h3>\n<p>Die Spiele auf der Plattform Erfinde DEIN Spiel werden on demand produziert, sobald eine Bestellung eingeht. Lieferzeit bis zu 14 Tage.<\/p>\n<p>&nbsp;<\/p>\n","protected":false},"excerpt":{"rendered":"<p>Lieferung \/ Versandkosten Wir liefern nur innerhalb\u00a0der EU und in die Schweiz. Zus\u00e4tzlich zu den angegebenen Produkt-Preisen berechnen wir f\u00fcr die Lieferung Versandkosten. Die Versandkosten werden Dir\u00a0im Bestellprozess\u00a0mitgeteilt, sobald Du Deine Lieferadresse angegeben hast. Die Versandkosten werden pauschal pro Bestellung in Rechnung gestellt &#8211; unabh\u00e4ngig vom Bestellwert und von der Anzahl der bestellten Artikel. Versandkostenpauschalen [&hellip;]<\/p>\n","protected":false},"author":1,"featured_media":0,"parent":0,"menu_order":0,"comment_status":"closed","ping_status":"open","template":"page-fullwidth.php","meta":{"_themeisle_gutenberg_block_has_review":false,"footnotes":""},"yoast_head":"<!-- This site is optimized with the Yoast SEO plugin v22.6 - https:\/\/yoast.com\/wordpress\/plugins\/seo\/ -->\n<title>Versand &amp; Lieferung - (er-)finde DEIN Spiel<\/title>\n<meta name=\"robots\" content=\"index, follow, max-snippet:-1, max-image-preview:large, max-video-preview:-1\" \/>\n<link rel=\"canonical\" href=\"https:\/\/www.erfinde-dein-spiel.de\/spiele\/versand__lieferung\/\" \/>\n<meta property=\"og:locale\" content=\"de_DE\" \/>\n<meta property=\"og:type\" content=\"article\" \/>\n<meta property=\"og:title\" content=\"Versand &amp; Lieferung - (er-)finde DEIN Spiel\" \/>\n<meta property=\"og:description\" content=\"Lieferung \/ Versandkosten Wir liefern nur innerhalb\u00a0der EU und in die Schweiz. Zus\u00e4tzlich zu den angegebenen Produkt-Preisen berechnen wir f\u00fcr die Lieferung Versandkosten. Die Versandkosten werden Dir\u00a0im Bestellprozess\u00a0mitgeteilt, sobald Du Deine Lieferadresse angegeben hast. Die Versandkosten werden pauschal pro Bestellung in Rechnung gestellt &#8211; unabh\u00e4ngig vom Bestellwert und von der Anzahl der bestellten Artikel. Versandkostenpauschalen [&hellip;]\" \/>\n<meta property=\"og:url\" content=\"https:\/\/www.erfinde-dein-spiel.de\/spiele\/versand__lieferung\/\" \/>\n<meta property=\"og:site_name\" content=\"(er-)finde DEIN Spiel\" \/>\n<meta property=\"article:modified_time\" content=\"2016-05-11T22:23:46+00:00\" \/>\n<meta name=\"twitter:card\" content=\"summary_large_image\" \/>\n<meta name=\"twitter:label1\" content=\"Gesch\u00e4tzte Lesezeit\" \/>\n\t<meta name=\"twitter:data1\" content=\"1 Minute\" \/>\n<script type=\"application\/ld+json\" class=\"yoast-schema-graph\">{\"@context\":\"https:\/\/schema.org\",\"@graph\":[{\"@type\":\"WebPage\",\"@id\":\"https:\/\/www.erfinde-dein-spiel.de\/spiele\/versand__lieferung\/\",\"url\":\"https:\/\/www.erfinde-dein-spiel.de\/spiele\/versand__lieferung\/\",\"name\":\"Versand & Lieferung - (er-)finde DEIN Spiel\",\"isPartOf\":{\"@id\":\"https:\/\/www.erfinde-dein-spiel.de\/spiele\/#website\"},\"datePublished\":\"2015-07-30T06:19:52+00:00\",\"dateModified\":\"2016-05-11T22:23:46+00:00\",\"breadcrumb\":{\"@id\":\"https:\/\/www.erfinde-dein-spiel.de\/spiele\/versand__lieferung\/#breadcrumb\"},\"inLanguage\":\"de-DE\",\"potentialAction\":[{\"@type\":\"ReadAction\",\"target\":[\"https:\/\/www.erfinde-dein-spiel.de\/spiele\/versand__lieferung\/\"]}]},{\"@type\":\"BreadcrumbList\",\"@id\":\"https:\/\/www.erfinde-dein-spiel.de\/spiele\/versand__lieferung\/#breadcrumb\",\"itemListElement\":[{\"@type\":\"ListItem\",\"position\":1,\"name\":\"Home\",\"item\":\"https:\/\/www.erfinde-dein-spiel.de\/spiele\/\"},{\"@type\":\"ListItem\",\"position\":2,\"name\":\"Versand &#038; Lieferung\"}]},{\"@type\":\"WebSite\",\"@id\":\"https:\/\/www.erfinde-dein-spiel.de\/spiele\/#website\",\"url\":\"https:\/\/www.erfinde-dein-spiel.de\/spiele\/\",\"name\":\"(er-)finde DEIN Spiel\",\"description\":\"Spiele aus der Community. Powered by Spieltz.\",\"potentialAction\":[{\"@type\":\"SearchAction\",\"target\":{\"@type\":\"EntryPoint\",\"urlTemplate\":\"https:\/\/www.erfinde-dein-spiel.de\/spiele\/?s={search_term_string}\"},\"query-input\":\"required name=search_term_string\"}],\"inLanguage\":\"de-DE\"}]}<\/script>\n<!-- \/ Yoast SEO plugin. -->","yoast_head_json":{"title":"Versand & Lieferung - (er-)finde DEIN Spiel","robots":{"index":"index","follow":"follow","max-snippet":"max-snippet:-1","max-image-preview":"max-image-preview:large","max-video-preview":"max-video-preview:-1"},"canonical":"https:\/\/www.erfinde-dein-spiel.de\/spiele\/versand__lieferung\/","og_locale":"de_DE","og_type":"article","og_title":"Versand & Lieferung - (er-)finde DEIN Spiel","og_description":"Lieferung \/ Versandkosten Wir liefern nur innerhalb\u00a0der EU und in die Schweiz. Zus\u00e4tzlich zu den angegebenen Produkt-Preisen berechnen wir f\u00fcr die Lieferung Versandkosten. Die Versandkosten werden Dir\u00a0im Bestellprozess\u00a0mitgeteilt, sobald Du Deine Lieferadresse angegeben hast. Die Versandkosten werden pauschal pro Bestellung in Rechnung gestellt &#8211; unabh\u00e4ngig vom Bestellwert und von der Anzahl der bestellten Artikel. Versandkostenpauschalen [&hellip;]","og_url":"https:\/\/www.erfinde-dein-spiel.de\/spiele\/versand__lieferung\/","og_site_name":"(er-)finde DEIN Spiel","article_modified_time":"2016-05-11T22:23:46+00:00","twitter_card":"summary_large_image","twitter_misc":{"Gesch\u00e4tzte Lesezeit":"1 Minute"},"schema":{"@context":"https:\/\/schema.org","@graph":[{"@type":"WebPage","@id":"https:\/\/www.erfinde-dein-spiel.de\/spiele\/versand__lieferung\/","url":"https:\/\/www.erfinde-dein-spiel.de\/spiele\/versand__lieferung\/","name":"Versand & Lieferung - (er-)finde DEIN Spiel","isPartOf":{"@id":"https:\/\/www.erfinde-dein-spiel.de\/spiele\/#website"},"datePublished":"2015-07-30T06:19:52+00:00","dateModified":"2016-05-11T22:23:46+00:00","breadcrumb":{"@id":"https:\/\/www.erfinde-dein-spiel.de\/spiele\/versand__lieferung\/#breadcrumb"},"inLanguage":"de-DE","potentialAction":[{"@type":"ReadAction","target":["https:\/\/www.erfinde-dein-spiel.de\/spiele\/versand__lieferung\/"]}]},{"@type":"BreadcrumbList","@id":"https:\/\/www.erfinde-dein-spiel.de\/spiele\/versand__lieferung\/#breadcrumb","itemListElement":[{"@type":"ListItem","position":1,"name":"Home","item":"https:\/\/www.erfinde-dein-spiel.de\/spiele\/"},{"@type":"ListItem","position":2,"name":"Versand &#038; Lieferung"}]},{"@type":"WebSite","@id":"https:\/\/www.erfinde-dein-spiel.de\/spiele\/#website","url":"https:\/\/www.erfinde-dein-spiel.de\/spiele\/","name":"(er-)finde DEIN Spiel","description":"Spiele aus der Community. Powered by Spieltz.","potentialAction":[{"@type":"SearchAction","target":{"@type":"EntryPoint","urlTemplate":"https:\/\/www.erfinde-dein-spiel.de\/spiele\/?s={search_term_string}"},"query-input":"required name=search_term_string"}],"inLanguage":"de-DE"}]}},"_links":{"self":[{"href":"https:\/\/www.erfinde-dein-spiel.de\/spiele\/wp-json\/wp\/v2\/pages\/12"}],"collection":[{"href":"https:\/\/www.erfinde-dein-spiel.de\/spiele\/wp-json\/wp\/v2\/pages"}],"about":[{"href":"https:\/\/www.erfinde-dein-spiel.de\/spiele\/wp-json\/wp\/v2\/types\/page"}],"author":[{"embeddable":true,"href":"https:\/\/www.erfinde-dein-spiel.de\/spiele\/wp-json\/wp\/v2\/users\/1"}],"replies":[{"embeddable":true,"href":"https:\/\/www.erfinde-dein-spiel.de\/spiele\/wp-json\/wp\/v2\/comments?post=12"}],"version-history":[{"count":10,"href":"https:\/\/www.erfinde-dein-spiel.de\/spiele\/wp-json\/wp\/v2\/pages\/12\/revisions"}],"predecessor-version":[{"id":1943,"href":"https:\/\/www.erfinde-dein-spiel.de\/spiele\/wp-json\/wp\/v2\/pages\/12\/revisions\/1943"}],"wp:attachment":[{"href":"https:\/\/www.erfinde-dein-spiel.de\/spiele\/wp-json\/wp\/v2\/media?parent=12"}],"curies":[{"name":"wp","href":"https:\/\/api.w.org\/{rel}","templated":true}]}}